{"id":4367,"date":"2025-01-07T13:15:13","date_gmt":"2025-01-07T13:15:13","guid":{"rendered":"https:\/\/www.dakwerken-vandriessche.be\/?page_id=4367"},"modified":"2025-01-07T13:15:18","modified_gmt":"2025-01-07T13:15:18","slug":"premies-dakrenovatie","status":"publish","type":"page","link":"https:\/\/www.dakwerken-vandriessche.be\/nl\/premies-dakrenovatie\/","title":{"rendered":"Premies voor dakrenovatie in 2025"},"content":{"rendered":"\n<div style=\"height:69px\" aria-hidden=\"true\" class=\"wp-block-spacer\"><\/div>\n\n\n\n<p>Ben je van plan om je dak te renoveren en wil je weten welke mogelijke premies er voor jou zijn? In Vlaanderen zijn er verschillende subsidies beschikbaar voor dakrenovaties, afhankelijk van je woningtype, inkomenscategorie en de aard van de werken. Hieronder lees je welke premies er bestaan, hoeveel je kan krijgen en hoe je ze kan aanvragen.<\/p>\n\n\n\n<div class=\"wp-block-buttons is-layout-flex wp-block-buttons-is-layout-flex\">\n<div class=\"wp-block-button\"><a class=\"wp-block-button__link wp-element-button\" href=\"https:\/\/www.dakwerken-vandriessche.be\/nl\/contact\/\">Vraag je offerte aan<\/a><\/div>\n<\/div>\n\n\n\n<h2 class=\"wp-block-heading\"><strong>Overzicht van de huidige dakrenovatie premies<\/strong><\/h2>\n\n\n\n<h3 class=\"wp-block-heading\">1. <strong>Mijn VerbouwPremie<\/strong><\/h3>\n\n\n\n<p>De Vlaamse overheid ondersteunt dakrenovaties via de <a href=\"https:\/\/www.vlaanderen.be\/premies-voor-renovatie\/mijn-verbouwpremie\" target=\"_blank\" rel=\"noreferrer noopener\">Mijn VerbouwPremie<\/a>. Deze premie is gericht op eigenaars en investeerders die daken of zoldervloeren van gebouwen ouder dan 15 jaar isoleren en eventueel asbest verwijderen.<\/p>\n\n\n\n<h4 class=\"wp-block-heading\">Belangrijke wijzigingen in 2025<\/h4>\n\n\n\n<p>Vanaf 1 januari 2025 voert de Vlaamse overheid wijzigingen door in de Mijn VerbouwPremie. De belangrijkste aanpassingen is een <strong>daling van premiepercentages:<\/strong><\/p>\n\n\n\n<ul class=\"wp-block-list\">\n<li><strong>Laagste inkomenscategorie:<\/strong> het premiepercentage daalt van maximaal 50% naar 35% van het factuurbedrag, met een maximumbedrag van \u20ac4.025.<\/li>\n\n\n\n<li><strong>Middelste inkomenscategorie:<\/strong> het premiepercentage zakt van maximaal 35% naar 25% van het factuurbedrag, met een maximumbedrag van \u20ac2.875.<\/li>\n<\/ul>\n\n\n\n<p>De hoogste inkomenscategorie ontvangt enkel een premie voor <strong>dakisolatie<\/strong>, niet voor dakrenovatie. Deze premie bedraagt \u20ac8\/m\u00b2 en maximaal 40% van de factuur.<\/p>\n\n\n\n<h4 class=\"wp-block-heading\">Hoe vraag je de Mijn VerbouwPremie aan?<\/h4>\n\n\n\n<p>&nbsp;De aanvraag verloopt via het digitale loket <a href=\"https:\/\/loket.mijnverbouwpremie.be\/\" target=\"_blank\" rel=\"noreferrer noopener\">Mijn VerbouwLoket<\/a>. Om in aanmerking te komen voor de premie, moet je de eindfactuur van de uitgevoerde werken toevoegen bij je aanvraag. Facturen mogen op de aanvraagdatum maximaal 2 jaar oud zijn.<\/p>\n\n\n\n<div class=\"wp-block-columns is-layout-flex wp-container-core-columns-is-layout-28f84493 wp-block-columns-is-layout-flex\">\n<div class=\"wp-block-column is-layout-flow wp-block-column-is-layout-flow\">\n<figure class=\"wp-block-image size-large\"><img loading=\"lazy\" decoding=\"async\" width=\"1024\" height=\"640\" src=\"https:\/\/www.dakwerken-vandriessche.be\/wp-content\/uploads\/2025\/01\/premis-dakrenovatie-1024x640.png\" alt=\"premis dakrenovatie\" class=\"wp-image-4380\" srcset=\"https:\/\/www.dakwerken-vandriessche.be\/wp-content\/uploads\/2025\/01\/premis-dakrenovatie-1024x640.png 1024w, https:\/\/www.dakwerken-vandriessche.be\/wp-content\/uploads\/2025\/01\/premis-dakrenovatie-300x188.png 300w, https:\/\/www.dakwerken-vandriessche.be\/wp-content\/uploads\/2025\/01\/premis-dakrenovatie-768x480.png 768w, https:\/\/www.dakwerken-vandriessche.be\/wp-content\/uploads\/2025\/01\/premis-dakrenovatie-1536x960.png 1536w, https:\/\/www.dakwerken-vandriessche.be\/wp-content\/uploads\/2025\/01\/premis-dakrenovatie-2048x1280.png 2048w\" sizes=\"auto, (max-width: 1024px) 100vw, 1024px\" \/><\/figure>\n<\/div>\n\n\n\n<div class=\"wp-block-column is-layout-flow wp-block-column-is-layout-flow\">\n<figure class=\"wp-block-image size-large\"><img loading=\"lazy\" decoding=\"async\" width=\"1024\" height=\"660\" src=\"https:\/\/www.dakwerken-vandriessche.be\/wp-content\/uploads\/2025\/01\/premies-dakrenovatie-1024x660.jpg\" alt=\"premies dakrenovatie\" class=\"wp-image-4382\" srcset=\"https:\/\/www.dakwerken-vandriessche.be\/wp-content\/uploads\/2025\/01\/premies-dakrenovatie-1024x660.jpg 1024w, https:\/\/www.dakwerken-vandriessche.be\/wp-content\/uploads\/2025\/01\/premies-dakrenovatie-300x193.jpg 300w, https:\/\/www.dakwerken-vandriessche.be\/wp-content\/uploads\/2025\/01\/premies-dakrenovatie-768x495.jpg 768w, https:\/\/www.dakwerken-vandriessche.be\/wp-content\/uploads\/2025\/01\/premies-dakrenovatie-1536x991.jpg 1536w, https:\/\/www.dakwerken-vandriessche.be\/wp-content\/uploads\/2025\/01\/premies-dakrenovatie-2048x1321.jpg 2048w\" sizes=\"auto, (max-width: 1024px) 100vw, 1024px\" \/><\/figure>\n<\/div>\n<\/div>\n\n\n\n<h3 class=\"wp-block-heading\">2. Verhoogde premie asbestverwijdering<\/h3>\n\n\n\n<p>Combineer je jouw dakisolatie met <strong>asbestverwijdering<\/strong>? Dan kun je rekenen op een bijkomende premie. De <a href=\"https:\/\/www.vlaanderen.be\/premies-voor-renovatie\/mijn-verbouwpremie\/mijn-verbouwpremie-voor-dak\" target=\"_blank\" rel=\"noreferrer noopener\">verhoogde premie voor asbestverwijdering<\/a> (als onderdeel van de Mijn VerbouwPremie) blijft beschikbaar tot eind 2025.<\/p>\n\n\n\n<h4 class=\"wp-block-heading\">Premiebedrag<\/h4>\n\n\n\n<ul class=\"wp-block-list\">\n<li><strong>Asbestverwijdering<\/strong>: \u20ac8 per vierkante meter.<\/li>\n\n\n\n<li><strong>Dakisolatie<\/strong>: \u20ac4 per vierkante meter.<\/li>\n<\/ul>\n\n\n\n<p>In totaal ontvang je dus <strong>\u20ac12 per vierkante meter<\/strong> wanneer je beide werkzaamheden combineert.<\/p>\n\n\n\n<h4 class=\"wp-block-heading\">Voorwaarden<\/h4>\n\n\n\n<ul class=\"wp-block-list\">\n<li>Verplichte combinatie met dakisolatie (binnen 12 maanden)<\/li>\n\n\n\n<li>Je woning moet minstens 15 jaar oud zijn.<\/li>\n\n\n\n<li>De werken moeten uitgevoerd worden door een erkende aannemer.<\/li>\n\n\n\n<li>Het totale factuurbedrag moet minstens \u20ac1.000 (exclusief btw) zijn.<\/li>\n\n\n\n<li>Facturen mogen maximaal 2 jaar oud zijn bij de aanvraag, en de facturen van de isolatiewerken en de asbestverwijdering mogen maximaal 12 maanden uit elkaar liggen.<\/li>\n<\/ul>\n\n\n\n<h4 class=\"wp-block-heading\">Hoe vraag je de verhoogde premie voor asbestverwijdering aan?<\/h4>\n\n\n\n<p>Ook hier kun je terecht bij <a href=\"https:\/\/loket.mijnverbouwpremie.be\/\" target=\"_blank\" rel=\"noreferrer noopener\">Mijn VerbouwLoket<\/a>. Vergeet niet de nodige documenten in te dienen, zoals facturen en attesten.<\/p>\n\n\n\n<h3 class=\"wp-block-heading\">3. <strong>EPC-labelpremie<\/strong><\/h3>\n\n\n\n<p>Als je woning een slechte energieprestatie heeft (EPC-label E of F), kun je een <a href=\"https:\/\/www.vlaanderen.be\/premies-voor-renovatie\/mijn-epc-labelpremie\" target=\"_blank\" rel=\"noreferrer noopener\">EPC-labelpremie<\/a> aanvragen na een dakrenovatie als je het EPC-label van je woning <strong>minstens naar C of B <\/strong>krijgt.<\/p>\n\n\n\n<h4 class=\"wp-block-heading\">Wie komt in aanmerking?<\/h4>\n\n\n\n<ul class=\"wp-block-list\">\n<li>Vanaf 2025 komen<strong> enkel eigenaars<\/strong> in aanmerking.<\/li>\n\n\n\n<li>Dit kan als eigenaar-bewoner of als verhuurder.<\/li>\n<\/ul>\n\n\n\n<h4 class=\"wp-block-heading\">Premiebedrag<\/h4>\n\n\n\n<p>Het premiebedrag is afhankelijk van:<\/p>\n\n\n\n<ul class=\"wp-block-list\">\n<li>Het behaalde EPC-label na renovatie: hoe beter het label, hoe hoger de premie.<\/li>\n\n\n\n<li>Het type gebouw (woning of appartement).\n<ul class=\"wp-block-list\">\n<li>Een woning moet van EPC-label E of F naar <strong>minimaal label C<\/strong> gaan.<\/li>\n\n\n\n<li>Een appartement moet van EPC-label D, E of F naar <strong>minimaal label B<\/strong> gaan.<\/li>\n<\/ul>\n<\/li>\n\n\n\n<li>De inkomenscategorie van de eigenaar.<\/li>\n\n\n\n<li>Het al dan niet voldoen aan minimale ventilatie-eisen na renovatie.<\/li>\n<\/ul>\n\n\n\n<h4 class=\"wp-block-heading\">Veranderingen in 2025<\/h4>\n\n\n\n<ul class=\"wp-block-list\">\n<li>Aanvragen verlopen vanaf 6 januari 2025 om 12u via het <a href=\"https:\/\/loket.mijnverbouwpremie.be\/\" target=\"_blank\" rel=\"noreferrer noopener\">Mijn VerbouwLoket<\/a> (in plaats van via Fluvius).<\/li>\n\n\n\n<li>De premiehoogte wordt <strong>inkomensafhankelijk<\/strong>, vergelijkbaar met de categorie\u00ebn van Mijn VerbouwPremie.<\/li>\n\n\n\n<li>Er is een hogere premie mogelijk indien aan <a href=\"https:\/\/www.vlaanderen.be\/bouwen-wonen-en-energie\/veilig-gezond-en-kwaliteitsvol-wonen\/verluchting-en-ventilatie\/ventilatie-bij-renovatie\" target=\"_blank\" rel=\"noreferrer noopener\">minimale ventilatie-eisen<\/a> is voldaan.&nbsp;<\/li>\n<\/ul>\n\n\n\n<h4 class=\"wp-block-heading\">Premie aanvragen<\/h4>\n\n\n\n<ul class=\"wp-block-list\">\n<li>Vanaf 6 januari 2025 via het <a href=\"https:\/\/loket.mijnverbouwpremie.be\/\" target=\"_blank\" rel=\"noreferrer noopener\">Mijn VerbouwLoket<\/a>.<\/li>\n\n\n\n<li>Benodigde documenten: EPC-certificaten van v\u00f3\u00f3r en na de renovatie, bewijs van uitgevoerde werken en eventuele andere vereiste attesten.<\/li>\n<\/ul>\n\n\n\n<div class=\"wp-block-group has-white-color has-primary-background-color has-text-color has-background has-link-color wp-elements-faa7d7cd72122f50a0660f0213b61865 has-global-padding is-layout-constrained wp-container-core-group-is-layout-52009084 wp-block-group-is-layout-constrained\" style=\"padding-top:var(--wp--preset--spacing--40);padding-right:var(--wp--preset--spacing--40);padding-bottom:var(--wp--preset--spacing--40);padding-left:var(--wp--preset--spacing--40)\">\n<div class=\"wp-block-group is-content-justification-space-between is-nowrap is-layout-flex wp-container-core-group-is-layout-ddb38ade wp-block-group-is-layout-flex\">\n<div class=\"wp-block-group has-global-padding is-layout-constrained wp-block-group-is-layout-constrained\">\n<h2 class=\"wp-block-heading has-medium-font-size\">Je dak isoleren loont, we helpen je graag.<\/h2>\n\n\n\n<p>Vraag je gratis offerte.<\/p>\n<\/div>\n\n\n\n<div class=\"wp-block-buttons is-layout-flex wp-block-buttons-is-layout-flex\" style=\"margin-top:0;margin-bottom:0\">\n<div class=\"wp-block-button is-style-fill\"><a class=\"wp-block-button__link has-primary-color has-white-background-color has-text-color has-background has-link-color wp-element-button\" href=\"https:\/\/www.dakwerken-vandriessche.be\/nl\/contact\/\">Contaceer ons<\/a><\/div>\n<\/div>\n<\/div>\n<\/div>\n\n\n\n<h3 class=\"wp-block-heading\"><strong><strong>4. Verlaagd btw-tarief van 6%<\/strong><\/strong><\/h3>\n\n\n\n<p>Ook in 2025 geldt het <a href=\"https:\/\/www.vlaanderen.be\/bouwen-wonen-en-energie\/bouwen-en-verbouwen\/btw-tarief-van-6-bij-renovatie-en-sloop-en-heropbouw-van-woningen\" target=\"_blank\" rel=\"noreferrer noopener\">verlaagd btw-tarief van 6%<\/a> voor renovatiewerken aan woningen die ouder zijn dan 10 jaar. Dit betekent dat, indien jouw woning meer dan 10 jaar oud is, je voor dakrenovaties kunt profiteren van dit lagere tarief, mits aan bepaalde voorwaarden wordt voldaan.<\/p>\n\n\n\n<h4 class=\"wp-block-heading\">Voorwaarden voor het verlaagde btw-tarief bij renovatie<\/h4>\n\n\n\n<ul class=\"wp-block-list\">\n<li>Je woning moet <strong>ouder zijn dan 10 jaar<\/strong>.<\/li>\n\n\n\n<li>De woning dient uitsluitend als <strong>priv\u00e9woning<\/strong>, of slechts een bijkomstig gedeelte ervan wordt gebruikt voor beroepsdoeleinden.<\/li>\n\n\n\n<li>Alle renovatiewerken moeten worden uitgevoerd en gefactureerd door een <strong>geregistreerde aannemer<\/strong>. Doe-het-zelvers komen niet in aanmerking voor het verlaagde tarief op de aankoop van materialen.<\/li>\n\n\n\n<li>De werken moeten betrekking hebben op renovatie, verbetering, rehabilitatie, herstelling of onderhoud van de woning.<\/li>\n<\/ul>\n\n\n\n<h4 class=\"wp-block-heading\">Hoe kan ik een beroep doen op het verlaagde btw-tarief?<\/h4>\n\n\n\n<p>De aannemer past automatisch het verlaagde tarief toe op de factuur. Je hoeft zelf dus niets te doen.<\/p>\n\n\n\n<h3 class=\"wp-block-heading\">5. Totaalrenovatiebonus<\/h3>\n\n\n\n<p>De <a href=\"https:\/\/www.vlaanderen.be\/totaalrenovatiebonus-beno-pass-van-fluvius\" target=\"_blank\" rel=\"noreferrer noopener\">Totaalrenovatiebonus<\/a>, ook wel bekend als de BENO-pass, was een Vlaamse premie die eigenaars stimuleerde om binnen een periode van vijf jaar minstens drie energiebesparende maatregelen in hun woning te implementeren.<\/p>\n\n\n\n<p><strong>Sinds 1 juli 2022 is het niet meer mogelijk om nieuwe trajecten voor de Totaalrenovatiebonus op te starten<\/strong>. Eigenaars die v\u00f3\u00f3r deze datum minstens \u00e9\u00e9n investering hebben uitgevoerd en een premie hebben aangevraagd, kunnen hun traject nog verder afwerken binnen de oorspronkelijke voorwaarden. Voor deze lopende trajecten verandert er in 2025 niets. Nieuwe aanvragen zijn echter niet meer mogelijk.<\/p>\n\n\n\n<h3 class=\"wp-block-heading\">6. <strong>Provinciale en gemeentelijke premies<\/strong><\/h3>\n\n\n\n<p>Sommige gemeenten en provincies bieden <strong>extra premies voor dakrenovatie<\/strong>. De voorwaarden en beschikbaarheid verschillen per locatie. Raadpleeg je lokale overheid voor meer informatie.<\/p>\n\n\n\n<h2 class=\"wp-block-heading\"><strong>Onderneem tijdig actie<\/strong><\/h2>\n\n\n\n<p>Met deze premies kan je een aanzienlijk deel van je dakrenovatie financieren. Neem tijdig actie en profiteer van de beschikbare subsidies. Wil je meer weten over dakrenovatie of een offerte aanvragen? Neem <a href=\"https:\/\/www.dakwerken-vandriessche.be\/nl\/contact\/\">contact<\/a> op met Dakwerken Van Driessche voor professioneel advies.<\/p>\n\n\n\n<div class=\"wp-block-buttons is-layout-flex wp-block-buttons-is-layout-flex\">\n<div class=\"wp-block-button\"><a class=\"wp-block-button__link wp-element-button\" href=\"https:\/\/www.dakwerken-vandriessche.be\/nl\/contact\/\">Offerte aanvragen<\/a><\/div>\n<\/div>\n","protected":false},"excerpt":{"rendered":"<p>Ben je van plan om je dak te renoveren en wil je weten welke mogelijke premies er voor jou zijn? In Vlaanderen zijn er verschillende subsidies beschikbaar voor dakrenovaties, afhankelijk van je woningtype, inkomenscategorie en de aard van de werken. Hieronder lees je welke premies er bestaan, hoeveel je kan krijgen en hoe je ze [&hellip;]<\/p>\n","protected":false},"author":3,"featured_media":0,"parent":0,"menu_order":45,"comment_status":"closed","ping_status":"closed","template":"","meta":{"_acf_changed":false,"footnotes":""},"class_list":["post-4367","page","type-page","status-publish","hentry"],"acf":[],"yoast_head":"<!-- This site is optimized with the Yoast SEO plugin v27.0 - https:\/\/yoast.com\/product\/yoast-seo-wordpress\/ -->\n<title>Premies voor dakrenovatie in 2025: alles wat je moet weten<\/title>\n<meta name=\"description\" content=\"Ontdek de premies voor dakrenovatie voor 2025, inclusief Mijn VerbouwPremie en EPC-labelpremies.\" \/>\n<meta name=\"robots\" content=\"index, follow, max-snippet:-1, max-image-preview:large, max-video-preview:-1\" \/>\n<link rel=\"canonical\" href=\"https:\/\/www.dakwerken-vandriessche.be\/nl\/premies-dakrenovatie\/\" \/>\n<meta property=\"og:locale\" content=\"nl_BE\" \/>\n<meta property=\"og:type\" content=\"article\" \/>\n<meta property=\"og:title\" content=\"Premies voor dakrenovatie in 2025: alles wat je moet weten\" \/>\n<meta property=\"og:description\" content=\"Ontdek de premies voor dakrenovatie voor 2025, inclusief Mijn VerbouwPremie en EPC-labelpremies.\" \/>\n<meta property=\"og:url\" content=\"https:\/\/www.dakwerken-vandriessche.be\/nl\/premies-dakrenovatie\/\" \/>\n<meta property=\"og:site_name\" content=\"Dakwerken Van Driessche\" \/>\n<meta property=\"article:modified_time\" content=\"2025-01-07T13:15:18+00:00\" \/>\n<meta property=\"og:image\" content=\"https:\/\/www.dakwerken-vandriessche.be\/wp-content\/uploads\/2025\/01\/premis-dakrenovatie-1024x640.png\" \/>\n<meta name=\"twitter:card\" content=\"summary_large_image\" \/>\n<meta name=\"twitter:label1\" content=\"Geschatte leestijd\" \/>\n\t<meta name=\"twitter:data1\" content=\"5 minuten\" \/>\n<script type=\"application\/ld+json\" class=\"yoast-schema-graph\">{\"@context\":\"https:\/\/schema.org\",\"@graph\":[{\"@type\":\"WebPage\",\"@id\":\"https:\/\/www.dakwerken-vandriessche.be\/nl\/premies-dakrenovatie\/\",\"url\":\"https:\/\/www.dakwerken-vandriessche.be\/nl\/premies-dakrenovatie\/\",\"name\":\"Premies voor dakrenovatie in 2025: alles wat je moet weten\",\"isPartOf\":{\"@id\":\"https:\/\/www.dakwerken-vandriessche.be\/nl\/#website\"},\"primaryImageOfPage\":{\"@id\":\"https:\/\/www.dakwerken-vandriessche.be\/nl\/premies-dakrenovatie\/#primaryimage\"},\"image\":{\"@id\":\"https:\/\/www.dakwerken-vandriessche.be\/nl\/premies-dakrenovatie\/#primaryimage\"},\"thumbnailUrl\":\"https:\/\/www.dakwerken-vandriessche.be\/wp-content\/uploads\/2025\/01\/premis-dakrenovatie-1024x640.png\",\"datePublished\":\"2025-01-07T13:15:13+00:00\",\"dateModified\":\"2025-01-07T13:15:18+00:00\",\"description\":\"Ontdek de premies voor dakrenovatie voor 2025, inclusief Mijn VerbouwPremie en EPC-labelpremies.\",\"breadcrumb\":{\"@id\":\"https:\/\/www.dakwerken-vandriessche.be\/nl\/premies-dakrenovatie\/#breadcrumb\"},\"inLanguage\":\"nl-BE\",\"potentialAction\":[{\"@type\":\"ReadAction\",\"target\":[\"https:\/\/www.dakwerken-vandriessche.be\/nl\/premies-dakrenovatie\/\"]}]},{\"@type\":\"ImageObject\",\"inLanguage\":\"nl-BE\",\"@id\":\"https:\/\/www.dakwerken-vandriessche.be\/nl\/premies-dakrenovatie\/#primaryimage\",\"url\":\"https:\/\/www.dakwerken-vandriessche.be\/wp-content\/uploads\/2025\/01\/premis-dakrenovatie-1024x640.png\",\"contentUrl\":\"https:\/\/www.dakwerken-vandriessche.be\/wp-content\/uploads\/2025\/01\/premis-dakrenovatie-1024x640.png\"},{\"@type\":\"BreadcrumbList\",\"@id\":\"https:\/\/www.dakwerken-vandriessche.be\/nl\/premies-dakrenovatie\/#breadcrumb\",\"itemListElement\":[{\"@type\":\"ListItem\",\"position\":1,\"name\":\"Home\",\"item\":\"https:\/\/www.dakwerken-vandriessche.be\/nl\/\"},{\"@type\":\"ListItem\",\"position\":2,\"name\":\"Premies voor dakrenovatie in 2025\"}]},{\"@type\":\"WebSite\",\"@id\":\"https:\/\/www.dakwerken-vandriessche.be\/nl\/#website\",\"url\":\"https:\/\/www.dakwerken-vandriessche.be\/nl\/\",\"name\":\"Dakwerken Van Driessche\",\"description\":\"\",\"potentialAction\":[{\"@type\":\"SearchAction\",\"target\":{\"@type\":\"EntryPoint\",\"urlTemplate\":\"https:\/\/www.dakwerken-vandriessche.be\/nl\/?s={search_term_string}\"},\"query-input\":{\"@type\":\"PropertyValueSpecification\",\"valueRequired\":true,\"valueName\":\"search_term_string\"}}],\"inLanguage\":\"nl-BE\"}]}<\/script>\n<!-- \/ Yoast SEO plugin. -->","yoast_head_json":{"title":"Premies voor dakrenovatie in 2025: alles wat je moet weten","description":"Ontdek de premies voor dakrenovatie voor 2025, inclusief Mijn VerbouwPremie en EPC-labelpremies.","robots":{"index":"index","follow":"follow","max-snippet":"max-snippet:-1","max-image-preview":"max-image-preview:large","max-video-preview":"max-video-preview:-1"},"canonical":"https:\/\/www.dakwerken-vandriessche.be\/nl\/premies-dakrenovatie\/","og_locale":"nl_BE","og_type":"article","og_title":"Premies voor dakrenovatie in 2025: alles wat je moet weten","og_description":"Ontdek de premies voor dakrenovatie voor 2025, inclusief Mijn VerbouwPremie en EPC-labelpremies.","og_url":"https:\/\/www.dakwerken-vandriessche.be\/nl\/premies-dakrenovatie\/","og_site_name":"Dakwerken Van Driessche","article_modified_time":"2025-01-07T13:15:18+00:00","og_image":[{"url":"https:\/\/www.dakwerken-vandriessche.be\/wp-content\/uploads\/2025\/01\/premis-dakrenovatie-1024x640.png","type":"","width":"","height":""}],"twitter_card":"summary_large_image","twitter_misc":{"Geschatte leestijd":"5 minuten"},"schema":{"@context":"https:\/\/schema.org","@graph":[{"@type":"WebPage","@id":"https:\/\/www.dakwerken-vandriessche.be\/nl\/premies-dakrenovatie\/","url":"https:\/\/www.dakwerken-vandriessche.be\/nl\/premies-dakrenovatie\/","name":"Premies voor dakrenovatie in 2025: alles wat je moet weten","isPartOf":{"@id":"https:\/\/www.dakwerken-vandriessche.be\/nl\/#website"},"primaryImageOfPage":{"@id":"https:\/\/www.dakwerken-vandriessche.be\/nl\/premies-dakrenovatie\/#primaryimage"},"image":{"@id":"https:\/\/www.dakwerken-vandriessche.be\/nl\/premies-dakrenovatie\/#primaryimage"},"thumbnailUrl":"https:\/\/www.dakwerken-vandriessche.be\/wp-content\/uploads\/2025\/01\/premis-dakrenovatie-1024x640.png","datePublished":"2025-01-07T13:15:13+00:00","dateModified":"2025-01-07T13:15:18+00:00","description":"Ontdek de premies voor dakrenovatie voor 2025, inclusief Mijn VerbouwPremie en EPC-labelpremies.","breadcrumb":{"@id":"https:\/\/www.dakwerken-vandriessche.be\/nl\/premies-dakrenovatie\/#breadcrumb"},"inLanguage":"nl-BE","potentialAction":[{"@type":"ReadAction","target":["https:\/\/www.dakwerken-vandriessche.be\/nl\/premies-dakrenovatie\/"]}]},{"@type":"ImageObject","inLanguage":"nl-BE","@id":"https:\/\/www.dakwerken-vandriessche.be\/nl\/premies-dakrenovatie\/#primaryimage","url":"https:\/\/www.dakwerken-vandriessche.be\/wp-content\/uploads\/2025\/01\/premis-dakrenovatie-1024x640.png","contentUrl":"https:\/\/www.dakwerken-vandriessche.be\/wp-content\/uploads\/2025\/01\/premis-dakrenovatie-1024x640.png"},{"@type":"BreadcrumbList","@id":"https:\/\/www.dakwerken-vandriessche.be\/nl\/premies-dakrenovatie\/#breadcrumb","itemListElement":[{"@type":"ListItem","position":1,"name":"Home","item":"https:\/\/www.dakwerken-vandriessche.be\/nl\/"},{"@type":"ListItem","position":2,"name":"Premies voor dakrenovatie in 2025"}]},{"@type":"WebSite","@id":"https:\/\/www.dakwerken-vandriessche.be\/nl\/#website","url":"https:\/\/www.dakwerken-vandriessche.be\/nl\/","name":"Dakwerken Van Driessche","description":"","potentialAction":[{"@type":"SearchAction","target":{"@type":"EntryPoint","urlTemplate":"https:\/\/www.dakwerken-vandriessche.be\/nl\/?s={search_term_string}"},"query-input":{"@type":"PropertyValueSpecification","valueRequired":true,"valueName":"search_term_string"}}],"inLanguage":"nl-BE"}]}},"_links":{"self":[{"href":"https:\/\/www.dakwerken-vandriessche.be\/nl\/wp-json\/wp\/v2\/pages\/4367","targetHints":{"allow":["GET"]}}],"collection":[{"href":"https:\/\/www.dakwerken-vandriessche.be\/nl\/wp-json\/wp\/v2\/pages"}],"about":[{"href":"https:\/\/www.dakwerken-vandriessche.be\/nl\/wp-json\/wp\/v2\/types\/page"}],"author":[{"embeddable":true,"href":"https:\/\/www.dakwerken-vandriessche.be\/nl\/wp-json\/wp\/v2\/users\/3"}],"replies":[{"embeddable":true,"href":"https:\/\/www.dakwerken-vandriessche.be\/nl\/wp-json\/wp\/v2\/comments?post=4367"}],"version-history":[{"count":8,"href":"https:\/\/www.dakwerken-vandriessche.be\/nl\/wp-json\/wp\/v2\/pages\/4367\/revisions"}],"predecessor-version":[{"id":4384,"href":"https:\/\/www.dakwerken-vandriessche.be\/nl\/wp-json\/wp\/v2\/pages\/4367\/revisions\/4384"}],"wp:attachment":[{"href":"https:\/\/www.dakwerken-vandriessche.be\/nl\/wp-json\/wp\/v2\/media?parent=4367"}],"curies":[{"name":"wp","href":"https:\/\/api.w.org\/{rel}","templated":true}]}}