{"id":3948,"date":"2023-07-07T13:07:42","date_gmt":"2023-07-07T13:07:42","guid":{"rendered":"https:\/\/www.dakwerken-vandriessche.be\/?page_id=3948"},"modified":"2024-05-24T12:14:47","modified_gmt":"2024-05-24T12:14:47","slug":"schuin-dak","status":"publish","type":"page","link":"https:\/\/www.dakwerken-vandriessche.be\/nl\/schuin-dak\/","title":{"rendered":"Schuin dak"},"content":{"rendered":"\n<div style=\"height:69px\" aria-hidden=\"true\" class=\"wp-block-spacer\"><\/div>\n\n\n\n<p>Als iemand u vraagt een dak te beschrijven, dan is uw eerste gedachte hoogstwaarschijnlijk een schuin dak. Net zoals u als kind een huisje met een driehoekje als dak tekende, kiezen we als volwassenen meestal voor een schuin dak voor onze woning. Het is de <strong>meest toegepaste en populaire type overdekking<\/strong>, want het is kosteneffici\u00ebnt, makkelijk te plaatsen en ook makkelijk te onderhouden.<\/p>\n\n\n\n<h2 class=\"wp-block-heading\">Wat is een schuin dak?<\/h2>\n\n\n\n<p>Een schuin dak is een <strong>traditioneel dak voor allerlei soorten gebouwen<\/strong>. U ziet het vaak bij gebouwen met meer dan \u00e9\u00e9n verdieping, maar ook bij gelijkvloerse woningen is een schuin dak populair, want met een schuin dak cre\u00eber je meteen ook <strong>extra bruikbare (zolder)ruimte<\/strong>.<\/p>\n\n\n\n<p>Schuine daken bestaan in meerdere soorten daken, zoals een zadeldak, een lessenaarsdak, een schilddak, een tentdak, &#8230;<\/p>\n\n\n\n<p>Dakwerken Van Driessche heeft <strong>ervaring met alle types daken<\/strong> (waaronder ook <a href=\"https:\/\/www.dakwerken-vandriessche.be\/nl\/platte-daken\/\">platte dake<\/a>n). U kunt dus bij ons terecht voor elke vorm van schuine daken.<\/p>\n\n\n\n<h2 class=\"wp-block-heading\">Wat is de opbouw van een schuin dak?<\/h2>\n\n\n\n<figure class=\"wp-block-image alignleft\"><img loading=\"lazy\" decoding=\"async\" width=\"640\" height=\"443\" src=\"\/\/www.dakwerken-vandriessche.be\/wp-content\/uploads\/2021\/01\/Hellend-Dak-Isoleren.jpeg\" alt=\"Opbouw van een hellend dak\" class=\"wp-image-2975\" srcset=\"https:\/\/www.dakwerken-vandriessche.be\/wp-content\/uploads\/2021\/01\/Hellend-Dak-Isoleren.jpeg 640w, https:\/\/www.dakwerken-vandriessche.be\/wp-content\/uploads\/2021\/01\/Hellend-Dak-Isoleren-300x208.jpeg 300w\" sizes=\"auto, (max-width: 640px) 100vw, 640px\" \/><\/figure>\n\n\n\n<p>Schuine daken worden meestal opgebouwd met een <strong>houten constructie<\/strong> van spanten of gordingen. Daartussen wordt <strong>isolatie<\/strong> geplaatst. Bovenop komt dan de <strong>dakbedekking,<\/strong> zoals dakpannen, leien of nog iets anders. Een schuin dak heeft een <strong>minimale helling van 15\u00b0<\/strong>. Zo loopt regenwater vlot weg, om nadien bijvoorbeeld te hergebruiken.<\/p>\n\n\n\n<p>De opbouw van het dak kan op verschillende manieren gebeuren. Dakwerken Van Driessche plaatst vaak <strong>sarkingdaken,<\/strong> waarbij de isolatie aan de buitenzijde van de dakstructuur komt. Dat is ook een vaak toegepaste methode bij <strong>dakrenovaties.<\/strong><\/p>\n\n\n\n<p>Een sarkingdak plaatsen is <strong>werk voor specialisten.<\/strong> Een goede vakman is een must.<\/p>\n\n\n\n<h2 class=\"wp-block-heading\">Hoe noem je een schuin dak?<\/h2>\n\n\n\n<p>Een schuin dak wordt ook wel een <a href=\"https:\/\/www.dakwerken-vandriessche.be\/nl\/hellende-daken\/\"><strong>hellend dak<\/strong><\/a><strong> of een traditioneel dak<\/strong> genoemd. Zoals hierboven gezegd, schuine daken kunnen heel wat verschillende vormen aannemen, met zadeldak als meest courante vorm. Het voordeel van een schuin dak is dat er <strong>heel wat mogelijkheden<\/strong> zijn, waardoor u altijd wel een opbouw en vorm vindt die perfect bij uw woning past. Tegelijk kunnen schuine daken ook vlot aangepast worden, bijvoorbeeld wanneer u denkt aan <a href=\"https:\/\/www.dakwerken-vandriessche.be\/nl\/zolder-isoleren\/\">zolderisolatie<\/a> of het <a href=\"https:\/\/www.dakwerken-vandriessche.be\/nl\/dakraam-plaatsen\/\">plaatsen van dakramen<\/a>.<\/p>\n\n\n\n<h2 class=\"wp-block-heading\">Dakkapel op schuine daken<\/h2>\n\n\n\n<figure class=\"wp-block-image alignright\"><img decoding=\"async\" src=\"\/\/www.dakwerken-vandriessche.be\/wp-content\/uploads\/2021\/01\/Gewone-Dakpannen.jpeg\" alt=\"Kostprijs van een nieuw dak\" class=\"wp-image-2982\"\/><\/figure>\n\n\n\n<p>Op een schuin dak ziet u wel vaker dakramen of een dakkapel. Dat geeft niet alleen <strong>extra cachet<\/strong> aan uw woning, het zorgt er ook voor dat uw zolder een praktische, bruikbare ruimte wordt. Door <strong>natuurlijk licht<\/strong> binnen te halen, kunt u de <strong>zolderruimte optimaal benutten<\/strong>. Dakwerken Van Driessche plaatst dakkapellen volgens de <strong>traditionele werkwijze<\/strong>. Wil u een <a href=\"https:\/\/www.dakwerken-vandriessche.be\/nl\/dakkapel-plaatsen\/\">dakkapel plaatsen<\/a> op uw dak? Neem dan zeker contact op, we leggen u graag uit welke mogelijkheden er zijn voor uw dak en waar u moet op letten.<\/p>\n\n\n\n<h2 class=\"wp-block-heading\">Schuin dak isoleren<\/h2>\n\n\n\n<p>Gezien een groot deel van de warmte in huis ontsnapt via uw dak, is het <strong>altijd een goed idee<\/strong> om uw dak te isoleren. Dat kan langs de binnen- en buitenzijde.<\/p>\n\n\n\n<p>Wil u uw dak <strong>langs binnen<\/strong> isoleren, dan kiest u voor zolderisolatie met materialen die geschikt zijn voor binnen. Uw <a href=\"https:\/\/www.dakwerken-vandriessche.be\/nl\/zolder-isoleren\/\">zolder isoleren<\/a> leidt niet alleen tot een <strong>aangenamer woonklimaat<\/strong> en een <strong>lagere energiefactuur,<\/strong> maar het verhoogt ook de waarde van uw woning.<\/p>\n\n\n\n<p>Om <strong>aan de buitenzijde <a href=\"https:\/\/www.dakwerken-vandriessche.be\/nl\/dakisolatie\/\">dakisolatie<\/a><\/strong> te plaatsen, werkt Dakwerken Van Driessche met een <strong>sarkingdak.<\/strong> Daarbij worden <strong>isolatieplaten bovenop de draagstructuur<\/strong> geplaatst. Isolatie aan de buitenkant van uw dak neemt geen ruimte in van uw zolder en het maakt de woning <strong>meer winddicht<\/strong> met minder materiaal.<\/p>\n\n\n\n<p>Als u nieuwe dak- of zolderisolatie laat plaatsen, heeft u mogelijk nog recht op een <a href=\"https:\/\/www.dakwerken-vandriessche.be\/nl\/premies\/\">premie<\/a>.<\/p>\n\n\n\n<h3 class=\"wp-block-heading\">Wat is de beste isolatie voor een schuin dak?<\/h3>\n\n\n\n<p>Welk isolatiemateriaal het best is, hangt af van waar de isolatie moet komen: binnen of buiten. Voor de binnenkant wordt vaak geopteerd voor een <strong>minerale wolsoort<\/strong>, zoals glaswol of steenrol, of pur. Om het dak van buitenaf te isoleren, wordt vaak gewerkt met <strong>isolatieplaten.<\/strong><\/p>\n\n\n\n<p>Twijfelt u over welke dakisolatie geschikt is voor uw dak? U kunt bij Dakwerken Van Driessche terecht voor <strong>concreet advies.<\/strong><\/p>\n\n\n\n<h2 class=\"wp-block-heading\">Schuin dak naar plat dak<\/h2>\n\n\n\n<figure class=\"wp-block-image alignright\"><img loading=\"lazy\" decoding=\"async\" width=\"640\" height=\"427\" src=\"\/\/www.dakwerken-vandriessche.be\/wp-content\/uploads\/2021\/01\/Platte-Pannen.jpeg\" alt=\"Hellend dak met leien\" class=\"wp-image-2984\" srcset=\"https:\/\/www.dakwerken-vandriessche.be\/wp-content\/uploads\/2021\/01\/Platte-Pannen.jpeg 640w, https:\/\/www.dakwerken-vandriessche.be\/wp-content\/uploads\/2021\/01\/Platte-Pannen-300x200.jpeg 300w\" sizes=\"auto, (max-width: 640px) 100vw, 640px\" \/><\/figure>\n\n\n\n<p> Schuine daken zijn ontzettend populair, maar ook platte daken zijn heel geliefd. Een plat dak biedt heel wat voordelen, zoals een <strong>strakke look<\/strong> of de mogelijkheid om er een <strong>extra buitenruimte<\/strong> van te maken, bijvoorbeeld een terras. Heeft u weinig nood aan een zolder? Dan kan het heel interessant zijn om uw <strong><a href=\"https:\/\/www.dakwerken-vandriessche.be\/nl\/blog\/hellend-dak-vervangen-door-plat-dak\/\">hellend dak te vervangen door een plat dak<\/a>.<\/strong> Dakwerken Van Driessche heeft ervaring met deze omschakeling en kan u perfect hierbij begeleiden.<\/p>\n\n\n\n<h2 class=\"wp-block-heading\">werk samen met een expert in schuine daken!<\/h2>\n\n\n\n<p>Wil u een <strong>schuin dak laten plaatsen<\/strong> of is uw schuin dak aan <strong>vernieuwing<\/strong> toe? Wil u <strong>meer info<\/strong> over de verschillende daktypes of mogelijkheden voor uw specifieke situatie? Dakwerken Van Driessche geeft u <strong>professioneel advies<\/strong> op maat van uw dak en woning. <a href=\"https:\/\/www.dakwerken-vandriessche.be\/nl\/contact\/\"><strong>Neem contact op<\/strong><\/a> om te bekijken wat uw dak precies nodig heeft.<\/p>\n\n\n\n<h2 class=\"wp-block-heading\">Gerelateerde artikels<\/h2>\n\n\n\n<ul class=\"wp-block-list\">\n<li><a href=\"https:\/\/www.dakwerken-vandriessche.be\/nl\/blog\/dakraam-laten-plaatsen-bij-hellend-of-plat-dak\/\">Dakraam laten plaatsen bij hellende daken<\/a><\/li>\n\n\n\n<li><a href=\"https:\/\/www.dakwerken-vandriessche.be\/nl\/blog\/hellend-dak-vervangen-door-plat-dak\/\">Hellend dak vervangen door plat dak<\/a><\/li>\n\n\n\n<li><a href=\"https:\/\/www.dakwerken-vandriessche.be\/nl\/blog\/hellend-dak-isoleren\/\">Hellend dak isoleren, verplicht in Vlaanderen<\/a><\/li>\n\n\n\n<li><a href=\"https:\/\/www.dakwerken-vandriessche.be\/nl\/blog\/waarom-mijn-dak-laten-ontmossen\/\">Dak laten ontmossen<\/a><\/li>\n<\/ul>\n","protected":false},"excerpt":{"rendered":"<p>Als iemand u vraagt een dak te beschrijven, dan is uw eerste gedachte hoogstwaarschijnlijk een schuin dak. Net zoals u als kind een huisje met een driehoekje als dak tekende, kiezen we als volwassenen meestal voor een schuin dak voor onze woning. Het is de meest toegepaste en populaire type overdekking, want het is kosteneffici\u00ebnt, [&hellip;]<\/p>\n","protected":false},"author":9,"featured_media":0,"parent":0,"menu_order":40,"comment_status":"closed","ping_status":"closed","template":"","meta":{"_acf_changed":false,"footnotes":""},"class_list":["post-3948","page","type-page","status-publish","hentry"],"acf":[],"yoast_head":"<!-- This site is optimized with the Yoast SEO plugin v27.0 - https:\/\/yoast.com\/product\/yoast-seo-wordpress\/ -->\n<title>Schuin dak | Dakwerken Van Driessche - Uw dak zoals het hoort<\/title>\n<meta name=\"description\" content=\"Schuin dak | Dakwerken Van Driessche | Onze troeven: \u2713Beste prijs\/kwaliteit \u2713Erkende merken \u2713Oog voor detail \u2713Topservice \u271310 jaar ervaring.\" \/>\n<meta name=\"robots\" content=\"index, follow, max-snippet:-1, max-image-preview:large, max-video-preview:-1\" \/>\n<link rel=\"canonical\" href=\"https:\/\/www.dakwerken-vandriessche.be\/nl\/schuin-dak\/\" \/>\n<meta property=\"og:locale\" content=\"nl_BE\" \/>\n<meta property=\"og:type\" content=\"article\" \/>\n<meta property=\"og:title\" content=\"Schuin dak | Dakwerken Van Driessche - Uw dak zoals het hoort\" \/>\n<meta property=\"og:description\" content=\"Schuin dak | Dakwerken Van Driessche | Onze troeven: \u2713Beste prijs\/kwaliteit \u2713Erkende merken \u2713Oog voor detail \u2713Topservice \u271310 jaar ervaring.\" \/>\n<meta property=\"og:url\" content=\"https:\/\/www.dakwerken-vandriessche.be\/nl\/schuin-dak\/\" \/>\n<meta property=\"og:site_name\" content=\"Dakwerken Van Driessche\" \/>\n<meta property=\"article:modified_time\" content=\"2024-05-24T12:14:47+00:00\" \/>\n<meta name=\"twitter:card\" content=\"summary_large_image\" \/>\n<meta name=\"twitter:label1\" content=\"Geschatte leestijd\" \/>\n\t<meta name=\"twitter:data1\" content=\"5 minuten\" \/>\n<script type=\"application\/ld+json\" class=\"yoast-schema-graph\">{\"@context\":\"https:\/\/schema.org\",\"@graph\":[{\"@type\":\"WebPage\",\"@id\":\"https:\/\/www.dakwerken-vandriessche.be\/nl\/schuin-dak\/\",\"url\":\"https:\/\/www.dakwerken-vandriessche.be\/nl\/schuin-dak\/\",\"name\":\"Schuin dak | Dakwerken Van Driessche - Uw dak zoals het hoort\",\"isPartOf\":{\"@id\":\"https:\/\/www.dakwerken-vandriessche.be\/nl\/#website\"},\"datePublished\":\"2023-07-07T13:07:42+00:00\",\"dateModified\":\"2024-05-24T12:14:47+00:00\",\"description\":\"Schuin dak | Dakwerken Van Driessche | Onze troeven: \u2713Beste prijs\/kwaliteit \u2713Erkende merken \u2713Oog voor detail \u2713Topservice \u271310 jaar ervaring.\",\"breadcrumb\":{\"@id\":\"https:\/\/www.dakwerken-vandriessche.be\/nl\/schuin-dak\/#breadcrumb\"},\"inLanguage\":\"nl-BE\",\"potentialAction\":[{\"@type\":\"ReadAction\",\"target\":[\"https:\/\/www.dakwerken-vandriessche.be\/nl\/schuin-dak\/\"]}]},{\"@type\":\"BreadcrumbList\",\"@id\":\"https:\/\/www.dakwerken-vandriessche.be\/nl\/schuin-dak\/#breadcrumb\",\"itemListElement\":[{\"@type\":\"ListItem\",\"position\":1,\"name\":\"Home\",\"item\":\"https:\/\/www.dakwerken-vandriessche.be\/nl\/\"},{\"@type\":\"ListItem\",\"position\":2,\"name\":\"Schuin dak\"}]},{\"@type\":\"WebSite\",\"@id\":\"https:\/\/www.dakwerken-vandriessche.be\/nl\/#website\",\"url\":\"https:\/\/www.dakwerken-vandriessche.be\/nl\/\",\"name\":\"Dakwerken Van Driessche\",\"description\":\"\",\"potentialAction\":[{\"@type\":\"SearchAction\",\"target\":{\"@type\":\"EntryPoint\",\"urlTemplate\":\"https:\/\/www.dakwerken-vandriessche.be\/nl\/?s={search_term_string}\"},\"query-input\":{\"@type\":\"PropertyValueSpecification\",\"valueRequired\":true,\"valueName\":\"search_term_string\"}}],\"inLanguage\":\"nl-BE\"}]}<\/script>\n<!-- \/ Yoast SEO plugin. -->","yoast_head_json":{"title":"Schuin dak | Dakwerken Van Driessche - Uw dak zoals het hoort","description":"Schuin dak | Dakwerken Van Driessche | Onze troeven: \u2713Beste prijs\/kwaliteit \u2713Erkende merken \u2713Oog voor detail \u2713Topservice \u271310 jaar ervaring.","robots":{"index":"index","follow":"follow","max-snippet":"max-snippet:-1","max-image-preview":"max-image-preview:large","max-video-preview":"max-video-preview:-1"},"canonical":"https:\/\/www.dakwerken-vandriessche.be\/nl\/schuin-dak\/","og_locale":"nl_BE","og_type":"article","og_title":"Schuin dak | Dakwerken Van Driessche - Uw dak zoals het hoort","og_description":"Schuin dak | Dakwerken Van Driessche | Onze troeven: \u2713Beste prijs\/kwaliteit \u2713Erkende merken \u2713Oog voor detail \u2713Topservice \u271310 jaar ervaring.","og_url":"https:\/\/www.dakwerken-vandriessche.be\/nl\/schuin-dak\/","og_site_name":"Dakwerken Van Driessche","article_modified_time":"2024-05-24T12:14:47+00:00","twitter_card":"summary_large_image","twitter_misc":{"Geschatte leestijd":"5 minuten"},"schema":{"@context":"https:\/\/schema.org","@graph":[{"@type":"WebPage","@id":"https:\/\/www.dakwerken-vandriessche.be\/nl\/schuin-dak\/","url":"https:\/\/www.dakwerken-vandriessche.be\/nl\/schuin-dak\/","name":"Schuin dak | Dakwerken Van Driessche - Uw dak zoals het hoort","isPartOf":{"@id":"https:\/\/www.dakwerken-vandriessche.be\/nl\/#website"},"datePublished":"2023-07-07T13:07:42+00:00","dateModified":"2024-05-24T12:14:47+00:00","description":"Schuin dak | Dakwerken Van Driessche | Onze troeven: \u2713Beste prijs\/kwaliteit \u2713Erkende merken \u2713Oog voor detail \u2713Topservice \u271310 jaar ervaring.","breadcrumb":{"@id":"https:\/\/www.dakwerken-vandriessche.be\/nl\/schuin-dak\/#breadcrumb"},"inLanguage":"nl-BE","potentialAction":[{"@type":"ReadAction","target":["https:\/\/www.dakwerken-vandriessche.be\/nl\/schuin-dak\/"]}]},{"@type":"BreadcrumbList","@id":"https:\/\/www.dakwerken-vandriessche.be\/nl\/schuin-dak\/#breadcrumb","itemListElement":[{"@type":"ListItem","position":1,"name":"Home","item":"https:\/\/www.dakwerken-vandriessche.be\/nl\/"},{"@type":"ListItem","position":2,"name":"Schuin dak"}]},{"@type":"WebSite","@id":"https:\/\/www.dakwerken-vandriessche.be\/nl\/#website","url":"https:\/\/www.dakwerken-vandriessche.be\/nl\/","name":"Dakwerken Van Driessche","description":"","potentialAction":[{"@type":"SearchAction","target":{"@type":"EntryPoint","urlTemplate":"https:\/\/www.dakwerken-vandriessche.be\/nl\/?s={search_term_string}"},"query-input":{"@type":"PropertyValueSpecification","valueRequired":true,"valueName":"search_term_string"}}],"inLanguage":"nl-BE"}]}},"_links":{"self":[{"href":"https:\/\/www.dakwerken-vandriessche.be\/nl\/wp-json\/wp\/v2\/pages\/3948","targetHints":{"allow":["GET"]}}],"collection":[{"href":"https:\/\/www.dakwerken-vandriessche.be\/nl\/wp-json\/wp\/v2\/pages"}],"about":[{"href":"https:\/\/www.dakwerken-vandriessche.be\/nl\/wp-json\/wp\/v2\/types\/page"}],"author":[{"embeddable":true,"href":"https:\/\/www.dakwerken-vandriessche.be\/nl\/wp-json\/wp\/v2\/users\/9"}],"replies":[{"embeddable":true,"href":"https:\/\/www.dakwerken-vandriessche.be\/nl\/wp-json\/wp\/v2\/comments?post=3948"}],"version-history":[{"count":7,"href":"https:\/\/www.dakwerken-vandriessche.be\/nl\/wp-json\/wp\/v2\/pages\/3948\/revisions"}],"predecessor-version":[{"id":4182,"href":"https:\/\/www.dakwerken-vandriessche.be\/nl\/wp-json\/wp\/v2\/pages\/3948\/revisions\/4182"}],"wp:attachment":[{"href":"https:\/\/www.dakwerken-vandriessche.be\/nl\/wp-json\/wp\/v2\/media?parent=3948"}],"curies":[{"name":"wp","href":"https:\/\/api.w.org\/{rel}","templated":true}]}}