{"id":836,"date":"2017-06-23T08:51:26","date_gmt":"2017-06-23T08:51:26","guid":{"rendered":"http:\/\/185.56.147.185\/~dakwerkenvandrie\/?page_id=836\/"},"modified":"2025-12-11T14:38:20","modified_gmt":"2025-12-11T14:38:20","slug":"bardage-facade-2","status":"publish","type":"page","link":"https:\/\/www.dakwerken-vandriessche.be\/fr\/bardage-facade-2\/","title":{"rendered":"Bardage"},"content":{"rendered":"\n<div style=\"height:69px\" aria-hidden=\"true\" class=\"wp-block-spacer\"><\/div>\n\n<p>Lors de la r\u00e9novation de maisons existantes, mais aussi lors de la construction de nouvelles maisons, on opte souvent pour un <strong>bardage<\/strong>. En le pla\u00e7ant, vous cr\u00e9ez des dizaines de possibilit\u00e9s <strong>qui donnent \u00e0 votre fa\u00e7ade un cachet et une apparence suppl\u00e9mentaires<\/strong>. Cachez les briques et recouvrez la fa\u00e7ade de votre maison avec un <strong>mat\u00e9riau de votre choix<\/strong>, pour un <strong>look plus moderne ou intemporel<\/strong>. Dakwerken Van Driessche est sp\u00e9cialis\u00e9e dans la <strong>pose de diff\u00e9rents types de bardages<\/strong>.   <\/p>\n\n<h2 class=\"wp-block-heading\">avantages du bardage<\/h2>\n\n<p>Outre le fait que vous avez un large choix de mat\u00e9riaux et de looks, un bardage durable offre \u00e9galement <strong>de nombreux avantages<\/strong>. La plupart des maisons flamandes sont construites en briques, mais \u00e0 cause de ces briques, votre fa\u00e7ade a l&rsquo;air tr\u00e8s ordinaire. Avec le bon bardage, votre maison obtient <strong>un aspect unique<\/strong>. Optez-vous pour une fa\u00e7ade \u00e9pur\u00e9e et moderne\u00a0? Ou pr\u00e9f\u00e9rez-vous un style champ\u00eatre avec de la pierre naturelle\u00a0? Les possibilit\u00e9s sont pratiquement illimit\u00e9es\u00a0!     <\/p>\n\n<ul class=\"wp-block-list\">\n<li>Beaucoup de <strong>choix<\/strong> en mati\u00e8re de mat\u00e9riaux et d&rsquo;apparence<\/li>\n\n\n\n<li>Une <strong>solution durable<\/strong> dont vous pourrez profiter pendant des ann\u00e9es<\/li>\n\n\n\n<li>Choisissez votre <strong>propre style<\/strong>\u00a0!<\/li>\n\n\n\n<li>Facile \u00e0 <strong>entretenir<\/strong><\/li>\n\n\n\n<li><strong><a href=\"https:\/\/www.dakwerken-vandriessche.be\/nl\/zolder-isoleren\/\">Isolation<\/a> suppl\u00e9mentaire<\/strong><\/li>\n<\/ul>\n\n<h2 class=\"wp-block-heading\">Quels types de bardages existe-t-il\u00a0?<\/h2>\n\n<p>Lorsque vous d\u00e9cidez de recouvrir votre fa\u00e7ade, vous d\u00e9couvrirez rapidement qu&rsquo;il existe d&rsquo;innombrables possibilit\u00e9s, tant en termes de look que de mat\u00e9riaux diff\u00e9rents. Ce sont les options les plus choisies. Nous sommes \u00e9galement heureux de vous donner plus d&rsquo;explications sur les <strong>diff\u00e9rentes possibilit\u00e9s<\/strong> sur cette page.  <\/p>\n\n<ul class=\"wp-block-list\">\n<li>Bardage en <strong>zinc<\/strong><\/li>\n\n\n\n<li>Utiliser des <strong>sidings<\/strong> comme bardage<\/li>\n\n\n\n<li>Bardage aspect <strong>bois<\/strong><\/li>\n\n\n\n<li>Bardage en <strong>ardoises ou en pierre d&rsquo;ardoise<\/strong><\/li>\n\n\n\n<li>Bardage en <strong>fibrociment<\/strong><\/li>\n<\/ul>\n\n<h3 class=\"wp-block-heading\">Recouvrir une fa\u00e7ade avec du zinc<\/h3>\n\n<figure class=\"wp-block-image alignright\"><img loading=\"lazy\" decoding=\"async\" width=\"334\" height=\"438\" src=\"https:\/\/www.dakwerken-vandriessche.be\/wp-content\/uploads\/2021\/03\/zink.jpg\" alt=\"Bardage en zinc\" class=\"wp-image-3063\" srcset=\"https:\/\/www.dakwerken-vandriessche.be\/wp-content\/uploads\/2021\/03\/zink.jpg 334w, https:\/\/www.dakwerken-vandriessche.be\/wp-content\/uploads\/2021\/03\/zink-229x300.jpg 229w\" sizes=\"auto, (max-width: 334px) 100vw, 334px\" \/><\/figure>\n\n<p>Le <a href=\"https:\/\/www.dakwerken-vandriessche.be\/fr\/zinguerie\/\"><strong>zinc<\/strong><\/a> est un excellent choix pour recouvrir votre fa\u00e7ade. Le mat\u00e9riau est compl\u00e8tement revenu et nous voyons ce mat\u00e9riau r\u00e9appara\u00eetre de plus en plus souvent dans les r\u00e9novations et les projets de construction neuve. Le zinc est un <strong>produit naturel particuli\u00e8rement durable<\/strong>. De plus, une fa\u00e7ade en zinc est magnifique et se combine facilement avec d&rsquo;autres mat\u00e9riaux. Si vous choisissez \u00e9galement de finir votre toit avec du zinc, un bardage en zinc est certainement un bon choix.    <\/p>\n\n<p>Le zinc est un <strong>mat\u00e9riau flexible<\/strong>, tant pour recouvrir des projets de construction complexes qu&rsquo;en termes de style. Il s&rsquo;int\u00e8gre parfaitement aux maisons modernes comme aux maisons rustiques et rurales. La pose du zinc exige un <strong>travail de pr\u00e9cision<\/strong>. Dakwerken Van Driessche est sp\u00e9cialis\u00e9e dans la pose de zinc, tant <strong>pour les fa\u00e7ades que pour les toits<\/strong>.   <\/p>\n\n<p>L&rsquo;utilisation du zinc offre <strong>plusieurs avantages<\/strong>\u00a0:<\/p>\n\n<ul class=\"wp-block-list\">\n<li>Durable et solide<\/li>\n\n\n\n<li>Aspect beau et naturel<\/li>\n\n\n\n<li>Flexible et intemporel<\/li>\n\n\n\n<li>Facile \u00e0 combiner dans tous les styles<\/li>\n<\/ul>\n\n<h3 class=\"wp-block-heading\">Recouvrir une fa\u00e7ade avec des sidings<\/h3>\n\n<p>Les <a href=\"https:\/\/www.dakwerken-vandriessche.be\/fr\/?page_id=3819\">sidings<\/a> sont des <strong>plaques de fa\u00e7ade d\u00e9coratives<\/strong> avec lesquelles vous pouvez recouvrir votre fa\u00e7ade <strong>selon votre propre style et vos souhaits<\/strong>. Il existe diff\u00e9rents types de sidings que nous pouvons utiliser pour donner \u00e0 votre fa\u00e7ade le look dont vous r\u00eavez. La plupart des sidings sont fabriqu\u00e9s en <strong>fibrociment<\/strong>, mais des <strong>sidings en plastique<\/strong> ou en <strong>noyau massif<\/strong> sont \u00e9galement possibles\u00a0!  <\/p>\n\n<p>Un bardage avec des sidings est <strong>un choix avantageux en termes de prix et d&rsquo;entretien<\/strong>. Mais les sidings offrent plus d&rsquo;avantages\u00a0: <\/p>\n\n<ul class=\"wp-block-list\">\n<li><strong>Bon march\u00e9<\/strong> \u00e0 l&rsquo;achat et \u00e0 la pose<\/li>\n\n\n\n<li><strong>Facile \u00e0 entretenir,<\/strong> vous n&rsquo;avez pas besoin de les peindre ou de les traiter<\/li>\n\n\n\n<li>R\u00e9sistant \u00e0 toutes les <strong>conditions m\u00e9t\u00e9orologiques<\/strong><\/li>\n\n\n\n<li>Le fibrociment est un mat\u00e9riau <strong>ignifuge<\/strong><\/li>\n\n\n\n<li>Large choix de <strong>couleurs, de styles et de looks<\/strong><\/li>\n<\/ul>\n\n<figure class=\"wp-block-image\"><img loading=\"lazy\" decoding=\"async\" width=\"2048\" height=\"1536\" src=\"https:\/\/www.dakwerken-vandriessche.be\/wp-content\/uploads\/2021\/03\/overheidspremies-voor-gevelbekleding.jpg\" alt=\"Sidings de bardage\" class=\"wp-image-3110\" srcset=\"https:\/\/www.dakwerken-vandriessche.be\/wp-content\/uploads\/2021\/03\/overheidspremies-voor-gevelbekleding.jpg 2048w, https:\/\/www.dakwerken-vandriessche.be\/wp-content\/uploads\/2021\/03\/overheidspremies-voor-gevelbekleding-300x225.jpg 300w, https:\/\/www.dakwerken-vandriessche.be\/wp-content\/uploads\/2021\/03\/overheidspremies-voor-gevelbekleding-1024x768.jpg 1024w, https:\/\/www.dakwerken-vandriessche.be\/wp-content\/uploads\/2021\/03\/overheidspremies-voor-gevelbekleding-768x576.jpg 768w, https:\/\/www.dakwerken-vandriessche.be\/wp-content\/uploads\/2021\/03\/overheidspremies-voor-gevelbekleding-1536x1152.jpg 1536w\" sizes=\"auto, (max-width: 2048px) 100vw, 2048px\" \/><\/figure>\n\n<p>Dakwerken Van Driessche travaille \u00e9galement avec des <a href=\"https:\/\/www.dakwerken-vandriessche.be\/fr\/?page_id=3819\"><strong>sidings Eternit<\/strong><\/a>. Ce sont des sidings en fibrociment qui sont disponibles dans de <g id=\"gid_2\">nombreuses couleurs et styles<\/g>. De plus, ils sont <strong>extr\u00eamement durables<\/strong>, avec une longue dur\u00e9e de vie.  <\/p>\n\n<h3 class=\"wp-block-heading\">Recouvrir une fa\u00e7ade avec un aspect bois<\/h3>\n\n<p>Un bardage avec des <a href=\"https:\/\/www.dakwerken-vandriessche.be\/nl\/blog\/waarom-kiezen-voor-houtlook-gevelbekleding\/\"><strong>sidings aspect bois<\/strong><\/a> est le moyen id\u00e9al pour cr\u00e9er un aspect bois. Les sidings sont en effet disponibles dans la <b>variante lisse ou nervur\u00e9e<\/b>. Diff\u00e9rentes couleurs sont \u00e9galement disponibles, ce qui permet de cr\u00e9er un <strong>aspect bois r\u00e9aliste<\/strong>.  <\/p>\n\n<p>Le <a href=\"https:\/\/www.dakwerken-vandriessche.be\/fr\/?page_id=3686\">bardage aspect bois<\/a> a un <strong>charme et une chaleur naturels<\/strong> qui conviennent aussi bien aux maisons rurales qu&rsquo;aux maisons \u00e9pur\u00e9es. Vous pouvez cr\u00e9er un aspect bois avec du bois v\u00e9ritable ou avec des sidings en plastique ou en aluminium. Nous pr\u00e9f\u00e9rons les sidings comme bardage aspect bois, car ils sont particuli\u00e8rement <strong>faciles \u00e0 entretenir<\/strong> et totalement <strong>r\u00e9sistants aux intemp\u00e9ries<\/strong>. De plus, ils ont le m\u00eame aspect chaleureux que le bois v\u00e9ritable.   <\/p>\n\n<h3 class=\"wp-block-heading\">Recouvrir une fa\u00e7ade avec des ardoises<\/h3>\n\n<p>Une <strong>fa\u00e7ade en ardoises<\/strong> a un <strong>aspect luxueux<\/strong> et elle donne \u00e0 la fa\u00e7ade de votre maison ce petit plus que vous recherchez. Lors de la pose d&rsquo;un <strong><a href=\"https:\/\/www.dakwerken-vandriessche.be\/fr\/?page_id=3957\">bardage en ardoises<\/a><\/strong>, vous avez le choix entre les diff\u00e9rents <strong>types de pose des ardoises<\/strong>. <\/p>\n\n<ul class=\"wp-block-list\">\n<li>Toit Maas ou double couverture<\/li>\n\n\n\n<li>Couverture horizontale simple<\/li>\n\n\n\n<li>Couverture simple avec des ardoises en forme de losange<\/li>\n\n\n\n<li>Pose \u00e0 joints crois\u00e9s<\/li>\n\n\n\n<li>Couverture avec motif losange<\/li>\n\n\n\n<li>Couverture selon un syst\u00e8me de cassettes<\/li>\n\n\n\n<li>Couverture en escalier<\/li>\n\n\n\n<li>Couverture avec joint ouvert<\/li>\n<\/ul>\n\n<figure class=\"wp-block-image\"><img loading=\"lazy\" decoding=\"async\" width=\"2560\" height=\"1707\" src=\"\/\/www.dakwerken-vandriessche.be\/wp-content\/uploads\/2021\/03\/GEVELBEKLEDING-LEIEN-scaled.jpg\" alt=\"Bardage en ardoises\" class=\"wp-image-3118\" srcset=\"https:\/\/www.dakwerken-vandriessche.be\/wp-content\/uploads\/2021\/03\/GEVELBEKLEDING-LEIEN-scaled.jpg 2560w, https:\/\/www.dakwerken-vandriessche.be\/wp-content\/uploads\/2021\/03\/GEVELBEKLEDING-LEIEN-300x200.jpg 300w, https:\/\/www.dakwerken-vandriessche.be\/wp-content\/uploads\/2021\/03\/GEVELBEKLEDING-LEIEN-1024x683.jpg 1024w, https:\/\/www.dakwerken-vandriessche.be\/wp-content\/uploads\/2021\/03\/GEVELBEKLEDING-LEIEN-768x512.jpg 768w, https:\/\/www.dakwerken-vandriessche.be\/wp-content\/uploads\/2021\/03\/GEVELBEKLEDING-LEIEN-1536x1024.jpg 1536w, https:\/\/www.dakwerken-vandriessche.be\/wp-content\/uploads\/2021\/03\/GEVELBEKLEDING-LEIEN-2048x1365.jpg 2048w\" sizes=\"auto, (max-width: 2560px) 100vw, 2560px\" \/><\/figure>\n\n<h3 class=\"wp-block-heading\">Recouvrir une fa\u00e7ade avec de la pierre d&rsquo;ardoise<\/h3>\n\n<p>Un <strong>bardage en pierre d&rsquo;ardoise ou en ardoises naturelles<\/strong> est enti\u00e8rement constitu\u00e9 de pierre naturelle. Chaque ardoise est <strong>unique<\/strong> et la couleur varie <strong>du noir \u00e0 l&rsquo;anthracite<\/strong>. Avec les <strong>pierres naturelles<\/strong>, vous pouvez partir du principe que vous obtenez ce qu&rsquo;il y a de mieux. Cette version a l&rsquo;air <strong>particuli\u00e8rement luxueuse<\/strong>\u00a0!   <\/p>\n\n<p>De plus, l&rsquo;ardoise naturelle a une <strong>dur\u00e9e de vie allant jusqu&rsquo;\u00e0 cent ans<\/strong>.<\/p>\n\n<h3 class=\"wp-block-heading\">Recouvrir une fa\u00e7ade avec des ardoises artificielles<\/h3>\n\n<p>Les ardoises artificielles offrent une <strong>alternative \u00e9conomique<\/strong> au <strong>bardage en ardoises naturelles<\/strong>. Ces ardoises sont fabriqu\u00e9es en <strong>fibrociment<\/strong> et elles ressemblent exactement aux ardoises naturelles. Elles sont finies avec un rev\u00eatement qui <strong>r\u00e9siste \u00e0 toutes les conditions m\u00e9t\u00e9orologiques<\/strong> et elles ont un <strong>bon rapport qualit\u00e9-prix<\/strong>. De plus, il existe d&rsquo;innombrables possibilit\u00e9s pour donner \u00e0 votre maison un <strong>aspect unique et moderne<\/strong>.   <\/p>\n\n<h3 class=\"wp-block-heading\">Recouvrir une fa\u00e7ade avec du fibrociment<\/h3>\n\n<p>Les ardoises et les sidings sont souvent fabriqu\u00e9s en fibrociment. Parce que le <a href=\"https:\/\/www.dakwerken-vandriessche.be\/nl\/vezelcement-gevelbekleding\">fibrociment<\/a> est tr\u00e8s <strong>polyvalent<\/strong> et <strong>\u00e9conomique<\/strong>, c&rsquo;est un bardage populaire, mais aussi une couverture de toit pour les <a href=\"https:\/\/www.dakwerken-vandriessche.be\/fr\/toitures-en-pente-2\/\">toits en pente<\/a>. Le fibrociment est un mat\u00e9riau naturel avec une <strong>longue dur\u00e9e de vie<\/strong> de cinquante ans, une bonne r\u00e9sistance aux intemp\u00e9ries et de nombreuses possibilit\u00e9s. De plus, il n\u00e9cessite <strong>peu ou pas d&rsquo;entretien<\/strong>, car le fibrociment est <strong>r\u00e9sistant \u00e0 la couleur et \u00e0 la forme<\/strong> et prot\u00e8ge votre fa\u00e7ade contre la pourriture, la rouille et les moisissures.   <\/p>\n\n<h2 class=\"wp-block-heading\">isoler davantage les murs<\/h2>\n\n<p>La pose d&rsquo;un bardage est le moment id\u00e9al pour \u00e9galement utiliser ces travaux pour <strong>l&rsquo;isolation de vos murs<\/strong>. En combinant ces travaux, vous <strong>\u00e9conomisez<\/strong> beaucoup d&rsquo;argent sur votre facture d&rsquo;\u00e9nergie. De plus, il est n\u00e9cessaire d&rsquo;isoler vos murs <strong>pour \u00e9viter les ponts thermiques autour des fen\u00eatres existantes<\/strong>.  <\/p>\n\n<p>Chez Dakwerken Van Driessche, nous travaillons avec des <strong>panneaux d&rsquo;isolation de haute qualit\u00e9<\/strong> que nous appliquons d&rsquo;abord sur le mur ext\u00e9rieur. Votre fa\u00e7ade est ainsi dot\u00e9e d&rsquo;un <strong>bouclier d&rsquo;isolation continu<\/strong> o\u00f9 vous ne trouverez <strong>aucun pont thermique<\/strong>. Le bouclier d&rsquo;isolation est fix\u00e9 avec des lattes en bois que nous utilisons ensuite pour fixer le bardage.  <\/p>\n\n<p>Surtout pour les maisons qui sont d\u00e9j\u00e0 un peu plus anciennes et o\u00f9 il est difficile d&rsquo;isoler le mur creux, <strong>l&rsquo;isolation le long de l&rsquo;ext\u00e9rieur du mur<\/strong> offre une belle solution. Isoler votre fa\u00e7ade le long de l&rsquo;ext\u00e9rieur offre de nombreux avantages\u00a0: <\/p>\n\n<ul class=\"wp-block-list\">\n<li>Vous ne <strong>perdez pas d&rsquo;espace<\/strong> dans votre maison<\/li>\n\n\n\n<li>Vous pouvez \u00e9ventuellement pr\u00e9tendre \u00e0 <a href=\"https:\/\/www.vlaanderen.be\/premie-voor-isolatie-van-een-buitenmuur-langs-de-buitenzijde\" target=\"_blank\" rel=\"noopener\"><strong>une prime de votre gestionnaire de r\u00e9seau<\/strong><\/a><\/li>\n\n\n\n<li>Vous <strong>\u00e9conomisez en moyenne 25\u00a0%<\/strong> sur votre facture d&rsquo;\u00e9nergie<\/li>\n\n\n\n<li><strong>Confort de vie<\/strong> accru<\/li>\n\n\n\n<li>\u00c9vitez les <strong>ponts thermiques<\/strong><\/li>\n<\/ul>\n\n<h2 class=\"wp-block-heading\">Primes gouvernementales pour le bardage<\/h2>\n\n<p>Les <strong><a href=\"https:\/\/www.dakwerken-vandriessche.be\/nl\/premies\/\">autorit\u00e9s offrent des primes et des subventions<\/a><\/strong> pour divers travaux sur les maisons existantes. La pose de <g id=\"gid_2\">bardages et d&rsquo;isolation sur les murs<\/g> est une r\u00e9novation qui peut b\u00e9n\u00e9ficier de subventions. Tous les bardages ne sont pas \u00e9ligibles et les autorit\u00e9s mettent l&rsquo;accent sur <strong>la valeur d&rsquo;isolation suppl\u00e9mentaire<\/strong> que la pose implique. Chez Dakwerken Van Driessche, nous pouvons vous informer sur <strong>les diff\u00e9rents travaux qui peuvent b\u00e9n\u00e9ficier d&rsquo;une prime<\/strong>. Nous sommes donc un entrepreneur agr\u00e9\u00e9 qui peut vous fournir <strong>la documentation appropri\u00e9e pour demander la prime<\/strong>.    <\/p>\n\n<h2 class=\"wp-block-heading\">R\u00e9nover compl\u00e8tement la fa\u00e7ade\u00a0?<\/h2>\n\n<p>Votre bardage a besoin d&rsquo;\u00eatre r\u00e9nov\u00e9 et vous recherchez un <strong>entrepreneur agr\u00e9\u00e9 avec de l&rsquo;exp\u00e9rience<\/strong>\u00a0? Dakwerken Van Driessche a <strong>plus de 10 ans d&rsquo;exp\u00e9rience<\/strong> dans la <a href=\"https:\/\/www.dakwerken-vandriessche.be\/nl\/gevelrenovatie\/\"><strong>r\u00e9novation de fa\u00e7ades<\/strong><\/a>. N&rsquo;h\u00e9sitez donc pas \u00e0 <strong>nous contacter<\/strong>. Nous serons heureux d&rsquo;examiner l&rsquo;\u00e9tat de votre fa\u00e7ade actuelle et de vous conseiller sur les possibilit\u00e9s.   <\/p>\n\n<h2 class=\"wp-block-heading\">Bardage durable<\/h2>\n\n<figure class=\"wp-block-image alignleft\"><img loading=\"lazy\" decoding=\"async\" width=\"300\" height=\"225\" src=\"https:\/\/www.dakwerken-vandriessche.be\/wp-content\/uploads\/2021\/03\/Gevelbekleding-Renovatie.jpeg\" alt=\"Bardage durable\" class=\"wp-image-3107\"\/><\/figure>\n\n<p>Lors de la pose d&rsquo;un bardage, il est logique que vous souhaitiez \u00e9galement <strong>profiter des nombreux avantages<\/strong>. Que votre fa\u00e7ade ait l&rsquo;air neuve, selon le style de votre maison, est une cons\u00e9quence logique. Mais vous voulez bien s\u00fbr aussi que la pose soit <strong>effectu\u00e9e par un professionnel<\/strong> et qu&rsquo;elle dure longtemps. En <strong>combinant le rev\u00eatement avec la pose d&rsquo;isolation<\/strong>, vous \u00e9conomisez \u00e9galement sur votre facture d&rsquo;\u00e9nergie. Comptez sur <strong>l&rsquo;expertise d&rsquo;un professionnel qui vous aide \u00e0 faire les bons choix<\/strong>. Dakwerken Van Driessche est heureux de vous aider avec des conseils pour faire un choix optimal. <strong><a href=\"https:\/\/www.dakwerken-vandriessche.be\/fr\/contact\/\">Contactez-nous<\/a><\/strong> pour discuter des possibilit\u00e9s\u00a0!     <\/p>\n","protected":false},"excerpt":{"rendered":"<p>Lors de la r\u00e9novation de maisons existantes, mais aussi lors de la construction de nouvelles maisons, on opte souvent pour un bardage. En le pla\u00e7ant, vous cr\u00e9ez des dizaines de possibilit\u00e9s qui donnent \u00e0 votre fa\u00e7ade un cachet et une apparence suppl\u00e9mentaires. Cachez les briques et recouvrez la fa\u00e7ade de votre maison avec un mat\u00e9riau [&hellip;]<\/p>\n","protected":false},"author":1,"featured_media":0,"parent":0,"menu_order":44,"comment_status":"closed","ping_status":"closed","template":"","meta":{"_acf_changed":false,"footnotes":""},"class_list":["post-836","page","type-page","status-publish","hentry"],"acf":[],"yoast_head":"<!-- This site is optimized with the Yoast SEO plugin v27.0 - https:\/\/yoast.com\/product\/yoast-seo-wordpress\/ -->\n<title>Bardage | Dakwerken Van Driessche<\/title>\n<meta name=\"description\" content=\"Un bardage durable offre de nombreux avantages. Vous choisissez vous-m\u00eame parmi diff\u00e9rents mat\u00e9riaux, comme un bardage en zinc ou en ardoises.\" \/>\n<meta name=\"robots\" content=\"index, follow, max-snippet:-1, max-image-preview:large, max-video-preview:-1\" \/>\n<link rel=\"canonical\" href=\"https:\/\/www.dakwerken-vandriessche.be\/fr\/bardage-facade-2\/\" \/>\n<meta property=\"og:locale\" content=\"fr_FR\" \/>\n<meta property=\"og:type\" content=\"article\" \/>\n<meta property=\"og:title\" content=\"Bardage | Dakwerken Van Driessche\" \/>\n<meta property=\"og:description\" content=\"Un bardage durable offre de nombreux avantages. Vous choisissez vous-m\u00eame parmi diff\u00e9rents mat\u00e9riaux, comme un bardage en zinc ou en ardoises.\" \/>\n<meta property=\"og:url\" content=\"https:\/\/www.dakwerken-vandriessche.be\/fr\/bardage-facade-2\/\" \/>\n<meta property=\"og:site_name\" content=\"Dakwerken Van Driessche\" \/>\n<meta property=\"article:modified_time\" content=\"2025-12-11T14:38:20+00:00\" \/>\n<meta property=\"og:image\" content=\"https:\/\/www.dakwerken-vandriessche.be\/wp-content\/uploads\/2021\/03\/zink.jpg\" \/>\n<meta name=\"twitter:card\" content=\"summary_large_image\" \/>\n<meta name=\"twitter:label1\" content=\"Dur\u00e9e de lecture est.\" \/>\n\t<meta name=\"twitter:data1\" content=\"8 minutes\" \/>\n<script type=\"application\/ld+json\" class=\"yoast-schema-graph\">{\"@context\":\"https:\/\/schema.org\",\"@graph\":[{\"@type\":\"WebPage\",\"@id\":\"https:\/\/www.dakwerken-vandriessche.be\/fr\/bardage-facade-2\/\",\"url\":\"https:\/\/www.dakwerken-vandriessche.be\/fr\/bardage-facade-2\/\",\"name\":\"Bardage | Dakwerken Van Driessche\",\"isPartOf\":{\"@id\":\"https:\/\/www.dakwerken-vandriessche.be\/fr\/#website\"},\"primaryImageOfPage\":{\"@id\":\"https:\/\/www.dakwerken-vandriessche.be\/fr\/bardage-facade-2\/#primaryimage\"},\"image\":{\"@id\":\"https:\/\/www.dakwerken-vandriessche.be\/fr\/bardage-facade-2\/#primaryimage\"},\"thumbnailUrl\":\"https:\/\/www.dakwerken-vandriessche.be\/wp-content\/uploads\/2021\/03\/zink.jpg\",\"datePublished\":\"2017-06-23T08:51:26+00:00\",\"dateModified\":\"2025-12-11T14:38:20+00:00\",\"description\":\"Un bardage durable offre de nombreux avantages. Vous choisissez vous-m\u00eame parmi diff\u00e9rents mat\u00e9riaux, comme un bardage en zinc ou en ardoises.\",\"breadcrumb\":{\"@id\":\"https:\/\/www.dakwerken-vandriessche.be\/fr\/bardage-facade-2\/#breadcrumb\"},\"inLanguage\":\"fr-BE\",\"potentialAction\":[{\"@type\":\"ReadAction\",\"target\":[\"https:\/\/www.dakwerken-vandriessche.be\/fr\/bardage-facade-2\/\"]}]},{\"@type\":\"ImageObject\",\"inLanguage\":\"fr-BE\",\"@id\":\"https:\/\/www.dakwerken-vandriessche.be\/fr\/bardage-facade-2\/#primaryimage\",\"url\":\"https:\/\/www.dakwerken-vandriessche.be\/wp-content\/uploads\/2021\/03\/zink.jpg\",\"contentUrl\":\"https:\/\/www.dakwerken-vandriessche.be\/wp-content\/uploads\/2021\/03\/zink.jpg\"},{\"@type\":\"BreadcrumbList\",\"@id\":\"https:\/\/www.dakwerken-vandriessche.be\/fr\/bardage-facade-2\/#breadcrumb\",\"itemListElement\":[{\"@type\":\"ListItem\",\"position\":1,\"name\":\"Home\",\"item\":\"https:\/\/www.dakwerken-vandriessche.be\/fr\/\"},{\"@type\":\"ListItem\",\"position\":2,\"name\":\"Bardage\"}]},{\"@type\":\"WebSite\",\"@id\":\"https:\/\/www.dakwerken-vandriessche.be\/fr\/#website\",\"url\":\"https:\/\/www.dakwerken-vandriessche.be\/fr\/\",\"name\":\"Dakwerken Van Driessche\",\"description\":\"\",\"potentialAction\":[{\"@type\":\"SearchAction\",\"target\":{\"@type\":\"EntryPoint\",\"urlTemplate\":\"https:\/\/www.dakwerken-vandriessche.be\/fr\/?s={search_term_string}\"},\"query-input\":{\"@type\":\"PropertyValueSpecification\",\"valueRequired\":true,\"valueName\":\"search_term_string\"}}],\"inLanguage\":\"fr-BE\"}]}<\/script>\n<!-- \/ Yoast SEO plugin. -->","yoast_head_json":{"title":"Bardage | Dakwerken Van Driessche","description":"Un bardage durable offre de nombreux avantages. Vous choisissez vous-m\u00eame parmi diff\u00e9rents mat\u00e9riaux, comme un bardage en zinc ou en ardoises.","robots":{"index":"index","follow":"follow","max-snippet":"max-snippet:-1","max-image-preview":"max-image-preview:large","max-video-preview":"max-video-preview:-1"},"canonical":"https:\/\/www.dakwerken-vandriessche.be\/fr\/bardage-facade-2\/","og_locale":"fr_FR","og_type":"article","og_title":"Bardage | Dakwerken Van Driessche","og_description":"Un bardage durable offre de nombreux avantages. Vous choisissez vous-m\u00eame parmi diff\u00e9rents mat\u00e9riaux, comme un bardage en zinc ou en ardoises.","og_url":"https:\/\/www.dakwerken-vandriessche.be\/fr\/bardage-facade-2\/","og_site_name":"Dakwerken Van Driessche","article_modified_time":"2025-12-11T14:38:20+00:00","og_image":[{"url":"https:\/\/www.dakwerken-vandriessche.be\/wp-content\/uploads\/2021\/03\/zink.jpg","type":"","width":"","height":""}],"twitter_card":"summary_large_image","twitter_misc":{"Dur\u00e9e de lecture est.":"8 minutes"},"schema":{"@context":"https:\/\/schema.org","@graph":[{"@type":"WebPage","@id":"https:\/\/www.dakwerken-vandriessche.be\/fr\/bardage-facade-2\/","url":"https:\/\/www.dakwerken-vandriessche.be\/fr\/bardage-facade-2\/","name":"Bardage | Dakwerken Van Driessche","isPartOf":{"@id":"https:\/\/www.dakwerken-vandriessche.be\/fr\/#website"},"primaryImageOfPage":{"@id":"https:\/\/www.dakwerken-vandriessche.be\/fr\/bardage-facade-2\/#primaryimage"},"image":{"@id":"https:\/\/www.dakwerken-vandriessche.be\/fr\/bardage-facade-2\/#primaryimage"},"thumbnailUrl":"https:\/\/www.dakwerken-vandriessche.be\/wp-content\/uploads\/2021\/03\/zink.jpg","datePublished":"2017-06-23T08:51:26+00:00","dateModified":"2025-12-11T14:38:20+00:00","description":"Un bardage durable offre de nombreux avantages. Vous choisissez vous-m\u00eame parmi diff\u00e9rents mat\u00e9riaux, comme un bardage en zinc ou en ardoises.","breadcrumb":{"@id":"https:\/\/www.dakwerken-vandriessche.be\/fr\/bardage-facade-2\/#breadcrumb"},"inLanguage":"fr-BE","potentialAction":[{"@type":"ReadAction","target":["https:\/\/www.dakwerken-vandriessche.be\/fr\/bardage-facade-2\/"]}]},{"@type":"ImageObject","inLanguage":"fr-BE","@id":"https:\/\/www.dakwerken-vandriessche.be\/fr\/bardage-facade-2\/#primaryimage","url":"https:\/\/www.dakwerken-vandriessche.be\/wp-content\/uploads\/2021\/03\/zink.jpg","contentUrl":"https:\/\/www.dakwerken-vandriessche.be\/wp-content\/uploads\/2021\/03\/zink.jpg"},{"@type":"BreadcrumbList","@id":"https:\/\/www.dakwerken-vandriessche.be\/fr\/bardage-facade-2\/#breadcrumb","itemListElement":[{"@type":"ListItem","position":1,"name":"Home","item":"https:\/\/www.dakwerken-vandriessche.be\/fr\/"},{"@type":"ListItem","position":2,"name":"Bardage"}]},{"@type":"WebSite","@id":"https:\/\/www.dakwerken-vandriessche.be\/fr\/#website","url":"https:\/\/www.dakwerken-vandriessche.be\/fr\/","name":"Dakwerken Van Driessche","description":"","potentialAction":[{"@type":"SearchAction","target":{"@type":"EntryPoint","urlTemplate":"https:\/\/www.dakwerken-vandriessche.be\/fr\/?s={search_term_string}"},"query-input":{"@type":"PropertyValueSpecification","valueRequired":true,"valueName":"search_term_string"}}],"inLanguage":"fr-BE"}]}},"_links":{"self":[{"href":"https:\/\/www.dakwerken-vandriessche.be\/fr\/wp-json\/wp\/v2\/pages\/836","targetHints":{"allow":["GET"]}}],"collection":[{"href":"https:\/\/www.dakwerken-vandriessche.be\/fr\/wp-json\/wp\/v2\/pages"}],"about":[{"href":"https:\/\/www.dakwerken-vandriessche.be\/fr\/wp-json\/wp\/v2\/types\/page"}],"author":[{"embeddable":true,"href":"https:\/\/www.dakwerken-vandriessche.be\/fr\/wp-json\/wp\/v2\/users\/1"}],"replies":[{"embeddable":true,"href":"https:\/\/www.dakwerken-vandriessche.be\/fr\/wp-json\/wp\/v2\/comments?post=836"}],"version-history":[{"count":2,"href":"https:\/\/www.dakwerken-vandriessche.be\/fr\/wp-json\/wp\/v2\/pages\/836\/revisions"}],"predecessor-version":[{"id":4831,"href":"https:\/\/www.dakwerken-vandriessche.be\/fr\/wp-json\/wp\/v2\/pages\/836\/revisions\/4831"}],"wp:attachment":[{"href":"https:\/\/www.dakwerken-vandriessche.be\/fr\/wp-json\/wp\/v2\/media?parent=836"}],"curies":[{"name":"wp","href":"https:\/\/api.w.org\/{rel}","templated":true}]}}