{"id":834,"date":"2017-06-23T08:50:35","date_gmt":"2017-06-23T08:50:35","guid":{"rendered":"http:\/\/185.56.147.185\/~dakwerkenvandrie\/?page_id=834\/"},"modified":"2025-12-11T14:37:29","modified_gmt":"2025-12-11T14:37:29","slug":"zinguerie","status":"publish","type":"page","link":"https:\/\/www.dakwerken-vandriessche.be\/fr\/zinguerie\/","title":{"rendered":"Travaux de zinguerie"},"content":{"rendered":"\n<div style=\"height:69px\" aria-hidden=\"true\" class=\"wp-block-spacer\"><\/div>\n\n<h2 class=\"wp-block-heading\">Des travaux de zinguerie \u00e9l\u00e9gants pour votre toit\u00a0?<\/h2>\n\n<p>Le zinc est de nouveau tr\u00e8s tendance. C&rsquo;est une bonne nouvelle, car une finition de toit en <strong>zinc pr\u00e9sente de nombreux avantages\u00a0:<\/strong> <\/p>\n\n<ul class=\"wp-block-list\">\n<li>Le zinc s&rsquo;accorde parfaitement avec le <strong>style architectural moderne<\/strong><\/li>\n\n\n\n<li>La <strong>durabilit\u00e9<\/strong> est particuli\u00e8rement \u00e9lev\u00e9e. Le zinc dure tr\u00e8s longtemps\u00a0! De plus, c&rsquo;est un mat\u00e9riau naturel  <\/li>\n\n\n\n<li>Les <strong>toits en zinc sont faciles \u00e0 entretenir<\/strong> et robustes<\/li>\n\n\n\n<li>Mais surtout\u00a0: le <strong>zinc est tr\u00e8s flexible<\/strong> et peut donc \u00eatre appliqu\u00e9 sur toutes les formes<\/li>\n<\/ul>\n\n<p>Vous recherchez un <strong>sp\u00e9cialiste en travaux de zinguerie<\/strong> pour votre toit ou vous souhaitez des conseils professionnels\u00a0? N&rsquo;h\u00e9sitez pas \u00e0 <strong><a href=\"https:\/\/www.dakwerken-vandriessche.be\/fr\/contact\/\" target=\"_blank\" rel=\"noopener noreferrer\">nous contacter<\/a><\/strong> pour obtenir un devis gratuit sur mesure.<\/p>\n\n<h2 class=\"wp-block-heading\">Les travaux de zinguerie n\u00e9cessitent des sp\u00e9cialistes<\/h2>\n\n<figure class=\"wp-block-image alignleft\"><img loading=\"lazy\" decoding=\"async\" width=\"960\" height=\"1280\" src=\"\/\/www.dakwerken-vandriessche.be\/wp-content\/uploads\/2019\/06\/Zinkwerken.jpeg\" alt=\"Travaux de zinguerie\" class=\"wp-image-2141\" srcset=\"https:\/\/www.dakwerken-vandriessche.be\/wp-content\/uploads\/2019\/06\/Zinkwerken.jpeg 960w, https:\/\/www.dakwerken-vandriessche.be\/wp-content\/uploads\/2019\/06\/Zinkwerken-225x300.jpeg 225w, https:\/\/www.dakwerken-vandriessche.be\/wp-content\/uploads\/2019\/06\/Zinkwerken-768x1024.jpeg 768w\" sizes=\"auto, (max-width: 960px) 100vw, 960px\" \/><\/figure>\n\n<p>Et heureusement, c&rsquo;est notre cas. <strong>Dakwerken Van Driessche<\/strong> sait comment donner \u00e0 votre maison ce petit plus avec des <strong>travaux de zinguerie \u00e9l\u00e9gants<\/strong> et tient compte de toutes les propri\u00e9t\u00e9s du mat\u00e9riau lors de la pose.<\/p>\n\n<p>Car le zinc requiert une comp\u00e9tence sp\u00e9cifique. L&rsquo;ex\u00e9cution est tr\u00e8s d\u00e9licate. Nos collaborateurs sont form\u00e9s \u00e0 la pose du zinc et r\u00e9alisent votre toit de A \u00e0 Z, y compris les goutti\u00e8res et les corniches, les solins, les joints (de dilatation) et les encadrements, et bien s\u00fbr, nous pouvons \u00e9galement vous aider \u00e0 <a href=\"https:\/\/www.dakwerken-vandriessche.be\/nl\/dakraam\/\" target=\"_blank\" rel=\"noopener noreferrer\"><strong>placer votre fen\u00eatre de toit<\/strong><\/a> si vous le souhaitez.  <\/p>\n\n<h2 class=\"wp-block-heading\">\u00c9galement pour ma maison\u00a0?<\/h2>\n\n<p>Le fait de faire <strong>finir votre toit avec du zinc<\/strong> donne \u00e0 votre maison l&rsquo;attrait suppl\u00e9mentaire qu&rsquo;elle m\u00e9rite. Les travaux de zinguerie constituent \u00e9galement un investissement durable lors de la <a href=\"https:\/\/www.dakwerken-vandriessche.be\/nl\/dakrenovatie\/\"><strong>r\u00e9novation de toits<\/strong><\/a> existants. Gr\u00e2ce \u00e0 la polyvalence et \u00e0 la flexibilit\u00e9 du mat\u00e9riau, les travaux de zinguerie sont r\u00e9alis\u00e9s aussi bien sur des <strong>maisons classiques<\/strong> que sur des <strong>maisons modernes<\/strong>. Le mat\u00e9riau extr\u00eamement r\u00e9sistant et le caract\u00e8re intemporel du zinc garantissent un avenir serein \u00e0 votre toit.   <\/p>\n\n<p>M\u00eame avec un <strong>toit plat<\/strong>, une bordure de toit ou une autre finition en zinc apporte beaucoup de classe et de solidit\u00e9. Du moins, si les travaux de zinguerie sont r\u00e9alis\u00e9s dans les r\u00e8gles de l&rsquo;art. Vous pouvez compter sur nous pour cela. Nos collaborateurs sont sp\u00e9cialis\u00e9s dans la r\u00e9alisation de <strong>travaux de zinguerie pour <a href=\"https:\/\/www.dakwerken-vandriessche.be\/fr\/plateformes\/\" target=\"_blank\" rel=\"noopener noreferrer\">toits plats<\/a> et <a href=\"https:\/\/www.dakwerken-vandriessche.be\/fr\/toitures-en-pente\/\" target=\"_blank\" rel=\"noopener noreferrer\">toits inclin\u00e9s<\/a><\/strong>.   <\/p>\n\n<figure class=\"wp-block-image aligncenter\"><img loading=\"lazy\" decoding=\"async\" width=\"640\" height=\"427\" src=\"https:\/\/www.dakwerken-vandriessche.be\/wp-content\/uploads\/2020\/05\/Zinkwerken.jpg\" alt=\"Travaux de zinguerie\" class=\"wp-image-2739\" srcset=\"https:\/\/www.dakwerken-vandriessche.be\/wp-content\/uploads\/2020\/05\/Zinkwerken.jpg 640w, https:\/\/www.dakwerken-vandriessche.be\/wp-content\/uploads\/2020\/05\/Zinkwerken-300x200.jpg 300w\" sizes=\"auto, (max-width: 640px) 100vw, 640px\" \/><\/figure>\n\n<p>Vous avez des questions sur notre <strong>offre<\/strong>, vous recherchez des <a href=\"https:\/\/www.dakwerken-vandriessche.be\/realisaties\/\" target=\"_blank\" rel=\"noopener noreferrer\"><strong>r\u00e9f\u00e9rences<\/strong><\/a> ou vous souhaitez discuter avec un sp\u00e9cialiste des <strong>possibilit\u00e9s infinies du zinc pour votre toit<\/strong>\u00a0? Prenez <a href=\"https:\/\/www.dakwerken-vandriessche.be\/fr\/contact\/\" target=\"_blank\" rel=\"noopener noreferrer\"><strong>contact<\/strong><\/a> avec nous et nous vous ferons un devis sur mesure. <\/p>\n","protected":false},"excerpt":{"rendered":"<p>Des travaux de zinguerie \u00e9l\u00e9gants pour votre toit\u00a0? Le zinc est de nouveau tr\u00e8s tendance. C&rsquo;est une bonne nouvelle, car une finition de toit en zinc pr\u00e9sente de nombreux avantages\u00a0: Vous recherchez un sp\u00e9cialiste en travaux de zinguerie pour votre toit ou vous souhaitez des conseils professionnels\u00a0? N&rsquo;h\u00e9sitez pas \u00e0 nous contacter pour obtenir un [&hellip;]<\/p>\n","protected":false},"author":1,"featured_media":0,"parent":0,"menu_order":43,"comment_status":"closed","ping_status":"closed","template":"","meta":{"_acf_changed":false,"footnotes":""},"class_list":["post-834","page","type-page","status-publish","hentry"],"acf":[],"yoast_head":"<!-- This site is optimized with the Yoast SEO plugin v27.0 - https:\/\/yoast.com\/product\/yoast-seo-wordpress\/ -->\n<title>Travaux de zinguerie | Dakwerken Van Driessche - Votre toit comme il se doit<\/title>\n<meta name=\"description\" content=\"Travaux de zinguerie | Dakwerken Van Driessche | Nos atouts\u00a0: \u2713Meilleur rapport qualit\u00e9\/prix \u2713Marques reconnues \u2713Souci du d\u00e9tail \u2713Service de qualit\u00e9 \u271310\u00a0ans d&#039;exp\u00e9rience.\" \/>\n<meta name=\"robots\" content=\"index, follow, max-snippet:-1, max-image-preview:large, max-video-preview:-1\" \/>\n<link rel=\"canonical\" href=\"https:\/\/www.dakwerken-vandriessche.be\/fr\/zinguerie\/\" \/>\n<meta property=\"og:locale\" content=\"fr_FR\" \/>\n<meta property=\"og:type\" content=\"article\" \/>\n<meta property=\"og:title\" content=\"Travaux de zinguerie | Dakwerken Van Driessche - Votre toit comme il se doit\" \/>\n<meta property=\"og:description\" content=\"Travaux de zinguerie | Dakwerken Van Driessche | Nos atouts\u00a0: \u2713Meilleur rapport qualit\u00e9\/prix \u2713Marques reconnues \u2713Souci du d\u00e9tail \u2713Service de qualit\u00e9 \u271310\u00a0ans d&#039;exp\u00e9rience.\" \/>\n<meta property=\"og:url\" content=\"https:\/\/www.dakwerken-vandriessche.be\/fr\/zinguerie\/\" \/>\n<meta property=\"og:site_name\" content=\"Dakwerken Van Driessche\" \/>\n<meta property=\"article:modified_time\" content=\"2025-12-11T14:37:29+00:00\" \/>\n<meta property=\"og:image\" content=\"https:\/\/www.dakwerken-vandriessche.be\/wp-content\/uploads\/2020\/05\/Zinkwerken.jpg\" \/>\n<meta name=\"twitter:card\" content=\"summary_large_image\" \/>\n<meta name=\"twitter:label1\" content=\"Dur\u00e9e de lecture est.\" \/>\n\t<meta name=\"twitter:data1\" content=\"2 minutes\" \/>\n<script type=\"application\/ld+json\" class=\"yoast-schema-graph\">{\"@context\":\"https:\/\/schema.org\",\"@graph\":[{\"@type\":\"WebPage\",\"@id\":\"https:\/\/www.dakwerken-vandriessche.be\/fr\/zinguerie\/\",\"url\":\"https:\/\/www.dakwerken-vandriessche.be\/fr\/zinguerie\/\",\"name\":\"Travaux de zinguerie | Dakwerken Van Driessche - Votre toit comme il se doit\",\"isPartOf\":{\"@id\":\"https:\/\/www.dakwerken-vandriessche.be\/fr\/#website\"},\"primaryImageOfPage\":{\"@id\":\"https:\/\/www.dakwerken-vandriessche.be\/fr\/zinguerie\/#primaryimage\"},\"image\":{\"@id\":\"https:\/\/www.dakwerken-vandriessche.be\/fr\/zinguerie\/#primaryimage\"},\"thumbnailUrl\":\"https:\/\/www.dakwerken-vandriessche.be\/wp-content\/uploads\/2020\/05\/Zinkwerken.jpg\",\"datePublished\":\"2017-06-23T08:50:35+00:00\",\"dateModified\":\"2025-12-11T14:37:29+00:00\",\"description\":\"Travaux de zinguerie | Dakwerken Van Driessche | Nos atouts\u00a0: \u2713Meilleur rapport qualit\u00e9\/prix \u2713Marques reconnues \u2713Souci du d\u00e9tail \u2713Service de qualit\u00e9 \u271310\u00a0ans d'exp\u00e9rience.\",\"breadcrumb\":{\"@id\":\"https:\/\/www.dakwerken-vandriessche.be\/fr\/zinguerie\/#breadcrumb\"},\"inLanguage\":\"fr-BE\",\"potentialAction\":[{\"@type\":\"ReadAction\",\"target\":[\"https:\/\/www.dakwerken-vandriessche.be\/fr\/zinguerie\/\"]}]},{\"@type\":\"ImageObject\",\"inLanguage\":\"fr-BE\",\"@id\":\"https:\/\/www.dakwerken-vandriessche.be\/fr\/zinguerie\/#primaryimage\",\"url\":\"https:\/\/www.dakwerken-vandriessche.be\/wp-content\/uploads\/2020\/05\/Zinkwerken.jpg\",\"contentUrl\":\"https:\/\/www.dakwerken-vandriessche.be\/wp-content\/uploads\/2020\/05\/Zinkwerken.jpg\"},{\"@type\":\"BreadcrumbList\",\"@id\":\"https:\/\/www.dakwerken-vandriessche.be\/fr\/zinguerie\/#breadcrumb\",\"itemListElement\":[{\"@type\":\"ListItem\",\"position\":1,\"name\":\"Home\",\"item\":\"https:\/\/www.dakwerken-vandriessche.be\/fr\/\"},{\"@type\":\"ListItem\",\"position\":2,\"name\":\"Travaux de zinguerie\"}]},{\"@type\":\"WebSite\",\"@id\":\"https:\/\/www.dakwerken-vandriessche.be\/fr\/#website\",\"url\":\"https:\/\/www.dakwerken-vandriessche.be\/fr\/\",\"name\":\"Dakwerken Van Driessche\",\"description\":\"\",\"potentialAction\":[{\"@type\":\"SearchAction\",\"target\":{\"@type\":\"EntryPoint\",\"urlTemplate\":\"https:\/\/www.dakwerken-vandriessche.be\/fr\/?s={search_term_string}\"},\"query-input\":{\"@type\":\"PropertyValueSpecification\",\"valueRequired\":true,\"valueName\":\"search_term_string\"}}],\"inLanguage\":\"fr-BE\"}]}<\/script>\n<!-- \/ Yoast SEO plugin. -->","yoast_head_json":{"title":"Travaux de zinguerie | Dakwerken Van Driessche - Votre toit comme il se doit","description":"Travaux de zinguerie | Dakwerken Van Driessche | Nos atouts\u00a0: \u2713Meilleur rapport qualit\u00e9\/prix \u2713Marques reconnues \u2713Souci du d\u00e9tail \u2713Service de qualit\u00e9 \u271310\u00a0ans d'exp\u00e9rience.","robots":{"index":"index","follow":"follow","max-snippet":"max-snippet:-1","max-image-preview":"max-image-preview:large","max-video-preview":"max-video-preview:-1"},"canonical":"https:\/\/www.dakwerken-vandriessche.be\/fr\/zinguerie\/","og_locale":"fr_FR","og_type":"article","og_title":"Travaux de zinguerie | Dakwerken Van Driessche - Votre toit comme il se doit","og_description":"Travaux de zinguerie | Dakwerken Van Driessche | Nos atouts\u00a0: \u2713Meilleur rapport qualit\u00e9\/prix \u2713Marques reconnues \u2713Souci du d\u00e9tail \u2713Service de qualit\u00e9 \u271310\u00a0ans d'exp\u00e9rience.","og_url":"https:\/\/www.dakwerken-vandriessche.be\/fr\/zinguerie\/","og_site_name":"Dakwerken Van Driessche","article_modified_time":"2025-12-11T14:37:29+00:00","og_image":[{"url":"https:\/\/www.dakwerken-vandriessche.be\/wp-content\/uploads\/2020\/05\/Zinkwerken.jpg","type":"","width":"","height":""}],"twitter_card":"summary_large_image","twitter_misc":{"Dur\u00e9e de lecture est.":"2 minutes"},"schema":{"@context":"https:\/\/schema.org","@graph":[{"@type":"WebPage","@id":"https:\/\/www.dakwerken-vandriessche.be\/fr\/zinguerie\/","url":"https:\/\/www.dakwerken-vandriessche.be\/fr\/zinguerie\/","name":"Travaux de zinguerie | Dakwerken Van Driessche - Votre toit comme il se doit","isPartOf":{"@id":"https:\/\/www.dakwerken-vandriessche.be\/fr\/#website"},"primaryImageOfPage":{"@id":"https:\/\/www.dakwerken-vandriessche.be\/fr\/zinguerie\/#primaryimage"},"image":{"@id":"https:\/\/www.dakwerken-vandriessche.be\/fr\/zinguerie\/#primaryimage"},"thumbnailUrl":"https:\/\/www.dakwerken-vandriessche.be\/wp-content\/uploads\/2020\/05\/Zinkwerken.jpg","datePublished":"2017-06-23T08:50:35+00:00","dateModified":"2025-12-11T14:37:29+00:00","description":"Travaux de zinguerie | Dakwerken Van Driessche | Nos atouts\u00a0: \u2713Meilleur rapport qualit\u00e9\/prix \u2713Marques reconnues \u2713Souci du d\u00e9tail \u2713Service de qualit\u00e9 \u271310\u00a0ans d'exp\u00e9rience.","breadcrumb":{"@id":"https:\/\/www.dakwerken-vandriessche.be\/fr\/zinguerie\/#breadcrumb"},"inLanguage":"fr-BE","potentialAction":[{"@type":"ReadAction","target":["https:\/\/www.dakwerken-vandriessche.be\/fr\/zinguerie\/"]}]},{"@type":"ImageObject","inLanguage":"fr-BE","@id":"https:\/\/www.dakwerken-vandriessche.be\/fr\/zinguerie\/#primaryimage","url":"https:\/\/www.dakwerken-vandriessche.be\/wp-content\/uploads\/2020\/05\/Zinkwerken.jpg","contentUrl":"https:\/\/www.dakwerken-vandriessche.be\/wp-content\/uploads\/2020\/05\/Zinkwerken.jpg"},{"@type":"BreadcrumbList","@id":"https:\/\/www.dakwerken-vandriessche.be\/fr\/zinguerie\/#breadcrumb","itemListElement":[{"@type":"ListItem","position":1,"name":"Home","item":"https:\/\/www.dakwerken-vandriessche.be\/fr\/"},{"@type":"ListItem","position":2,"name":"Travaux de zinguerie"}]},{"@type":"WebSite","@id":"https:\/\/www.dakwerken-vandriessche.be\/fr\/#website","url":"https:\/\/www.dakwerken-vandriessche.be\/fr\/","name":"Dakwerken Van Driessche","description":"","potentialAction":[{"@type":"SearchAction","target":{"@type":"EntryPoint","urlTemplate":"https:\/\/www.dakwerken-vandriessche.be\/fr\/?s={search_term_string}"},"query-input":{"@type":"PropertyValueSpecification","valueRequired":true,"valueName":"search_term_string"}}],"inLanguage":"fr-BE"}]}},"_links":{"self":[{"href":"https:\/\/www.dakwerken-vandriessche.be\/fr\/wp-json\/wp\/v2\/pages\/834","targetHints":{"allow":["GET"]}}],"collection":[{"href":"https:\/\/www.dakwerken-vandriessche.be\/fr\/wp-json\/wp\/v2\/pages"}],"about":[{"href":"https:\/\/www.dakwerken-vandriessche.be\/fr\/wp-json\/wp\/v2\/types\/page"}],"author":[{"embeddable":true,"href":"https:\/\/www.dakwerken-vandriessche.be\/fr\/wp-json\/wp\/v2\/users\/1"}],"replies":[{"embeddable":true,"href":"https:\/\/www.dakwerken-vandriessche.be\/fr\/wp-json\/wp\/v2\/comments?post=834"}],"version-history":[{"count":2,"href":"https:\/\/www.dakwerken-vandriessche.be\/fr\/wp-json\/wp\/v2\/pages\/834\/revisions"}],"predecessor-version":[{"id":4820,"href":"https:\/\/www.dakwerken-vandriessche.be\/fr\/wp-json\/wp\/v2\/pages\/834\/revisions\/4820"}],"wp:attachment":[{"href":"https:\/\/www.dakwerken-vandriessche.be\/fr\/wp-json\/wp\/v2\/media?parent=834"}],"curies":[{"name":"wp","href":"https:\/\/api.w.org\/{rel}","templated":true}]}}