{"id":829,"date":"2017-06-23T08:47:57","date_gmt":"2017-06-23T08:47:57","guid":{"rendered":"http:\/\/185.56.147.185\/~dakwerkenvandrie\/?page_id=829\/"},"modified":"2025-12-11T14:37:31","modified_gmt":"2025-12-11T14:37:31","slug":"placement-velux","status":"publish","type":"page","link":"https:\/\/www.dakwerken-vandriessche.be\/fr\/placement-velux\/","title":{"rendered":"Fen\u00eatres de toit"},"content":{"rendered":"\n<div style=\"height:69px\" aria-hidden=\"true\" class=\"wp-block-spacer\"><\/div>\n\n<h2 class=\"wp-block-heading\">La pose d&rsquo;une fen\u00eatre de toit apporte plus de lumi\u00e8re dans la maison<\/h2>\n\n<p>La <strong>pose d&rsquo;une fen\u00eatre de toit, comme une coupole de lumi\u00e8re ou une Velux<\/strong>, apporte beaucoup de lumi\u00e8re naturelle dans la maison. Et elles ont encore plus d&rsquo;avantages : <\/p>\n\n<ul class=\"wp-block-list\">\n<li>Les <strong>fen\u00eatres de toit modernes sont bien ventil\u00e9es<\/strong> et emp\u00eachent ainsi l&rsquo;humidit\u00e9 et la formation de moisissures<\/li>\n\n\n\n<li>Les fen\u00eatres de toit sont aujourd&rsquo;hui bien isol\u00e9es pour <strong>limiter les pertes de chaleur<\/strong><\/li>\n\n\n\n<li>Comme les <strong>fen\u00eatres de toit et les coupoles<\/strong> sont orient\u00e9es vers le haut, elles captent plus de lumi\u00e8re qu&rsquo;une fen\u00eatre dans le mur<\/li>\n\n\n\n<li>Vous pouvez consid\u00e9rablement agrandir votre espace de vie en \u00e9clairant l&rsquo;<strong>espace sous le toit<\/strong> avec une fen\u00eatre de toit.<\/li>\n\n\n\n<li>Pour la pose d&rsquo;une fen\u00eatre de toit, vous n&rsquo;avez g\u00e9n\u00e9ralement <strong>pas besoin de permis de construire<\/strong><\/li>\n<\/ul>\n\n<p>Chez Dakwerken Van Driessche, nous sommes sp\u00e9cialis\u00e9s dans la <strong>pose de<\/strong> <strong>fen\u00eatres de toit,<\/strong> <strong>de fen\u00eatres de toit Velux<\/strong> <strong>et de coupoles<\/strong>. <a href=\"https:\/\/www.dakwerken-vandriessche.be\/fr\/contact\/\" target=\"_blank\" rel=\"noopener noreferrer\"><strong>Contactez-nous<\/strong><\/a> et demandez notre offre sur mesure !<\/p>\n\n<h2 class=\"wp-block-heading\">Quelle fen\u00eatre de toit pour ma maison ?<\/h2>\n\n<p>Gr\u00e2ce \u00e0 une <strong><a href=\"https:\/\/www.dakwerken-vandriessche.be\/nl\/realisaties\/dakwerken\/hellend-dak-wemmel\" target=\"_blank\" rel=\"noopener noreferrer\">fen\u00eatre de toit sur mesure<\/a><\/strong> pour votre maison, vous pouvez rendre cet <strong>espace suppl\u00e9mentaire<\/strong> beaucoup plus agr\u00e9able. Vous exploitez ainsi au maximum la surface disponible et cr\u00e9ez donc une plus-value pour votre maison. <\/p>\n\n<figure class=\"wp-block-gallery has-nested-images columns-4 is-cropped wp-block-gallery-1 is-layout-flex wp-block-gallery-is-layout-flex\">\n<figure class=\"wp-block-image size-large\"><a href=\"https:\/\/www.dakwerken-vandriessche.be\/wp-content\/uploads\/2019\/04\/Dakraam-2.jpg\"><img loading=\"lazy\" decoding=\"async\" width=\"1024\" height=\"768\" data-id=\"2019\" src=\"https:\/\/www.dakwerken-vandriessche.be\/wp-content\/uploads\/2019\/04\/Dakraam-2-1024x768.jpg\" alt=\"Pose de fen&#xEA;tres de toit\" class=\"wp-image-2019\" srcset=\"https:\/\/www.dakwerken-vandriessche.be\/wp-content\/uploads\/2019\/04\/Dakraam-2-1024x768.jpg 1024w, https:\/\/www.dakwerken-vandriessche.be\/wp-content\/uploads\/2019\/04\/Dakraam-2-300x225.jpg 300w, https:\/\/www.dakwerken-vandriessche.be\/wp-content\/uploads\/2019\/04\/Dakraam-2-768x576.jpg 768w, https:\/\/www.dakwerken-vandriessche.be\/wp-content\/uploads\/2019\/04\/Dakraam-2.jpg 2048w\" sizes=\"auto, (max-width: 1024px) 100vw, 1024px\" \/><\/a><\/figure>\n\n\n\n<figure class=\"wp-block-image size-large\"><a href=\"https:\/\/www.dakwerken-vandriessche.be\/wp-content\/uploads\/2019\/04\/Dakraam-3.jpg\"><img loading=\"lazy\" decoding=\"async\" width=\"1024\" height=\"768\" data-id=\"2021\" src=\"https:\/\/www.dakwerken-vandriessche.be\/wp-content\/uploads\/2019\/04\/Dakraam-3-1024x768.jpg\" alt=\"Nouvelle Velux\" class=\"wp-image-2021\" srcset=\"https:\/\/www.dakwerken-vandriessche.be\/wp-content\/uploads\/2019\/04\/Dakraam-3-1024x768.jpg 1024w, https:\/\/www.dakwerken-vandriessche.be\/wp-content\/uploads\/2019\/04\/Dakraam-3-300x225.jpg 300w, https:\/\/www.dakwerken-vandriessche.be\/wp-content\/uploads\/2019\/04\/Dakraam-3-768x576.jpg 768w, https:\/\/www.dakwerken-vandriessche.be\/wp-content\/uploads\/2019\/04\/Dakraam-3.jpg 2048w\" sizes=\"auto, (max-width: 1024px) 100vw, 1024px\" \/><\/a><\/figure>\n\n\n\n<figure class=\"wp-block-image size-large\"><a href=\"https:\/\/www.dakwerken-vandriessche.be\/wp-content\/uploads\/2020\/05\/Dakramen-4.jpg\"><img loading=\"lazy\" decoding=\"async\" width=\"640\" height=\"480\" data-id=\"2735\" src=\"https:\/\/www.dakwerken-vandriessche.be\/wp-content\/uploads\/2020\/05\/Dakramen-4.jpg\" alt=\"Fen&#xEA;tres de toit pour plus de lumi&#xE8;re\" class=\"wp-image-2735\" srcset=\"https:\/\/www.dakwerken-vandriessche.be\/wp-content\/uploads\/2020\/05\/Dakramen-4.jpg 640w, https:\/\/www.dakwerken-vandriessche.be\/wp-content\/uploads\/2020\/05\/Dakramen-4-300x225.jpg 300w\" sizes=\"auto, (max-width: 640px) 100vw, 640px\" \/><\/a><\/figure>\n\n\n\n<figure class=\"wp-block-image size-large\"><a href=\"https:\/\/www.dakwerken-vandriessche.be\/wp-content\/uploads\/2020\/05\/Dakramen.jpg\"><img loading=\"lazy\" decoding=\"async\" width=\"640\" height=\"427\" data-id=\"2732\" src=\"https:\/\/www.dakwerken-vandriessche.be\/wp-content\/uploads\/2020\/05\/Dakramen.jpg\" alt=\"Fen&#xEA;tres de toit\" class=\"wp-image-2732\" srcset=\"https:\/\/www.dakwerken-vandriessche.be\/wp-content\/uploads\/2020\/05\/Dakramen.jpg 640w, https:\/\/www.dakwerken-vandriessche.be\/wp-content\/uploads\/2020\/05\/Dakramen-300x200.jpg 300w\" sizes=\"auto, (max-width: 640px) 100vw, 640px\" \/><\/a><\/figure>\n<\/figure>\n\n<p>Selon vos souhaits, vous pouvez opter pour <strong>diff\u00e9rents types de fen\u00eatres de toit :<\/strong><\/p>\n\n<ul class=\"wp-block-list\">\n<li>Les fen\u00eatres de toit pivotantes sont aussi appel\u00e9es <strong>fen\u00eatres \u00e0 bascule<\/strong>. <strong>Velux<\/strong> est le fabricant le plus connu de ce type de fen\u00eatre. Nous sommes sp\u00e9cialis\u00e9s dans la pose de fen\u00eatres Velux. Les fen\u00eatres \u00e0 bascule s&rsquo;ouvrent autour d&rsquo;un axe central et peuvent \u00eatre tourn\u00e9es \u00e0 180\u00b0. Elles sont donc faciles \u00e0 nettoyer. Un avantage suppl\u00e9mentaire est que ces fen\u00eatres sont \u00e9quip\u00e9es d&rsquo;un <g id=\"gid_2\">clapet de ventilation<\/g>. Vous pouvez donc a\u00e9rer votre pi\u00e8ce sans laisser la <a href=\"https:\/\/www.dakwerken-vandriessche.be\/nl\/realisaties\/dakwerken\/hellend-dak-anderlecht\"><strong>fen\u00eatre Velux<\/strong><\/a> ouverte.     <\/li>\n\n\n\n<li>Les <strong>fen\u00eatres \u00e0 projection<\/strong> ne pivotent pas autour d&rsquo;un axe central, mais sont tourn\u00e9es vers l&rsquo;ext\u00e9rieur dans leur ensemble. Leurs charni\u00e8res se trouvent en haut de la fen\u00eatre. Ce type de fen\u00eatre de toit donne une plus grande sensation d&rsquo;espace et offre une <strong>vue panoramique<\/strong>.  <\/li>\n<\/ul>\n\n<p>Vous h\u00e9sitez encore sur le <strong>meilleur choix de fen\u00eatre de toit pour votre maison<\/strong> ? Dakwerken Van Driessche vous assiste et vous fournit volontiers un devis sur mesure. <\/p>\n\n<h2 class=\"wp-block-heading\">Puis-je installer une fen\u00eatre de toit dans mon toit plat ?<\/h2>\n\n<p>Il existe \u00e9galement des syst\u00e8mes pour <a href=\"https:\/\/www.dakwerken-vandriessche.be\/fr\/plateformes\/\" target=\"_blank\" rel=\"noopener noreferrer\"><strong>toits plats<\/strong><\/a> afin d&rsquo;apporter plus de lumi\u00e8re naturelle \u00e0 la maison. Nous installons des <strong>coupoles de lumi\u00e8re et des lanterneaux<\/strong> sur votre toit plat. Ils assurent un \u00e9clairage constant de l&rsquo;espace de vie et cr\u00e9ent une sensation tr\u00e8s ouverte.  <\/p>\n\n<p>De plus, les <a href=\"https:\/\/www.dakwerken-vandriessche.be\/nl\/realisaties\/project-titel-4\/\" target=\"_blank\" rel=\"noopener noreferrer\"><strong>coupoles et les lanterneaux<\/strong><\/a> aident \u00e0 ventiler l&rsquo;espace. De nombreuses <strong>coupoles de toit<\/strong> sont d&rsquo;ailleurs \u00e9quip\u00e9es d&rsquo;un syst\u00e8me \u00e9lectrique permettant de les ouvrir \u00e0 distance. <\/p>\n\n<h2 class=\"wp-block-heading\">qu&rsquo;en est-il de l&rsquo;isolation ?<\/h2>\n\n<p>Les <strong>fen\u00eatres de toit modernes<\/strong> r\u00e9pondent aux meilleures normes d&rsquo;isolation et sont \u00e9quip\u00e9es de <strong>verre \u00e0 haut rendement<\/strong>. La perte de chaleur dans votre maison est donc consid\u00e9rablement limit\u00e9e. <\/p>\n\n<p>Mais en \u00e9t\u00e9 aussi, les <strong>fen\u00eatres de toit de qualit\u00e9<\/strong> vous prot\u00e9geront de la chaleur. Le verre de la fen\u00eatre de toit est r\u00e9sistant au soleil et, si vous souhaitez une protection suppl\u00e9mentaire, un rideau occultant vous apportera la fra\u00eecheur et l&rsquo;intimit\u00e9 n\u00e9cessaires. <\/p>\n\n<p>Que vous envisagiez une <strong>fen\u00eatre de toit rustique<\/strong>, une <strong>Velux moderne<\/strong> \u00e9l\u00e9gante ou une <strong>coupole pour votre toit plat<\/strong>, demandez-nous un devis sur mesure !<\/p>\n\n<h2 class=\"wp-block-heading\">Articles connexes<\/h2>\n\n<ul class=\"wp-block-list\">\n<li><a href=\"https:\/\/www.dakwerken-vandriessche.be\/nl\/blog\/dakraam-laten-plaatsen-bij-hellend-of-plat-dak\/\">Faire poser une fen\u00eatre de toit sur des toits inclin\u00e9s<\/a><\/li>\n<\/ul>\n","protected":false},"excerpt":{"rendered":"<p>La pose d&rsquo;une fen\u00eatre de toit apporte plus de lumi\u00e8re dans la maison La pose d&rsquo;une fen\u00eatre de toit, comme une coupole de lumi\u00e8re ou une Velux, apporte beaucoup de lumi\u00e8re naturelle dans la maison. Et elles ont encore plus d&rsquo;avantages : Chez Dakwerken Van Driessche, nous sommes sp\u00e9cialis\u00e9s dans la pose de fen\u00eatres de [&hellip;]<\/p>\n","protected":false},"author":1,"featured_media":0,"parent":0,"menu_order":42,"comment_status":"closed","ping_status":"closed","template":"","meta":{"_acf_changed":false,"footnotes":""},"class_list":["post-829","page","type-page","status-publish","hentry"],"acf":[],"yoast_head":"<!-- This site is optimized with the Yoast SEO plugin v27.0 - https:\/\/yoast.com\/product\/yoast-seo-wordpress\/ -->\n<title>Pose de fen\u00eatres de toit | Dakwerken Van Driessche - Votre toit comme il se doit<\/title>\n<meta name=\"description\" content=\"Pose de fen\u00eatres de toit | Dakwerken Van Driessche | Nos atouts : \u2713Meilleur rapport qualit\u00e9\/prix \u2713Marques reconnues \u2713Souci du d\u00e9tail \u2713Service de qualit\u00e9 \u271310 ans d&#039;exp\u00e9rience.\" \/>\n<meta name=\"robots\" content=\"index, follow, max-snippet:-1, max-image-preview:large, max-video-preview:-1\" \/>\n<link rel=\"canonical\" href=\"https:\/\/www.dakwerken-vandriessche.be\/fr\/placement-velux\/\" \/>\n<meta property=\"og:locale\" content=\"fr_FR\" \/>\n<meta property=\"og:type\" content=\"article\" \/>\n<meta property=\"og:title\" content=\"Pose de fen\u00eatres de toit | Dakwerken Van Driessche - Votre toit comme il se doit\" \/>\n<meta property=\"og:description\" content=\"Pose de fen\u00eatres de toit | Dakwerken Van Driessche | Nos atouts : \u2713Meilleur rapport qualit\u00e9\/prix \u2713Marques reconnues \u2713Souci du d\u00e9tail \u2713Service de qualit\u00e9 \u271310 ans d&#039;exp\u00e9rience.\" \/>\n<meta property=\"og:url\" content=\"https:\/\/www.dakwerken-vandriessche.be\/fr\/placement-velux\/\" \/>\n<meta property=\"og:site_name\" content=\"Dakwerken Van Driessche\" \/>\n<meta property=\"article:modified_time\" content=\"2025-12-11T14:37:31+00:00\" \/>\n<meta property=\"og:image\" content=\"https:\/\/www.dakwerken-vandriessche.be\/wp-content\/uploads\/2019\/04\/Dakraam-2-1024x768.jpg\" \/>\n<meta name=\"twitter:card\" content=\"summary_large_image\" \/>\n<meta name=\"twitter:label1\" content=\"Dur\u00e9e de lecture est.\" \/>\n\t<meta name=\"twitter:data1\" content=\"3 minutes\" \/>\n<script type=\"application\/ld+json\" class=\"yoast-schema-graph\">{\"@context\":\"https:\/\/schema.org\",\"@graph\":[{\"@type\":\"WebPage\",\"@id\":\"https:\/\/www.dakwerken-vandriessche.be\/fr\/placement-velux\/\",\"url\":\"https:\/\/www.dakwerken-vandriessche.be\/fr\/placement-velux\/\",\"name\":\"Pose de fen\u00eatres de toit | Dakwerken Van Driessche - Votre toit comme il se doit\",\"isPartOf\":{\"@id\":\"https:\/\/www.dakwerken-vandriessche.be\/fr\/#website\"},\"primaryImageOfPage\":{\"@id\":\"https:\/\/www.dakwerken-vandriessche.be\/fr\/placement-velux\/#primaryimage\"},\"image\":{\"@id\":\"https:\/\/www.dakwerken-vandriessche.be\/fr\/placement-velux\/#primaryimage\"},\"thumbnailUrl\":\"https:\/\/www.dakwerken-vandriessche.be\/wp-content\/uploads\/2019\/04\/Dakraam-2-1024x768.jpg\",\"datePublished\":\"2017-06-23T08:47:57+00:00\",\"dateModified\":\"2025-12-11T14:37:31+00:00\",\"description\":\"Pose de fen\u00eatres de toit | Dakwerken Van Driessche | Nos atouts : \u2713Meilleur rapport qualit\u00e9\/prix \u2713Marques reconnues \u2713Souci du d\u00e9tail \u2713Service de qualit\u00e9 \u271310 ans d'exp\u00e9rience.\",\"breadcrumb\":{\"@id\":\"https:\/\/www.dakwerken-vandriessche.be\/fr\/placement-velux\/#breadcrumb\"},\"inLanguage\":\"fr-BE\",\"potentialAction\":[{\"@type\":\"ReadAction\",\"target\":[\"https:\/\/www.dakwerken-vandriessche.be\/fr\/placement-velux\/\"]}]},{\"@type\":\"ImageObject\",\"inLanguage\":\"fr-BE\",\"@id\":\"https:\/\/www.dakwerken-vandriessche.be\/fr\/placement-velux\/#primaryimage\",\"url\":\"https:\/\/www.dakwerken-vandriessche.be\/wp-content\/uploads\/2019\/04\/Dakraam-2-1024x768.jpg\",\"contentUrl\":\"https:\/\/www.dakwerken-vandriessche.be\/wp-content\/uploads\/2019\/04\/Dakraam-2-1024x768.jpg\"},{\"@type\":\"BreadcrumbList\",\"@id\":\"https:\/\/www.dakwerken-vandriessche.be\/fr\/placement-velux\/#breadcrumb\",\"itemListElement\":[{\"@type\":\"ListItem\",\"position\":1,\"name\":\"Home\",\"item\":\"https:\/\/www.dakwerken-vandriessche.be\/fr\/\"},{\"@type\":\"ListItem\",\"position\":2,\"name\":\"Fen\u00eatres de toit\"}]},{\"@type\":\"WebSite\",\"@id\":\"https:\/\/www.dakwerken-vandriessche.be\/fr\/#website\",\"url\":\"https:\/\/www.dakwerken-vandriessche.be\/fr\/\",\"name\":\"Dakwerken Van Driessche\",\"description\":\"\",\"potentialAction\":[{\"@type\":\"SearchAction\",\"target\":{\"@type\":\"EntryPoint\",\"urlTemplate\":\"https:\/\/www.dakwerken-vandriessche.be\/fr\/?s={search_term_string}\"},\"query-input\":{\"@type\":\"PropertyValueSpecification\",\"valueRequired\":true,\"valueName\":\"search_term_string\"}}],\"inLanguage\":\"fr-BE\"}]}<\/script>\n<!-- \/ Yoast SEO plugin. -->","yoast_head_json":{"title":"Pose de fen\u00eatres de toit | Dakwerken Van Driessche - Votre toit comme il se doit","description":"Pose de fen\u00eatres de toit | Dakwerken Van Driessche | Nos atouts : \u2713Meilleur rapport qualit\u00e9\/prix \u2713Marques reconnues \u2713Souci du d\u00e9tail \u2713Service de qualit\u00e9 \u271310 ans d'exp\u00e9rience.","robots":{"index":"index","follow":"follow","max-snippet":"max-snippet:-1","max-image-preview":"max-image-preview:large","max-video-preview":"max-video-preview:-1"},"canonical":"https:\/\/www.dakwerken-vandriessche.be\/fr\/placement-velux\/","og_locale":"fr_FR","og_type":"article","og_title":"Pose de fen\u00eatres de toit | Dakwerken Van Driessche - Votre toit comme il se doit","og_description":"Pose de fen\u00eatres de toit | Dakwerken Van Driessche | Nos atouts : \u2713Meilleur rapport qualit\u00e9\/prix \u2713Marques reconnues \u2713Souci du d\u00e9tail \u2713Service de qualit\u00e9 \u271310 ans d'exp\u00e9rience.","og_url":"https:\/\/www.dakwerken-vandriessche.be\/fr\/placement-velux\/","og_site_name":"Dakwerken Van Driessche","article_modified_time":"2025-12-11T14:37:31+00:00","og_image":[{"url":"https:\/\/www.dakwerken-vandriessche.be\/wp-content\/uploads\/2019\/04\/Dakraam-2-1024x768.jpg","type":"","width":"","height":""}],"twitter_card":"summary_large_image","twitter_misc":{"Dur\u00e9e de lecture est.":"3 minutes"},"schema":{"@context":"https:\/\/schema.org","@graph":[{"@type":"WebPage","@id":"https:\/\/www.dakwerken-vandriessche.be\/fr\/placement-velux\/","url":"https:\/\/www.dakwerken-vandriessche.be\/fr\/placement-velux\/","name":"Pose de fen\u00eatres de toit | Dakwerken Van Driessche - Votre toit comme il se doit","isPartOf":{"@id":"https:\/\/www.dakwerken-vandriessche.be\/fr\/#website"},"primaryImageOfPage":{"@id":"https:\/\/www.dakwerken-vandriessche.be\/fr\/placement-velux\/#primaryimage"},"image":{"@id":"https:\/\/www.dakwerken-vandriessche.be\/fr\/placement-velux\/#primaryimage"},"thumbnailUrl":"https:\/\/www.dakwerken-vandriessche.be\/wp-content\/uploads\/2019\/04\/Dakraam-2-1024x768.jpg","datePublished":"2017-06-23T08:47:57+00:00","dateModified":"2025-12-11T14:37:31+00:00","description":"Pose de fen\u00eatres de toit | Dakwerken Van Driessche | Nos atouts : \u2713Meilleur rapport qualit\u00e9\/prix \u2713Marques reconnues \u2713Souci du d\u00e9tail \u2713Service de qualit\u00e9 \u271310 ans d'exp\u00e9rience.","breadcrumb":{"@id":"https:\/\/www.dakwerken-vandriessche.be\/fr\/placement-velux\/#breadcrumb"},"inLanguage":"fr-BE","potentialAction":[{"@type":"ReadAction","target":["https:\/\/www.dakwerken-vandriessche.be\/fr\/placement-velux\/"]}]},{"@type":"ImageObject","inLanguage":"fr-BE","@id":"https:\/\/www.dakwerken-vandriessche.be\/fr\/placement-velux\/#primaryimage","url":"https:\/\/www.dakwerken-vandriessche.be\/wp-content\/uploads\/2019\/04\/Dakraam-2-1024x768.jpg","contentUrl":"https:\/\/www.dakwerken-vandriessche.be\/wp-content\/uploads\/2019\/04\/Dakraam-2-1024x768.jpg"},{"@type":"BreadcrumbList","@id":"https:\/\/www.dakwerken-vandriessche.be\/fr\/placement-velux\/#breadcrumb","itemListElement":[{"@type":"ListItem","position":1,"name":"Home","item":"https:\/\/www.dakwerken-vandriessche.be\/fr\/"},{"@type":"ListItem","position":2,"name":"Fen\u00eatres de toit"}]},{"@type":"WebSite","@id":"https:\/\/www.dakwerken-vandriessche.be\/fr\/#website","url":"https:\/\/www.dakwerken-vandriessche.be\/fr\/","name":"Dakwerken Van Driessche","description":"","potentialAction":[{"@type":"SearchAction","target":{"@type":"EntryPoint","urlTemplate":"https:\/\/www.dakwerken-vandriessche.be\/fr\/?s={search_term_string}"},"query-input":{"@type":"PropertyValueSpecification","valueRequired":true,"valueName":"search_term_string"}}],"inLanguage":"fr-BE"}]}},"_links":{"self":[{"href":"https:\/\/www.dakwerken-vandriessche.be\/fr\/wp-json\/wp\/v2\/pages\/829","targetHints":{"allow":["GET"]}}],"collection":[{"href":"https:\/\/www.dakwerken-vandriessche.be\/fr\/wp-json\/wp\/v2\/pages"}],"about":[{"href":"https:\/\/www.dakwerken-vandriessche.be\/fr\/wp-json\/wp\/v2\/types\/page"}],"author":[{"embeddable":true,"href":"https:\/\/www.dakwerken-vandriessche.be\/fr\/wp-json\/wp\/v2\/users\/1"}],"replies":[{"embeddable":true,"href":"https:\/\/www.dakwerken-vandriessche.be\/fr\/wp-json\/wp\/v2\/comments?post=829"}],"version-history":[{"count":2,"href":"https:\/\/www.dakwerken-vandriessche.be\/fr\/wp-json\/wp\/v2\/pages\/829\/revisions"}],"predecessor-version":[{"id":4822,"href":"https:\/\/www.dakwerken-vandriessche.be\/fr\/wp-json\/wp\/v2\/pages\/829\/revisions\/4822"}],"wp:attachment":[{"href":"https:\/\/www.dakwerken-vandriessche.be\/fr\/wp-json\/wp\/v2\/media?parent=829"}],"curies":[{"name":"wp","href":"https:\/\/api.w.org\/{rel}","templated":true}]}}