{"id":823,"date":"2017-06-23T08:41:31","date_gmt":"2017-06-23T08:41:31","guid":{"rendered":"http:\/\/185.56.147.185\/~dakwerkenvandrie\/?page_id=823\/"},"modified":"2025-12-11T14:38:17","modified_gmt":"2025-12-11T14:38:17","slug":"toitures-en-pente-2","status":"publish","type":"page","link":"https:\/\/www.dakwerken-vandriessche.be\/fr\/toitures-en-pente-2\/","title":{"rendered":"Toitures inclin\u00e9es"},"content":{"rendered":"\n<div style=\"height:69px\" aria-hidden=\"true\" class=\"wp-block-spacer\"><\/div>\n\n<p>Les toitures inclin\u00e9es sont les toitures que l\u2019on retrouve le plus souvent dans le paysage flamand. Elles font partie int\u00e9grante de notre culture et, par cons\u00e9quent, <strong>on opte syst\u00e9matiquement pour une toiture inclin\u00e9e<\/strong> dans les projets de construction neuve\u00a0! Dakwerken Van Driessche a <strong>de l\u2019exp\u00e9rience avec tous les types de toitures<\/strong> et les toitures inclin\u00e9es ne sont qu\u2019une de nos sp\u00e9cialit\u00e9s. <\/p>\n\n<h2 class=\"wp-block-heading\">avantages des toitures inclin\u00e9es<\/h2>\n\n<p>Les toitures inclin\u00e9es pr\u00e9sentent de nombreux avantages\u00a0:<\/p>\n\n<ul class=\"wp-block-list\">\n<li>La maison est <strong>plus compacte et donc plus \u00e9conome en \u00e9nergie<\/strong>, tout en conservant la <strong>surface au sol<\/strong><\/li>\n\n\n\n<li>Une toiture inclin\u00e9e est <strong>\u00e9cologiquement responsable<\/strong>, car toute l\u2019eau de pluie peut \u00eatre r\u00e9utilis\u00e9e<\/li>\n\n\n\n<li>Un <strong>permis de construire<\/strong> pour une toiture inclin\u00e9e est facile \u00e0 obtenir<\/li>\n\n\n\n<li>Les toitures inclin\u00e9es sont <strong>durables et faciles \u00e0 entretenir<\/strong><\/li>\n<\/ul>\n\n<div class=\"wp-block-group has-global-padding is-layout-constrained wp-block-group-is-layout-constrained\">\n<h2 class=\"wp-block-heading\">Structure d\u2019un toit en pente<\/h2>\n\n\n\n<figure class=\"wp-block-image alignleft\"><img loading=\"lazy\" decoding=\"async\" width=\"640\" height=\"443\" src=\"\/\/www.dakwerken-vandriessche.be\/wp-content\/uploads\/2021\/01\/Hellend-Dak-Isoleren.jpeg\" alt=\"Structure d&#x2019;un toit en pente\" class=\"wp-image-2975\" srcset=\"https:\/\/www.dakwerken-vandriessche.be\/wp-content\/uploads\/2021\/01\/Hellend-Dak-Isoleren.jpeg 640w, https:\/\/www.dakwerken-vandriessche.be\/wp-content\/uploads\/2021\/01\/Hellend-Dak-Isoleren-300x208.jpeg 300w\" sizes=\"auto, (max-width: 640px) 100vw, 640px\" \/><\/figure>\n\n\n\n<p>Une toiture inclin\u00e9e se compose de diff\u00e9rents pans de toit avec une <strong>pente minimale de 15\u00a0\u00b0.<\/strong> La structure du toit peut \u00eatre r\u00e9alis\u00e9e de diff\u00e9rentes mani\u00e8res.<\/p>\n\n\n\n<p>Chez Dakwerken Van Driessche, nous travaillons presque toujours avec <strong>une toiture sarking<\/strong>. Ce type de structure offre de nombreux <strong>avantages<\/strong>, \u00e9tant donn\u00e9 que l\u2019isolation et la finition sont plac\u00e9es sur la structure du toit. Il est toutefois n\u00e9cessaire de poser un \u00e9cran de sous-toiture et un pare-vapeur. L\u2019isolation est plac\u00e9e sur la structure.   <\/p>\n\n\n\n<h2 class=\"wp-block-heading\">Le co\u00fbt d\u2019une toiture inclin\u00e9e<\/h2>\n\n\n\n<figure class=\"wp-block-image alignright\"><img decoding=\"async\" src=\"\/\/www.dakwerken-vandriessche.be\/wp-content\/uploads\/2021\/01\/Gewone-Dakpannen.jpeg\" alt=\"Co&#xFB;t d&#x2019;un nouveau toit\" class=\"wp-image-2982\"\/><\/figure>\n\n\n\n<p>Le co\u00fbt d\u2019une toiture inclin\u00e9e varie, <strong>en fonction de nombreux facteurs<\/strong>. Les <strong>dimensions<\/strong> de la toiture sont une <strong>indication importante du co\u00fbt<\/strong>, mais d\u2019autres \u00e9l\u00e9ments entrent \u00e9galement en jeu. Chaque choix que vous faites concernant votre toiture inclin\u00e9e d\u00e9termine le co\u00fbt. Souhaitez-vous <strong>isoler<\/strong> par l\u2019ext\u00e9rieur ou par l\u2019int\u00e9rieur\u00a0? Faut-il placer une <strong>lucarne<\/strong> ou une <strong><a href=\"https:\/\/www.dakwerken-vandriessche.be\/fr\/placement-velux\/\">fen\u00eatre de toit<\/a><\/strong>\u00a0? Souhaitez-vous r\u00e9nover votre toiture inclin\u00e9e\u00a0? \u00c9tant donn\u00e9 que de nombreux facteurs sont importants pour d\u00e9terminer le co\u00fbt d\u2019une toiture inclin\u00e9e, nous vous demandons de <a href=\"https:\/\/www.dakwerken-vandriessche.be\/fr\/contact\/\"><strong>nous contacter<\/strong><\/a> afin de discuter de vos travaux de construction sp\u00e9cifiques. Nous vous fournirons un <strong>devis gratuit apr\u00e8s une visite sur place<\/strong> par l\u2019un de nos experts.       <\/p>\n\n\n\n<h2 class=\"wp-block-heading\">Toiture inclin\u00e9e en ossature bois<\/h2>\n\n\n\n<p>Pour les toitures inclin\u00e9es, on opte g\u00e9n\u00e9ralement pour <strong>une ossature en bois<\/strong>. La structure porteuse de la toiture inclin\u00e9e est alors constitu\u00e9e de poutres en bois robustes qui sont pos\u00e9es selon le sch\u00e9ma appropri\u00e9 sur les murs porteurs. En utilisant une ossature bois pour votre toiture inclin\u00e9e, vous avez toujours <strong>le choix entre les diff\u00e9rentes possibilit\u00e9s de structure<\/strong>.  <\/p>\n\n\n\n<h2 class=\"wp-block-heading\">Finition de toiture inclin\u00e9e avec du zinc<\/h2>\n\n\n\n<figure class=\"wp-block-image alignleft\"><img loading=\"lazy\" decoding=\"async\" width=\"640\" height=\"427\" src=\"\/\/www.dakwerken-vandriessche.be\/wp-content\/uploads\/2021\/01\/Zink.jpeg\" alt=\"Finition de toiture avec du zinc\" class=\"wp-image-2978\" srcset=\"https:\/\/www.dakwerken-vandriessche.be\/wp-content\/uploads\/2021\/01\/Zink.jpeg 640w, https:\/\/www.dakwerken-vandriessche.be\/wp-content\/uploads\/2021\/01\/Zink-300x200.jpeg 300w\" sizes=\"auto, (max-width: 640px) 100vw, 640px\" \/><\/figure>\n\n\n\n<p>Le zinc est une mani\u00e8re int\u00e9ressante et moderne de finir votre toiture inclin\u00e9e. Le mat\u00e9riau a un <strong>aspect intemporel<\/strong> et s\u2019accorde avec <strong>la plupart des styles architecturaux<\/strong>. De plus, le zinc est un <strong>mat\u00e9riau naturel<\/strong> qui est tr\u00e8s <strong>durable<\/strong>. Avec un style de construction \u00e9cologique \u00e0 l\u2019esprit, le zinc est donc certainement un bon choix. Nous pouvons <strong><a href=\"https:\/\/www.dakwerken-vandriessche.be\/fr\/zinguerie\/\">finir chaque toiture avec du zinc<\/a><\/strong>, qu\u2019il s\u2019agisse d\u2019une toiture plate ou inclin\u00e9e. Apr\u00e8s une finition avec du zinc, vous pouvez \u00eatre s\u00fbr de profiter de l\u2019investissement pendant de nombreuses ann\u00e9es, car <strong>le zinc dure tr\u00e8s longtemps<\/strong> et il est <strong>particuli\u00e8rement facile \u00e0 entretenir<\/strong>.     <\/p>\n\n\n\n<h2 class=\"wp-block-heading\">Toiture inclin\u00e9e avec lucarne<\/h2>\n\n\n\n<p>Une lucarne dans une toiture inclin\u00e9e offre <strong>une \u00e9norme plus-value \u00e0 votre maison<\/strong>. La lucarne assure une <strong>lumi\u00e8re agr\u00e9able<\/strong> et offre en outre <strong>plus d\u2019espace<\/strong> dans les pi\u00e8ces sous le toit. Nos couvreurs ont une grande exp\u00e9rience dans la <strong><a href=\"https:\/\/www.dakwerken-vandriessche.be\/nl\/dakkapel-plaatsen\/\">pose d\u2019une lucarne<\/a><\/strong>. N\u2019h\u00e9sitez donc pas \u00e0 nous contacter si vous \u00eates int\u00e9ress\u00e9 par <strong>l\u2019installation d\u2019une lucarne dans votre toiture inclin\u00e9e<\/strong>.   <\/p>\n\n\n\n<h2 class=\"wp-block-heading\">isoler un toit en pente<\/h2>\n\n\n\n<p>Isoler une toiture inclin\u00e9e est une bonne fa\u00e7on de <strong>construire de mani\u00e8re \u00e9conome en \u00e9nergie<\/strong>. Vous gardez bien la chaleur \u00e0 l\u2019int\u00e9rieur et assurez un <strong>climat int\u00e9rieur agr\u00e9able<\/strong>. Une toiture inclin\u00e9e peut \u00eatre isol\u00e9e par l\u2019int\u00e9rieur et par l\u2019ext\u00e9rieur. Nous vous donnons volontiers plus d\u2019informations \u00e0 ce sujet. Il existe \u00e9galement <strong>diff\u00e9rents mat\u00e9riaux qui peuvent \u00eatre utilis\u00e9s<\/strong> pour isoler une toiture inclin\u00e9e, comme les plaques de PUR ou la laine de verre.    <\/p>\n<\/div>\n\n<h3 class=\"wp-block-heading\">Isoler une toiture inclin\u00e9e avec des plaques de PUR<\/h3>\n\n<p>Les plaques de PUR ou <strong>plaques de polyur\u00e9thane<\/strong> sont constitu\u00e9es d\u2019une plaque rigide qui conserve bien sa forme. Les plaques sont plac\u00e9es sur les chevrons de la structure du toit. Les plaques de PUR ont une \u00e9paisseur moyenne de 8 \u00e0 12\u00a0cm. Elles sont dot\u00e9es d\u2019une <strong>couche frein-vapeur<\/strong> et sont <strong>hydrofuges<\/strong>.   <\/p>\n\n<h3 class=\"wp-block-heading\">Isoler une toiture inclin\u00e9e avec de la laine de verre<\/h3>\n\n<p>La laine de verre est, contrairement aux plaques de PUR, plut\u00f4t une <strong>mati\u00e8re souple et mobile<\/strong>. Vous pouvez donc facilement placer la laine de verre dans des espaces plus petits en la pla\u00e7ant entre les poutres en bois. La laine de verre est \u00e9galement plus facile \u00e0 d\u00e9couper sur mesure que les plaques de PUR. La laine de verre est une forme d\u2019isolation qui est plac\u00e9e <strong>\u00e0 l\u2019int\u00e9rieur du toit<\/strong>. De plus, la laine de verre n\u2019est g\u00e9n\u00e9ralement pas dot\u00e9e d\u2019une couche pare-vapeur, vous devez donc la <strong>placer s\u00e9par\u00e9ment<\/strong>.    <\/p>\n\n<h3 class=\"wp-block-heading\">Isoler une toiture inclin\u00e9e par l\u2019int\u00e9rieur<\/h3>\n\n<p>Une toiture inclin\u00e9e est syst\u00e9matiquement isol\u00e9e par l\u2019int\u00e9rieur en utilisant diff\u00e9rents <strong>mat\u00e9riaux qui fonctionnent bien \u00e0 l\u2019int\u00e9rieur.<\/strong> Ainsi, la laine de verre et les plaques de PUR sont de bonnes m\u00e9thodes pour isoler le toit par l\u2019int\u00e9rieur. Vous allez en fait <strong><a href=\"https:\/\/www.dakwerken-vandriessche.be\/nl\/zolder-isoleren\/\">isoler le grenier<\/a><\/strong>. C\u2019est donc une m\u00e9thode qui est appliqu\u00e9e depuis des ann\u00e9es dans les maisons flamandes. Il faut en effet <strong>pas mal de mat\u00e9riau isolant<\/strong> pour obtenir un bon r\u00e9sultat.   <\/p>\n\n<h3 class=\"wp-block-heading\">Isoler une toiture inclin\u00e9e par l\u2019ext\u00e9rieur<\/h3>\n\n<p>Chez Dakwerken Van Driessche, nous utilisons une <strong>toiture sarking<\/strong> pour <strong>isoler la toiture inclin\u00e9e par l\u2019ext\u00e9rieur<\/strong>. Nous fixons alors des <strong>plaques d\u2019isolation sur la structure porteuse<\/strong>. Ainsi, vous ne perdez plus de place dans votre environnement de vie, car l\u2019isolation se trouve \u00e0 l\u2019ext\u00e9rieur de la structure porteuse. De plus, une toiture qui est isol\u00e9e par l\u2019ext\u00e9rieur avec une toiture sarking est <strong>plus \u00e9tanche au vent<\/strong>, alors que nous avons besoin de <strong>moins de mat\u00e9riau<\/strong> pour obtenir cet effet. Isoler une toiture inclin\u00e9e par l\u2019ext\u00e9rieur offre donc suffisamment d\u2019avantages pour l\u2019envisager\u00a0!    <\/p>\n\n<h2 class=\"wp-block-heading\">remplacer ou r\u00e9nover une toiture inclin\u00e9e<\/h2>\n\n<p>Lorsque la toiture inclin\u00e9e de votre maison doit \u00eatre r\u00e9nov\u00e9e, cela vous donne imm\u00e9diatement la possibilit\u00e9 de <strong>reconsid\u00e9rer un certain nombre de choses<\/strong>. Ainsi, lors du remplacement d\u2019une toiture existante ou de la r\u00e9novation de votre toiture inclin\u00e9e, vous pouvez opter pour la <strong>pose d\u2019une lucarne<\/strong>, la finition avec un <strong>autre mat\u00e9riau comme le zinc<\/strong> ou la pose d\u2019une <strong>toiture sarking<\/strong>, ce qui vous permet de conserver plus d\u2019espace \u00e0 l\u2019int\u00e9rieur. R\u00e9nover ou remplacer votre toiture inclin\u00e9e ne doit donc pas seulement \u00eatre une corv\u00e9e. Il existe de nombreuses possibilit\u00e9s de combiner ces travaux avec un avantage important, comme une <strong>meilleure isolation<\/strong> ou <strong>plus de lumi\u00e8re<\/strong> dans la maison.   <\/p>\n\n<p>Avez-vous l\u2019intention de faire <strong><a href=\"https:\/\/www.dakwerken-vandriessche.be\/nl\/dakrenovatie\/\">r\u00e9nover<\/a><\/strong>, remplacer ou renouveler votre toiture inclin\u00e9e\u00a0? N\u2019h\u00e9sitez pas \u00e0 contacter d\u2019abord Dakwerken Van Driessche. Nous sommes sp\u00e9cialis\u00e9s dans les toitures et nous vous aidons volontiers, que vous soyez \u00e0 la recherche de <strong>conseils professionnels<\/strong> ou d\u2019un <strong>couvreur exp\u00e9riment\u00e9 dans votre r\u00e9gion<\/strong>\u00a0!  <\/p>\n\n<figure class=\"wp-block-image\"><img loading=\"lazy\" decoding=\"async\" width=\"640\" height=\"427\" src=\"\/\/www.dakwerken-vandriessche.be\/wp-content\/uploads\/2021\/01\/Hellende-Daken-2.jpg\" alt=\"Remplacer la toiture\" class=\"wp-image-2991\" srcset=\"https:\/\/www.dakwerken-vandriessche.be\/wp-content\/uploads\/2021\/01\/Hellende-Daken-2.jpg 640w, https:\/\/www.dakwerken-vandriessche.be\/wp-content\/uploads\/2021\/01\/Hellende-Daken-2-300x200.jpg 300w\" sizes=\"auto, (max-width: 640px) 100vw, 640px\" \/><\/figure>\n\n<figure class=\"wp-block-image\"><img loading=\"lazy\" decoding=\"async\" width=\"640\" height=\"427\" src=\"\/\/www.dakwerken-vandriessche.be\/wp-content\/uploads\/2021\/01\/Natuurleien.jpeg\" alt=\"R&#xE9;nover la toiture\" class=\"wp-image-2980\" srcset=\"https:\/\/www.dakwerken-vandriessche.be\/wp-content\/uploads\/2021\/01\/Natuurleien.jpeg 640w, https:\/\/www.dakwerken-vandriessche.be\/wp-content\/uploads\/2021\/01\/Natuurleien-300x200.jpeg 300w\" sizes=\"auto, (max-width: 640px) 100vw, 640px\" \/><\/figure>\n\n<div class=\"wp-block-group has-global-padding is-layout-constrained wp-block-group-is-layout-constrained\">\n<h2 class=\"wp-block-heading\">entretien d\u2019une toiture inclin\u00e9e<\/h2>\n\n\n\n<figure class=\"wp-block-image alignright\"><img loading=\"lazy\" decoding=\"async\" width=\"640\" height=\"427\" src=\"\/\/www.dakwerken-vandriessche.be\/wp-content\/uploads\/2021\/01\/Platte-Pannen.jpeg\" alt=\"Toit en pente avec ardoises\" class=\"wp-image-2984\" srcset=\"https:\/\/www.dakwerken-vandriessche.be\/wp-content\/uploads\/2021\/01\/Platte-Pannen.jpeg 640w, https:\/\/www.dakwerken-vandriessche.be\/wp-content\/uploads\/2021\/01\/Platte-Pannen-300x200.jpeg 300w\" sizes=\"auto, (max-width: 640px) 100vw, 640px\" \/><\/figure>\n\n\n\n<p>Comme toute autre toiture, une <strong>toiture inclin\u00e9e a \u00e9galement besoin d\u2019entretien<\/strong>. Vous pouvez ainsi <strong>remplacer les tuiles<\/strong> par de nouvelles tuiles ou effectuer une <strong>mise \u00e0 niveau<\/strong> vers une toiture en zinc. <\/p>\n\n\n\n<p>De plus, il est \u00e9galement n\u00e9cessaire de r\u00e9guli\u00e8rement <strong><a href=\"https:\/\/www.dakwerken-vandriessche.be\/fr\/demoussage-de-toitures\/\">d\u00e9mousser la toiture<\/a><\/strong> afin qu\u2019elle reste comme neuve plus longtemps. La mousse qui pousse sur votre toiture provoque de petites fissures dans les tuiles. Ces fissures font alors que les tuiles s\u2019ab\u00eement facilement ou m\u00eame se cassent lorsqu\u2019il g\u00e8le. Chaque toiture est soumise aux conditions m\u00e9t\u00e9orologiques et est donc sensible \u00e0 la mousse. Les tuiles ou les ardoises sont une surface plus facile pour la mousse pour s\u2019y nicher. Ces toitures doivent donc \u00eatre <strong>d\u00e9mouss\u00e9es r\u00e9guli\u00e8rement<\/strong>.     <\/p>\n\n\n\n<h2 class=\"wp-block-heading\">Faites appel \u00e0 un expert <\/h2>\n\n\n\n<p>\u00cates-vous \u00e0 la recherche d\u2019<strong>un expert pour placer, remplacer, r\u00e9nover ou entretenir une toiture inclin\u00e9e<\/strong>\u00a0? Dakwerken Van Driessche est une entreprise renomm\u00e9e en Belgique avec une longue exp\u00e9rience dans les diff\u00e9rents travaux sur les toitures. <strong><a href=\"https:\/\/www.dakwerken-vandriessche.be\/fr\/contact\/\">N\u2019h\u00e9sitez donc pas \u00e0 nous contacter<\/a><\/strong> pour faire connaissance et discuter de la mani\u00e8re dont nous pouvons optimiser votre toiture\u00a0! Consultez \u00e9galement nos <strong><a href=\"https:\/\/www.dakwerken-vandriessche.be\/realisaties\/\" target=\"_blank\" rel=\"noopener noreferrer\">projets r\u00e9alis\u00e9s<\/a><\/strong>\u00a0!  <\/p>\n<\/div>\n\n<h2 class=\"wp-block-heading\">Articles connexes<\/h2>\n\n<ul class=\"wp-block-list\">\n<li><a href=\"https:\/\/www.dakwerken-vandriessche.be\/nl\/blog\/dakraam-laten-plaatsen-bij-hellend-of-plat-dak\/\">Faire poser une fen\u00eatre de toit sur des toits inclin\u00e9s<\/a><\/li>\n\n\n\n<li><a href=\"https:\/\/www.dakwerken-vandriessche.be\/nl\/blog\/hellend-dak-vervangen-door-plat-dak\/\">Remplacer un toit inclin\u00e9 par un toit plat<\/a><\/li>\n\n\n\n<li><a href=\"https:\/\/www.dakwerken-vandriessche.be\/nl\/blog\/hellend-dak-isoleren\/\">Isoler un toit inclin\u00e9, obligatoire en Flandre<\/a><\/li>\n\n\n\n<li><a href=\"https:\/\/www.dakwerken-vandriessche.be\/nl\/blog\/waarom-mijn-dak-laten-ontmossen\/\">Faire d\u00e9mousser le toit<\/a><\/li>\n<\/ul>\n","protected":false},"excerpt":{"rendered":"<p>Les toitures inclin\u00e9es sont les toitures que l\u2019on retrouve le plus souvent dans le paysage flamand. Elles font partie int\u00e9grante de notre culture et, par cons\u00e9quent, on opte syst\u00e9matiquement pour une toiture inclin\u00e9e dans les projets de construction neuve\u00a0! Dakwerken Van Driessche a de l\u2019exp\u00e9rience avec tous les types de toitures et les toitures inclin\u00e9es [&hellip;]<\/p>\n","protected":false},"author":1,"featured_media":0,"parent":0,"menu_order":21,"comment_status":"closed","ping_status":"closed","template":"","meta":{"_acf_changed":false,"footnotes":""},"class_list":["post-823","page","type-page","status-publish","hentry"],"acf":[],"yoast_head":"<!-- This site is optimized with the Yoast SEO plugin v27.0 - https:\/\/yoast.com\/product\/yoast-seo-wordpress\/ -->\n<title>Toitures inclin\u00e9es | Dakwerken Van Driessche - Votre toiture comme il se doit<\/title>\n<meta name=\"description\" content=\"Toitures inclin\u00e9es | Dakwerken Van Driessche | Nos atouts\u00a0: \u2713Meilleur rapport qualit\u00e9\/prix \u2713Marques reconnues \u2713Souci du d\u00e9tail \u2713Service de qualit\u00e9 \u271310\u00a0ans d\u2019exp\u00e9rience.\" \/>\n<meta name=\"robots\" content=\"index, follow, max-snippet:-1, max-image-preview:large, max-video-preview:-1\" \/>\n<link rel=\"canonical\" href=\"https:\/\/www.dakwerken-vandriessche.be\/fr\/toitures-en-pente-2\/\" \/>\n<meta property=\"og:locale\" content=\"fr_FR\" \/>\n<meta property=\"og:type\" content=\"article\" \/>\n<meta property=\"og:title\" content=\"Toitures inclin\u00e9es | Dakwerken Van Driessche - Votre toiture comme il se doit\" \/>\n<meta property=\"og:description\" content=\"Toitures inclin\u00e9es | Dakwerken Van Driessche | Nos atouts\u00a0: \u2713Meilleur rapport qualit\u00e9\/prix \u2713Marques reconnues \u2713Souci du d\u00e9tail \u2713Service de qualit\u00e9 \u271310\u00a0ans d\u2019exp\u00e9rience.\" \/>\n<meta property=\"og:url\" content=\"https:\/\/www.dakwerken-vandriessche.be\/fr\/toitures-en-pente-2\/\" \/>\n<meta property=\"og:site_name\" content=\"Dakwerken Van Driessche\" \/>\n<meta property=\"article:modified_time\" content=\"2025-12-11T14:38:17+00:00\" \/>\n<meta name=\"twitter:card\" content=\"summary_large_image\" \/>\n<meta name=\"twitter:label1\" content=\"Dur\u00e9e de lecture est.\" \/>\n\t<meta name=\"twitter:data1\" content=\"8 minutes\" \/>\n<script type=\"application\/ld+json\" class=\"yoast-schema-graph\">{\"@context\":\"https:\/\/schema.org\",\"@graph\":[{\"@type\":\"WebPage\",\"@id\":\"https:\/\/www.dakwerken-vandriessche.be\/fr\/toitures-en-pente-2\/\",\"url\":\"https:\/\/www.dakwerken-vandriessche.be\/fr\/toitures-en-pente-2\/\",\"name\":\"Toitures inclin\u00e9es | Dakwerken Van Driessche - Votre toiture comme il se doit\",\"isPartOf\":{\"@id\":\"https:\/\/www.dakwerken-vandriessche.be\/fr\/#website\"},\"datePublished\":\"2017-06-23T08:41:31+00:00\",\"dateModified\":\"2025-12-11T14:38:17+00:00\",\"description\":\"Toitures inclin\u00e9es | Dakwerken Van Driessche | Nos atouts\u00a0: \u2713Meilleur rapport qualit\u00e9\/prix \u2713Marques reconnues \u2713Souci du d\u00e9tail \u2713Service de qualit\u00e9 \u271310\u00a0ans d\u2019exp\u00e9rience.\",\"breadcrumb\":{\"@id\":\"https:\/\/www.dakwerken-vandriessche.be\/fr\/toitures-en-pente-2\/#breadcrumb\"},\"inLanguage\":\"fr-BE\",\"potentialAction\":[{\"@type\":\"ReadAction\",\"target\":[\"https:\/\/www.dakwerken-vandriessche.be\/fr\/toitures-en-pente-2\/\"]}]},{\"@type\":\"BreadcrumbList\",\"@id\":\"https:\/\/www.dakwerken-vandriessche.be\/fr\/toitures-en-pente-2\/#breadcrumb\",\"itemListElement\":[{\"@type\":\"ListItem\",\"position\":1,\"name\":\"Home\",\"item\":\"https:\/\/www.dakwerken-vandriessche.be\/fr\/\"},{\"@type\":\"ListItem\",\"position\":2,\"name\":\"Toitures inclin\u00e9es\"}]},{\"@type\":\"WebSite\",\"@id\":\"https:\/\/www.dakwerken-vandriessche.be\/fr\/#website\",\"url\":\"https:\/\/www.dakwerken-vandriessche.be\/fr\/\",\"name\":\"Dakwerken Van Driessche\",\"description\":\"\",\"potentialAction\":[{\"@type\":\"SearchAction\",\"target\":{\"@type\":\"EntryPoint\",\"urlTemplate\":\"https:\/\/www.dakwerken-vandriessche.be\/fr\/?s={search_term_string}\"},\"query-input\":{\"@type\":\"PropertyValueSpecification\",\"valueRequired\":true,\"valueName\":\"search_term_string\"}}],\"inLanguage\":\"fr-BE\"}]}<\/script>\n<!-- \/ Yoast SEO plugin. -->","yoast_head_json":{"title":"Toitures inclin\u00e9es | Dakwerken Van Driessche - Votre toiture comme il se doit","description":"Toitures inclin\u00e9es | Dakwerken Van Driessche | Nos atouts\u00a0: \u2713Meilleur rapport qualit\u00e9\/prix \u2713Marques reconnues \u2713Souci du d\u00e9tail \u2713Service de qualit\u00e9 \u271310\u00a0ans d\u2019exp\u00e9rience.","robots":{"index":"index","follow":"follow","max-snippet":"max-snippet:-1","max-image-preview":"max-image-preview:large","max-video-preview":"max-video-preview:-1"},"canonical":"https:\/\/www.dakwerken-vandriessche.be\/fr\/toitures-en-pente-2\/","og_locale":"fr_FR","og_type":"article","og_title":"Toitures inclin\u00e9es | Dakwerken Van Driessche - Votre toiture comme il se doit","og_description":"Toitures inclin\u00e9es | Dakwerken Van Driessche | Nos atouts\u00a0: \u2713Meilleur rapport qualit\u00e9\/prix \u2713Marques reconnues \u2713Souci du d\u00e9tail \u2713Service de qualit\u00e9 \u271310\u00a0ans d\u2019exp\u00e9rience.","og_url":"https:\/\/www.dakwerken-vandriessche.be\/fr\/toitures-en-pente-2\/","og_site_name":"Dakwerken Van Driessche","article_modified_time":"2025-12-11T14:38:17+00:00","twitter_card":"summary_large_image","twitter_misc":{"Dur\u00e9e de lecture est.":"8 minutes"},"schema":{"@context":"https:\/\/schema.org","@graph":[{"@type":"WebPage","@id":"https:\/\/www.dakwerken-vandriessche.be\/fr\/toitures-en-pente-2\/","url":"https:\/\/www.dakwerken-vandriessche.be\/fr\/toitures-en-pente-2\/","name":"Toitures inclin\u00e9es | Dakwerken Van Driessche - Votre toiture comme il se doit","isPartOf":{"@id":"https:\/\/www.dakwerken-vandriessche.be\/fr\/#website"},"datePublished":"2017-06-23T08:41:31+00:00","dateModified":"2025-12-11T14:38:17+00:00","description":"Toitures inclin\u00e9es | Dakwerken Van Driessche | Nos atouts\u00a0: \u2713Meilleur rapport qualit\u00e9\/prix \u2713Marques reconnues \u2713Souci du d\u00e9tail \u2713Service de qualit\u00e9 \u271310\u00a0ans d\u2019exp\u00e9rience.","breadcrumb":{"@id":"https:\/\/www.dakwerken-vandriessche.be\/fr\/toitures-en-pente-2\/#breadcrumb"},"inLanguage":"fr-BE","potentialAction":[{"@type":"ReadAction","target":["https:\/\/www.dakwerken-vandriessche.be\/fr\/toitures-en-pente-2\/"]}]},{"@type":"BreadcrumbList","@id":"https:\/\/www.dakwerken-vandriessche.be\/fr\/toitures-en-pente-2\/#breadcrumb","itemListElement":[{"@type":"ListItem","position":1,"name":"Home","item":"https:\/\/www.dakwerken-vandriessche.be\/fr\/"},{"@type":"ListItem","position":2,"name":"Toitures inclin\u00e9es"}]},{"@type":"WebSite","@id":"https:\/\/www.dakwerken-vandriessche.be\/fr\/#website","url":"https:\/\/www.dakwerken-vandriessche.be\/fr\/","name":"Dakwerken Van Driessche","description":"","potentialAction":[{"@type":"SearchAction","target":{"@type":"EntryPoint","urlTemplate":"https:\/\/www.dakwerken-vandriessche.be\/fr\/?s={search_term_string}"},"query-input":{"@type":"PropertyValueSpecification","valueRequired":true,"valueName":"search_term_string"}}],"inLanguage":"fr-BE"}]}},"_links":{"self":[{"href":"https:\/\/www.dakwerken-vandriessche.be\/fr\/wp-json\/wp\/v2\/pages\/823","targetHints":{"allow":["GET"]}}],"collection":[{"href":"https:\/\/www.dakwerken-vandriessche.be\/fr\/wp-json\/wp\/v2\/pages"}],"about":[{"href":"https:\/\/www.dakwerken-vandriessche.be\/fr\/wp-json\/wp\/v2\/types\/page"}],"author":[{"embeddable":true,"href":"https:\/\/www.dakwerken-vandriessche.be\/fr\/wp-json\/wp\/v2\/users\/1"}],"replies":[{"embeddable":true,"href":"https:\/\/www.dakwerken-vandriessche.be\/fr\/wp-json\/wp\/v2\/comments?post=823"}],"version-history":[{"count":2,"href":"https:\/\/www.dakwerken-vandriessche.be\/fr\/wp-json\/wp\/v2\/pages\/823\/revisions"}],"predecessor-version":[{"id":4829,"href":"https:\/\/www.dakwerken-vandriessche.be\/fr\/wp-json\/wp\/v2\/pages\/823\/revisions\/4829"}],"wp:attachment":[{"href":"https:\/\/www.dakwerken-vandriessche.be\/fr\/wp-json\/wp\/v2\/media?parent=823"}],"curies":[{"name":"wp","href":"https:\/\/api.w.org\/{rel}","templated":true}]}}