{"id":4821,"date":"2025-12-11T14:37:27","date_gmt":"2025-12-11T14:37:27","guid":{"rendered":"https:\/\/www.dakwerken-vandriessche.be\/politique-en-matiere-de-cookies\/"},"modified":"2025-12-11T14:37:33","modified_gmt":"2025-12-11T14:37:33","slug":"politique-en-matiere-de-cookies","status":"publish","type":"page","link":"https:\/\/www.dakwerken-vandriessche.be\/fr\/politique-en-matiere-de-cookies\/","title":{"rendered":"Politique en mati\u00e8re de cookies"},"content":{"rendered":"\n<div style=\"height:69px\" aria-hidden=\"true\" class=\"wp-block-spacer\"><\/div>\n\n<p>POLITIQUE EN MATI\u00c8RE DE COOKIES<\/p>\n\n<p>Derni\u00e8re modification le 18\/07\/18.<\/p>\n\n<ol class=\"wp-block-list\">\n<li><strong>Bienvenue<\/strong><\/li>\n<\/ol>\n\n<p>Nous sommes Dakwerken Van Driessche, une SPRL, situ\u00e9e Fabriekstraat 63<br\/>1601 Ruisbroek, avec le num\u00e9ro d&rsquo;entreprise BE0657888345.<\/p>\n\n<p>Dans cette Politique en mati\u00e8re de cookies, nous expliquons quelles informations nous pouvons collecter via notre site web sur la base de cookies et comment nous les utilisons pour am\u00e9liorer nos services.<\/p>\n\n<p>En utilisant notre site web, tu acceptes notre utilisation des cookies.<\/p>\n\n<p>Cette Politique en mati\u00e8re de cookies fait partie int\u00e9grante de nos Conditions G\u00e9n\u00e9rales.<\/p>\n\n<ol class=\"wp-block-list\" start=\"2\">\n<li><strong>Cookies<\/strong><\/li>\n<\/ol>\n\n<p>Un \u00ab cookie \u00bb est un petit fichier de donn\u00e9es qui est temporairement plac\u00e9 par une page internet sur ton ordinateur ou ton appareil mobile lorsque tu visites un site web. Un cookie nous permet d&rsquo;identifier l&rsquo;appareil avec lequel tu visites notre site web, sans nous donner acc\u00e8s \u00e0 tes donn\u00e9es personnelles. <\/p>\n\n<p>Les cookies sont faciles \u00e0 supprimer via les param\u00e8tres de ton navigateur. Tu peux \u00e9galement configurer ton navigateur de mani\u00e8re \u00e0 ce que les cookies soient toujours refus\u00e9s. Cependant, cela peut \u00e9ventuellement entraver l&rsquo;utilisation de notre site web ou rendre impossible l&rsquo;acc\u00e8s \u00e0 certaines fonctionnalit\u00e9s.  <\/p>\n\n<p>Types de cookies<\/p>\n\n<p><script type=\"text\/javascript\" charset=\"UTF-8\" data-cookiescriptreport=\"report\" src=\"\/\/report.cookie-script.com\/r\/c334c0d838ea6ac6172f07064ec36a94.js\"><\/script><\/p>\n","protected":false},"excerpt":{"rendered":"<p>POLITIQUE EN MATI\u00c8RE DE COOKIES Derni\u00e8re modification le 18\/07\/18. Nous sommes Dakwerken Van Driessche, une SPRL, situ\u00e9e Fabriekstraat 631601 Ruisbroek, avec le num\u00e9ro d&rsquo;entreprise BE0657888345. Dans cette Politique en mati\u00e8re de cookies, nous expliquons quelles informations nous pouvons collecter via notre site web sur la base de cookies et comment nous les utilisons pour am\u00e9liorer [&hellip;]<\/p>\n","protected":false},"author":2,"featured_media":0,"parent":0,"menu_order":5,"comment_status":"closed","ping_status":"closed","template":"","meta":{"_acf_changed":false,"footnotes":""},"class_list":["post-4821","page","type-page","status-publish","hentry"],"acf":[],"yoast_head":"<!-- This site is optimized with the Yoast SEO plugin v27.0 - https:\/\/yoast.com\/product\/yoast-seo-wordpress\/ -->\n<title>Politique en mati\u00e8re de cookies - Dakwerken Van Driessche<\/title>\n<meta name=\"robots\" content=\"noindex, nofollow\" \/>\n<meta property=\"og:locale\" content=\"fr_FR\" \/>\n<meta property=\"og:type\" content=\"article\" \/>\n<meta property=\"og:title\" content=\"Politique en mati\u00e8re de cookies - Dakwerken Van Driessche\" \/>\n<meta property=\"og:description\" content=\"POLITIQUE EN MATI\u00c8RE DE COOKIES Derni\u00e8re modification le 18\/07\/18. Nous sommes Dakwerken Van Driessche, une SPRL, situ\u00e9e Fabriekstraat 631601 Ruisbroek, avec le num\u00e9ro d&rsquo;entreprise BE0657888345. Dans cette Politique en mati\u00e8re de cookies, nous expliquons quelles informations nous pouvons collecter via notre site web sur la base de cookies et comment nous les utilisons pour am\u00e9liorer [&hellip;]\" \/>\n<meta property=\"og:url\" content=\"https:\/\/www.dakwerken-vandriessche.be\/fr\/politique-en-matiere-de-cookies\/\" \/>\n<meta property=\"og:site_name\" content=\"Dakwerken Van Driessche\" \/>\n<meta property=\"article:modified_time\" content=\"2025-12-11T14:37:33+00:00\" \/>\n<meta name=\"twitter:card\" content=\"summary_large_image\" \/>\n<meta name=\"twitter:label1\" content=\"Dur\u00e9e de lecture est.\" \/>\n\t<meta name=\"twitter:data1\" content=\"1 minute\" \/>\n<script type=\"application\/ld+json\" class=\"yoast-schema-graph\">{\"@context\":\"https:\/\/schema.org\",\"@graph\":[{\"@type\":\"WebPage\",\"@id\":\"https:\/\/www.dakwerken-vandriessche.be\/fr\/politique-en-matiere-de-cookies\/\",\"url\":\"https:\/\/www.dakwerken-vandriessche.be\/fr\/politique-en-matiere-de-cookies\/\",\"name\":\"Politique en mati\u00e8re de cookies - Dakwerken Van Driessche\",\"isPartOf\":{\"@id\":\"https:\/\/www.dakwerken-vandriessche.be\/fr\/#website\"},\"datePublished\":\"2025-12-11T14:37:27+00:00\",\"dateModified\":\"2025-12-11T14:37:33+00:00\",\"breadcrumb\":{\"@id\":\"https:\/\/www.dakwerken-vandriessche.be\/fr\/politique-en-matiere-de-cookies\/#breadcrumb\"},\"inLanguage\":\"fr-BE\",\"potentialAction\":[{\"@type\":\"ReadAction\",\"target\":[\"https:\/\/www.dakwerken-vandriessche.be\/fr\/politique-en-matiere-de-cookies\/\"]}]},{\"@type\":\"BreadcrumbList\",\"@id\":\"https:\/\/www.dakwerken-vandriessche.be\/fr\/politique-en-matiere-de-cookies\/#breadcrumb\",\"itemListElement\":[{\"@type\":\"ListItem\",\"position\":1,\"name\":\"Home\",\"item\":\"https:\/\/www.dakwerken-vandriessche.be\/fr\/\"},{\"@type\":\"ListItem\",\"position\":2,\"name\":\"Politique en mati\u00e8re de cookies\"}]},{\"@type\":\"WebSite\",\"@id\":\"https:\/\/www.dakwerken-vandriessche.be\/fr\/#website\",\"url\":\"https:\/\/www.dakwerken-vandriessche.be\/fr\/\",\"name\":\"Dakwerken Van Driessche\",\"description\":\"\",\"potentialAction\":[{\"@type\":\"SearchAction\",\"target\":{\"@type\":\"EntryPoint\",\"urlTemplate\":\"https:\/\/www.dakwerken-vandriessche.be\/fr\/?s={search_term_string}\"},\"query-input\":{\"@type\":\"PropertyValueSpecification\",\"valueRequired\":true,\"valueName\":\"search_term_string\"}}],\"inLanguage\":\"fr-BE\"}]}<\/script>\n<!-- \/ Yoast SEO plugin. -->","yoast_head_json":{"title":"Politique en mati\u00e8re de cookies - Dakwerken Van Driessche","robots":{"index":"noindex","follow":"nofollow"},"og_locale":"fr_FR","og_type":"article","og_title":"Politique en mati\u00e8re de cookies - Dakwerken Van Driessche","og_description":"POLITIQUE EN MATI\u00c8RE DE COOKIES Derni\u00e8re modification le 18\/07\/18. Nous sommes Dakwerken Van Driessche, une SPRL, situ\u00e9e Fabriekstraat 631601 Ruisbroek, avec le num\u00e9ro d&rsquo;entreprise BE0657888345. Dans cette Politique en mati\u00e8re de cookies, nous expliquons quelles informations nous pouvons collecter via notre site web sur la base de cookies et comment nous les utilisons pour am\u00e9liorer [&hellip;]","og_url":"https:\/\/www.dakwerken-vandriessche.be\/fr\/politique-en-matiere-de-cookies\/","og_site_name":"Dakwerken Van Driessche","article_modified_time":"2025-12-11T14:37:33+00:00","twitter_card":"summary_large_image","twitter_misc":{"Dur\u00e9e de lecture est.":"1 minute"},"schema":{"@context":"https:\/\/schema.org","@graph":[{"@type":"WebPage","@id":"https:\/\/www.dakwerken-vandriessche.be\/fr\/politique-en-matiere-de-cookies\/","url":"https:\/\/www.dakwerken-vandriessche.be\/fr\/politique-en-matiere-de-cookies\/","name":"Politique en mati\u00e8re de cookies - Dakwerken Van Driessche","isPartOf":{"@id":"https:\/\/www.dakwerken-vandriessche.be\/fr\/#website"},"datePublished":"2025-12-11T14:37:27+00:00","dateModified":"2025-12-11T14:37:33+00:00","breadcrumb":{"@id":"https:\/\/www.dakwerken-vandriessche.be\/fr\/politique-en-matiere-de-cookies\/#breadcrumb"},"inLanguage":"fr-BE","potentialAction":[{"@type":"ReadAction","target":["https:\/\/www.dakwerken-vandriessche.be\/fr\/politique-en-matiere-de-cookies\/"]}]},{"@type":"BreadcrumbList","@id":"https:\/\/www.dakwerken-vandriessche.be\/fr\/politique-en-matiere-de-cookies\/#breadcrumb","itemListElement":[{"@type":"ListItem","position":1,"name":"Home","item":"https:\/\/www.dakwerken-vandriessche.be\/fr\/"},{"@type":"ListItem","position":2,"name":"Politique en mati\u00e8re de cookies"}]},{"@type":"WebSite","@id":"https:\/\/www.dakwerken-vandriessche.be\/fr\/#website","url":"https:\/\/www.dakwerken-vandriessche.be\/fr\/","name":"Dakwerken Van Driessche","description":"","potentialAction":[{"@type":"SearchAction","target":{"@type":"EntryPoint","urlTemplate":"https:\/\/www.dakwerken-vandriessche.be\/fr\/?s={search_term_string}"},"query-input":{"@type":"PropertyValueSpecification","valueRequired":true,"valueName":"search_term_string"}}],"inLanguage":"fr-BE"}]}},"_links":{"self":[{"href":"https:\/\/www.dakwerken-vandriessche.be\/fr\/wp-json\/wp\/v2\/pages\/4821","targetHints":{"allow":["GET"]}}],"collection":[{"href":"https:\/\/www.dakwerken-vandriessche.be\/fr\/wp-json\/wp\/v2\/pages"}],"about":[{"href":"https:\/\/www.dakwerken-vandriessche.be\/fr\/wp-json\/wp\/v2\/types\/page"}],"author":[{"embeddable":true,"href":"https:\/\/www.dakwerken-vandriessche.be\/fr\/wp-json\/wp\/v2\/users\/2"}],"replies":[{"embeddable":true,"href":"https:\/\/www.dakwerken-vandriessche.be\/fr\/wp-json\/wp\/v2\/comments?post=4821"}],"version-history":[{"count":1,"href":"https:\/\/www.dakwerken-vandriessche.be\/fr\/wp-json\/wp\/v2\/pages\/4821\/revisions"}],"predecessor-version":[{"id":4823,"href":"https:\/\/www.dakwerken-vandriessche.be\/fr\/wp-json\/wp\/v2\/pages\/4821\/revisions\/4823"}],"wp:attachment":[{"href":"https:\/\/www.dakwerken-vandriessche.be\/fr\/wp-json\/wp\/v2\/media?parent=4821"}],"curies":[{"name":"wp","href":"https:\/\/api.w.org\/{rel}","templated":true}]}}