{"id":4782,"date":"2025-12-11T14:01:42","date_gmt":"2025-12-11T14:01:42","guid":{"rendered":"https:\/\/www.dakwerken-vandriessche.be\/devis-bardage\/"},"modified":"2025-12-11T14:02:15","modified_gmt":"2025-12-11T14:02:15","slug":"devis-bardage","status":"publish","type":"page","link":"https:\/\/www.dakwerken-vandriessche.be\/fr\/devis-bardage\/","title":{"rendered":"Devis bardage"},"content":{"rendered":"\n<div style=\"height:69px\" aria-hidden=\"true\" class=\"wp-block-spacer\"><\/div>\n\n<figure class=\"wp-block-image\"><img loading=\"lazy\" decoding=\"async\" width=\"2048\" height=\"1365\" src=\"\/\/www.dakwerken-vandriessche.be\/wp-content\/uploads\/2018\/12\/DSC_0007.jpg\" alt=\"devis bardage\" class=\"wp-image-1856\" srcset=\"https:\/\/www.dakwerken-vandriessche.be\/wp-content\/uploads\/2018\/12\/DSC_0007.jpg 2048w, https:\/\/www.dakwerken-vandriessche.be\/wp-content\/uploads\/2018\/12\/DSC_0007-300x200.jpg 300w, https:\/\/www.dakwerken-vandriessche.be\/wp-content\/uploads\/2018\/12\/DSC_0007-768x512.jpg 768w, https:\/\/www.dakwerken-vandriessche.be\/wp-content\/uploads\/2018\/12\/DSC_0007-1024x683.jpg 1024w\" sizes=\"auto, (max-width: 2048px) 100vw, 2048px\" \/><\/figure>\n\n<p>Un <a href=\"https:\/\/www.dakwerken-vandriessche.be\/nl\/gevelrenovatie\/\"><strong>nouveau bardage<\/strong><\/a> donne instantan\u00e9ment \u00e0 votre maison un <strong>look et une apparence diff\u00e9rents<\/strong>. Informez-vous sur les <strong>possibilit\u00e9s<\/strong>, les <strong>prix<\/strong> et obtenez des <strong>conseils personnalis\u00e9s<\/strong> concernant les <a href=\"https:\/\/www.dakwerken-vandriessche.be\/fr\/bardage-facade\/\"><strong>diff\u00e9rents types de bardage<\/strong><\/a> pour votre habitation. Demandez d\u00e8s maintenant <strong>gratuit et sans engagement<\/strong> un <strong>devis bardage<\/strong> pour recevoir plus d&rsquo;informations.  <\/p>\n\n<p>\u00cates-vous \u00e0 la recherche d&rsquo;un expert en pose de bardage pour la <strong>r\u00e9novation ou l&rsquo;optimisation<\/strong> de votre habitation ? Contactez Dakwerken Van Driessche : <strong>l&rsquo;expert dans votre r\u00e9gion<\/strong> ! <\/p>\n\n<h2 class=\"wp-block-heading\">Les avantages du bardage en un coup d&rsquo;\u0153il<\/h2>\n\n<ul class=\"wp-block-list\">\n<li>Rendez votre maison <strong>personnelle et unique<\/strong><\/li>\n\n\n\n<li>Diff\u00e9rentes <strong>possibilit\u00e9s<\/strong> en termes de mat\u00e9riaux<\/li>\n\n\n\n<li>La maison a l&rsquo;air <strong>comme neuve<\/strong><\/li>\n\n\n\n<li><strong>Isolation suppl\u00e9mentaire<\/strong> des murs<\/li>\n\n\n\n<li>L&rsquo;isolation des murs est \u00e9ligible aux <strong>primes gouvernementales<\/strong><\/li>\n<\/ul>\n\n<h2 class=\"wp-block-heading\">Ce \u00e0 quoi vous pouvez vous attendre lorsque vous demandez un devis de bardage :<\/h2>\n\n<p>Renseignez-vous sur nos <strong>services<\/strong>, nos <strong>prix<\/strong> et examinez avec nous les <strong>possibilit\u00e9s<\/strong> pour votre habitation. Demandez d\u00e8s aujourd&rsquo;hui un <strong>devis pour un bardage<\/strong> et transformez votre fa\u00e7ade en une nouvelle fa\u00e7ade \u00e9l\u00e9gante ! <\/p>\n\n<h3 class=\"wp-block-heading\">Faites appel \u00e0 un expert<\/h3>\n\n<p>Dakwerken Van Driessche est un <strong>expert en mati\u00e8re de bardage<\/strong>. Nos \u00e9quipes qui se rendent chez vous ont <strong>de nombreuses ann\u00e9es d&rsquo;exp\u00e9rience<\/strong> avec les fa\u00e7ades et les toits. Elles se feront donc un plaisir de vous donner plus d&rsquo;explications sur les diff\u00e9rents mat\u00e9riaux et m\u00e9thodes de travail.  <\/p>\n\n<h3 class=\"wp-block-heading\">Mat\u00e9riaux durables<\/h3>\n\n<p>Nous ne travaillons qu&rsquo;avec des mat\u00e9riaux durables qui ont une <strong>longue dur\u00e9e de vie<\/strong>. Ils sont <strong>r\u00e9sistants \u00e0 l&rsquo;usure<\/strong> et <strong>conservent longtemps leur bel aspect<\/strong>. Vous profiterez pendant des dizaines d&rsquo;ann\u00e9es des travaux que nous r\u00e9alisons !  <\/p>\n\n<h3 class=\"wp-block-heading\">Haute qualit\u00e9<\/h3>\n\n<p>Les produits que nous utilisons sont de tr\u00e8s haute qualit\u00e9. Nous n&rsquo;utilisons donc que des mat\u00e9riaux de <strong>marques reconnues<\/strong> qui sont connues pour leur <strong>qualit\u00e9 et leur finition<\/strong>. La qualit\u00e9 de ces produits est \u00e9galement <strong>garantie par le fournisseur<\/strong>.  <\/p>\n\n<h3 class=\"wp-block-heading\">Prix correct et honn\u00eate<\/h3>\n\n<p>Le <strong>devis de bardage<\/strong> que nous vous fournissons contient des <strong>prix corrects et clairs<\/strong>. Vous trouverez dans notre devis un <strong>bel aper\u00e7u structur\u00e9<\/strong> des mat\u00e9riaux. <\/p>\n\n<h3 class=\"wp-block-heading\">Service efficace<\/h3>\n\n<p>Personne n&rsquo;aime rester longtemps dans un environnement o\u00f9 des travaux sont effectu\u00e9s. Nos \u00e9quipes sont donc efficaces dans l&rsquo;ex\u00e9cution des travaux. Elles sont <strong>bien pr\u00e9par\u00e9es<\/strong> et travaillent de mani\u00e8re strat\u00e9gique, afin que vous ne soyez <strong>pas plus longtemps que n\u00e9cessaire<\/strong> g\u00ean\u00e9 par la r\u00e9novation de la fa\u00e7ade.  <\/p>\n\n<h3 class=\"wp-block-heading\">Service complet avant, pendant et apr\u00e8s la pose<\/h3>\n\n<p>Dakwerken Van Driessche est connu pour son <strong>bon service \u00e0 toutes les \u00e9tapes du processus<\/strong>. Nous vous informons de mani\u00e8re exhaustive et claire sur les diff\u00e9rentes possibilit\u00e9s avant de commencer les travaux. M\u00eame pendant l&rsquo;ex\u00e9cution des travaux, vous pouvez nous contacter pour toute question ou remarque. Vous avez encore des questions apr\u00e8s l&rsquo;ex\u00e9cution des travaux ? N&rsquo;h\u00e9sitez pas \u00e0 nous contacter ! <strong>Nous sommes toujours l\u00e0 pour vous<\/strong> !    <\/p>\n\n<h2 class=\"wp-block-heading\">Primes gouvernementales pour le bardage<\/h2>\n\n<p>Certains travaux sur la fa\u00e7ade sont \u00e9ligibles \u00e0 une subvention ou \u00e0 une <a href=\"https:\/\/www.dakwerken-vandriessche.be\/nl\/premies\/\"><strong>prime du gouvernement<\/strong><\/a>. Il s&rsquo;agit principalement de travaux qui ajoutent une <strong>valeur d&rsquo;isolation suppl\u00e9mentaire<\/strong> aux murs. Il y a donc de fortes chances que vous soyez \u00e9galement \u00e9ligible \u00e0 cette subvention lorsque vous faites r\u00e9nover votre fa\u00e7ade.  <\/p>\n\n<p>Chez Dakwerken Van Driessche, nous savons parfaitement <strong>quels travaux sont \u00e9ligibles \u00e0 quelles primes<\/strong>. N&rsquo;h\u00e9sitez donc pas \u00e0 nous contacter pour obtenir plus d&rsquo;informations lorsque vous demandez un <strong>devis de bardage<\/strong>. <\/p>\n\n<h2 class=\"wp-block-heading\">Besoin de plus d&rsquo;informations ou de conseils ?<\/h2>\n\n<p>Souhaitez-vous d&rsquo;abord recevoir quelques <strong>explications<\/strong> sur les diff\u00e9rentes <strong>possibilit\u00e9s et options<\/strong> ? Nous serons ravis de vous donner des <strong>conseils personnalis\u00e9s<\/strong> et de passer en revue avec vous les diff\u00e9rentes possibilit\u00e9s et mat\u00e9riaux pour le bardage. <a href=\"https:\/\/www.dakwerken-vandriessche.be\/fr\/contact\/\">Contactez-nous rapidement<\/a> et posez-nous toutes vos questions ! <\/p>\n","protected":false},"excerpt":{"rendered":"<p>Un nouveau bardage donne instantan\u00e9ment \u00e0 votre maison un look et une apparence diff\u00e9rents. Informez-vous sur les possibilit\u00e9s, les prix et obtenez des conseils personnalis\u00e9s concernant les diff\u00e9rents types de bardage pour votre habitation. Demandez d\u00e8s maintenant gratuit et sans engagement un devis bardage pour recevoir plus d&rsquo;informations. \u00cates-vous \u00e0 la recherche d&rsquo;un expert en [&hellip;]<\/p>\n","protected":false},"author":2,"featured_media":0,"parent":0,"menu_order":36,"comment_status":"closed","ping_status":"closed","template":"","meta":{"_acf_changed":false,"footnotes":""},"class_list":["post-4782","page","type-page","status-publish","hentry"],"acf":[],"yoast_head":"<!-- This site is optimized with the Yoast SEO plugin v27.0 - https:\/\/yoast.com\/product\/yoast-seo-wordpress\/ -->\n<title>Devis bardage | Dakwerken Van Driessche - Demandez votre devis maintenant !<\/title>\n<meta name=\"description\" content=\"Devis bardage | Dakwerken Van Driessche | Nos atouts : \u2713Meilleur rapport qualit\u00e9\/prix \u2713Marques reconnues \u2713Souci du d\u00e9tail \u2713Service de qualit\u00e9 \u271310 ans d&#039;exp\u00e9rience.\" \/>\n<meta name=\"robots\" content=\"index, follow, max-snippet:-1, max-image-preview:large, max-video-preview:-1\" \/>\n<link rel=\"canonical\" href=\"https:\/\/www.dakwerken-vandriessche.be\/fr\/devis-bardage\/\" \/>\n<meta property=\"og:locale\" content=\"fr_FR\" \/>\n<meta property=\"og:type\" content=\"article\" \/>\n<meta property=\"og:title\" content=\"Devis bardage | Dakwerken Van Driessche - Demandez votre devis maintenant !\" \/>\n<meta property=\"og:description\" content=\"Devis bardage | Dakwerken Van Driessche | Nos atouts : \u2713Meilleur rapport qualit\u00e9\/prix \u2713Marques reconnues \u2713Souci du d\u00e9tail \u2713Service de qualit\u00e9 \u271310 ans d&#039;exp\u00e9rience.\" \/>\n<meta property=\"og:url\" content=\"https:\/\/www.dakwerken-vandriessche.be\/fr\/devis-bardage\/\" \/>\n<meta property=\"og:site_name\" content=\"Dakwerken Van Driessche\" \/>\n<meta property=\"article:modified_time\" content=\"2025-12-11T14:02:15+00:00\" \/>\n<meta name=\"twitter:card\" content=\"summary_large_image\" \/>\n<meta name=\"twitter:label1\" content=\"Dur\u00e9e de lecture est.\" \/>\n\t<meta name=\"twitter:data1\" content=\"3 minutes\" \/>\n<script type=\"application\/ld+json\" class=\"yoast-schema-graph\">{\"@context\":\"https:\/\/schema.org\",\"@graph\":[{\"@type\":\"WebPage\",\"@id\":\"https:\/\/www.dakwerken-vandriessche.be\/fr\/devis-bardage\/\",\"url\":\"https:\/\/www.dakwerken-vandriessche.be\/fr\/devis-bardage\/\",\"name\":\"Devis bardage | Dakwerken Van Driessche - Demandez votre devis maintenant !\",\"isPartOf\":{\"@id\":\"https:\/\/www.dakwerken-vandriessche.be\/fr\/#website\"},\"datePublished\":\"2025-12-11T14:01:42+00:00\",\"dateModified\":\"2025-12-11T14:02:15+00:00\",\"description\":\"Devis bardage | Dakwerken Van Driessche | Nos atouts : \u2713Meilleur rapport qualit\u00e9\/prix \u2713Marques reconnues \u2713Souci du d\u00e9tail \u2713Service de qualit\u00e9 \u271310 ans d'exp\u00e9rience.\",\"breadcrumb\":{\"@id\":\"https:\/\/www.dakwerken-vandriessche.be\/fr\/devis-bardage\/#breadcrumb\"},\"inLanguage\":\"fr-BE\",\"potentialAction\":[{\"@type\":\"ReadAction\",\"target\":[\"https:\/\/www.dakwerken-vandriessche.be\/fr\/devis-bardage\/\"]}]},{\"@type\":\"BreadcrumbList\",\"@id\":\"https:\/\/www.dakwerken-vandriessche.be\/fr\/devis-bardage\/#breadcrumb\",\"itemListElement\":[{\"@type\":\"ListItem\",\"position\":1,\"name\":\"Home\",\"item\":\"https:\/\/www.dakwerken-vandriessche.be\/fr\/\"},{\"@type\":\"ListItem\",\"position\":2,\"name\":\"Devis bardage\"}]},{\"@type\":\"WebSite\",\"@id\":\"https:\/\/www.dakwerken-vandriessche.be\/fr\/#website\",\"url\":\"https:\/\/www.dakwerken-vandriessche.be\/fr\/\",\"name\":\"Dakwerken Van Driessche\",\"description\":\"\",\"potentialAction\":[{\"@type\":\"SearchAction\",\"target\":{\"@type\":\"EntryPoint\",\"urlTemplate\":\"https:\/\/www.dakwerken-vandriessche.be\/fr\/?s={search_term_string}\"},\"query-input\":{\"@type\":\"PropertyValueSpecification\",\"valueRequired\":true,\"valueName\":\"search_term_string\"}}],\"inLanguage\":\"fr-BE\"}]}<\/script>\n<!-- \/ Yoast SEO plugin. -->","yoast_head_json":{"title":"Devis bardage | Dakwerken Van Driessche - Demandez votre devis maintenant !","description":"Devis bardage | Dakwerken Van Driessche | Nos atouts : \u2713Meilleur rapport qualit\u00e9\/prix \u2713Marques reconnues \u2713Souci du d\u00e9tail \u2713Service de qualit\u00e9 \u271310 ans d'exp\u00e9rience.","robots":{"index":"index","follow":"follow","max-snippet":"max-snippet:-1","max-image-preview":"max-image-preview:large","max-video-preview":"max-video-preview:-1"},"canonical":"https:\/\/www.dakwerken-vandriessche.be\/fr\/devis-bardage\/","og_locale":"fr_FR","og_type":"article","og_title":"Devis bardage | Dakwerken Van Driessche - Demandez votre devis maintenant !","og_description":"Devis bardage | Dakwerken Van Driessche | Nos atouts : \u2713Meilleur rapport qualit\u00e9\/prix \u2713Marques reconnues \u2713Souci du d\u00e9tail \u2713Service de qualit\u00e9 \u271310 ans d'exp\u00e9rience.","og_url":"https:\/\/www.dakwerken-vandriessche.be\/fr\/devis-bardage\/","og_site_name":"Dakwerken Van Driessche","article_modified_time":"2025-12-11T14:02:15+00:00","twitter_card":"summary_large_image","twitter_misc":{"Dur\u00e9e de lecture est.":"3 minutes"},"schema":{"@context":"https:\/\/schema.org","@graph":[{"@type":"WebPage","@id":"https:\/\/www.dakwerken-vandriessche.be\/fr\/devis-bardage\/","url":"https:\/\/www.dakwerken-vandriessche.be\/fr\/devis-bardage\/","name":"Devis bardage | Dakwerken Van Driessche - Demandez votre devis maintenant !","isPartOf":{"@id":"https:\/\/www.dakwerken-vandriessche.be\/fr\/#website"},"datePublished":"2025-12-11T14:01:42+00:00","dateModified":"2025-12-11T14:02:15+00:00","description":"Devis bardage | Dakwerken Van Driessche | Nos atouts : \u2713Meilleur rapport qualit\u00e9\/prix \u2713Marques reconnues \u2713Souci du d\u00e9tail \u2713Service de qualit\u00e9 \u271310 ans d'exp\u00e9rience.","breadcrumb":{"@id":"https:\/\/www.dakwerken-vandriessche.be\/fr\/devis-bardage\/#breadcrumb"},"inLanguage":"fr-BE","potentialAction":[{"@type":"ReadAction","target":["https:\/\/www.dakwerken-vandriessche.be\/fr\/devis-bardage\/"]}]},{"@type":"BreadcrumbList","@id":"https:\/\/www.dakwerken-vandriessche.be\/fr\/devis-bardage\/#breadcrumb","itemListElement":[{"@type":"ListItem","position":1,"name":"Home","item":"https:\/\/www.dakwerken-vandriessche.be\/fr\/"},{"@type":"ListItem","position":2,"name":"Devis bardage"}]},{"@type":"WebSite","@id":"https:\/\/www.dakwerken-vandriessche.be\/fr\/#website","url":"https:\/\/www.dakwerken-vandriessche.be\/fr\/","name":"Dakwerken Van Driessche","description":"","potentialAction":[{"@type":"SearchAction","target":{"@type":"EntryPoint","urlTemplate":"https:\/\/www.dakwerken-vandriessche.be\/fr\/?s={search_term_string}"},"query-input":{"@type":"PropertyValueSpecification","valueRequired":true,"valueName":"search_term_string"}}],"inLanguage":"fr-BE"}]}},"_links":{"self":[{"href":"https:\/\/www.dakwerken-vandriessche.be\/fr\/wp-json\/wp\/v2\/pages\/4782","targetHints":{"allow":["GET"]}}],"collection":[{"href":"https:\/\/www.dakwerken-vandriessche.be\/fr\/wp-json\/wp\/v2\/pages"}],"about":[{"href":"https:\/\/www.dakwerken-vandriessche.be\/fr\/wp-json\/wp\/v2\/types\/page"}],"author":[{"embeddable":true,"href":"https:\/\/www.dakwerken-vandriessche.be\/fr\/wp-json\/wp\/v2\/users\/2"}],"replies":[{"embeddable":true,"href":"https:\/\/www.dakwerken-vandriessche.be\/fr\/wp-json\/wp\/v2\/comments?post=4782"}],"version-history":[{"count":1,"href":"https:\/\/www.dakwerken-vandriessche.be\/fr\/wp-json\/wp\/v2\/pages\/4782\/revisions"}],"predecessor-version":[{"id":4784,"href":"https:\/\/www.dakwerken-vandriessche.be\/fr\/wp-json\/wp\/v2\/pages\/4782\/revisions\/4784"}],"wp:attachment":[{"href":"https:\/\/www.dakwerken-vandriessche.be\/fr\/wp-json\/wp\/v2\/media?parent=4782"}],"curies":[{"name":"wp","href":"https:\/\/api.w.org\/{rel}","templated":true}]}}