{"id":4778,"date":"2025-12-11T14:01:09","date_gmt":"2025-12-11T14:01:09","guid":{"rendered":"https:\/\/www.dakwerken-vandriessche.be\/devis-travaux-de-toiture\/"},"modified":"2025-12-11T14:01:30","modified_gmt":"2025-12-11T14:01:30","slug":"devis-travaux-de-toiture","status":"publish","type":"page","link":"https:\/\/www.dakwerken-vandriessche.be\/fr\/devis-travaux-de-toiture\/","title":{"rendered":"Devis travaux de toiture"},"content":{"rendered":"\n<div style=\"height:69px\" aria-hidden=\"true\" class=\"wp-block-spacer\"><\/div>\n\n<div class=\"wp-block-columns is-layout-flex wp-container-core-columns-is-layout-28f84493 wp-block-columns-is-layout-flex\">\n<div class=\"wp-block-column is-layout-flow wp-block-column-is-layout-flow\">\n<figure class=\"wp-block-image size-large\"><img loading=\"lazy\" decoding=\"async\" width=\"1024\" height=\"683\" src=\"https:\/\/www.dakwerken-vandriessche.be\/wp-content\/uploads\/2019\/10\/Offerte-Dakwerken-1024x683.jpg\" alt=\"Un couvreur qui travaille sur un toit pour lequel les gens peuvent demander un devis\" class=\"wp-image-2249\" srcset=\"https:\/\/www.dakwerken-vandriessche.be\/wp-content\/uploads\/2019\/10\/Offerte-Dakwerken-1024x683.jpg 1024w, https:\/\/www.dakwerken-vandriessche.be\/wp-content\/uploads\/2019\/10\/Offerte-Dakwerken-300x200.jpg 300w, https:\/\/www.dakwerken-vandriessche.be\/wp-content\/uploads\/2019\/10\/Offerte-Dakwerken-768x512.jpg 768w\" sizes=\"auto, (max-width: 1024px) 100vw, 1024px\" \/><\/figure>\n<\/div>\n\n\n\n<div class=\"wp-block-column is-layout-flow wp-block-column-is-layout-flow\">\n<p>Souhaitez-vous <a href=\"https:\/\/www.dakwerken-vandriessche.be\/nl\/dakrenovatie\/\"><strong>faire poser un nouveau toit<\/strong><\/a> ou souffrez-vous de fuites ? Votre toit a peut-\u00eatre besoin d&rsquo;\u00eatre r\u00e9nov\u00e9 et vous recherchez un <strong>couvreur exp\u00e9riment\u00e9<\/strong> pour effectuer les travaux sur votre toit ? Dakwerken van Driessche a <strong>plus de 10 ans d&rsquo;exp\u00e9rience<\/strong>. Demandez maintenant votre <strong>devis travaux de toiture<\/strong> pour obtenir une estimation du <strong>co\u00fbt et des possibilit\u00e9s<\/strong> pour votre projet.   <\/p>\n<\/div>\n<\/div>\n\n<h2 class=\"wp-block-heading\">Devis travaux de toiture : nos services<\/h2>\n\n<p>Les \u00e9quipes de Dakwerken Van Driessche ont de l&rsquo;exp\u00e9rience dans tous les travaux que vous souhaitez faire r\u00e9aliser sur votre toit.<\/p>\n\n<p>Nous sommes sp\u00e9cialis\u00e9s dans toutes sortes de travaux de toiture, comme la <strong>pose de nouvelles toitures<\/strong>, la pose de <strong>fen\u00eatres de toit<\/strong> ou d&rsquo;une <strong>lucarne<\/strong>, la r\u00e9alisation de <strong>travaux de r\u00e9paration<\/strong> et de <strong>r\u00e9novations<\/strong>.<\/p>\n\n<ul class=\"wp-block-list\">\n<li><a href=\"https:\/\/www.dakwerken-vandriessche.be\/fr\/toitures-en-pente\/\">Pose de toitures inclin\u00e9es<\/a><\/li>\n\n\n\n<li><a href=\"https:\/\/www.dakwerken-vandriessche.be\/fr\/plateformes\/\">Pose de toitures plates<\/a><\/li>\n\n\n\n<li><a href=\"https:\/\/www.dakwerken-vandriessche.be\/fr\/zinguerie\/\">Travaux de zinguerie \u00e9l\u00e9gants<\/a><\/li>\n\n\n\n<li><a href=\"https:\/\/www.dakwerken-vandriessche.be\/fr\/bardage-facade\/\">Large choix de rev\u00eatements de fa\u00e7ade<\/a><\/li>\n\n\n\n<li><a href=\"https:\/\/www.dakwerken-vandriessche.be\/fr\/placement-velux\/\">Pose de fen\u00eatres de toit<\/a><\/li>\n\n\n\n<li><a href=\"https:\/\/www.dakwerken-vandriessche.be\/nl\/dakkapel-plaatsen\/\">Pose de lucarne<\/a><\/li>\n\n\n\n<li><a href=\"https:\/\/www.dakwerken-vandriessche.be\/fr\/demoussage-de-toitures\/\">D\u00e9moussage de toiture<\/a><\/li>\n\n\n\n<li><a href=\"https:\/\/www.dakwerken-vandriessche.be\/nl\/dakisolatie\/\">Isolation de toiture<\/a><\/li>\n\n\n\n<li><a href=\"https:\/\/www.dakwerken-vandriessche.be\/nl\/zolder-isoleren\/\">Isolation de grenier<\/a><\/li>\n\n\n\n<li>R\u00e9paration et remplacement de rev\u00eatements de toiture<\/li>\n<\/ul>\n\n<h2 class=\"wp-block-heading\">Ce que vous pouvez attendre de notre devis travaux de toiture <\/h2>\n\n<p>Renseignez-vous d\u00e8s maintenant sur nos prix et possibilit\u00e9s en demandant un <strong>devis pour travaux de toiture<\/strong>. Nous vous fournirons une r\u00e9ponse rapide et vous donnerons une <strong>image claire<\/strong> de ce que vous pouvez attendre de nous. <\/p>\n\n<h3 class=\"wp-block-heading\">1. Mat\u00e9riaux de qualit\u00e9<\/h3>\n\n<p>Dakwerken Van Driessche travaille avec des <strong>mat\u00e9riaux de haute qualit\u00e9<\/strong>. Vous choisissez bien s\u00fbr vous-m\u00eame la finition et l&rsquo;aspect exacts, mais vous pouvez partir du principe que les travaux sont r\u00e9alis\u00e9s avec les meilleurs produits, les plus durables. <\/p>\n\n<p>Nous ne travaillons qu&rsquo;avec des <strong>marques reconnues<\/strong> pour lesquelles nous sommes s\u00fbrs que la qualit\u00e9 est garantie !<\/p>\n\n<h3 class=\"wp-block-heading\">2. Rapide et efficace<\/h3>\n\n<p>Personne n&rsquo;aime rester longtemps dans un environnement o\u00f9 des travaux sont effectu\u00e9s. Nous le savons aussi ! C&rsquo;est pourquoi nous nous effor\u00e7ons de r\u00e9duire au maximum les p\u00e9riodes pendant lesquelles votre maison ou votre b\u00e2timent est \u00ab en construction \u00bb. Ainsi, en tant que client, vous subissez un <strong>minimum de nuisances li\u00e9es aux travaux<\/strong>.   <\/p>\n\n<p>Nos \u00e9quipes de couvreurs ont une vaste exp\u00e9rience et r\u00e9alisent les travaux de mani\u00e8re <strong>efficace et correcte en peu de temps<\/strong>.<\/p>\n\n<h3 class=\"wp-block-heading\">3. Prix clair et honn\u00eate<\/h3>\n\n<p>Le <strong>devis pour travaux de toiture<\/strong> que vous recevez de notre part est <strong>clairement structur\u00e9<\/strong>. Nous d\u00e9crivons les \u00e9tapes, les t\u00e2ches et le co\u00fbt dans un document clair. Vous trouverez \u00e9galement tous les mat\u00e9riaux n\u00e9cessaires sur notre devis.  <\/p>\n\n<h3 class=\"wp-block-heading\">4. Disponibilit\u00e9 rapide<\/h3>\n\n<p>Vous avez pris votre d\u00e9cision et vous souhaitez <strong>demander un devis<\/strong> <strong>pour des travaux de toiture<\/strong> ? Alors vous souhaitez \u00e9galement que les travaux puissent commencer rapidement. Nous travaillons avec plusieurs \u00e9quipes de couvreurs et pouvons donc r\u00e9pondre rapidement aux demandes.   <\/p>\n\n<h3 class=\"wp-block-heading\">5. Un bon service avant, pendant et apr\u00e8s les travaux<\/h3>\n\n<p>Nous nous effor\u00e7ons d&rsquo;informer correctement nos clients et de les assister \u00e0 chaque \u00e9tape du processus. C&rsquo;est pourquoi nous sommes <strong>toujours disponibles<\/strong> pour vous fournir de plus amples explications et informations. Nous communiquons clairement avant le d\u00e9but des travaux, nous vous tenons au courant de l&rsquo;avancement pendant les travaux et nous sommes \u00e9galement disponibles pour r\u00e9pondre \u00e0 vos questions et vous fournir des services apr\u00e8s les travaux.  <\/p>\n\n<h2 class=\"wp-block-heading\">Profitez des primes gouvernementales<\/h2>\n\n<p>Certains travaux de toiture peuvent \u00eatre r\u00e9alis\u00e9s avec des <a href=\"https:\/\/www.dakwerken-vandriessche.be\/nl\/premies\/\">primes du gouvernement<\/a>. Il existe par exemple une prime que vous pouvez demander pour la r\u00e9novation de votre toit. Vous pouvez \u00e9galement <a href=\"https:\/\/www.dakwerken-vandriessche.be\/nl\/dakisolatie\/\">recevoir une prime<\/a> pour <strong>l&rsquo;isolation de toiture<\/strong>.  <\/p>\n\n<p>Nous savons exactement quels travaux sont \u00e9ligibles aux primes et nous sommes heureux de vous aider \u00e0 d\u00e9terminer si vous <strong>\u00eates \u00e9ligible \u00e0 l&rsquo;aide gouvernementale<\/strong>.<\/p>\n\n<h2 class=\"wp-block-heading\">Besoin de plus d&rsquo;informations ou de conseils ?<\/h2>\n\n<p>Vous souhaitez plus d&rsquo;informations ou des conseils personnalis\u00e9s ? Nous sommes heureux de vous aider et de vous informer sur les possibilit\u00e9s. <a href=\"https:\/\/www.dakwerken-vandriessche.be\/fr\/contact\/\">N&rsquo;h\u00e9sitez pas \u00e0 nous contacter<\/a> pour toutes vos questions ! <\/p>\n","protected":false},"excerpt":{"rendered":"<p>Souhaitez-vous faire poser un nouveau toit ou souffrez-vous de fuites ? Votre toit a peut-\u00eatre besoin d&rsquo;\u00eatre r\u00e9nov\u00e9 et vous recherchez un couvreur exp\u00e9riment\u00e9 pour effectuer les travaux sur votre toit ? Dakwerken van Driessche a plus de 10 ans d&rsquo;exp\u00e9rience. Demandez maintenant votre devis travaux de toiture pour obtenir une estimation du co\u00fbt et [&hellip;]<\/p>\n","protected":false},"author":2,"featured_media":0,"parent":0,"menu_order":35,"comment_status":"closed","ping_status":"closed","template":"","meta":{"_acf_changed":false,"footnotes":""},"class_list":["post-4778","page","type-page","status-publish","hentry"],"acf":[],"yoast_head":"<!-- This site is optimized with the Yoast SEO plugin v27.0 - https:\/\/yoast.com\/product\/yoast-seo-wordpress\/ -->\n<title>Devis travaux de toiture | Dakwerken Van Driessche - Demandez votre devis maintenant !<\/title>\n<meta name=\"description\" content=\"Devis travaux de toiture | Dakwerken Van Driessche | Nos atouts : \u2713Meilleur rapport qualit\u00e9\/prix \u2713Marques reconnues \u2713Souci du d\u00e9tail \u2713Service de qualit\u00e9 \u271310 ans d&#039;exp\u00e9rience.\" \/>\n<meta name=\"robots\" content=\"index, follow, max-snippet:-1, max-image-preview:large, max-video-preview:-1\" \/>\n<link rel=\"canonical\" href=\"https:\/\/www.dakwerken-vandriessche.be\/fr\/devis-travaux-de-toiture\/\" \/>\n<meta property=\"og:locale\" content=\"fr_FR\" \/>\n<meta property=\"og:type\" content=\"article\" \/>\n<meta property=\"og:title\" content=\"Devis travaux de toiture | Dakwerken Van Driessche - Demandez votre devis maintenant !\" \/>\n<meta property=\"og:description\" content=\"Devis travaux de toiture | Dakwerken Van Driessche | Nos atouts : \u2713Meilleur rapport qualit\u00e9\/prix \u2713Marques reconnues \u2713Souci du d\u00e9tail \u2713Service de qualit\u00e9 \u271310 ans d&#039;exp\u00e9rience.\" \/>\n<meta property=\"og:url\" content=\"https:\/\/www.dakwerken-vandriessche.be\/fr\/devis-travaux-de-toiture\/\" \/>\n<meta property=\"og:site_name\" content=\"Dakwerken Van Driessche\" \/>\n<meta property=\"article:modified_time\" content=\"2025-12-11T14:01:30+00:00\" \/>\n<meta property=\"og:image\" content=\"https:\/\/www.dakwerken-vandriessche.be\/wp-content\/uploads\/2019\/10\/Offerte-Dakwerken-1024x683.jpg\" \/>\n<meta name=\"twitter:card\" content=\"summary_large_image\" \/>\n<meta name=\"twitter:label1\" content=\"Dur\u00e9e de lecture est.\" \/>\n\t<meta name=\"twitter:data1\" content=\"3 minutes\" \/>\n<script type=\"application\/ld+json\" class=\"yoast-schema-graph\">{\"@context\":\"https:\/\/schema.org\",\"@graph\":[{\"@type\":\"WebPage\",\"@id\":\"https:\/\/www.dakwerken-vandriessche.be\/fr\/devis-travaux-de-toiture\/\",\"url\":\"https:\/\/www.dakwerken-vandriessche.be\/fr\/devis-travaux-de-toiture\/\",\"name\":\"Devis travaux de toiture | Dakwerken Van Driessche - Demandez votre devis maintenant !\",\"isPartOf\":{\"@id\":\"https:\/\/www.dakwerken-vandriessche.be\/fr\/#website\"},\"primaryImageOfPage\":{\"@id\":\"https:\/\/www.dakwerken-vandriessche.be\/fr\/devis-travaux-de-toiture\/#primaryimage\"},\"image\":{\"@id\":\"https:\/\/www.dakwerken-vandriessche.be\/fr\/devis-travaux-de-toiture\/#primaryimage\"},\"thumbnailUrl\":\"https:\/\/www.dakwerken-vandriessche.be\/wp-content\/uploads\/2019\/10\/Offerte-Dakwerken-1024x683.jpg\",\"datePublished\":\"2025-12-11T14:01:09+00:00\",\"dateModified\":\"2025-12-11T14:01:30+00:00\",\"description\":\"Devis travaux de toiture | Dakwerken Van Driessche | Nos atouts : \u2713Meilleur rapport qualit\u00e9\/prix \u2713Marques reconnues \u2713Souci du d\u00e9tail \u2713Service de qualit\u00e9 \u271310 ans d'exp\u00e9rience.\",\"breadcrumb\":{\"@id\":\"https:\/\/www.dakwerken-vandriessche.be\/fr\/devis-travaux-de-toiture\/#breadcrumb\"},\"inLanguage\":\"fr-BE\",\"potentialAction\":[{\"@type\":\"ReadAction\",\"target\":[\"https:\/\/www.dakwerken-vandriessche.be\/fr\/devis-travaux-de-toiture\/\"]}]},{\"@type\":\"ImageObject\",\"inLanguage\":\"fr-BE\",\"@id\":\"https:\/\/www.dakwerken-vandriessche.be\/fr\/devis-travaux-de-toiture\/#primaryimage\",\"url\":\"https:\/\/www.dakwerken-vandriessche.be\/wp-content\/uploads\/2019\/10\/Offerte-Dakwerken-1024x683.jpg\",\"contentUrl\":\"https:\/\/www.dakwerken-vandriessche.be\/wp-content\/uploads\/2019\/10\/Offerte-Dakwerken-1024x683.jpg\"},{\"@type\":\"BreadcrumbList\",\"@id\":\"https:\/\/www.dakwerken-vandriessche.be\/fr\/devis-travaux-de-toiture\/#breadcrumb\",\"itemListElement\":[{\"@type\":\"ListItem\",\"position\":1,\"name\":\"Home\",\"item\":\"https:\/\/www.dakwerken-vandriessche.be\/fr\/\"},{\"@type\":\"ListItem\",\"position\":2,\"name\":\"Devis travaux de toiture\"}]},{\"@type\":\"WebSite\",\"@id\":\"https:\/\/www.dakwerken-vandriessche.be\/fr\/#website\",\"url\":\"https:\/\/www.dakwerken-vandriessche.be\/fr\/\",\"name\":\"Dakwerken Van Driessche\",\"description\":\"\",\"potentialAction\":[{\"@type\":\"SearchAction\",\"target\":{\"@type\":\"EntryPoint\",\"urlTemplate\":\"https:\/\/www.dakwerken-vandriessche.be\/fr\/?s={search_term_string}\"},\"query-input\":{\"@type\":\"PropertyValueSpecification\",\"valueRequired\":true,\"valueName\":\"search_term_string\"}}],\"inLanguage\":\"fr-BE\"}]}<\/script>\n<!-- \/ Yoast SEO plugin. -->","yoast_head_json":{"title":"Devis travaux de toiture | Dakwerken Van Driessche - Demandez votre devis maintenant !","description":"Devis travaux de toiture | Dakwerken Van Driessche | Nos atouts : \u2713Meilleur rapport qualit\u00e9\/prix \u2713Marques reconnues \u2713Souci du d\u00e9tail \u2713Service de qualit\u00e9 \u271310 ans d'exp\u00e9rience.","robots":{"index":"index","follow":"follow","max-snippet":"max-snippet:-1","max-image-preview":"max-image-preview:large","max-video-preview":"max-video-preview:-1"},"canonical":"https:\/\/www.dakwerken-vandriessche.be\/fr\/devis-travaux-de-toiture\/","og_locale":"fr_FR","og_type":"article","og_title":"Devis travaux de toiture | Dakwerken Van Driessche - Demandez votre devis maintenant !","og_description":"Devis travaux de toiture | Dakwerken Van Driessche | Nos atouts : \u2713Meilleur rapport qualit\u00e9\/prix \u2713Marques reconnues \u2713Souci du d\u00e9tail \u2713Service de qualit\u00e9 \u271310 ans d'exp\u00e9rience.","og_url":"https:\/\/www.dakwerken-vandriessche.be\/fr\/devis-travaux-de-toiture\/","og_site_name":"Dakwerken Van Driessche","article_modified_time":"2025-12-11T14:01:30+00:00","og_image":[{"url":"https:\/\/www.dakwerken-vandriessche.be\/wp-content\/uploads\/2019\/10\/Offerte-Dakwerken-1024x683.jpg","type":"","width":"","height":""}],"twitter_card":"summary_large_image","twitter_misc":{"Dur\u00e9e de lecture est.":"3 minutes"},"schema":{"@context":"https:\/\/schema.org","@graph":[{"@type":"WebPage","@id":"https:\/\/www.dakwerken-vandriessche.be\/fr\/devis-travaux-de-toiture\/","url":"https:\/\/www.dakwerken-vandriessche.be\/fr\/devis-travaux-de-toiture\/","name":"Devis travaux de toiture | Dakwerken Van Driessche - Demandez votre devis maintenant !","isPartOf":{"@id":"https:\/\/www.dakwerken-vandriessche.be\/fr\/#website"},"primaryImageOfPage":{"@id":"https:\/\/www.dakwerken-vandriessche.be\/fr\/devis-travaux-de-toiture\/#primaryimage"},"image":{"@id":"https:\/\/www.dakwerken-vandriessche.be\/fr\/devis-travaux-de-toiture\/#primaryimage"},"thumbnailUrl":"https:\/\/www.dakwerken-vandriessche.be\/wp-content\/uploads\/2019\/10\/Offerte-Dakwerken-1024x683.jpg","datePublished":"2025-12-11T14:01:09+00:00","dateModified":"2025-12-11T14:01:30+00:00","description":"Devis travaux de toiture | Dakwerken Van Driessche | Nos atouts : \u2713Meilleur rapport qualit\u00e9\/prix \u2713Marques reconnues \u2713Souci du d\u00e9tail \u2713Service de qualit\u00e9 \u271310 ans d'exp\u00e9rience.","breadcrumb":{"@id":"https:\/\/www.dakwerken-vandriessche.be\/fr\/devis-travaux-de-toiture\/#breadcrumb"},"inLanguage":"fr-BE","potentialAction":[{"@type":"ReadAction","target":["https:\/\/www.dakwerken-vandriessche.be\/fr\/devis-travaux-de-toiture\/"]}]},{"@type":"ImageObject","inLanguage":"fr-BE","@id":"https:\/\/www.dakwerken-vandriessche.be\/fr\/devis-travaux-de-toiture\/#primaryimage","url":"https:\/\/www.dakwerken-vandriessche.be\/wp-content\/uploads\/2019\/10\/Offerte-Dakwerken-1024x683.jpg","contentUrl":"https:\/\/www.dakwerken-vandriessche.be\/wp-content\/uploads\/2019\/10\/Offerte-Dakwerken-1024x683.jpg"},{"@type":"BreadcrumbList","@id":"https:\/\/www.dakwerken-vandriessche.be\/fr\/devis-travaux-de-toiture\/#breadcrumb","itemListElement":[{"@type":"ListItem","position":1,"name":"Home","item":"https:\/\/www.dakwerken-vandriessche.be\/fr\/"},{"@type":"ListItem","position":2,"name":"Devis travaux de toiture"}]},{"@type":"WebSite","@id":"https:\/\/www.dakwerken-vandriessche.be\/fr\/#website","url":"https:\/\/www.dakwerken-vandriessche.be\/fr\/","name":"Dakwerken Van Driessche","description":"","potentialAction":[{"@type":"SearchAction","target":{"@type":"EntryPoint","urlTemplate":"https:\/\/www.dakwerken-vandriessche.be\/fr\/?s={search_term_string}"},"query-input":{"@type":"PropertyValueSpecification","valueRequired":true,"valueName":"search_term_string"}}],"inLanguage":"fr-BE"}]}},"_links":{"self":[{"href":"https:\/\/www.dakwerken-vandriessche.be\/fr\/wp-json\/wp\/v2\/pages\/4778","targetHints":{"allow":["GET"]}}],"collection":[{"href":"https:\/\/www.dakwerken-vandriessche.be\/fr\/wp-json\/wp\/v2\/pages"}],"about":[{"href":"https:\/\/www.dakwerken-vandriessche.be\/fr\/wp-json\/wp\/v2\/types\/page"}],"author":[{"embeddable":true,"href":"https:\/\/www.dakwerken-vandriessche.be\/fr\/wp-json\/wp\/v2\/users\/2"}],"replies":[{"embeddable":true,"href":"https:\/\/www.dakwerken-vandriessche.be\/fr\/wp-json\/wp\/v2\/comments?post=4778"}],"version-history":[{"count":1,"href":"https:\/\/www.dakwerken-vandriessche.be\/fr\/wp-json\/wp\/v2\/pages\/4778\/revisions"}],"predecessor-version":[{"id":4779,"href":"https:\/\/www.dakwerken-vandriessche.be\/fr\/wp-json\/wp\/v2\/pages\/4778\/revisions\/4779"}],"wp:attachment":[{"href":"https:\/\/www.dakwerken-vandriessche.be\/fr\/wp-json\/wp\/v2\/media?parent=4778"}],"curies":[{"name":"wp","href":"https:\/\/api.w.org\/{rel}","templated":true}]}}