{"id":4766,"date":"2025-12-11T13:59:21","date_gmt":"2025-12-11T13:59:21","guid":{"rendered":"https:\/\/www.dakwerken-vandriessche.be\/devis-isolation-de-toiture\/"},"modified":"2025-12-11T13:59:23","modified_gmt":"2025-12-11T13:59:23","slug":"devis-isolation-de-toiture","status":"publish","type":"page","link":"https:\/\/www.dakwerken-vandriessche.be\/fr\/devis-isolation-de-toiture\/","title":{"rendered":"Devis isolation de toiture"},"content":{"rendered":"\n<div style=\"height:69px\" aria-hidden=\"true\" class=\"wp-block-spacer\"><\/div>\n\n<figure class=\"wp-block-image alignleft\"><img loading=\"lazy\" decoding=\"async\" width=\"1024\" height=\"683\" src=\"\/\/www.dakwerken-vandriessche.be\/wp-content\/uploads\/2019\/11\/Zolder-Isoleren.jpg\" alt=\"Devis isolation de toiture\" class=\"wp-image-2264\" srcset=\"https:\/\/www.dakwerken-vandriessche.be\/wp-content\/uploads\/2019\/11\/Zolder-Isoleren.jpg 1024w, https:\/\/www.dakwerken-vandriessche.be\/wp-content\/uploads\/2019\/11\/Zolder-Isoleren-300x200.jpg 300w, https:\/\/www.dakwerken-vandriessche.be\/wp-content\/uploads\/2019\/11\/Zolder-Isoleren-768x512.jpg 768w\" sizes=\"auto, (max-width: 1024px) 100vw, 1024px\" \/><\/figure>\n\n<p>\u00cates-vous \u00e0 la recherche d&rsquo;un <strong>professionnel exp\u00e9riment\u00e9<\/strong> pour faire isoler votre grenier ou votre <a href=\"https:\/\/www.dakwerken-vandriessche.be\/nl\/zolder-isoleren\/\"><strong>toit<\/strong><\/a> ? Dakwerken Van Driessche est le partenaire id\u00e9al pour tous les travaux de toiture et la <g id=\"gid_3\">pose d&rsquo;<g id=\"gid_4\">isolation de toiture<\/g><\/g>. Demandez d\u00e8s aujourd&rsquo;hui un <strong>devis pour l&rsquo;isolation de votre toiture<\/strong> afin d&rsquo;avoir une id\u00e9e claire des <strong>prix et des possibilit\u00e9s<\/strong>.  <\/p>\n\n<p>Profitez tr\u00e8s rapidement d&rsquo;une <strong>solide \u00e9conomie sur les co\u00fbts de chauffage<\/strong> de votre habitation !<\/p>\n\n<h2 class=\"wp-block-heading\">Ce que vous pouvez attendre de notre devis d&rsquo;isolation de toiture<\/h2>\n\n<p>Recevez des <strong>conseils et des prix<\/strong> sans engagement pour les travaux de toiture en <strong>demandant un devis pour l&rsquo;isolation de toiture<\/strong>. Dakwerken Van Driessche est une entreprise familiale avec <g id=\"gid_2\">des d\u00e9cennies d&rsquo;exp\u00e9rience<\/g> dans les fa\u00e7ades, les toitures et l&rsquo;isolation des greniers et des toits. Voici ce que vous pouvez attendre de notre collaboration :  <\/p>\n\n<h3 class=\"wp-block-heading\">Mat\u00e9riaux durables de qualit\u00e9<\/h3>\n\n<p>Nous ne travaillons qu&rsquo;avec des <strong>mat\u00e9riaux de haute qualit\u00e9<\/strong> qui ont d\u00e9j\u00e0 fait leurs preuves. Vous pouvez donc \u00eatre s\u00fbr que les mat\u00e9riaux utilis\u00e9s dureront des ann\u00e9es sans perdre leur efficacit\u00e9. <\/p>\n\n<p>Dakwerken Van Driessche utilise uniquement des <strong>marques reconnues<\/strong> dont la qualit\u00e9 est garantie !<\/p>\n\n<h3 class=\"wp-block-heading\">Rapide et efficace<\/h3>\n\n<p>Bien s\u00fbr, vous pr\u00e9f\u00e9rez \u00eatre le moins d\u00e9rang\u00e9 possible par la pose de l&rsquo;isolation de toiture. C&rsquo;est pourquoi nous nous effor\u00e7ons de r\u00e9aliser les travaux <strong>dans les plus brefs d\u00e9lais<\/strong>. De cette fa\u00e7on, vous ne rencontrerez des professionnels autour de votre maison que <strong>pendant une courte p\u00e9riode<\/strong>.  <\/p>\n\n<p>Nos \u00e9quipes de couvreurs ont <strong>l&rsquo;expertise et l&rsquo;exp\u00e9rience n\u00e9cessaires pour poser l&rsquo;isolation de toiture<\/strong>. Ils effectuent donc les travaux <strong>rapidement et avec pr\u00e9cision<\/strong>. Vous pouvez compter sur un <strong>r\u00e9sultat bien fini<\/strong>.  <\/p>\n\n<h3 class=\"wp-block-heading\">Devis d&rsquo;isolation de toiture avec des prix clairs<\/h3>\n\n<p>Le <strong>devis d&rsquo;isolation de toiture ou d&rsquo;isolation de grenier<\/strong> que vous recevrez de notre part est <strong>clair et bien structur\u00e9<\/strong>. Il contient toutes les informations dont vous avez besoin pour prendre une <strong>d\u00e9cision \u00e9clair\u00e9e<\/strong>. <\/p>\n\n<h3 class=\"wp-block-heading\">Nous sommes disponibles avant, pendant et apr\u00e8s les travaux<\/h3>\n\n<p>Dakwerken Van Driessche est connu pour son <strong>bon service \u00e0 chaque \u00e9tape du processus<\/strong>. Nous sommes disponibles pour toutes vos questions et remarques \u00e0 tout moment avant, pendant et apr\u00e8s l&rsquo;ex\u00e9cution des travaux. <\/p>\n\n<h2 class=\"wp-block-heading\">Devis isolation de toiture : nos services<\/h2>\n\n<p>L&rsquo;isolation de votre toit peut se faire de <strong>diff\u00e9rentes mani\u00e8res<\/strong>. La m\u00e9thode que vous pr\u00e9f\u00e9rez ou \u00e0 laquelle votre toit se pr\u00eate le mieux d\u00e9pend de la structure existante. Vous pouvez vous adresser \u00e0 Dakwerken Van Driessche pour ces travaux :  <\/p>\n\n<ul class=\"wp-block-list\">\n<li>Isolation de la dalle de sol du grenier<\/li>\n\n\n\n<li>Isolation du grenier \u00e0 l&rsquo;int\u00e9rieur du toit<\/li>\n\n\n\n<li>Isolation de toiture \u00e0 l&rsquo;ext\u00e9rieur du toit<\/li>\n<\/ul>\n\n<p>Nous avons de l&rsquo;exp\u00e9rience avec <strong>aussi bien<\/strong> les <a href=\"https:\/\/www.dakwerken-vandriessche.be\/fr\/plateformes\/\"><strong>toits plats<\/strong><\/a><strong> que <\/strong>les <a href=\"https:\/\/www.dakwerken-vandriessche.be\/fr\/toitures-en-pente\/\"><strong>toits inclin\u00e9s<\/strong><\/a>. Outre les travaux d&rsquo;isolation, nous pouvons \u00e9galement r\u00e9aliser d&rsquo;\u00e9ventuels travaux de r\u00e9novation ou d&rsquo;<a href=\"https:\/\/www.dakwerken-vandriessche.be\/nl\/#diensten\"><strong>autres travaux de toiture<\/strong><\/a> pour vous. <\/p>\n\n<h2 class=\"wp-block-heading\">Primes pour l&rsquo;isolation de toiture<\/h2>\n\n<p>L&rsquo;\u00c9tat belge vous soutient pleinement lorsque vous d\u00e9cidez de faire isoler votre toit !<\/p>\n\n<p>Vous pouvez en effet b\u00e9n\u00e9ficier de <a href=\"https:\/\/www.dakwerken-vandriessche.be\/nl\/premies\/\"><strong>primes gouvernementales<\/strong><\/a> lorsque vous faites <strong>r\u00e9aliser ces travaux par un professionnel agr\u00e9\u00e9<\/strong>.<\/p>\n\n<p>L&rsquo;isolation des toits et des greniers figure en bonne place sur la liste des priorit\u00e9s du gouvernement. Vous souhaitez savoir comment cela fonctionne et <strong>pour quelle prime vous \u00eates pr\u00e9cis\u00e9ment \u00e9ligible<\/strong> ? N&rsquo;h\u00e9sitez pas \u00e0 <strong>nous contacter<\/strong> pour obtenir des conseils suppl\u00e9mentaires.  <\/p>\n\n<h2 class=\"wp-block-heading\">Vous recherchez plus d&rsquo;informations ou des conseils personnalis\u00e9s ?<\/h2>\n\n<p>Vous h\u00e9sitez encore sur les <strong>meilleures options en mati\u00e8re d&rsquo;isolation de toiture<\/strong> pour votre habitation ? Nous sommes heureux de vous aider gr\u00e2ce \u00e0 notre expertise et de discuter des diff\u00e9rentes options avec vous. <strong><a href=\"https:\/\/www.dakwerken-vandriessche.be\/fr\/contact\/\">N&rsquo;h\u00e9sitez donc pas \u00e0 nous contacter<\/a> !<\/strong> <\/p>\n","protected":false},"excerpt":{"rendered":"<p>\u00cates-vous \u00e0 la recherche d&rsquo;un professionnel exp\u00e9riment\u00e9 pour faire isoler votre grenier ou votre toit ? Dakwerken Van Driessche est le partenaire id\u00e9al pour tous les travaux de toiture et la pose d&rsquo;isolation de toiture. Demandez d\u00e8s aujourd&rsquo;hui un devis pour l&rsquo;isolation de votre toiture afin d&rsquo;avoir une id\u00e9e claire des prix et des possibilit\u00e9s. [&hellip;]<\/p>\n","protected":false},"author":2,"featured_media":0,"parent":0,"menu_order":38,"comment_status":"closed","ping_status":"closed","template":"","meta":{"_acf_changed":false,"footnotes":""},"class_list":["post-4766","page","type-page","status-publish","hentry"],"acf":[],"yoast_head":"<!-- This site is optimized with the Yoast SEO plugin v27.0 - https:\/\/yoast.com\/product\/yoast-seo-wordpress\/ -->\n<title>Devis isolation de toiture | Dakwerken Van Driessche - Demandez votre devis maintenant !<\/title>\n<meta name=\"description\" content=\"Devis isolation de toiture | Dakwerken Van Driessche | Nos atouts : \u2713Meilleur rapport qualit\u00e9\/prix \u2713Marques reconnues \u2713Souci du d\u00e9tail \u2713Service de qualit\u00e9 \u271310 ans d&#039;exp\u00e9rience.\" \/>\n<meta name=\"robots\" content=\"index, follow, max-snippet:-1, max-image-preview:large, max-video-preview:-1\" \/>\n<link rel=\"canonical\" href=\"https:\/\/www.dakwerken-vandriessche.be\/fr\/devis-isolation-de-toiture\/\" \/>\n<meta property=\"og:locale\" content=\"fr_FR\" \/>\n<meta property=\"og:type\" content=\"article\" \/>\n<meta property=\"og:title\" content=\"Devis isolation de toiture | Dakwerken Van Driessche - Demandez votre devis maintenant !\" \/>\n<meta property=\"og:description\" content=\"Devis isolation de toiture | Dakwerken Van Driessche | Nos atouts : \u2713Meilleur rapport qualit\u00e9\/prix \u2713Marques reconnues \u2713Souci du d\u00e9tail \u2713Service de qualit\u00e9 \u271310 ans d&#039;exp\u00e9rience.\" \/>\n<meta property=\"og:url\" content=\"https:\/\/www.dakwerken-vandriessche.be\/fr\/devis-isolation-de-toiture\/\" \/>\n<meta property=\"og:site_name\" content=\"Dakwerken Van Driessche\" \/>\n<meta property=\"article:modified_time\" content=\"2025-12-11T13:59:23+00:00\" \/>\n<meta name=\"twitter:card\" content=\"summary_large_image\" \/>\n<meta name=\"twitter:label1\" content=\"Dur\u00e9e de lecture est.\" \/>\n\t<meta name=\"twitter:data1\" content=\"3 minutes\" \/>\n<script type=\"application\/ld+json\" class=\"yoast-schema-graph\">{\"@context\":\"https:\/\/schema.org\",\"@graph\":[{\"@type\":\"WebPage\",\"@id\":\"https:\/\/www.dakwerken-vandriessche.be\/fr\/devis-isolation-de-toiture\/\",\"url\":\"https:\/\/www.dakwerken-vandriessche.be\/fr\/devis-isolation-de-toiture\/\",\"name\":\"Devis isolation de toiture | Dakwerken Van Driessche - Demandez votre devis maintenant !\",\"isPartOf\":{\"@id\":\"https:\/\/www.dakwerken-vandriessche.be\/fr\/#website\"},\"datePublished\":\"2025-12-11T13:59:21+00:00\",\"dateModified\":\"2025-12-11T13:59:23+00:00\",\"description\":\"Devis isolation de toiture | Dakwerken Van Driessche | Nos atouts : \u2713Meilleur rapport qualit\u00e9\/prix \u2713Marques reconnues \u2713Souci du d\u00e9tail \u2713Service de qualit\u00e9 \u271310 ans d'exp\u00e9rience.\",\"breadcrumb\":{\"@id\":\"https:\/\/www.dakwerken-vandriessche.be\/fr\/devis-isolation-de-toiture\/#breadcrumb\"},\"inLanguage\":\"fr-BE\",\"potentialAction\":[{\"@type\":\"ReadAction\",\"target\":[\"https:\/\/www.dakwerken-vandriessche.be\/fr\/devis-isolation-de-toiture\/\"]}]},{\"@type\":\"BreadcrumbList\",\"@id\":\"https:\/\/www.dakwerken-vandriessche.be\/fr\/devis-isolation-de-toiture\/#breadcrumb\",\"itemListElement\":[{\"@type\":\"ListItem\",\"position\":1,\"name\":\"Home\",\"item\":\"https:\/\/www.dakwerken-vandriessche.be\/fr\/\"},{\"@type\":\"ListItem\",\"position\":2,\"name\":\"Devis isolation de toiture\"}]},{\"@type\":\"WebSite\",\"@id\":\"https:\/\/www.dakwerken-vandriessche.be\/fr\/#website\",\"url\":\"https:\/\/www.dakwerken-vandriessche.be\/fr\/\",\"name\":\"Dakwerken Van Driessche\",\"description\":\"\",\"potentialAction\":[{\"@type\":\"SearchAction\",\"target\":{\"@type\":\"EntryPoint\",\"urlTemplate\":\"https:\/\/www.dakwerken-vandriessche.be\/fr\/?s={search_term_string}\"},\"query-input\":{\"@type\":\"PropertyValueSpecification\",\"valueRequired\":true,\"valueName\":\"search_term_string\"}}],\"inLanguage\":\"fr-BE\"}]}<\/script>\n<!-- \/ Yoast SEO plugin. -->","yoast_head_json":{"title":"Devis isolation de toiture | Dakwerken Van Driessche - Demandez votre devis maintenant !","description":"Devis isolation de toiture | Dakwerken Van Driessche | Nos atouts : \u2713Meilleur rapport qualit\u00e9\/prix \u2713Marques reconnues \u2713Souci du d\u00e9tail \u2713Service de qualit\u00e9 \u271310 ans d'exp\u00e9rience.","robots":{"index":"index","follow":"follow","max-snippet":"max-snippet:-1","max-image-preview":"max-image-preview:large","max-video-preview":"max-video-preview:-1"},"canonical":"https:\/\/www.dakwerken-vandriessche.be\/fr\/devis-isolation-de-toiture\/","og_locale":"fr_FR","og_type":"article","og_title":"Devis isolation de toiture | Dakwerken Van Driessche - Demandez votre devis maintenant !","og_description":"Devis isolation de toiture | Dakwerken Van Driessche | Nos atouts : \u2713Meilleur rapport qualit\u00e9\/prix \u2713Marques reconnues \u2713Souci du d\u00e9tail \u2713Service de qualit\u00e9 \u271310 ans d'exp\u00e9rience.","og_url":"https:\/\/www.dakwerken-vandriessche.be\/fr\/devis-isolation-de-toiture\/","og_site_name":"Dakwerken Van Driessche","article_modified_time":"2025-12-11T13:59:23+00:00","twitter_card":"summary_large_image","twitter_misc":{"Dur\u00e9e de lecture est.":"3 minutes"},"schema":{"@context":"https:\/\/schema.org","@graph":[{"@type":"WebPage","@id":"https:\/\/www.dakwerken-vandriessche.be\/fr\/devis-isolation-de-toiture\/","url":"https:\/\/www.dakwerken-vandriessche.be\/fr\/devis-isolation-de-toiture\/","name":"Devis isolation de toiture | Dakwerken Van Driessche - Demandez votre devis maintenant !","isPartOf":{"@id":"https:\/\/www.dakwerken-vandriessche.be\/fr\/#website"},"datePublished":"2025-12-11T13:59:21+00:00","dateModified":"2025-12-11T13:59:23+00:00","description":"Devis isolation de toiture | Dakwerken Van Driessche | Nos atouts : \u2713Meilleur rapport qualit\u00e9\/prix \u2713Marques reconnues \u2713Souci du d\u00e9tail \u2713Service de qualit\u00e9 \u271310 ans d'exp\u00e9rience.","breadcrumb":{"@id":"https:\/\/www.dakwerken-vandriessche.be\/fr\/devis-isolation-de-toiture\/#breadcrumb"},"inLanguage":"fr-BE","potentialAction":[{"@type":"ReadAction","target":["https:\/\/www.dakwerken-vandriessche.be\/fr\/devis-isolation-de-toiture\/"]}]},{"@type":"BreadcrumbList","@id":"https:\/\/www.dakwerken-vandriessche.be\/fr\/devis-isolation-de-toiture\/#breadcrumb","itemListElement":[{"@type":"ListItem","position":1,"name":"Home","item":"https:\/\/www.dakwerken-vandriessche.be\/fr\/"},{"@type":"ListItem","position":2,"name":"Devis isolation de toiture"}]},{"@type":"WebSite","@id":"https:\/\/www.dakwerken-vandriessche.be\/fr\/#website","url":"https:\/\/www.dakwerken-vandriessche.be\/fr\/","name":"Dakwerken Van Driessche","description":"","potentialAction":[{"@type":"SearchAction","target":{"@type":"EntryPoint","urlTemplate":"https:\/\/www.dakwerken-vandriessche.be\/fr\/?s={search_term_string}"},"query-input":{"@type":"PropertyValueSpecification","valueRequired":true,"valueName":"search_term_string"}}],"inLanguage":"fr-BE"}]}},"_links":{"self":[{"href":"https:\/\/www.dakwerken-vandriessche.be\/fr\/wp-json\/wp\/v2\/pages\/4766","targetHints":{"allow":["GET"]}}],"collection":[{"href":"https:\/\/www.dakwerken-vandriessche.be\/fr\/wp-json\/wp\/v2\/pages"}],"about":[{"href":"https:\/\/www.dakwerken-vandriessche.be\/fr\/wp-json\/wp\/v2\/types\/page"}],"author":[{"embeddable":true,"href":"https:\/\/www.dakwerken-vandriessche.be\/fr\/wp-json\/wp\/v2\/users\/2"}],"replies":[{"embeddable":true,"href":"https:\/\/www.dakwerken-vandriessche.be\/fr\/wp-json\/wp\/v2\/comments?post=4766"}],"version-history":[{"count":1,"href":"https:\/\/www.dakwerken-vandriessche.be\/fr\/wp-json\/wp\/v2\/pages\/4766\/revisions"}],"predecessor-version":[{"id":4767,"href":"https:\/\/www.dakwerken-vandriessche.be\/fr\/wp-json\/wp\/v2\/pages\/4766\/revisions\/4767"}],"wp:attachment":[{"href":"https:\/\/www.dakwerken-vandriessche.be\/fr\/wp-json\/wp\/v2\/media?parent=4766"}],"curies":[{"name":"wp","href":"https:\/\/api.w.org\/{rel}","templated":true}]}}