{"id":4721,"date":"2025-12-11T13:53:16","date_gmt":"2025-12-11T13:53:16","guid":{"rendered":"https:\/\/www.dakwerken-vandriessche.be\/demoussage-de-toitures\/"},"modified":"2025-12-11T13:53:22","modified_gmt":"2025-12-11T13:53:22","slug":"demoussage-de-toitures","status":"publish","type":"page","link":"https:\/\/www.dakwerken-vandriessche.be\/fr\/demoussage-de-toitures\/","title":{"rendered":"D\u00e9moussage de toitures"},"content":{"rendered":"\n<p>Un toit peut pr\u00e9senter des traces de mousse avec le temps. Le <strong>d\u00e9moussage des toitures<\/strong> n&rsquo;est pas seulement d\u00e9terminant pour l&rsquo;aspect de votre toit, mais la mousse peut \u00e9galement causer des dommages \u00e0 long terme. Pensez donc \u00e0 temps \u00e0 faire <strong>d\u00e9mousser <a href=\"https:\/\/www.dakwerken-vandriessche.be\/nl\/blog\/waarom-mijn-dak-laten-ontmossen\/\">votre toit<\/a><\/strong>\u00a0! Vous prolongez ainsi la dur\u00e9e de vie de votre toit et le maintenez dans un \u00e9tat optimal.  <\/p>\n\n<div class=\"wp-block-buttons is-layout-flex wp-block-buttons-is-layout-flex\">\n<div class=\"wp-block-button\"><a class=\"wp-block-button__link wp-element-button\" href=\"#cf-anchor\">Nous contacter<\/a><\/div>\n<\/div>\n\n<h2 class=\"wp-block-heading\">Pourquoi de la mousse appara\u00eet-elle sur le toit\u00a0?<\/h2>\n\n<p>Chaque toit est sensible \u00e0 la croissance des algues et \u00e0 la formation de mousse. Mais un certain nombre de facteurs d\u00e9terminent si votre toit en souffre plus ou moins\u00a0: <\/p>\n\n<ul class=\"wp-block-list\">\n<li><img loading=\"lazy\" decoding=\"async\" width=\"375\" height=\"250\" class=\"alignright wp-image-2071\" src=\"\/\/www.dakwerken-vandriessche.be\/wp-content\/uploads\/2019\/05\/Dak-Ontmossen.jpg\" alt=\"D&#xE9;moussage de toitures\" srcset=\"https:\/\/www.dakwerken-vandriessche.be\/wp-content\/uploads\/2019\/05\/Dak-Ontmossen.jpg 2048w, https:\/\/www.dakwerken-vandriessche.be\/wp-content\/uploads\/2019\/05\/Dak-Ontmossen-300x200.jpg 300w, https:\/\/www.dakwerken-vandriessche.be\/wp-content\/uploads\/2019\/05\/Dak-Ontmossen-768x512.jpg 768w, https:\/\/www.dakwerken-vandriessche.be\/wp-content\/uploads\/2019\/05\/Dak-Ontmossen-1024x683.jpg 1024w\" sizes=\"auto, (max-width: 375px) 100vw, 375px\" \/>Le <strong>rev\u00eatement de toit<\/strong>\u00a0: la mousse a beaucoup moins d&rsquo;adh\u00e9rence sur les tuiles lisses que sur les ardoises ou autres tuiles.<\/li>\n\n\n\n<li>L&rsquo;<strong>orientation<\/strong>\u00a0: plus votre toit est expos\u00e9 au soleil, moins il y a de mousse. Le c\u00f4t\u00e9 nord du toit est plus sensible \u00e0 la mousse. <\/li>\n\n\n\n<li>L&rsquo;<strong>environnement<\/strong>\u00a0: y a-t-il beaucoup de grands arbres pr\u00e8s de votre maison\u00a0? C&rsquo;est beau, mais ils fournissent \u00e9galement plus d&rsquo;ombre et les feuilles mortes sont un bon terreau pour un d\u00e9p\u00f4t vert sur votre toit. <\/li>\n\n\n\n<li>Le <strong>degr\u00e9 de pente<\/strong>\u00a0: plus l&rsquo;humidit\u00e9 et l&rsquo;eau de pluie s&rsquo;\u00e9coulent rapidement de votre toit, moins il y a de chances de formation de mousse. Vous pouvez donc supposer qu&rsquo;un toit avec un degr\u00e9 de pente plus \u00e9lev\u00e9 est en principe moins sensible \u00e0 la mousse. C&rsquo;est vrai, mais cela d\u00e9pend bien s\u00fbr beaucoup de votre rev\u00eatement de toit.  <\/li>\n<\/ul>\n\n<h2 class=\"wp-block-heading\">pourquoi faire d\u00e9mousser votre toit\u00a0?<\/h2>\n\n<p>Que vous fassiez <strong>d\u00e9mousser<\/strong> votre toit ou non, cela peut sembler une question d&rsquo;esth\u00e9tique. Pour certains, la mousse donne un aspect rural, pour d&rsquo;autres, le toit doit \u00eatre impeccable. Mais le <strong>d\u00e9moussage des toitures<\/strong> n&rsquo;est pas purement esth\u00e9tique. Le d\u00e9moussage pr\u00e9sente de grands avantages, dont le plus important est qu&rsquo;il maintient votre toit en parfait \u00e9tat\u00a0!   <\/p>\n\n<h3 class=\"wp-block-heading\">Que se passe-t-il si vous ne faites pas d\u00e9mousser votre toit\u00a0?<\/h3>\n\n<ul class=\"wp-block-list\">\n<li><strong>La mousse peut provoquer des fissures et des craquelures<\/strong>\u00a0: la formation de mousse rend votre rev\u00eatement de toit plus poreux. Lorsque la mousse g\u00e8le en hiver, l&rsquo;humidit\u00e9 se dilate et cr\u00e9e ainsi de petites fissures et craquelures dans le rev\u00eatement de toit. <\/li>\n\n\n\n<li>Finalement, des <strong>fuites peuvent m\u00eame se produire<\/strong>\u00a0: si ces fissures s&rsquo;agrandissent, l&rsquo;eau peut \u00e0 terme s&rsquo;infiltrer dans votre maison via votre rev\u00eatement de toit. Comme vous ne voyez pas les fissures sous la mousse, elles ont tout le temps de se d\u00e9velopper. <\/li>\n\n\n\n<li><strong>D\u00e9gradation de votre <a href=\"https:\/\/www.dakwerken-vandriessche.be\/nl\/dakisolatie\/\">isolation de toit<\/a><\/strong>\u00a0: un toit recouvert de mousse n&rsquo;est plus en parfait \u00e9tat. Surtout lorsque la mousse provoque des fissures, la valeur d&rsquo;isolation de votre toit diminuera fortement. <\/li>\n\n\n\n<li>La <strong>valeur de vente<\/strong> <strong>de votre maison peut baisser<\/strong>\u00a0: les acheteurs potentiels regardent toujours l&rsquo;\u00e9tat du toit pour se faire une id\u00e9e de l&rsquo;\u00e9tat d&rsquo;une maison. Un toit recouvert de mousse donne l&rsquo;impression d&rsquo;un mauvais entretien. <\/li>\n<\/ul>\n\n<h3 class=\"wp-block-heading\">Quels sont les avantages du d\u00e9moussage\u00a0?<\/h3>\n\n<ul class=\"wp-block-list\">\n<li><br\/><figure><img loading=\"lazy\" decoding=\"async\" width=\"300\" height=\"197\" class=\"size-medium wp-image-4032 alignright\" src=\"\/\/www.dakwerken-vandriessche.be\/wp-content\/uploads\/2023\/12\/alvaro-araoz-dkRVR7w7OeY-unsplash-300x197.jpg\" alt=\"d&#xE9;mousser le toit\" srcset=\"https:\/\/www.dakwerken-vandriessche.be\/wp-content\/uploads\/2023\/12\/alvaro-araoz-dkRVR7w7OeY-unsplash-300x197.jpg 300w, https:\/\/www.dakwerken-vandriessche.be\/wp-content\/uploads\/2023\/12\/alvaro-araoz-dkRVR7w7OeY-unsplash.jpg 640w\" sizes=\"auto, (max-width: 300px) 100vw, 300px\" \/>Lorsque vous faites d\u00e9mousser votre toit par un couvreur professionnel, il <strong>examinera \u00e9galement l&rsquo;\u00e9tat de votre toit<\/strong>. Les dommages qui ne sont pas visibles d&rsquo;en bas n&rsquo;ont ainsi aucune chance de s&rsquo;aggraver et de causer de gros probl\u00e8mes. <\/figure><br\/><\/li>\n\n\n\n<li>En d\u00e9moussant, votre toit b\u00e9n\u00e9ficie d&rsquo;un entretien. Comme pour tout, un toit a besoin d&rsquo;entretien pour rester <strong>en parfait \u00e9tat<\/strong>. De plus, un toit est mis \u00e0 rude \u00e9preuve. Le soleil \u00e9clatant, les averses, les temp\u00eates, le vent et le gel peuvent endommager votre toit. La mousse peut cacher ces dommages et m\u00eame les acc\u00e9l\u00e9rer. En prenant bien soin de votre toit, il devient <strong>plus r\u00e9sistant aux diff\u00e9rentes conditions m\u00e9t\u00e9orologiques<\/strong> et sa dur\u00e9e de vie est prolong\u00e9e.     <\/li>\n\n\n\n<li>Un toit recouvert de mousse a l&rsquo;air plut\u00f4t charmant sur certaines maisons, mais le plus souvent, il a un effet n\u00e9glig\u00e9. Votre toit d\u00e9termine en grande partie <strong>l&rsquo;apparence de votre maison<\/strong>. Un toit beau et soign\u00e9 fait rayonner votre maison.  <\/li>\n<\/ul>\n\n<div class=\"wp-block-buttons is-layout-flex wp-block-buttons-is-layout-flex\">\n<div class=\"wp-block-button\"><a class=\"wp-block-button__link wp-element-button\" href=\"#cf-anchor\">Nous contacter<\/a><\/div>\n<\/div>\n\n<h2 class=\"wp-block-heading\">Comment fonctionne le d\u00e9moussage des toitures\u00a0?<\/h2>\n\n<p>Enlever la mousse de votre toit est g\u00e9n\u00e9ralement facile \u00e0 faire pour un couvreur professionnel. Pour nettoyer votre toit, le couvreur effectue plusieurs \u00e9tapes. <\/p>\n\n<h5 class=\"wp-block-heading\">\u00c9tape 1\u00a0: inspecter votre toit<\/h5>\n\n<p>Tout d&rsquo;abord, le couvreur doit faire une estimation de <strong>l&rsquo;\u00e9tat actuel de votre toit<\/strong>. Le type de toit (en pente ou plat) a \u00e9galement une influence sur la m\u00e9thode de travail. Quel est le rev\u00eatement de toit\u00a0? Sur la base de son analyse, le couvreur peut s\u00e9lectionner les bons produits et la bonne m\u00e9thode de nettoyage.   <\/p>\n\n<h5 class=\"wp-block-heading\">\u00c9tape 2\u00a0: pr\u00e9parer le toit<\/h5>\n\n<p>Le toit doit \u00eatre <strong>facilement accessible<\/strong> pour le couvreur. Ce n&rsquo;est pas seulement important pour sa s\u00e9curit\u00e9, mais aussi pour pouvoir nettoyer votre toit de mani\u00e8re optimale. Regardez vous-m\u00eame ce que vous pouvez enlever en bas, comme des pots de fleurs ou des meubles. Ne laissez pas votre voiture sur l&rsquo;all\u00e9e. Lors du nettoyage, les r\u00e9sidus de salet\u00e9 peuvent tomber. Y a-t-il des choses que vous ne pouvez pas d\u00e9placer\u00a0? Vous pouvez alors les prot\u00e9ger avec du plastique ou une vieille couverture.      <\/p>\n\n<h5 class=\"wp-block-heading\">\u00c9tape 3\u00a0: d\u00e9mousser le toit<\/h5>\n\n<p>Le d\u00e9moussage du toit peut se faire de diff\u00e9rentes mani\u00e8res. La <strong>m\u00e9thode de nettoyage<\/strong> la plus appropri\u00e9e d\u00e9pend du type de rev\u00eatement de toit et de la quantit\u00e9 de mousse. Si l&rsquo;on travaille sans produit de nettoyage, le d\u00e9moussage se fait avec un nettoyeur haute pression et\/ou une fraise \u00e0 salet\u00e9. Si un produit de nettoyage est n\u00e9cessaire, le toit est d&rsquo;abord trait\u00e9 avec le nettoyeur haute pression. Ensuite, le produit est appliqu\u00e9. Il faut souvent le laisser agir un peu. Ensuite, le toit est nettoy\u00e9 une nouvelle fois.      <\/p>\n\n<h3 class=\"wp-block-heading\">Comment d\u00e9mousser mon toit en pente\u00a0?<\/h3>\n\n<figure class=\"wp-block-image aligncenter\"><img loading=\"lazy\" decoding=\"async\" width=\"1408\" height=\"1056\" src=\"\/\/www.dakwerken-vandriessche.be\/wp-content\/uploads\/2019\/03\/Mos.jpg\" alt=\"Faire d&#xE9;mousser le toit\" class=\"wp-image-1986\" srcset=\"https:\/\/www.dakwerken-vandriessche.be\/wp-content\/uploads\/2019\/03\/Mos.jpg 1408w, https:\/\/www.dakwerken-vandriessche.be\/wp-content\/uploads\/2019\/03\/Mos-300x225.jpg 300w, https:\/\/www.dakwerken-vandriessche.be\/wp-content\/uploads\/2019\/03\/Mos-768x576.jpg 768w, https:\/\/www.dakwerken-vandriessche.be\/wp-content\/uploads\/2019\/03\/Mos-1024x768.jpg 1024w\" sizes=\"auto, (max-width: 1408px) 100vw, 1408px\" \/><\/figure>\n\n<p>Alors qu&rsquo;un toit plat est plus facile \u00e0 traiter, le d\u00e9moussage d&rsquo;un <a href=\"https:\/\/www.dakwerken-vandriessche.be\/fr\/toitures-en-pente\/\" target=\"_blank\" rel=\"noopener noreferrer\"><strong>toit en p<\/strong><\/a><a href=\"https:\/\/www.dakwerken-vandriessche.be\/fr\/toitures-en-pente\/\"><strong>ente<\/strong><\/a> n\u00e9cessite beaucoup de travail de sp\u00e9cialiste. Car un toit en pente n&rsquo;est pas seulement plus difficile d&rsquo;acc\u00e8s, les tuiles et les ardoises sont beaucoup plus d\u00e9licates&#8230; <strong>Dakwerken Van Driessche<\/strong> poss\u00e8de l&rsquo;expertise et le mat\u00e9riel n\u00e9cessaires pour d\u00e9mousser votre toit en toute s\u00e9curit\u00e9 et de mani\u00e8re <strong>professionnelle<\/strong>. <\/p>\n\n<p>Comme nous avons \u00e9videmment l&rsquo;\u00e9quipement appropri\u00e9 pour travailler en hauteur, nous pouvons traiter votre toit <strong>de haut en bas<\/strong>. Nous veillons ainsi \u00e0 ce qu&rsquo;il n&rsquo;y ait pas d&rsquo;eau du nettoyeur haute pression sous les tuiles, ce qui pourrait causer des dommages ou des fuites. <\/p>\n\n<p>Nous fermons temporairement l&rsquo;\u00e9vacuation d&rsquo;eau de pluie de votre toit. Nous \u00e9vitons ainsi que les produits avec lesquels nous travaillons ne se retrouvent dans votre citerne d&rsquo;eau de pluie. Le meilleur moment pour le faire est d&rsquo;ailleurs juste apr\u00e8s une p\u00e9riode de pluie. Les algues et les mousses sont alors plus douces et <strong>plus faciles \u00e0 enlever.<\/strong>   <\/p>\n\n<p>Et bien s\u00fbr, nous travaillons avec des <strong>produits professionnels<\/strong> qui \u00e9liminent efficacement la mousse de votre toit sans endommager votre rev\u00eatement de toit. Car tous les produits ne conviennent pas \u00e0 tous les mat\u00e9riaux. Vous souhaitez des conseils \u00e0 ce sujet\u00a0? N&rsquo;h\u00e9sitez pas \u00e0 <a href=\"#meerinfo\" target=\"_blank\" rel=\"noopener noreferrer\"><strong>nous contacter<\/strong><\/a>.   <\/p>\n\n<div class=\"wp-block-buttons is-layout-flex wp-block-buttons-is-layout-flex\">\n<div class=\"wp-block-button\"><a class=\"wp-block-button__link wp-element-button\" href=\"#cf-anchor\">Nous contacter<\/a><\/div>\n<\/div>\n\n<h3 class=\"wp-block-heading\">Puis-je d\u00e9mousser mon toit moi-m\u00eame\u00a0?<\/h3>\n\n<p>Le <strong>d\u00e9moussage de votre toit plat<\/strong> est pr\u00e9f\u00e9rable de le confier \u00e0 un v\u00e9ritable sp\u00e9cialiste. Des manipulations incorrectes ou l&rsquo;utilisation de produits inappropri\u00e9s peuvent endommager votre rev\u00eatement de toit. <strong>Dakwerken Van Driessche<\/strong> vous conseille volontiers sur les meilleures m\u00e9thodes et produits pour ces travaux. <\/p>\n\n<h2 class=\"wp-block-heading\">D\u00e9mousser mon toit d\u00e9finitivement\u00a0?<\/h2>\n\n<p>Une fois que votre toit a retrouv\u00e9 son aspect neuf, vous voulez naturellement qu&rsquo;il le reste. Mais la formation de mousse est un <strong>processus naturel<\/strong>, donc apr\u00e8s quelques ann\u00e9es, votre toit aura peut-\u00eatre \u00e0 nouveau besoin d&rsquo;\u00eatre d\u00e9mouss\u00e9. <\/p>\n\n<p><strong>Dakwerken Van Driessche<\/strong> peut contrer ce processus en appliquant un <strong>rev\u00eatement anti-mousse<\/strong> sur votre toit. De cette fa\u00e7on, tous les champignons et bact\u00e9ries qui favorisent la formation de mousse sont tu\u00e9s. Ainsi, les algues et la mousse ont moins d&rsquo;adh\u00e9rence sur votre toit. De plus, votre toit devient beaucoup plus r\u00e9sistant \u00e0 l&rsquo;humidit\u00e9 et \u00e0 la salet\u00e9. Apr\u00e8s des ann\u00e9es, il a toujours l&rsquo;air neuf\u00a0!    <\/p>\n\n<p>Envisagez-vous de faire <strong>d\u00e9mousser<\/strong> <strong>votre toit<\/strong> ou \u00eates-vous \u00e0 la recherche d&rsquo;informations et de conseils sur le nettoyage efficace et professionnel de votre toit\u00a0? Prenez <a href=\"#meerinfo\" target=\"_blank\" rel=\"noopener noreferrer\"><strong>contact<\/strong><\/a> avec <strong>Dakwerken Van Driessche<\/strong> et nous vous fournirons un devis gratuit sur mesure. <\/p>\n","protected":false},"excerpt":{"rendered":"<p>Un toit peut pr\u00e9senter des traces de mousse avec le temps. Le d\u00e9moussage des toitures n&rsquo;est pas seulement d\u00e9terminant pour l&rsquo;aspect de votre toit, mais la mousse peut \u00e9galement causer des dommages \u00e0 long terme. Pensez donc \u00e0 temps \u00e0 faire d\u00e9mousser votre toit\u00a0! Vous prolongez ainsi la dur\u00e9e de vie de votre toit et [&hellip;]<\/p>\n","protected":false},"author":2,"featured_media":0,"parent":0,"menu_order":3,"comment_status":"closed","ping_status":"closed","template":"","meta":{"_acf_changed":false,"footnotes":""},"class_list":["post-4721","page","type-page","status-publish","hentry"],"acf":[],"yoast_head":"<!-- This site is optimized with the Yoast SEO plugin v27.0 - https:\/\/yoast.com\/product\/yoast-seo-wordpress\/ -->\n<title>D\u00e9moussage de toitures | Dakwerken Van Driessche<\/title>\n<meta name=\"description\" content=\"D\u00e9moussage de toitures | Dakwerken Van Driessche | Nos atouts : \u2713Meilleur rapport qualit\u00e9\/prix \u2713Marques reconnues \u2713Souci du d\u00e9tail \u2713Service de qualit\u00e9 \u271310 ans d&#039;exp\u00e9rience.\" \/>\n<meta name=\"robots\" content=\"index, follow, max-snippet:-1, max-image-preview:large, max-video-preview:-1\" \/>\n<link rel=\"canonical\" href=\"https:\/\/www.dakwerken-vandriessche.be\/fr\/demoussage-de-toitures\/\" \/>\n<meta property=\"og:locale\" content=\"fr_FR\" \/>\n<meta property=\"og:type\" content=\"article\" \/>\n<meta property=\"og:title\" content=\"D\u00e9moussage de toitures | Dakwerken Van Driessche\" \/>\n<meta property=\"og:description\" content=\"D\u00e9moussage de toitures | Dakwerken Van Driessche | Nos atouts : \u2713Meilleur rapport qualit\u00e9\/prix \u2713Marques reconnues \u2713Souci du d\u00e9tail \u2713Service de qualit\u00e9 \u271310 ans d&#039;exp\u00e9rience.\" \/>\n<meta property=\"og:url\" content=\"https:\/\/www.dakwerken-vandriessche.be\/fr\/demoussage-de-toitures\/\" \/>\n<meta property=\"og:site_name\" content=\"Dakwerken Van Driessche\" \/>\n<meta property=\"article:modified_time\" content=\"2025-12-11T13:53:22+00:00\" \/>\n<meta name=\"twitter:card\" content=\"summary_large_image\" \/>\n<meta name=\"twitter:label1\" content=\"Dur\u00e9e de lecture est.\" \/>\n\t<meta name=\"twitter:data1\" content=\"7 minutes\" \/>\n<script type=\"application\/ld+json\" class=\"yoast-schema-graph\">{\"@context\":\"https:\/\/schema.org\",\"@graph\":[{\"@type\":\"WebPage\",\"@id\":\"https:\/\/www.dakwerken-vandriessche.be\/fr\/demoussage-de-toitures\/\",\"url\":\"https:\/\/www.dakwerken-vandriessche.be\/fr\/demoussage-de-toitures\/\",\"name\":\"D\u00e9moussage de toitures | Dakwerken Van Driessche\",\"isPartOf\":{\"@id\":\"https:\/\/www.dakwerken-vandriessche.be\/fr\/#website\"},\"datePublished\":\"2025-12-11T13:53:16+00:00\",\"dateModified\":\"2025-12-11T13:53:22+00:00\",\"description\":\"D\u00e9moussage de toitures | Dakwerken Van Driessche | Nos atouts : \u2713Meilleur rapport qualit\u00e9\/prix \u2713Marques reconnues \u2713Souci du d\u00e9tail \u2713Service de qualit\u00e9 \u271310 ans d'exp\u00e9rience.\",\"breadcrumb\":{\"@id\":\"https:\/\/www.dakwerken-vandriessche.be\/fr\/demoussage-de-toitures\/#breadcrumb\"},\"inLanguage\":\"fr-BE\",\"potentialAction\":[{\"@type\":\"ReadAction\",\"target\":[\"https:\/\/www.dakwerken-vandriessche.be\/fr\/demoussage-de-toitures\/\"]}]},{\"@type\":\"BreadcrumbList\",\"@id\":\"https:\/\/www.dakwerken-vandriessche.be\/fr\/demoussage-de-toitures\/#breadcrumb\",\"itemListElement\":[{\"@type\":\"ListItem\",\"position\":1,\"name\":\"Home\",\"item\":\"https:\/\/www.dakwerken-vandriessche.be\/fr\/\"},{\"@type\":\"ListItem\",\"position\":2,\"name\":\"D\u00e9moussage de toitures\"}]},{\"@type\":\"WebSite\",\"@id\":\"https:\/\/www.dakwerken-vandriessche.be\/fr\/#website\",\"url\":\"https:\/\/www.dakwerken-vandriessche.be\/fr\/\",\"name\":\"Dakwerken Van Driessche\",\"description\":\"\",\"potentialAction\":[{\"@type\":\"SearchAction\",\"target\":{\"@type\":\"EntryPoint\",\"urlTemplate\":\"https:\/\/www.dakwerken-vandriessche.be\/fr\/?s={search_term_string}\"},\"query-input\":{\"@type\":\"PropertyValueSpecification\",\"valueRequired\":true,\"valueName\":\"search_term_string\"}}],\"inLanguage\":\"fr-BE\"}]}<\/script>\n<!-- \/ Yoast SEO plugin. -->","yoast_head_json":{"title":"D\u00e9moussage de toitures | Dakwerken Van Driessche","description":"D\u00e9moussage de toitures | Dakwerken Van Driessche | Nos atouts : \u2713Meilleur rapport qualit\u00e9\/prix \u2713Marques reconnues \u2713Souci du d\u00e9tail \u2713Service de qualit\u00e9 \u271310 ans d'exp\u00e9rience.","robots":{"index":"index","follow":"follow","max-snippet":"max-snippet:-1","max-image-preview":"max-image-preview:large","max-video-preview":"max-video-preview:-1"},"canonical":"https:\/\/www.dakwerken-vandriessche.be\/fr\/demoussage-de-toitures\/","og_locale":"fr_FR","og_type":"article","og_title":"D\u00e9moussage de toitures | Dakwerken Van Driessche","og_description":"D\u00e9moussage de toitures | Dakwerken Van Driessche | Nos atouts : \u2713Meilleur rapport qualit\u00e9\/prix \u2713Marques reconnues \u2713Souci du d\u00e9tail \u2713Service de qualit\u00e9 \u271310 ans d'exp\u00e9rience.","og_url":"https:\/\/www.dakwerken-vandriessche.be\/fr\/demoussage-de-toitures\/","og_site_name":"Dakwerken Van Driessche","article_modified_time":"2025-12-11T13:53:22+00:00","twitter_card":"summary_large_image","twitter_misc":{"Dur\u00e9e de lecture est.":"7 minutes"},"schema":{"@context":"https:\/\/schema.org","@graph":[{"@type":"WebPage","@id":"https:\/\/www.dakwerken-vandriessche.be\/fr\/demoussage-de-toitures\/","url":"https:\/\/www.dakwerken-vandriessche.be\/fr\/demoussage-de-toitures\/","name":"D\u00e9moussage de toitures | Dakwerken Van Driessche","isPartOf":{"@id":"https:\/\/www.dakwerken-vandriessche.be\/fr\/#website"},"datePublished":"2025-12-11T13:53:16+00:00","dateModified":"2025-12-11T13:53:22+00:00","description":"D\u00e9moussage de toitures | Dakwerken Van Driessche | Nos atouts : \u2713Meilleur rapport qualit\u00e9\/prix \u2713Marques reconnues \u2713Souci du d\u00e9tail \u2713Service de qualit\u00e9 \u271310 ans d'exp\u00e9rience.","breadcrumb":{"@id":"https:\/\/www.dakwerken-vandriessche.be\/fr\/demoussage-de-toitures\/#breadcrumb"},"inLanguage":"fr-BE","potentialAction":[{"@type":"ReadAction","target":["https:\/\/www.dakwerken-vandriessche.be\/fr\/demoussage-de-toitures\/"]}]},{"@type":"BreadcrumbList","@id":"https:\/\/www.dakwerken-vandriessche.be\/fr\/demoussage-de-toitures\/#breadcrumb","itemListElement":[{"@type":"ListItem","position":1,"name":"Home","item":"https:\/\/www.dakwerken-vandriessche.be\/fr\/"},{"@type":"ListItem","position":2,"name":"D\u00e9moussage de toitures"}]},{"@type":"WebSite","@id":"https:\/\/www.dakwerken-vandriessche.be\/fr\/#website","url":"https:\/\/www.dakwerken-vandriessche.be\/fr\/","name":"Dakwerken Van Driessche","description":"","potentialAction":[{"@type":"SearchAction","target":{"@type":"EntryPoint","urlTemplate":"https:\/\/www.dakwerken-vandriessche.be\/fr\/?s={search_term_string}"},"query-input":{"@type":"PropertyValueSpecification","valueRequired":true,"valueName":"search_term_string"}}],"inLanguage":"fr-BE"}]}},"_links":{"self":[{"href":"https:\/\/www.dakwerken-vandriessche.be\/fr\/wp-json\/wp\/v2\/pages\/4721","targetHints":{"allow":["GET"]}}],"collection":[{"href":"https:\/\/www.dakwerken-vandriessche.be\/fr\/wp-json\/wp\/v2\/pages"}],"about":[{"href":"https:\/\/www.dakwerken-vandriessche.be\/fr\/wp-json\/wp\/v2\/types\/page"}],"author":[{"embeddable":true,"href":"https:\/\/www.dakwerken-vandriessche.be\/fr\/wp-json\/wp\/v2\/users\/2"}],"replies":[{"embeddable":true,"href":"https:\/\/www.dakwerken-vandriessche.be\/fr\/wp-json\/wp\/v2\/comments?post=4721"}],"version-history":[{"count":1,"href":"https:\/\/www.dakwerken-vandriessche.be\/fr\/wp-json\/wp\/v2\/pages\/4721\/revisions"}],"predecessor-version":[{"id":4722,"href":"https:\/\/www.dakwerken-vandriessche.be\/fr\/wp-json\/wp\/v2\/pages\/4721\/revisions\/4722"}],"wp:attachment":[{"href":"https:\/\/www.dakwerken-vandriessche.be\/fr\/wp-json\/wp\/v2\/media?parent=4721"}],"curies":[{"name":"wp","href":"https:\/\/api.w.org\/{rel}","templated":true}]}}