{"id":3625,"date":"2022-11-17T08:29:51","date_gmt":"2022-11-17T08:29:51","guid":{"rendered":"https:\/\/www.dakwerken-vandriessche.be\/?page_id=3625"},"modified":"2023-03-28T07:40:02","modified_gmt":"2023-03-28T07:40:02","slug":"toitures-uccle","status":"publish","type":"page","link":"https:\/\/www.dakwerken-vandriessche.be\/fr\/toitures-uccle\/","title":{"rendered":"Toitures Uccle"},"content":{"rendered":"<p>Vous voulez faire des <strong>travaux de toiture \u00e0 Uccle <\/strong>ou \u00e0 proximit\u00e9 ? Dans ce cas, Toitures Van Driessche est l&rsquo;expert que vous cherchez. Gr\u00e2ce \u00e0 notre exp\u00e9rience de plus de 10 ans, nous sommes sp\u00e9cialis\u00e9s dans la\u00a0<strong>pose<\/strong>, la <strong>r\u00e9novation <\/strong>et la <strong>r\u00e9paration<\/strong>, mais aussi\u00a0le<strong> d\u00e9moussage de toiture<\/strong>. On vous dit tout sur nos services \u00e0 Uccle et dans les environs.<\/p>\n<p><strong>-&gt;\u00a0<a href=\"https:\/\/www.dakwerken-vandriessche.be\/fr\/contact\/\">Discuter de nos services<\/a><\/strong><\/p>\n<h2>TRAVAUX DE TOITURE \u00c0 UCClE<\/h2>\n<p>Le saviez-vous ? Toitures Van Driessche se charge de tous vos travaux de toiture \u00e0 Uccle. Vous voulez <strong>changer\u00a0<\/strong>votre toit, <a href=\"https:\/\/www.dakwerken-vandriessche.be\/fr\/isolation-grenier\/\"><strong>isoler votre grenier<\/strong><\/a> ou faire <strong>r\u00e9parer votre toit <\/strong>? Vous \u00eates \u00e0 la bonne adresse ! En tant que <strong>couvreur professionnel<\/strong>, vous avez la garantie que votre toit est entre de bonnes mains avec nous. D\u00e9couvrez <strong><a href=\"https:\/\/www.dakwerken-vandriessche.be\/fr\/realisations\/\">nos r\u00e9alisations de toitures<\/a>.<\/strong><\/p>\n<img loading=\"lazy\" decoding=\"async\" class=\"alignnone wp-image-3610 size-full\" src=\"https:\/\/www.dakwerken-vandriessche.be\/wp-content\/uploads\/2022\/09\/Toitures-Uccle-scaled.jpg\" alt=\"Toitures Uccle\" width=\"2560\" height=\"1440\" srcset=\"https:\/\/www.dakwerken-vandriessche.be\/wp-content\/uploads\/2022\/09\/Toitures-Uccle-scaled.jpg 2560w, https:\/\/www.dakwerken-vandriessche.be\/wp-content\/uploads\/2022\/09\/Toitures-Uccle-300x169.jpg 300w, https:\/\/www.dakwerken-vandriessche.be\/wp-content\/uploads\/2022\/09\/Toitures-Uccle-1024x576.jpg 1024w, https:\/\/www.dakwerken-vandriessche.be\/wp-content\/uploads\/2022\/09\/Toitures-Uccle-768x432.jpg 768w, https:\/\/www.dakwerken-vandriessche.be\/wp-content\/uploads\/2022\/09\/Toitures-Uccle-1536x864.jpg 1536w, https:\/\/www.dakwerken-vandriessche.be\/wp-content\/uploads\/2022\/09\/Toitures-Uccle-2048x1152.jpg 2048w\" sizes=\"auto, (max-width: 2560px) 100vw, 2560px\" \/>\n<h2>NOUVELLES TOITURES \u00c0 UCCLE<\/h2>\n<p>Vous vous demandez \u00e0 qui confier la pose d&rsquo;un <strong><a href=\"https:\/\/www.dakwerken-vandriessche.be\/fr\/\">nouveau toit<\/a>\u00a0\u00e0 Uccle <\/strong>? Faites appel \u00e0 un professionnel exp\u00e9riment\u00e9. Nous serons heureux de vous <strong>conseiller sur les diff\u00e9rentes options <\/strong>pour une <strong><a href=\"https:\/\/www.dakwerken-vandriessche.be\/fr\/plateformes\/\">toiture plate<\/a> ou inclin\u00e9e<\/strong>. Comptez sur nous pour vous aider \u00e0 prendre la bonne d\u00e9cision.\u00a0<\/p>\n<p><strong>-&gt;\u00a0<a href=\"https:\/\/www.dakwerken-vandriessche.be\/fr\/contact\/\">Demander une offre sur mesure<\/a><\/strong><\/p>\n<h2>ENTRETIEN DE TOITURE \u00c0 UCCLE<\/h2>\n<p>Vous avez envie de profiter plus longtemps de votre toit ? Un bon <strong>entretien <\/strong>est vital. C&rsquo;est pourquoi le <strong><a href=\"https:\/\/www.dakwerken-vandriessche.be\/fr\/demoussage-toiture\/\">d\u00e9moussage<\/a> <\/strong>est tr\u00e8s important, par exemple. \u00c0 cause de la mousse, <strong>des fuites et des d\u00e9g\u00e2ts <\/strong>peuvent se produire. Notre conseil ? Pour un toit en parfait \u00e9tat, faites donc r\u00e9guli\u00e8rement un entretien et un d\u00e9moussage.<\/p>\n<img loading=\"lazy\" decoding=\"async\" class=\"alignnone wp-image-3612 size-full\" src=\"https:\/\/www.dakwerken-vandriessche.be\/wp-content\/uploads\/2022\/09\/uccle-toitures.jpg\" alt=\"uccle toitures\" width=\"1536\" height=\"2048\" srcset=\"https:\/\/www.dakwerken-vandriessche.be\/wp-content\/uploads\/2022\/09\/uccle-toitures.jpg 1536w, https:\/\/www.dakwerken-vandriessche.be\/wp-content\/uploads\/2022\/09\/uccle-toitures-225x300.jpg 225w, https:\/\/www.dakwerken-vandriessche.be\/wp-content\/uploads\/2022\/09\/uccle-toitures-768x1024.jpg 768w, https:\/\/www.dakwerken-vandriessche.be\/wp-content\/uploads\/2022\/09\/uccle-toitures-1152x1536.jpg 1152w\" sizes=\"auto, (max-width: 1536px) 100vw, 1536px\" \/>\n<h2>R\u00c9PARATION DE TOITURE \u00c0 UCClE<\/h2>\n<p>Vous avez besoin d&rsquo;une r\u00e9paration de toit \u00e0 cause d&rsquo;une <strong>fuite <\/strong>? Ou suite \u00e0 un orage ? Toitures Van Driessche se rend d&rsquo;abord sur place pour \u00e9valuer les d\u00e9g\u00e2ts. Notre expert r\u00e9alise alors une <strong>analyse approfondie<\/strong>. Il ou elle peut ensuite vous informer sur les options. Une petite <strong>r\u00e9paration <\/strong>suffit bien souvent. Il peut cependant arriver qu&rsquo;il y ait un probl\u00e8me plus important. Nous vous en disons plus sur <strong>l&rsquo;\u00e9tat de votre toit<\/strong> et sur les options qui s&rsquo;offrent \u00e0 vous.<\/p>\n<p><strong>-&gt;\u00a0<a href=\"https:\/\/www.dakwerken-vandriessche.be\/fr\/contact\/\">Nous contacter<\/a><\/strong><\/p>\n<h2>r\u00c9novatiON DE TOITURE \u00c0 UCClE<\/h2>\n<p>N&rsquo;h\u00e9sitez pas \u00e0 nous confier la <strong>r\u00e9novation de votre toiture \u00e0 Uccle<\/strong>. Nous allons d&rsquo;abord <strong>contr\u00f4ler l&rsquo;\u00e9tat de votre toiture <\/strong>(plate ou inclin\u00e9e). Ensuite, notre \u00e9quipe vous explique les diff\u00e9rentes options. Il arrive qu&rsquo;une <strong>petite r\u00e9novation<\/strong>\u00a0soit suffisante. Mais il se peut aussi que <strong>la structure de toit soit compl\u00e8tement \u00e0 remplacer<\/strong>.<\/p>\n<p>Notons que la r\u00e9novation de votre toit est le moment id\u00e9al pour <strong><a href=\"https:\/\/www.dakwerken-vandriessche.be\/fr\/placement-velux\/\">placer un velux<\/a><\/strong> ou <strong><a href=\"https:\/\/www.dakwerken-vandriessche.be\/fr\/lucarne\/\">une lucarne<\/a><\/strong>. Vous pouvez aussi en profiter pour r\u00e9aliser <strong>l&rsquo;isolation du grenier<\/strong>.<\/p>\n<img loading=\"lazy\" decoding=\"async\" class=\"alignnone size-full wp-image-3614\" src=\"\/\/www.dakwerken-vandriessche.be\/wp-content\/uploads\/2022\/09\/renovation-de-toiture-uccle-scaled.jpg\" alt=\" renovation-de-toiture-uccle\" width=\"2560\" height=\"1440\" srcset=\"https:\/\/www.dakwerken-vandriessche.be\/wp-content\/uploads\/2022\/09\/renovation-de-toiture-uccle-scaled.jpg 2560w, https:\/\/www.dakwerken-vandriessche.be\/wp-content\/uploads\/2022\/09\/renovation-de-toiture-uccle-300x169.jpg 300w, https:\/\/www.dakwerken-vandriessche.be\/wp-content\/uploads\/2022\/09\/renovation-de-toiture-uccle-1024x576.jpg 1024w, https:\/\/www.dakwerken-vandriessche.be\/wp-content\/uploads\/2022\/09\/renovation-de-toiture-uccle-768x432.jpg 768w, https:\/\/www.dakwerken-vandriessche.be\/wp-content\/uploads\/2022\/09\/renovation-de-toiture-uccle-1536x864.jpg 1536w, https:\/\/www.dakwerken-vandriessche.be\/wp-content\/uploads\/2022\/09\/renovation-de-toiture-uccle-2048x1152.jpg 2048w\" sizes=\"auto, (max-width: 2560px) 100vw, 2560px\" \/>\n<h2>VOTRE PARTENAIRE ID\u00c9AL<\/h2>\n<p>Nous pouvons r\u00e9aliser tous vos travaux de toiture et autres types de travaux d&rsquo;habitation. C&rsquo;est pourquoi Toitures Van Driessche est<strong> votre partenaire id\u00e9al \u00e0 Uccle<\/strong>. Voici quelques-uns des travaux dont nous pouvons nous charger pour vous :<\/p>\n<ul>\n<li>Pose de toiture (plate et inclin\u00e9e)<\/li>\n<li>R\u00e9paration de toiture (plate et inclin\u00e9e)<\/li>\n<li>R\u00e9novation de toiture (partielle ou compl\u00e8te)<\/li>\n<li>Entretien et d\u00e9moussage de toit<\/li>\n<li><a href=\"https:\/\/www.dakwerken-vandriessche.be\/fr\/zinguerie\/\">Travaux de zinguerie<\/a> (toits et fa\u00e7ades)<\/li>\n<li>Pose de velux ou de lucarne<\/li>\n<li>R\u00e9paration ou r\u00e9novation de velux ou de lucarne<\/li>\n<li>Isolation de grenier et de toit<\/li>\n<li><a href=\"https:\/\/www.dakwerken-vandriessche.be\/fr\/renovation-facade\/\">R\u00e9novation de fa\u00e7ade<\/a> et <a href=\"https:\/\/www.dakwerken-vandriessche.be\/fr\/bardage-facade\/\">bardage<\/a><\/li>\n<\/ul>\n<p><strong>-&gt;\u00a0<a href=\"https:\/\/www.dakwerken-vandriessche.be\/fr\/contact\/\">En savoir plus sur nos services<\/a><\/strong><\/p>\n<h2>EXPERT EN TRAVAUX DE TOITURE\u00a0<\/h2>\n<p>Vous cherchez un partenaire de confiance \u00e0 Uccle ? Toitures Van Driessche est l&rsquo;expert en travaux de toiture sur qui vous pouvez compter, gr\u00e2ce \u00e0 plus de 10 ans d&rsquo;exp\u00e9rience.\u00a0<strong><a href=\"https:\/\/www.dakwerken-vandriessche.be\/fr\/contact\/\">Contactez-nous<\/a> <\/strong>pour obtenir un conseil sur mesure de la part d&rsquo;un\u00a0<strong>professionnel exp\u00e9riment\u00e9<\/strong>.<\/p>\n<h2>NOUS NOUS D\u00c9PLA\u00c7ONS DANS TOUTES CES R\u00c9GIONS<\/h2>\n<h3><a href=\"https:\/\/www.dakwerken-vandriessche.be\/fr\/toitures-brabant-flamand\/\">BRABANT FLAMAND<\/a><\/h3>\n<p><a class=\"notion-link-token notion-enable-hover\" href=\"https:\/\/www.dakwerken-vandriessche.be\/fr\/toitures-braine-l-alleud\/\" target=\"_blank\" rel=\"noopener noreferrer\" data-token-index=\"0\"><span class=\"link-annotation-unknown-block-id-1284238748\">Brain l\u2019Alleud<\/span><\/a> &#8211; <a class=\"notion-link-token notion-enable-hover\" href=\"https:\/\/www.dakwerken-vandriessche.be\/fr\/toitures-hal\/\" target=\"_blank\" rel=\"noopener noreferrer\" data-token-index=\"2\"><span class=\"link-annotation-unknown-block-id--1773369733\">Hal<\/span><\/a><\/p>\n<h3><a href=\"https:\/\/www.dakwerken-vandriessche.be\/fr\/toitures-bruxelles\/\">BRUXELLES<\/a><\/h3>\n<p><a href=\"https:\/\/www.dakwerken-vandriessche.be\/fr\/toitures-anderlecht\/\">Anderlecht<\/a> \u2013\u00a0<a href=\"https:\/\/www.dakwerken-vandriessche.be\/fr\/toitures-jette\/\">Jette<\/a><\/p>\n","protected":false},"excerpt":{"rendered":"<p>Vous voulez faire des travaux de toiture \u00e0 Uccle ou \u00e0 proximit\u00e9 ? Dans ce cas, Toitures Van Driessche est l&rsquo;expert que vous cherchez. Gr\u00e2ce \u00e0 notre exp\u00e9rience de plus de 10 ans, nous sommes sp\u00e9cialis\u00e9s dans la\u00a0pose, la r\u00e9novation et la r\u00e9paration, mais aussi\u00a0le d\u00e9moussage de toiture. On vous dit tout sur nos services [&hellip;]<\/p>\n","protected":false},"author":2,"featured_media":0,"parent":0,"menu_order":0,"comment_status":"closed","ping_status":"closed","template":"","meta":{"_acf_changed":false,"footnotes":""},"class_list":["post-3625","page","type-page","status-publish","hentry"],"acf":[],"yoast_head":"<!-- This site is optimized with the Yoast SEO plugin v27.0 - https:\/\/yoast.com\/product\/yoast-seo-wordpress\/ -->\n<title>Toitures Uccle - Dakwerken Van Driessche<\/title>\n<meta name=\"description\" content=\"Choisissez Toitures Van Driessche. Votre partenaire id\u00e9al pour vos travaux de toiture \u00e0 Uccle : pose, r\u00e9paration et r\u00e9novation de toitures.\" \/>\n<meta name=\"robots\" content=\"index, follow, max-snippet:-1, max-image-preview:large, max-video-preview:-1\" \/>\n<link rel=\"canonical\" href=\"https:\/\/www.dakwerken-vandriessche.be\/fr\/toitures-uccle\/\" \/>\n<meta property=\"og:locale\" content=\"fr_FR\" \/>\n<meta property=\"og:type\" content=\"article\" \/>\n<meta property=\"og:title\" content=\"Toitures Uccle - Dakwerken Van Driessche\" \/>\n<meta property=\"og:description\" content=\"Choisissez Toitures Van Driessche. Votre partenaire id\u00e9al pour vos travaux de toiture \u00e0 Uccle : pose, r\u00e9paration et r\u00e9novation de toitures.\" \/>\n<meta property=\"og:url\" content=\"https:\/\/www.dakwerken-vandriessche.be\/fr\/toitures-uccle\/\" \/>\n<meta property=\"og:site_name\" content=\"Dakwerken Van Driessche\" \/>\n<meta property=\"article:modified_time\" content=\"2023-03-28T07:40:02+00:00\" \/>\n<meta property=\"og:image\" content=\"https:\/\/www.dakwerken-vandriessche.be\/wp-content\/uploads\/2022\/09\/Toitures-Uccle-scaled.jpg\" \/>\n<meta name=\"twitter:card\" content=\"summary_large_image\" \/>\n<meta name=\"twitter:label1\" content=\"Dur\u00e9e de lecture est.\" \/>\n\t<meta name=\"twitter:data1\" content=\"4 minutes\" \/>\n<script type=\"application\/ld+json\" class=\"yoast-schema-graph\">{\"@context\":\"https:\/\/schema.org\",\"@graph\":[{\"@type\":\"WebPage\",\"@id\":\"https:\/\/www.dakwerken-vandriessche.be\/fr\/toitures-uccle\/\",\"url\":\"https:\/\/www.dakwerken-vandriessche.be\/fr\/toitures-uccle\/\",\"name\":\"Toitures Uccle - Dakwerken Van Driessche\",\"isPartOf\":{\"@id\":\"https:\/\/www.dakwerken-vandriessche.be\/fr\/#website\"},\"primaryImageOfPage\":{\"@id\":\"https:\/\/www.dakwerken-vandriessche.be\/fr\/toitures-uccle\/#primaryimage\"},\"image\":{\"@id\":\"https:\/\/www.dakwerken-vandriessche.be\/fr\/toitures-uccle\/#primaryimage\"},\"thumbnailUrl\":\"https:\/\/www.dakwerken-vandriessche.be\/wp-content\/uploads\/2022\/09\/Toitures-Uccle-scaled.jpg\",\"datePublished\":\"2022-11-17T08:29:51+00:00\",\"dateModified\":\"2023-03-28T07:40:02+00:00\",\"description\":\"Choisissez Toitures Van Driessche. Votre partenaire id\u00e9al pour vos travaux de toiture \u00e0 Uccle : pose, r\u00e9paration et r\u00e9novation de toitures.\",\"breadcrumb\":{\"@id\":\"https:\/\/www.dakwerken-vandriessche.be\/fr\/toitures-uccle\/#breadcrumb\"},\"inLanguage\":\"fr-BE\",\"potentialAction\":[{\"@type\":\"ReadAction\",\"target\":[\"https:\/\/www.dakwerken-vandriessche.be\/fr\/toitures-uccle\/\"]}]},{\"@type\":\"ImageObject\",\"inLanguage\":\"fr-BE\",\"@id\":\"https:\/\/www.dakwerken-vandriessche.be\/fr\/toitures-uccle\/#primaryimage\",\"url\":\"https:\/\/www.dakwerken-vandriessche.be\/wp-content\/uploads\/2022\/09\/Toitures-Uccle-scaled.jpg\",\"contentUrl\":\"https:\/\/www.dakwerken-vandriessche.be\/wp-content\/uploads\/2022\/09\/Toitures-Uccle-scaled.jpg\"},{\"@type\":\"BreadcrumbList\",\"@id\":\"https:\/\/www.dakwerken-vandriessche.be\/fr\/toitures-uccle\/#breadcrumb\",\"itemListElement\":[{\"@type\":\"ListItem\",\"position\":1,\"name\":\"Home\",\"item\":\"https:\/\/www.dakwerken-vandriessche.be\/fr\/\"},{\"@type\":\"ListItem\",\"position\":2,\"name\":\"Toitures Uccle\"}]},{\"@type\":\"WebSite\",\"@id\":\"https:\/\/www.dakwerken-vandriessche.be\/fr\/#website\",\"url\":\"https:\/\/www.dakwerken-vandriessche.be\/fr\/\",\"name\":\"Dakwerken Van Driessche\",\"description\":\"\",\"potentialAction\":[{\"@type\":\"SearchAction\",\"target\":{\"@type\":\"EntryPoint\",\"urlTemplate\":\"https:\/\/www.dakwerken-vandriessche.be\/fr\/?s={search_term_string}\"},\"query-input\":{\"@type\":\"PropertyValueSpecification\",\"valueRequired\":true,\"valueName\":\"search_term_string\"}}],\"inLanguage\":\"fr-BE\"}]}<\/script>\n<!-- \/ Yoast SEO plugin. -->","yoast_head_json":{"title":"Toitures Uccle - Dakwerken Van Driessche","description":"Choisissez Toitures Van Driessche. Votre partenaire id\u00e9al pour vos travaux de toiture \u00e0 Uccle : pose, r\u00e9paration et r\u00e9novation de toitures.","robots":{"index":"index","follow":"follow","max-snippet":"max-snippet:-1","max-image-preview":"max-image-preview:large","max-video-preview":"max-video-preview:-1"},"canonical":"https:\/\/www.dakwerken-vandriessche.be\/fr\/toitures-uccle\/","og_locale":"fr_FR","og_type":"article","og_title":"Toitures Uccle - Dakwerken Van Driessche","og_description":"Choisissez Toitures Van Driessche. Votre partenaire id\u00e9al pour vos travaux de toiture \u00e0 Uccle : pose, r\u00e9paration et r\u00e9novation de toitures.","og_url":"https:\/\/www.dakwerken-vandriessche.be\/fr\/toitures-uccle\/","og_site_name":"Dakwerken Van Driessche","article_modified_time":"2023-03-28T07:40:02+00:00","og_image":[{"url":"https:\/\/www.dakwerken-vandriessche.be\/wp-content\/uploads\/2022\/09\/Toitures-Uccle-scaled.jpg","type":"","width":"","height":""}],"twitter_card":"summary_large_image","twitter_misc":{"Dur\u00e9e de lecture est.":"4 minutes"},"schema":{"@context":"https:\/\/schema.org","@graph":[{"@type":"WebPage","@id":"https:\/\/www.dakwerken-vandriessche.be\/fr\/toitures-uccle\/","url":"https:\/\/www.dakwerken-vandriessche.be\/fr\/toitures-uccle\/","name":"Toitures Uccle - Dakwerken Van Driessche","isPartOf":{"@id":"https:\/\/www.dakwerken-vandriessche.be\/fr\/#website"},"primaryImageOfPage":{"@id":"https:\/\/www.dakwerken-vandriessche.be\/fr\/toitures-uccle\/#primaryimage"},"image":{"@id":"https:\/\/www.dakwerken-vandriessche.be\/fr\/toitures-uccle\/#primaryimage"},"thumbnailUrl":"https:\/\/www.dakwerken-vandriessche.be\/wp-content\/uploads\/2022\/09\/Toitures-Uccle-scaled.jpg","datePublished":"2022-11-17T08:29:51+00:00","dateModified":"2023-03-28T07:40:02+00:00","description":"Choisissez Toitures Van Driessche. Votre partenaire id\u00e9al pour vos travaux de toiture \u00e0 Uccle : pose, r\u00e9paration et r\u00e9novation de toitures.","breadcrumb":{"@id":"https:\/\/www.dakwerken-vandriessche.be\/fr\/toitures-uccle\/#breadcrumb"},"inLanguage":"fr-BE","potentialAction":[{"@type":"ReadAction","target":["https:\/\/www.dakwerken-vandriessche.be\/fr\/toitures-uccle\/"]}]},{"@type":"ImageObject","inLanguage":"fr-BE","@id":"https:\/\/www.dakwerken-vandriessche.be\/fr\/toitures-uccle\/#primaryimage","url":"https:\/\/www.dakwerken-vandriessche.be\/wp-content\/uploads\/2022\/09\/Toitures-Uccle-scaled.jpg","contentUrl":"https:\/\/www.dakwerken-vandriessche.be\/wp-content\/uploads\/2022\/09\/Toitures-Uccle-scaled.jpg"},{"@type":"BreadcrumbList","@id":"https:\/\/www.dakwerken-vandriessche.be\/fr\/toitures-uccle\/#breadcrumb","itemListElement":[{"@type":"ListItem","position":1,"name":"Home","item":"https:\/\/www.dakwerken-vandriessche.be\/fr\/"},{"@type":"ListItem","position":2,"name":"Toitures Uccle"}]},{"@type":"WebSite","@id":"https:\/\/www.dakwerken-vandriessche.be\/fr\/#website","url":"https:\/\/www.dakwerken-vandriessche.be\/fr\/","name":"Dakwerken Van Driessche","description":"","potentialAction":[{"@type":"SearchAction","target":{"@type":"EntryPoint","urlTemplate":"https:\/\/www.dakwerken-vandriessche.be\/fr\/?s={search_term_string}"},"query-input":{"@type":"PropertyValueSpecification","valueRequired":true,"valueName":"search_term_string"}}],"inLanguage":"fr-BE"}]}},"_links":{"self":[{"href":"https:\/\/www.dakwerken-vandriessche.be\/fr\/wp-json\/wp\/v2\/pages\/3625","targetHints":{"allow":["GET"]}}],"collection":[{"href":"https:\/\/www.dakwerken-vandriessche.be\/fr\/wp-json\/wp\/v2\/pages"}],"about":[{"href":"https:\/\/www.dakwerken-vandriessche.be\/fr\/wp-json\/wp\/v2\/types\/page"}],"author":[{"embeddable":true,"href":"https:\/\/www.dakwerken-vandriessche.be\/fr\/wp-json\/wp\/v2\/users\/2"}],"replies":[{"embeddable":true,"href":"https:\/\/www.dakwerken-vandriessche.be\/fr\/wp-json\/wp\/v2\/comments?post=3625"}],"version-history":[{"count":3,"href":"https:\/\/www.dakwerken-vandriessche.be\/fr\/wp-json\/wp\/v2\/pages\/3625\/revisions"}],"predecessor-version":[{"id":3869,"href":"https:\/\/www.dakwerken-vandriessche.be\/fr\/wp-json\/wp\/v2\/pages\/3625\/revisions\/3869"}],"wp:attachment":[{"href":"https:\/\/www.dakwerken-vandriessche.be\/fr\/wp-json\/wp\/v2\/media?parent=3625"}],"curies":[{"name":"wp","href":"https:\/\/api.w.org\/{rel}","templated":true}]}}