{"id":3525,"date":"2022-09-01T08:42:04","date_gmt":"2022-09-01T08:42:04","guid":{"rendered":"https:\/\/www.dakwerken-vandriessche.be\/?page_id=3525"},"modified":"2025-12-11T14:03:37","modified_gmt":"2025-12-11T14:03:37","slug":"toitures-jette","status":"publish","type":"page","link":"https:\/\/www.dakwerken-vandriessche.be\/fr\/toitures-jette\/","title":{"rendered":"Travaux de toiture Jette"},"content":{"rendered":"<p>Vous envisagez des <strong>travaux de<\/strong> <strong>toiture ou de r\u00e9novation de toiture \u00e0 Jette <\/strong>? Faites appel \u00e0 l&rsquo;expertise d&rsquo;un <strong>couvreur professionnel \u00e0 Jette<\/strong> et dans les environs. Toitures Van Driessche a <strong>plus de 10 ans d&rsquo;exp\u00e9rience <\/strong>dans la r\u00e9alisation de toutes sortes de travaux de toiture, qu&rsquo;il s&rsquo;agisse de toitures plates ou de toitures inclin\u00e9es. Vous pouvez nous confier la <strong>pose d&rsquo;une nouvelle toiture<\/strong>, mais les <strong>r\u00e9parations<\/strong>, <strong>r\u00e9novations<\/strong> et <strong>entretiens<\/strong> font aussi partie de nos sp\u00e9cialisations.<\/p>\n<p><strong>-&gt;\u00a0<a href=\"https:\/\/www.dakwerken-vandriessche.be\/fr\/contact\/\">Demander une offre sur mesure<\/a><\/strong><\/p>\n<h2>COUVREUR PROFESSIONNEL R\u00c9GION DE Jette<\/h2>\n<p>Lorsque vous planifiez des travaux de toiture, choisissez toujours <strong>un couvreur dont l&rsquo;exp\u00e9rience ne fait plus aucun doute<\/strong>. Cette exp\u00e9rience vous garantit que vos travaux seront parfaitement effectu\u00e9s jusqu&rsquo;au dernier d\u00e9tail. N&rsquo;h\u00e9sitez pas \u00e0 jeter un \u0153il \u00e0 toutes <a href=\"https:\/\/www.dakwerken-vandriessche.be\/fr\/realisations\/\"><strong>nos r\u00e9alisations<\/strong><\/a> de travaux de toiture \u00e0 proximit\u00e9 de chez vous.<\/p>\n<img loading=\"lazy\" decoding=\"async\" class=\"alignnone wp-image-3601 size-full\" src=\"https:\/\/www.dakwerken-vandriessche.be\/wp-content\/uploads\/2022\/09\/Toitures-Jette-scaled.jpg\" alt=\" Toitures-Jette\" width=\"2560\" height=\"1440\" srcset=\"https:\/\/www.dakwerken-vandriessche.be\/wp-content\/uploads\/2022\/09\/Toitures-Jette-scaled.jpg 2560w, https:\/\/www.dakwerken-vandriessche.be\/wp-content\/uploads\/2022\/09\/Toitures-Jette-300x169.jpg 300w, https:\/\/www.dakwerken-vandriessche.be\/wp-content\/uploads\/2022\/09\/Toitures-Jette-1024x576.jpg 1024w, https:\/\/www.dakwerken-vandriessche.be\/wp-content\/uploads\/2022\/09\/Toitures-Jette-768x432.jpg 768w, https:\/\/www.dakwerken-vandriessche.be\/wp-content\/uploads\/2022\/09\/Toitures-Jette-1536x864.jpg 1536w, https:\/\/www.dakwerken-vandriessche.be\/wp-content\/uploads\/2022\/09\/Toitures-Jette-2048x1152.jpg 2048w\" sizes=\"auto, (max-width: 2560px) 100vw, 2560px\" \/>\n<h2>POSE D&rsquo;UNE NOUVELLE TOITURE<\/h2>\n<p>Besoin d&rsquo;aide pour la pose d&rsquo;une nouvelle toiture ? Toitures Van Driessche dispose d&rsquo;une grande exp\u00e9rience dans la <strong><a href=\"https:\/\/www.dakwerken-vandriessche.be\/fr\/plateformes\/\">pose de toitures plates<\/a><\/strong> et de <strong>toitures inclin\u00e9es<\/strong>. Vous pensez \u00e0 faire <strong>poser une nouvelle toiture dans la r\u00e9gion de Jette <\/strong>? Comptez sur <strong>l&rsquo;expertise professionnelle de notre \u00e9quipe de couvreurs<\/strong>. <strong>Contactez-nous<\/strong> pour discuter de tous vos projets et de toutes vos envies. Nous vous conseillons sur les diff\u00e9rentes options et vous fournissons<strong> une offre sur mesure<\/strong> <strong>pour votre projet<\/strong>.<\/p>\n<p><strong>-&gt; <a href=\"https:\/\/www.dakwerken-vandriessche.be\/fr\/contact\/\">Demander une offre sur mesure<\/a><\/strong><\/p>\n<h2>ENTRETIEN DE TOITURE<\/h2>\n<p>Quel que soit votre type de toiture, <strong>un entretien r\u00e9gulier est essentiel<\/strong>. En plus d&rsquo;un simple entretien, nous vous recommandons \u00e9galement de faire <strong><a href=\"https:\/\/www.dakwerken-vandriessche.be\/fr\/demoussage-toiture\/\">d\u00e9mousser votre toiture<\/a><\/strong>. La mousse peut s\u2019installer sur votre toiture ou la p\u00e9n\u00e9trer, ce qui la rend fragile et poreuse. La formation de mousse entra\u00eene alors des infiltrations et des d\u00e9g\u00e2ts. Faites appel \u00e0 l&rsquo;exp\u00e9rience d&rsquo;un professionnel pour s&rsquo;assurer <strong>que votre toit reste en parfait \u00e9tat <\/strong>! Toitures Van Driessche se d\u00e9place chez vous pour l&rsquo;entretien p\u00e9riodique ou le <strong>d\u00e9moussage de votre toit \u00e0 Jette<\/strong> ou dans les environs.<\/p>\n<img loading=\"lazy\" decoding=\"async\" class=\"alignnone wp-image-3603 size-full\" src=\"https:\/\/www.dakwerken-vandriessche.be\/wp-content\/uploads\/2022\/09\/Jette-Toitures-scaled.jpg\" alt=\" Jette-Toitures\" width=\"2560\" height=\"1440\" srcset=\"https:\/\/www.dakwerken-vandriessche.be\/wp-content\/uploads\/2022\/09\/Jette-Toitures-scaled.jpg 2560w, https:\/\/www.dakwerken-vandriessche.be\/wp-content\/uploads\/2022\/09\/Jette-Toitures-300x169.jpg 300w, https:\/\/www.dakwerken-vandriessche.be\/wp-content\/uploads\/2022\/09\/Jette-Toitures-1024x576.jpg 1024w, https:\/\/www.dakwerken-vandriessche.be\/wp-content\/uploads\/2022\/09\/Jette-Toitures-768x432.jpg 768w, https:\/\/www.dakwerken-vandriessche.be\/wp-content\/uploads\/2022\/09\/Jette-Toitures-1536x864.jpg 1536w, https:\/\/www.dakwerken-vandriessche.be\/wp-content\/uploads\/2022\/09\/Jette-Toitures-2048x1152.jpg 2048w\" sizes=\"auto, (max-width: 2560px) 100vw, 2560px\" \/>\n<h2>R\u00c9PARATION DE TOITURE Jette<\/h2>\n<p>Vous avez rep\u00e9r\u00e9 <strong>une infiltration ou un d\u00e9g\u00e2t dans votre toiture<\/strong> ? Il se peut que de l&rsquo;eau de pluie p\u00e9n\u00e8tre par le toit de votre propri\u00e9t\u00e9. Nous avons une grande exp\u00e9rience en mati\u00e8re de <strong>d\u00e9tection de d\u00e9g\u00e2ts de toiture<\/strong>, que vous ayez une toiture plate ou une toiture inclin\u00e9e. Toitures Van Driessche se rend chez vous pour contr\u00f4ler l&rsquo;\u00e9tat actuel de votre toit et d\u00e9tecter les d\u00e9g\u00e2ts \u00e9ventuels. Nous vous informons ensuite sur les<strong> diff\u00e9rentes options<\/strong>, pour vous aider \u00e0 prendre une d\u00e9cision en toute connaissance de cause. Nous nous chargeons ensuite des <strong>travaux de r\u00e9paration pour votre toiture<\/strong> dans les plus brefs d\u00e9lais.<\/p>\n<p><strong>-&gt;\u00a0<a href=\"https:\/\/www.dakwerken-vandriessche.be\/fr\/contact\/\">Demander une offre sur mesure<\/a><\/strong><\/p>\n<h2>R\u00c9NOVATION DE TOITURE PARTIELLE OU COMPL\u00c8TE<\/h2>\n<p>Toitures Van Driessche est sp\u00e9cialis\u00e9 dans la <strong>r\u00e9novation partielle et compl\u00e8te de toiture<\/strong>. Votre toit a-t-il besoin d&rsquo;une r\u00e9novation ? Toitures Van Driessche est le partenaire id\u00e9al pour tout type de <strong><a href=\"https:\/\/www.dakwerken-vandriessche.be\/fr\/renovation-de-facade\/\">r\u00e9novation de toiture<\/a> \u00e0 Jette<\/strong>. Nous nous d\u00e9pla\u00e7ons chez vous pour examiner <strong>l&rsquo;\u00e9tat actuel de votre toiture<\/strong>. Nous vous remettons ensuite un <strong>conseil professionnel sur les diff\u00e9rentes options<\/strong> ainsi qu&rsquo;une ou plusieurs offre(s) sur mesure pour votre projet. Vous pouvez ainsi prendre une d\u00e9cision \u00e9clair\u00e9e concernant les travaux n\u00e9cessaires <strong>pour que votre toit soit \u00e0 nouveau comme neuf <\/strong>!<\/p>\n<img loading=\"lazy\" decoding=\"async\" class=\"alignnone wp-image-3605 size-full\" src=\"https:\/\/www.dakwerken-vandriessche.be\/wp-content\/uploads\/2022\/09\/renovation-de-toitures-jette.jpg\" alt=\"r\u00e9novation de toitures jette\" width=\"1536\" height=\"2048\" srcset=\"https:\/\/www.dakwerken-vandriessche.be\/wp-content\/uploads\/2022\/09\/renovation-de-toitures-jette.jpg 1536w, https:\/\/www.dakwerken-vandriessche.be\/wp-content\/uploads\/2022\/09\/renovation-de-toitures-jette-225x300.jpg 225w, https:\/\/www.dakwerken-vandriessche.be\/wp-content\/uploads\/2022\/09\/renovation-de-toitures-jette-768x1024.jpg 768w, https:\/\/www.dakwerken-vandriessche.be\/wp-content\/uploads\/2022\/09\/renovation-de-toitures-jette-1152x1536.jpg 1152w\" sizes=\"auto, (max-width: 1536px) 100vw, 1536px\" \/>\n<h2>TOITURES Van Driessche Jette<\/h2>\n<p>Toitures Van Driessche est le partenaire id\u00e9al pour tous vos <strong>travaux de toiture \u00e0 Jette<\/strong>. Nous avons une grande exp\u00e9rience dans toutes sortes de travaux, aussi bien pour <strong>les toitures plates et les toitures inclin\u00e9es<\/strong>. Quel que soit le type de travaux auquel vous pensez, nous nous en chargeons pour vous. Voici quelques-uns des <strong>services dont nous pouvons nous charger pour vous <\/strong>:<\/p>\n<ul>\n<li>Pose de nouvelle toiture : toitures plates et inclin\u00e9es<\/li>\n<li>R\u00e9paration de toiture<\/li>\n<li>R\u00e9novation partielle ou compl\u00e8te<\/li>\n<li>Entretien de toiture<\/li>\n<li>Pose de <a href=\"https:\/\/www.dakwerken-vandriessche.be\/fr\/placement-velux\/\">velux<\/a> et de <a href=\"https:\/\/www.dakwerken-vandriessche.be\/fr\/lucarne\/\">lucarne<\/a><\/li>\n<li><a href=\"https:\/\/www.dakwerken-vandriessche.be\/fr\/isolation-grenier\/\">Isolation de grenier<\/a><\/li>\n<li><a href=\"https:\/\/www.dakwerken-vandriessche.be\/fr\/zinguerie\/\">Travaux de zinguerie (toits et fa\u00e7ades)<\/a><\/li>\n<li><a href=\"https:\/\/www.dakwerken-vandriessche.be\/fr\/bardage-facade\/\">Bardage de fa\u00e7ade<\/a><\/li>\n<\/ul>\n<p><strong>-&gt;\u00a0<a href=\"https:\/\/www.dakwerken-vandriessche.be\/fr\/contact\/\">Demander une offre sur mesure<\/a><\/strong><\/p>\n<h2>VOUS CHERCHEZ UN EXPERT EN TRAVAUX DE TOITURE \u00c0 Jette ?<\/h2>\n<p>Vous \u00eates \u00e0 la recherche du <strong>couvreur le plus exp\u00e9riment\u00e9 dans la r\u00e9gion de Jette <\/strong>? Toitures Van Driessche est le partenaire qu&rsquo;il vous faut pour tous vos travaux de toiture. Depuis d\u00e9j\u00e0 plus de 10 ans, nous sommes la <strong>r\u00e9f\u00e9rence en mati\u00e8re de toitures et de fa\u00e7ades<\/strong>. Forts de notre exp\u00e9rience, vous pouvez avoir l&rsquo;assurance que tous les travaux que vous nous confiez seront r\u00e9alis\u00e9s jusqu&rsquo;au moindre d\u00e9tail. Nous n&rsquo;h\u00e9sitons pas non plus \u00e0 nous d\u00e9placer chez vous pour <b>discuter de vos projets <\/b>ou pour <strong>examiner l&rsquo;\u00e9tat actuel de votre toiture<\/strong>. <a href=\"https:\/\/www.dakwerken-vandriessche.be\/fr\/contact\/\"><strong>Contactez-nous<\/strong><\/a> et recevez une offre sur mesure et sans engagement pour votre projet !<\/p>\n<h2>NOUS NOUS D\u00c9PLA\u00c7ONS DANS TOUTES CES R\u00c9GIONS<\/h2>\n<h3><a href=\"https:\/\/www.dakwerken-vandriessche.be\/fr\/toitures-brabant-flamand\/\">BRABANT FLAMAND<\/a><\/h3>\n<p><a class=\"notion-link-token notion-enable-hover\" href=\"https:\/\/www.dakwerken-vandriessche.be\/fr\/toitures-braine-l-alleud\/\" target=\"_blank\" rel=\"noopener noreferrer\" data-token-index=\"0\"><span class=\"link-annotation-unknown-block-id-1284238748\">Braine l\u2019Alleud<\/span><\/a> &#8211; <a class=\"notion-link-token notion-enable-hover\" href=\"https:\/\/www.dakwerken-vandriessche.be\/fr\/toitures-hal\/\" target=\"_blank\" rel=\"noopener noreferrer\" data-token-index=\"2\"><span class=\"link-annotation-unknown-block-id--1773369733\">Hal<\/span><\/a><\/p>\n<h3><a href=\"https:\/\/www.dakwerken-vandriessche.be\/fr\/toitures-bruxelles\/\">BRUXELLES<\/a><\/h3>\n<p><a href=\"https:\/\/www.dakwerken-vandriessche.be\/fr\/toitures-anderlecht\/\">Anderlecht<\/a>\u00a0&#8211; <a href=\"https:\/\/www.dakwerken-vandriessche.be\/fr\/toitures-uccle\/\">Uccle<\/a><\/p>\n<p>&nbsp;<\/p>\n","protected":false},"excerpt":{"rendered":"<p>Vous envisagez des travaux de toiture ou de r\u00e9novation de toiture \u00e0 Jette ? Faites appel \u00e0 l&rsquo;expertise d&rsquo;un couvreur professionnel \u00e0 Jette et dans les environs. Toitures Van Driessche a plus de 10 ans d&rsquo;exp\u00e9rience dans la r\u00e9alisation de toutes sortes de travaux de toiture, qu&rsquo;il s&rsquo;agisse de toitures plates ou de toitures inclin\u00e9es. [&hellip;]<\/p>\n","protected":false},"author":2,"featured_media":0,"parent":0,"menu_order":31,"comment_status":"closed","ping_status":"closed","template":"","meta":{"_acf_changed":false,"footnotes":""},"class_list":["post-3525","page","type-page","status-publish","hentry"],"acf":[],"yoast_head":"<!-- This site is optimized with the Yoast SEO plugin v27.0 - https:\/\/yoast.com\/product\/yoast-seo-wordpress\/ -->\n<title>Travaux de toiture Jette | Dakwerken Van Driessche - Votre toit comme il se doit<\/title>\n<meta name=\"description\" content=\"Vous recherchez un entrepreneur exp\u00e9riment\u00e9 pour des travaux de toiture \u00e0 Jette\u00a0? Dakwerken Van Driessche est un expert en pose, r\u00e9novation et entretien de toitures.\" \/>\n<meta name=\"robots\" content=\"index, follow, max-snippet:-1, max-image-preview:large, max-video-preview:-1\" \/>\n<link rel=\"canonical\" href=\"https:\/\/www.dakwerken-vandriessche.be\/fr\/toitures-jette\/\" \/>\n<meta property=\"og:locale\" content=\"fr_FR\" \/>\n<meta property=\"og:type\" content=\"article\" \/>\n<meta property=\"og:title\" content=\"Travaux de toiture Jette | Dakwerken Van Driessche - Votre toit comme il se doit\" \/>\n<meta property=\"og:description\" content=\"Vous recherchez un entrepreneur exp\u00e9riment\u00e9 pour des travaux de toiture \u00e0 Jette\u00a0? Dakwerken Van Driessche est un expert en pose, r\u00e9novation et entretien de toitures.\" \/>\n<meta property=\"og:url\" content=\"https:\/\/www.dakwerken-vandriessche.be\/fr\/toitures-jette\/\" \/>\n<meta property=\"og:site_name\" content=\"Dakwerken Van Driessche\" \/>\n<meta property=\"article:modified_time\" content=\"2025-12-11T14:03:37+00:00\" \/>\n<meta property=\"og:image\" content=\"https:\/\/www.dakwerken-vandriessche.be\/wp-content\/uploads\/2022\/09\/Toitures-Jette-scaled.jpg\" \/>\n<meta name=\"twitter:card\" content=\"summary_large_image\" \/>\n<meta name=\"twitter:label1\" content=\"Dur\u00e9e de lecture est.\" \/>\n\t<meta name=\"twitter:data1\" content=\"4 minutes\" \/>\n<script type=\"application\/ld+json\" class=\"yoast-schema-graph\">{\"@context\":\"https:\/\/schema.org\",\"@graph\":[{\"@type\":\"WebPage\",\"@id\":\"https:\/\/www.dakwerken-vandriessche.be\/fr\/toitures-jette\/\",\"url\":\"https:\/\/www.dakwerken-vandriessche.be\/fr\/toitures-jette\/\",\"name\":\"Travaux de toiture Jette | Dakwerken Van Driessche - Votre toit comme il se doit\",\"isPartOf\":{\"@id\":\"https:\/\/www.dakwerken-vandriessche.be\/fr\/#website\"},\"primaryImageOfPage\":{\"@id\":\"https:\/\/www.dakwerken-vandriessche.be\/fr\/toitures-jette\/#primaryimage\"},\"image\":{\"@id\":\"https:\/\/www.dakwerken-vandriessche.be\/fr\/toitures-jette\/#primaryimage\"},\"thumbnailUrl\":\"https:\/\/www.dakwerken-vandriessche.be\/wp-content\/uploads\/2022\/09\/Toitures-Jette-scaled.jpg\",\"datePublished\":\"2022-09-01T08:42:04+00:00\",\"dateModified\":\"2025-12-11T14:03:37+00:00\",\"description\":\"Vous recherchez un entrepreneur exp\u00e9riment\u00e9 pour des travaux de toiture \u00e0 Jette\u00a0? Dakwerken Van Driessche est un expert en pose, r\u00e9novation et entretien de toitures.\",\"breadcrumb\":{\"@id\":\"https:\/\/www.dakwerken-vandriessche.be\/fr\/toitures-jette\/#breadcrumb\"},\"inLanguage\":\"fr-BE\",\"potentialAction\":[{\"@type\":\"ReadAction\",\"target\":[\"https:\/\/www.dakwerken-vandriessche.be\/fr\/toitures-jette\/\"]}]},{\"@type\":\"ImageObject\",\"inLanguage\":\"fr-BE\",\"@id\":\"https:\/\/www.dakwerken-vandriessche.be\/fr\/toitures-jette\/#primaryimage\",\"url\":\"https:\/\/www.dakwerken-vandriessche.be\/wp-content\/uploads\/2022\/09\/Toitures-Jette-scaled.jpg\",\"contentUrl\":\"https:\/\/www.dakwerken-vandriessche.be\/wp-content\/uploads\/2022\/09\/Toitures-Jette-scaled.jpg\"},{\"@type\":\"BreadcrumbList\",\"@id\":\"https:\/\/www.dakwerken-vandriessche.be\/fr\/toitures-jette\/#breadcrumb\",\"itemListElement\":[{\"@type\":\"ListItem\",\"position\":1,\"name\":\"Home\",\"item\":\"https:\/\/www.dakwerken-vandriessche.be\/fr\/\"},{\"@type\":\"ListItem\",\"position\":2,\"name\":\"Travaux de toiture Jette\"}]},{\"@type\":\"WebSite\",\"@id\":\"https:\/\/www.dakwerken-vandriessche.be\/fr\/#website\",\"url\":\"https:\/\/www.dakwerken-vandriessche.be\/fr\/\",\"name\":\"Dakwerken Van Driessche\",\"description\":\"\",\"potentialAction\":[{\"@type\":\"SearchAction\",\"target\":{\"@type\":\"EntryPoint\",\"urlTemplate\":\"https:\/\/www.dakwerken-vandriessche.be\/fr\/?s={search_term_string}\"},\"query-input\":{\"@type\":\"PropertyValueSpecification\",\"valueRequired\":true,\"valueName\":\"search_term_string\"}}],\"inLanguage\":\"fr-BE\"}]}<\/script>\n<!-- \/ Yoast SEO plugin. -->","yoast_head_json":{"title":"Travaux de toiture Jette | Dakwerken Van Driessche - Votre toit comme il se doit","description":"Vous recherchez un entrepreneur exp\u00e9riment\u00e9 pour des travaux de toiture \u00e0 Jette\u00a0? Dakwerken Van Driessche est un expert en pose, r\u00e9novation et entretien de toitures.","robots":{"index":"index","follow":"follow","max-snippet":"max-snippet:-1","max-image-preview":"max-image-preview:large","max-video-preview":"max-video-preview:-1"},"canonical":"https:\/\/www.dakwerken-vandriessche.be\/fr\/toitures-jette\/","og_locale":"fr_FR","og_type":"article","og_title":"Travaux de toiture Jette | Dakwerken Van Driessche - Votre toit comme il se doit","og_description":"Vous recherchez un entrepreneur exp\u00e9riment\u00e9 pour des travaux de toiture \u00e0 Jette\u00a0? Dakwerken Van Driessche est un expert en pose, r\u00e9novation et entretien de toitures.","og_url":"https:\/\/www.dakwerken-vandriessche.be\/fr\/toitures-jette\/","og_site_name":"Dakwerken Van Driessche","article_modified_time":"2025-12-11T14:03:37+00:00","og_image":[{"url":"https:\/\/www.dakwerken-vandriessche.be\/wp-content\/uploads\/2022\/09\/Toitures-Jette-scaled.jpg","type":"","width":"","height":""}],"twitter_card":"summary_large_image","twitter_misc":{"Dur\u00e9e de lecture est.":"4 minutes"},"schema":{"@context":"https:\/\/schema.org","@graph":[{"@type":"WebPage","@id":"https:\/\/www.dakwerken-vandriessche.be\/fr\/toitures-jette\/","url":"https:\/\/www.dakwerken-vandriessche.be\/fr\/toitures-jette\/","name":"Travaux de toiture Jette | Dakwerken Van Driessche - Votre toit comme il se doit","isPartOf":{"@id":"https:\/\/www.dakwerken-vandriessche.be\/fr\/#website"},"primaryImageOfPage":{"@id":"https:\/\/www.dakwerken-vandriessche.be\/fr\/toitures-jette\/#primaryimage"},"image":{"@id":"https:\/\/www.dakwerken-vandriessche.be\/fr\/toitures-jette\/#primaryimage"},"thumbnailUrl":"https:\/\/www.dakwerken-vandriessche.be\/wp-content\/uploads\/2022\/09\/Toitures-Jette-scaled.jpg","datePublished":"2022-09-01T08:42:04+00:00","dateModified":"2025-12-11T14:03:37+00:00","description":"Vous recherchez un entrepreneur exp\u00e9riment\u00e9 pour des travaux de toiture \u00e0 Jette\u00a0? Dakwerken Van Driessche est un expert en pose, r\u00e9novation et entretien de toitures.","breadcrumb":{"@id":"https:\/\/www.dakwerken-vandriessche.be\/fr\/toitures-jette\/#breadcrumb"},"inLanguage":"fr-BE","potentialAction":[{"@type":"ReadAction","target":["https:\/\/www.dakwerken-vandriessche.be\/fr\/toitures-jette\/"]}]},{"@type":"ImageObject","inLanguage":"fr-BE","@id":"https:\/\/www.dakwerken-vandriessche.be\/fr\/toitures-jette\/#primaryimage","url":"https:\/\/www.dakwerken-vandriessche.be\/wp-content\/uploads\/2022\/09\/Toitures-Jette-scaled.jpg","contentUrl":"https:\/\/www.dakwerken-vandriessche.be\/wp-content\/uploads\/2022\/09\/Toitures-Jette-scaled.jpg"},{"@type":"BreadcrumbList","@id":"https:\/\/www.dakwerken-vandriessche.be\/fr\/toitures-jette\/#breadcrumb","itemListElement":[{"@type":"ListItem","position":1,"name":"Home","item":"https:\/\/www.dakwerken-vandriessche.be\/fr\/"},{"@type":"ListItem","position":2,"name":"Travaux de toiture Jette"}]},{"@type":"WebSite","@id":"https:\/\/www.dakwerken-vandriessche.be\/fr\/#website","url":"https:\/\/www.dakwerken-vandriessche.be\/fr\/","name":"Dakwerken Van Driessche","description":"","potentialAction":[{"@type":"SearchAction","target":{"@type":"EntryPoint","urlTemplate":"https:\/\/www.dakwerken-vandriessche.be\/fr\/?s={search_term_string}"},"query-input":{"@type":"PropertyValueSpecification","valueRequired":true,"valueName":"search_term_string"}}],"inLanguage":"fr-BE"}]}},"_links":{"self":[{"href":"https:\/\/www.dakwerken-vandriessche.be\/fr\/wp-json\/wp\/v2\/pages\/3525","targetHints":{"allow":["GET"]}}],"collection":[{"href":"https:\/\/www.dakwerken-vandriessche.be\/fr\/wp-json\/wp\/v2\/pages"}],"about":[{"href":"https:\/\/www.dakwerken-vandriessche.be\/fr\/wp-json\/wp\/v2\/types\/page"}],"author":[{"embeddable":true,"href":"https:\/\/www.dakwerken-vandriessche.be\/fr\/wp-json\/wp\/v2\/users\/2"}],"replies":[{"embeddable":true,"href":"https:\/\/www.dakwerken-vandriessche.be\/fr\/wp-json\/wp\/v2\/comments?post=3525"}],"version-history":[{"count":14,"href":"https:\/\/www.dakwerken-vandriessche.be\/fr\/wp-json\/wp\/v2\/pages\/3525\/revisions"}],"predecessor-version":[{"id":4816,"href":"https:\/\/www.dakwerken-vandriessche.be\/fr\/wp-json\/wp\/v2\/pages\/3525\/revisions\/4816"}],"wp:attachment":[{"href":"https:\/\/www.dakwerken-vandriessche.be\/fr\/wp-json\/wp\/v2\/media?parent=3525"}],"curies":[{"name":"wp","href":"https:\/\/api.w.org\/{rel}","templated":true}]}}