{"id":2913,"date":"2020-12-04T14:04:33","date_gmt":"2020-12-04T14:04:33","guid":{"rendered":"https:\/\/www.dakwerken-vandriessche.be\/?page_id=2913"},"modified":"2023-03-28T07:46:35","modified_gmt":"2023-03-28T07:46:35","slug":"toitures-hal","status":"publish","type":"page","link":"https:\/\/www.dakwerken-vandriessche.be\/fr\/toitures-hal\/","title":{"rendered":"Toitures Hal"},"content":{"rendered":"<p>Vous \u00eates \u00e0 la recherche d\u2019un entrepreneur exp\u00e9riment\u00e9 pour des <strong>travaux de toiture \u00e0 Hal <\/strong>? Alors, prenez contact avec Toitures Van Driessche. Nous entretenons et r\u00e9novons votre toiture \u00e0 Halle de A \u00e0 Z, mais vous pouvez \u00e9galement vous adresser \u00e0 nous pour le rev\u00eatement de fa\u00e7ade et l\u2019isolation de votre grenier.<\/p>\n<h2>VOUS \u00eates \u00e0 la recherche d\u2019UN COUVREUR \u00c0 HALLE?<\/h2>\n<p>Votre toit a besoin d\u2019\u00eatre r\u00e9nov\u00e9 ou vous souhaitez isoler votre fa\u00e7ade ou votre grenier? Avec <strong>Toitures Van Driessche \u00e0 Hal<\/strong>, vous frappez \u00e0 la bonne porte. Nous sommes une entreprise exp\u00e9riment\u00e9e qui installe des toitures et effectue des r\u00e9novations (compl\u00e8tes). Vous pouvez dormir sur vos deux oreilles: chez nous, votre toit est entre de bonnes mains.<\/p>\n<p>Que vous optiez pour un <a href=\"https:\/\/www.dakwerken-vandriessche.be\/nl\/platte-daken\/\"><strong>toit plat<\/strong><\/a> ou pr\u00e9f\u00e9riez un <a href=\"https:\/\/www.dakwerken-vandriessche.be\/nl\/hellende-daken\/\"><strong>toit en pente<\/strong><\/a>, nous serons ravis de r\u00e9aliser les travaux pour vous. Jetez un \u0153il \u00e0 nos <a href=\"https:\/\/www.dakwerken-vandriessche.be\/realisaties\/\"><strong>r\u00e9alisations<\/strong><\/a> \u00e0 Halle et dans les environs et n\u2019h\u00e9sitez pas \u00e0 prendre contact avec nous pour obtenir d\u2019autres r\u00e9f\u00e9rences dans votre r\u00e9gion.<\/p>\n<h2>VOUS AVEZ PR\u00c9VU DES TRAVAUX DE TOITURE \u00c0 Halle? VAN DRIESSCHE EST VOTRE PARTENAIRE!<\/h2>\n<p>Toitures Van Driessche est non seulement un <strong>entrepreneur fiable<\/strong> pour l\u2019installation de toitures \u00e0 Halle, mais nous nous occupons \u00e9galement de leur entretien et de leur r\u00e9novation. Vous pouvez ainsi vous adresser \u00e0 nous pour le <a href=\"https:\/\/www.dakwerken-vandriessche.be\/fr\/demoussage-toiture\/\"><strong>d\u00e9moussage de votre toit<\/strong><\/a>. Non seulement la mousse nuit \u00e0 l\u2019esth\u00e9tique de votre toiture, mais elle peut m\u00eame causer des dommages et des fuites. Un<strong> d\u00e9moussage r\u00e9gulier de votre toit<\/strong> permet de le maintenir propre et en excellent \u00e9tat.<\/p>\n<p>Peut-\u00eatre toute votre toiture n\u2019a-t-elle pas besoin d\u2019\u00eatre r\u00e9nov\u00e9e, mais uniquement la <a href=\"https:\/\/www.dakwerken-vandriessche.be\/fr\/zinguerie\/\"><strong>zinguerie<\/strong><\/a> qui l\u2019entoure? L\u00e0 encore, Toitures Van Driessche est votre partenaire. Que votre habitation \u00e0 Halle soit moderne ou classique, une zinguerie \u00e9l\u00e9gante et intemporelle embellira \u00e0 coup s\u00fbr votre maison.<\/p>\n<p>Nous installons \u00e9galement des <a href=\"https:\/\/www.dakwerken-vandriessche.be\/fr\/placement-velux\/\"><strong>fen\u00eatres de toit<\/strong><\/a> et m\u00eame des <a href=\"https:\/\/www.dakwerken-vandriessche.be\/fr\/lucarne\/\"><strong>lucarnes<\/strong><\/a>. Cela vous permet d\u2019apporter beaucoup plus de lumi\u00e8re naturelle dans votre int\u00e9rieur et d\u2019agrandir consid\u00e9rablement votre espace de vie. Vous voulez am\u00e9nager votre grenier en espace de vie, mais l\u2019isolation de cette pi\u00e8ce n\u2019est pas id\u00e9ale? Pas de soucis, Toitures Van Driessche r\u00e9alise pour vous un grenier bien isol\u00e9 dot\u00e9 d\u2019une belle finition. Gr\u00e2ce \u00e0 notre <a href=\"https:\/\/www.dakwerken-vandriessche.be\/fr\/isolation-grenier\/\"><strong><u>isolation de toiture<\/u><\/strong><\/a>, vous pouvez maintenir une temp\u00e9rature agr\u00e9ablement constante \u00e0 l\u2019int\u00e9rieur de votre habitation \u00e0 Halle. Cela augmente votre confort et r\u00e9duit votre consommation d\u2019\u00e9nergie.<\/p>\n<p>Vous pouvez m\u00eame vous adresser \u00e0 nous pour une <a href=\"https:\/\/www.dakwerken-vandriessche.be\/fr\/renovation-de-facade\/\"><strong><u>r\u00e9novation de fa\u00e7ade<\/u><\/strong><\/a> partielle ou compl\u00e8te. Nous donnons un nouveau look \u00e0 votre fa\u00e7ade en la dotant d\u2019une finition en zinc, en ardoises ou en sidings. Autre avantage d\u2019une r\u00e9novation de fa\u00e7ade: nous pouvons d\u2019abord <strong>isoler la fa\u00e7ade<\/strong> de votre maison \u00e0 Halle avant d\u2019appliquer le <a href=\"https:\/\/www.dakwerken-vandriessche.be\/fr\/bardage-facade\/\"><strong><u>rev\u00eatement de fa\u00e7ade<\/u><\/strong><\/a>. Vous faites ainsi coup double : vous profitez d\u2019une habitation bien isol\u00e9e et d\u2019une nouvelle fa\u00e7ade.\u00a0<\/p>\n<p><img loading=\"lazy\" decoding=\"async\" class=\"alignnone wp-image-2915 size-full\" src=\"https:\/\/www.dakwerken-vandriessche.be\/wp-content\/uploads\/2020\/12\/Dakwerken-Halle-1.jpg\" alt=\"Toitures Halle\" width=\"300\" height=\"169\" \/> <img loading=\"lazy\" decoding=\"async\" class=\"alignnone wp-image-2919\" src=\"\/\/www.dakwerken-vandriessche.be\/wp-content\/uploads\/2020\/12\/Dakwerken-Halle-2-1.jpg\" alt=\"Toitures Halle\" width=\"302\" height=\"170\" \/> <img loading=\"lazy\" decoding=\"async\" class=\"alignnone wp-image-2921\" src=\"\/\/www.dakwerken-vandriessche.be\/wp-content\/uploads\/2020\/12\/Dakwerken-Halle-3.jpg\" alt=\"Toitures Halle\" width=\"297\" height=\"170\" \/>\u00a0<\/p>\n<p>Si vous \u00eates \u00e0 la recherche d\u2019un entrepreneur pour des <strong>travaux de toiture \u00e0 Hal<\/strong>\u00a0et souhaitez un avis professionnel ou un devis sur mesure, prenez <a href=\"https:\/\/www.dakwerken-vandriessche.be\/fr\/contact\/\"><strong>contact<\/strong><\/a> avec Toitures Van Driessche.<\/p>\n<h3><a href=\"https:\/\/www.dakwerken-vandriessche.be\/fr\/toitures-brabant-flamand\/\">BRABANT FLAMAND<\/a><\/h3>\n<p><a class=\"notion-link-token notion-enable-hover\" href=\"https:\/\/www.dakwerken-vandriessche.be\/fr\/toitures-braine-l-alleud\/\" target=\"_blank\" rel=\"noopener noreferrer\" data-token-index=\"0\"><span class=\"link-annotation-unknown-block-id-1284238748\">Brain l\u2019Alleud<\/span><\/a> &#8211; <a class=\"notion-link-token notion-enable-hover\" href=\"https:\/\/www.dakwerken-vandriessche.be\/fr\/toitures-hal\/\" target=\"_blank\" rel=\"noopener noreferrer\" data-token-index=\"2\"><span class=\"link-annotation-unknown-block-id--1773369733\">Hal<\/span><\/a><\/p>\n<h3><a href=\"https:\/\/www.dakwerken-vandriessche.be\/fr\/toitures-bruxelles\/\">BRUXELLES<\/a><\/h3>\n<p><a href=\"https:\/\/www.dakwerken-vandriessche.be\/fr\/toitures-anderlecht\/\">Anderlecht<\/a> \u2013\u00a0<a href=\"https:\/\/www.dakwerken-vandriessche.be\/fr\/toitures-jette\/\">Jette<\/a> \u2013\u00a0<a href=\"https:\/\/www.dakwerken-vandriessche.be\/fr\/toitures-uccle\/\">Uccle<\/a>\u00a0<\/p>\n","protected":false},"excerpt":{"rendered":"<p>Vous \u00eates \u00e0 la recherche d\u2019un entrepreneur exp\u00e9riment\u00e9 pour des travaux de toiture \u00e0 Hal ? Alors, prenez contact avec Toitures Van Driessche. Nous entretenons et r\u00e9novons votre toiture \u00e0 Halle de A \u00e0 Z, mais vous pouvez \u00e9galement vous adresser \u00e0 nous pour le rev\u00eatement de fa\u00e7ade et l\u2019isolation de votre grenier. VOUS \u00eates [&hellip;]<\/p>\n","protected":false},"author":2,"featured_media":0,"parent":0,"menu_order":2,"comment_status":"closed","ping_status":"closed","template":"","meta":{"_acf_changed":false,"footnotes":""},"class_list":["post-2913","page","type-page","status-publish","hentry"],"acf":[],"yoast_head":"<!-- This site is optimized with the Yoast SEO plugin v27.0 - https:\/\/yoast.com\/product\/yoast-seo-wordpress\/ -->\n<title>Toitures Hal | Toitures Van Driessche - Votre toit comme il se doit<\/title>\n<meta name=\"description\" content=\"Toitures Hal | Votre toit comme il se doit | \u2713Meilleure qualit\u00e9\/prix \u2713Marques reconnues \u2713Oeil pour d\u00e9tails \u2713Service sup\u00e9rieur \u271310 ans d&#039;exp\u00e9rience.\" \/>\n<meta name=\"robots\" content=\"index, follow, max-snippet:-1, max-image-preview:large, max-video-preview:-1\" \/>\n<link rel=\"canonical\" href=\"https:\/\/www.dakwerken-vandriessche.be\/fr\/toitures-hal\/\" \/>\n<meta property=\"og:locale\" content=\"fr_FR\" \/>\n<meta property=\"og:type\" content=\"article\" \/>\n<meta property=\"og:title\" content=\"Toitures Hal | Toitures Van Driessche - Votre toit comme il se doit\" \/>\n<meta property=\"og:description\" content=\"Toitures Hal | Votre toit comme il se doit | \u2713Meilleure qualit\u00e9\/prix \u2713Marques reconnues \u2713Oeil pour d\u00e9tails \u2713Service sup\u00e9rieur \u271310 ans d&#039;exp\u00e9rience.\" \/>\n<meta property=\"og:url\" content=\"https:\/\/www.dakwerken-vandriessche.be\/fr\/toitures-hal\/\" \/>\n<meta property=\"og:site_name\" content=\"Dakwerken Van Driessche\" \/>\n<meta property=\"article:modified_time\" content=\"2023-03-28T07:46:35+00:00\" \/>\n<meta property=\"og:image\" content=\"https:\/\/www.dakwerken-vandriessche.be\/wp-content\/uploads\/2020\/12\/Dakwerken-Halle-1.jpg\" \/>\n<meta name=\"twitter:card\" content=\"summary_large_image\" \/>\n<meta name=\"twitter:label1\" content=\"Dur\u00e9e de lecture est.\" \/>\n\t<meta name=\"twitter:data1\" content=\"3 minutes\" \/>\n<script type=\"application\/ld+json\" class=\"yoast-schema-graph\">{\"@context\":\"https:\/\/schema.org\",\"@graph\":[{\"@type\":\"WebPage\",\"@id\":\"https:\/\/www.dakwerken-vandriessche.be\/fr\/toitures-hal\/\",\"url\":\"https:\/\/www.dakwerken-vandriessche.be\/fr\/toitures-hal\/\",\"name\":\"Toitures Hal | Toitures Van Driessche - Votre toit comme il se doit\",\"isPartOf\":{\"@id\":\"https:\/\/www.dakwerken-vandriessche.be\/fr\/#website\"},\"primaryImageOfPage\":{\"@id\":\"https:\/\/www.dakwerken-vandriessche.be\/fr\/toitures-hal\/#primaryimage\"},\"image\":{\"@id\":\"https:\/\/www.dakwerken-vandriessche.be\/fr\/toitures-hal\/#primaryimage\"},\"thumbnailUrl\":\"https:\/\/www.dakwerken-vandriessche.be\/wp-content\/uploads\/2020\/12\/Dakwerken-Halle-1.jpg\",\"datePublished\":\"2020-12-04T14:04:33+00:00\",\"dateModified\":\"2023-03-28T07:46:35+00:00\",\"description\":\"Toitures Hal | Votre toit comme il se doit | \u2713Meilleure qualit\u00e9\/prix \u2713Marques reconnues \u2713Oeil pour d\u00e9tails \u2713Service sup\u00e9rieur \u271310 ans d'exp\u00e9rience.\",\"breadcrumb\":{\"@id\":\"https:\/\/www.dakwerken-vandriessche.be\/fr\/toitures-hal\/#breadcrumb\"},\"inLanguage\":\"fr-BE\",\"potentialAction\":[{\"@type\":\"ReadAction\",\"target\":[\"https:\/\/www.dakwerken-vandriessche.be\/fr\/toitures-hal\/\"]}]},{\"@type\":\"ImageObject\",\"inLanguage\":\"fr-BE\",\"@id\":\"https:\/\/www.dakwerken-vandriessche.be\/fr\/toitures-hal\/#primaryimage\",\"url\":\"https:\/\/www.dakwerken-vandriessche.be\/wp-content\/uploads\/2020\/12\/Dakwerken-Halle-1.jpg\",\"contentUrl\":\"https:\/\/www.dakwerken-vandriessche.be\/wp-content\/uploads\/2020\/12\/Dakwerken-Halle-1.jpg\"},{\"@type\":\"BreadcrumbList\",\"@id\":\"https:\/\/www.dakwerken-vandriessche.be\/fr\/toitures-hal\/#breadcrumb\",\"itemListElement\":[{\"@type\":\"ListItem\",\"position\":1,\"name\":\"Home\",\"item\":\"https:\/\/www.dakwerken-vandriessche.be\/fr\/\"},{\"@type\":\"ListItem\",\"position\":2,\"name\":\"Toitures Hal\"}]},{\"@type\":\"WebSite\",\"@id\":\"https:\/\/www.dakwerken-vandriessche.be\/fr\/#website\",\"url\":\"https:\/\/www.dakwerken-vandriessche.be\/fr\/\",\"name\":\"Dakwerken Van Driessche\",\"description\":\"\",\"potentialAction\":[{\"@type\":\"SearchAction\",\"target\":{\"@type\":\"EntryPoint\",\"urlTemplate\":\"https:\/\/www.dakwerken-vandriessche.be\/fr\/?s={search_term_string}\"},\"query-input\":{\"@type\":\"PropertyValueSpecification\",\"valueRequired\":true,\"valueName\":\"search_term_string\"}}],\"inLanguage\":\"fr-BE\"}]}<\/script>\n<!-- \/ Yoast SEO plugin. -->","yoast_head_json":{"title":"Toitures Hal | Toitures Van Driessche - Votre toit comme il se doit","description":"Toitures Hal | Votre toit comme il se doit | \u2713Meilleure qualit\u00e9\/prix \u2713Marques reconnues \u2713Oeil pour d\u00e9tails \u2713Service sup\u00e9rieur \u271310 ans d'exp\u00e9rience.","robots":{"index":"index","follow":"follow","max-snippet":"max-snippet:-1","max-image-preview":"max-image-preview:large","max-video-preview":"max-video-preview:-1"},"canonical":"https:\/\/www.dakwerken-vandriessche.be\/fr\/toitures-hal\/","og_locale":"fr_FR","og_type":"article","og_title":"Toitures Hal | Toitures Van Driessche - Votre toit comme il se doit","og_description":"Toitures Hal | Votre toit comme il se doit | \u2713Meilleure qualit\u00e9\/prix \u2713Marques reconnues \u2713Oeil pour d\u00e9tails \u2713Service sup\u00e9rieur \u271310 ans d'exp\u00e9rience.","og_url":"https:\/\/www.dakwerken-vandriessche.be\/fr\/toitures-hal\/","og_site_name":"Dakwerken Van Driessche","article_modified_time":"2023-03-28T07:46:35+00:00","og_image":[{"url":"https:\/\/www.dakwerken-vandriessche.be\/wp-content\/uploads\/2020\/12\/Dakwerken-Halle-1.jpg","type":"","width":"","height":""}],"twitter_card":"summary_large_image","twitter_misc":{"Dur\u00e9e de lecture est.":"3 minutes"},"schema":{"@context":"https:\/\/schema.org","@graph":[{"@type":"WebPage","@id":"https:\/\/www.dakwerken-vandriessche.be\/fr\/toitures-hal\/","url":"https:\/\/www.dakwerken-vandriessche.be\/fr\/toitures-hal\/","name":"Toitures Hal | Toitures Van Driessche - Votre toit comme il se doit","isPartOf":{"@id":"https:\/\/www.dakwerken-vandriessche.be\/fr\/#website"},"primaryImageOfPage":{"@id":"https:\/\/www.dakwerken-vandriessche.be\/fr\/toitures-hal\/#primaryimage"},"image":{"@id":"https:\/\/www.dakwerken-vandriessche.be\/fr\/toitures-hal\/#primaryimage"},"thumbnailUrl":"https:\/\/www.dakwerken-vandriessche.be\/wp-content\/uploads\/2020\/12\/Dakwerken-Halle-1.jpg","datePublished":"2020-12-04T14:04:33+00:00","dateModified":"2023-03-28T07:46:35+00:00","description":"Toitures Hal | Votre toit comme il se doit | \u2713Meilleure qualit\u00e9\/prix \u2713Marques reconnues \u2713Oeil pour d\u00e9tails \u2713Service sup\u00e9rieur \u271310 ans d'exp\u00e9rience.","breadcrumb":{"@id":"https:\/\/www.dakwerken-vandriessche.be\/fr\/toitures-hal\/#breadcrumb"},"inLanguage":"fr-BE","potentialAction":[{"@type":"ReadAction","target":["https:\/\/www.dakwerken-vandriessche.be\/fr\/toitures-hal\/"]}]},{"@type":"ImageObject","inLanguage":"fr-BE","@id":"https:\/\/www.dakwerken-vandriessche.be\/fr\/toitures-hal\/#primaryimage","url":"https:\/\/www.dakwerken-vandriessche.be\/wp-content\/uploads\/2020\/12\/Dakwerken-Halle-1.jpg","contentUrl":"https:\/\/www.dakwerken-vandriessche.be\/wp-content\/uploads\/2020\/12\/Dakwerken-Halle-1.jpg"},{"@type":"BreadcrumbList","@id":"https:\/\/www.dakwerken-vandriessche.be\/fr\/toitures-hal\/#breadcrumb","itemListElement":[{"@type":"ListItem","position":1,"name":"Home","item":"https:\/\/www.dakwerken-vandriessche.be\/fr\/"},{"@type":"ListItem","position":2,"name":"Toitures Hal"}]},{"@type":"WebSite","@id":"https:\/\/www.dakwerken-vandriessche.be\/fr\/#website","url":"https:\/\/www.dakwerken-vandriessche.be\/fr\/","name":"Dakwerken Van Driessche","description":"","potentialAction":[{"@type":"SearchAction","target":{"@type":"EntryPoint","urlTemplate":"https:\/\/www.dakwerken-vandriessche.be\/fr\/?s={search_term_string}"},"query-input":{"@type":"PropertyValueSpecification","valueRequired":true,"valueName":"search_term_string"}}],"inLanguage":"fr-BE"}]}},"_links":{"self":[{"href":"https:\/\/www.dakwerken-vandriessche.be\/fr\/wp-json\/wp\/v2\/pages\/2913","targetHints":{"allow":["GET"]}}],"collection":[{"href":"https:\/\/www.dakwerken-vandriessche.be\/fr\/wp-json\/wp\/v2\/pages"}],"about":[{"href":"https:\/\/www.dakwerken-vandriessche.be\/fr\/wp-json\/wp\/v2\/types\/page"}],"author":[{"embeddable":true,"href":"https:\/\/www.dakwerken-vandriessche.be\/fr\/wp-json\/wp\/v2\/users\/2"}],"replies":[{"embeddable":true,"href":"https:\/\/www.dakwerken-vandriessche.be\/fr\/wp-json\/wp\/v2\/comments?post=2913"}],"version-history":[{"count":4,"href":"https:\/\/www.dakwerken-vandriessche.be\/fr\/wp-json\/wp\/v2\/pages\/2913\/revisions"}],"predecessor-version":[{"id":3876,"href":"https:\/\/www.dakwerken-vandriessche.be\/fr\/wp-json\/wp\/v2\/pages\/2913\/revisions\/3876"}],"wp:attachment":[{"href":"https:\/\/www.dakwerken-vandriessche.be\/fr\/wp-json\/wp\/v2\/media?parent=2913"}],"curies":[{"name":"wp","href":"https:\/\/api.w.org\/{rel}","templated":true}]}}