{"id":2787,"date":"2020-05-25T13:14:37","date_gmt":"2020-05-25T13:14:37","guid":{"rendered":"https:\/\/www.dakwerken-vandriessche.be\/?page_id=2787"},"modified":"2023-06-16T13:06:42","modified_gmt":"2023-06-16T13:06:42","slug":"toitures-bruxelles","status":"publish","type":"page","link":"https:\/\/www.dakwerken-vandriessche.be\/fr\/toitures-bruxelles\/","title":{"rendered":"Toitures Bruxelles"},"content":{"rendered":"<p>Vous souhaitez r\u00e9aliser des <strong>travaux de toiture \u00e0 Bruxelles<\/strong> ou dans les environs ? Toitures Van Driessche est une entreprise avec <strong>plus de 10 ans d&rsquo;exp\u00e9rience dans les travaux de toiture et de fa\u00e7ade<\/strong>.<\/p>\n<p>Nous sommes sp\u00e9cialis\u00e9s dans <strong>l<a href=\"https:\/\/www.dakwerken-vandriessche.be\/fr\/plateformes\/\">a pose de toitures plates<\/a><\/strong> et de <strong>toitures inclin\u00e9es<\/strong>. Vous pouvez \u00e9galement nous confier la <strong>r\u00e9paration<\/strong>, la <strong>r\u00e9novation<\/strong> et l&rsquo;<strong>entretien<\/strong> de votre toiture. Vous cherchez un expert en<strong> toitures \u00e0 Bruxelles<\/strong> ?<\/p>\n<p>-&gt; <strong><a href=\"https:\/\/www.dakwerken-vandriessche.be\/fr\/contact\/\">Contactez-nous pour nous faire part de votre projet<\/a><\/strong>.<\/p>\n<h2>R\u00c9ALISER DES TRAVAUX DE TOITURE \u00c0 bruxelles ?<\/h2>\n<p>Vous voulez <strong>renouveler votre toit<\/strong>, <a href=\"https:\/\/www.dakwerken-vandriessche.be\/fr\/isolation-grenier\/\">isoler votre grenier<\/a> ou r\u00e9nover votre fa\u00e7ade ? Toitures Van Driessche est le partenaire id\u00e9al pour tous vos travaux. Notre entreprise dispose d&rsquo;une longue expertise en mati\u00e8re de <strong>r\u00e9novation<\/strong>, <strong>r\u00e9fection<\/strong>, pose de toitures et autres <strong>travaux de toiture \u00e0 Bruxelles<\/strong>. Choisir un partenaire professionnel, c&rsquo;est laisser faire vos travaux avec l&rsquo;esprit tranquille. Avec nous, votre toiture sera entre de bonnes mains.<\/p>\n<img loading=\"lazy\" decoding=\"async\" class=\"wp-image-3508 aligncenter\" src=\"\/\/www.dakwerken-vandriessche.be\/wp-content\/uploads\/2022\/07\/Photo_1080295447_DJI_23_jpg_8822274_0_2022531133042_photo_original-300x169.jpg\" alt=\"bruxelles toitures\" width=\"694\" height=\"391\" srcset=\"https:\/\/www.dakwerken-vandriessche.be\/wp-content\/uploads\/2022\/07\/Photo_1080295447_DJI_23_jpg_8822274_0_2022531133042_photo_original-300x169.jpg 300w, https:\/\/www.dakwerken-vandriessche.be\/wp-content\/uploads\/2022\/07\/Photo_1080295447_DJI_23_jpg_8822274_0_2022531133042_photo_original-1024x576.jpg 1024w, https:\/\/www.dakwerken-vandriessche.be\/wp-content\/uploads\/2022\/07\/Photo_1080295447_DJI_23_jpg_8822274_0_2022531133042_photo_original-768x432.jpg 768w, https:\/\/www.dakwerken-vandriessche.be\/wp-content\/uploads\/2022\/07\/Photo_1080295447_DJI_23_jpg_8822274_0_2022531133042_photo_original-1536x864.jpg 1536w, https:\/\/www.dakwerken-vandriessche.be\/wp-content\/uploads\/2022\/07\/Photo_1080295447_DJI_23_jpg_8822274_0_2022531133042_photo_original-2048x1152.jpg 2048w\" sizes=\"auto, (max-width: 694px) 100vw, 694px\" \/>\n<h2>POSE D&rsquo;UNE NOUVELLE TOITURE<\/h2>\n<p>Besoin d&rsquo;aide pour la pose d&rsquo;une nouvelle toiture \u00e0 Bruxelles ? Que vous soyez \u00e0 la recherche d&rsquo;un expert en toitures plates ou d&rsquo;un professionnel \u00e0 qui confier la pose d&rsquo;une toiture inclin\u00e9e \u00e0 Bruxelles ou dans les environs, Toitures Van Driessche poss\u00e8de l&rsquo;expertise qu&rsquo;il vous faut. N&rsquo;h\u00e9sitez pas \u00e0 consulter nos r\u00e9alisations. Vous voulez obtenir plus d&rsquo;exemples et de r\u00e9f\u00e9rences de projets pr\u00e8s de chez vous ? Prenez contact avec notre \u00e9quipe !<\/p>\n<img loading=\"lazy\" decoding=\"async\" class=\"wp-image-3393 aligncenter\" src=\"\/\/www.dakwerken-vandriessche.be\/wp-content\/uploads\/2021\/06\/Dakwerken-Drogenbos-Dakonderhoud-1-300x200.jpg\" alt=\"Dakwerken Drogenbos dakonderhoud\" width=\"743\" height=\"495\" srcset=\"https:\/\/www.dakwerken-vandriessche.be\/wp-content\/uploads\/2021\/06\/Dakwerken-Drogenbos-Dakonderhoud-1-300x200.jpg 300w, https:\/\/www.dakwerken-vandriessche.be\/wp-content\/uploads\/2021\/06\/Dakwerken-Drogenbos-Dakonderhoud-1-768x512.jpg 768w, https:\/\/www.dakwerken-vandriessche.be\/wp-content\/uploads\/2021\/06\/Dakwerken-Drogenbos-Dakonderhoud-1.jpg 1024w\" sizes=\"auto, (max-width: 743px) 100vw, 743px\" \/>\n<h2>ENTRETIEN DE TOITURE \u00c0 BRUXELLES<\/h2>\n<p>Quel que soit votre type de toiture, un <strong>entretien r\u00e9gulier<\/strong> est essentiel. Votre toiture restera en bon \u00e9tat au fil des ann\u00e9es et vous profiterez plus longtemps d&rsquo;une toiture robuste et parfaitement \u00e9tanche. Faites confiance \u00e0 un sp\u00e9cialiste pour s&rsquo;assurer que votre toiture reste comme neuve. Nous poss\u00e9dons \u00e9galement le savoir-faire n\u00e9cessaire en mati\u00e8re d&rsquo;<strong>entretien de toitures<\/strong>.<\/p>\n<p><a href=\"https:\/\/www.dakwerken-vandriessche.be\/fr\/demoussage-toiture\/\">D\u00e9mousser votre toiture<\/a> r\u00e9guli\u00e8rement fait partie des gestes \u00e0 ne pas n\u00e9gliger pour l&rsquo;entretenir. La mousse peut s&rsquo;installer sur votre toiture ou la p\u00e9n\u00e9trer, ce qui la rend fragile et poreuse. La formation de mousse entra\u00eene alors <strong>des infiltrations et des d\u00e9g\u00e2ts<\/strong>. Faites appel \u00e0 un <strong>expert en entretien de toiture \u00e0 Bruxelles<\/strong> pour le d\u00e9moussage de votre toiture.<\/p>\n<img loading=\"lazy\" decoding=\"async\" class=\"wp-image-3515 alignnone\" src=\"\/\/www.dakwerken-vandriessche.be\/wp-content\/uploads\/2022\/07\/IMG_1631-225x300.jpg\" alt=\"\" width=\"347\" height=\"463\" srcset=\"https:\/\/www.dakwerken-vandriessche.be\/wp-content\/uploads\/2022\/07\/IMG_1631-225x300.jpg 225w, https:\/\/www.dakwerken-vandriessche.be\/wp-content\/uploads\/2022\/07\/IMG_1631-768x1024.jpg 768w, https:\/\/www.dakwerken-vandriessche.be\/wp-content\/uploads\/2022\/07\/IMG_1631-1152x1536.jpg 1152w, https:\/\/www.dakwerken-vandriessche.be\/wp-content\/uploads\/2022\/07\/IMG_1631.jpg 1536w\" sizes=\"auto, (max-width: 347px) 100vw, 347px\" \/>\n<h2>R\u00c9PARATION DE TOITURE \u00c0 BRUXELLES<\/h2>\n<p>Vous avez rep\u00e9r\u00e9 une infiltration ou un d\u00e9g\u00e2t dans votre toiture ? Toitures Van Driessche est un <strong>couvreur professionnel \u00e0 Bruxelles<\/strong> sur qui vous pouvez compter pour toutes sortes de <strong>r\u00e9parations de toitures<\/strong>. Nous nous d\u00e9pla\u00e7ons sur les lieux pour examiner et \u00e9valuer la situation. Cela nous permet de vous informer sur l&rsquo;<strong>\u00e9tat actuel de votre toiture<\/strong>. Vous b\u00e9n\u00e9ficiez en outre de notre conseil professionnel pour choisir la meilleure option afin de <strong>r\u00e9parer votre toiture<\/strong>. Nos experts se chargent ensuite de la r\u00e9paration pour vous.<\/p>\n<h2>COUVREUR PROFESSIONNEL POUR VOS R\u00c9NOVATIONS DE TOITURES \u00c0 BRUXELLES<\/h2>\n<p>En plus de la pose et de la r\u00e9paration de toitures, nous nous occupons aussi de la <strong>r\u00e9novation de votre toiture<\/strong>. La r\u00e9fection et la r\u00e9novation de toitures <strong>\u00e0 Bruxelles<\/strong> est l&rsquo;une de nos sp\u00e9cialit\u00e9s. N&rsquo;h\u00e9sitez pas \u00e0 consulter nos r\u00e9alisations \u00e0 Bruxelles et dans les environs. Nous nous chargeons de la <strong>r\u00e9novation de votre toiture existante<\/strong>, qu&rsquo;il s&rsquo;agisse d&rsquo;une toiture plate ou d&rsquo;une toiture inclin\u00e9e. Nous examinons d&rsquo;abord <strong>l&rsquo;\u00e9tat actuel de votre toiture<\/strong> et vous remettons ensuite un conseil professionnel pour les travaux n\u00e9cessaires. Il peut arriver que toute la toiture doive \u00eatre remplac\u00e9e, mais il suffit parfois de remplacer, de r\u00e9parer ou de donner une nouvelle vie \u00e0 certains \u00e9l\u00e9ments.<\/p>\n<h2>TOITURES VAN DRIESSCHE EST VOTRE PARTENAIRE\u00a0<\/h2>\n<p>Toitures Van Driessche est un <strong>expert en travaux de toiture<\/strong> et autres travaux d&rsquo;habitation. Vous pouvez donc \u00e9galement faire appel \u00e0 nous pour le <strong>bardage de votre fa\u00e7ade<\/strong>. Voici les services que nous vous proposons \u00e0 Bruxelles et dans les environs :<\/p>\n<ul>\n<li>Toitures plates : pose, r\u00e9paration et r\u00e9novation ;<\/li>\n<li>Toitures inclin\u00e9es : pose, r\u00e9paration et r\u00e9novation ;<\/li>\n<li>Entretien de toiture : d\u00e9moussage de toiture ;<\/li>\n<li><a href=\"https:\/\/www.dakwerken-vandriessche.be\/fr\/zinguerie\/\">Travaux de zinguerie<\/a> (toits et fa\u00e7ades) ;<\/li>\n<li><a href=\"https:\/\/www.dakwerken-vandriessche.be\/fr\/placement-velux\/\">Pose de velux<\/a>, r\u00e9paration et r\u00e9novation ;<\/li>\n<li><a href=\"https:\/\/www.dakwerken-vandriessche.be\/fr\/lucarne\/\">Pose de lucarne<\/a>, r\u00e9paration et r\u00e9novation ;<\/li>\n<li>Isolation de grenier ;<\/li>\n<li>R\u00e9novation de fa\u00e7ade ;<\/li>\n<li>Bardage de fa\u00e7ade.<\/li>\n<\/ul>\n<h2>EXPERT EN TRAVAUX DE TOITURE \u00c0 BRUXELLES<\/h2>\n<img loading=\"lazy\" decoding=\"async\" class=\" wp-image-3506 alignleft\" src=\"\/\/www.dakwerken-vandriessche.be\/wp-content\/uploads\/2022\/07\/38a90440-ee18-4d01-b30e-1812bb8a2ed9-225x300.jpg\" alt=\"toitures bruxelles\" width=\"251\" height=\"334\" srcset=\"https:\/\/www.dakwerken-vandriessche.be\/wp-content\/uploads\/2022\/07\/38a90440-ee18-4d01-b30e-1812bb8a2ed9-225x300.jpg 225w, https:\/\/www.dakwerken-vandriessche.be\/wp-content\/uploads\/2022\/07\/38a90440-ee18-4d01-b30e-1812bb8a2ed9-768x1024.jpg 768w, https:\/\/www.dakwerken-vandriessche.be\/wp-content\/uploads\/2022\/07\/38a90440-ee18-4d01-b30e-1812bb8a2ed9-1152x1536.jpg 1152w, https:\/\/www.dakwerken-vandriessche.be\/wp-content\/uploads\/2022\/07\/38a90440-ee18-4d01-b30e-1812bb8a2ed9.jpg 1536w\" sizes=\"auto, (max-width: 251px) 100vw, 251px\" \/>\n<p>Quels que soient les travaux que vous voulez effectuer, Toitures Van Driessche a acquis le savoir-faire n\u00e9cessaire. Nous avons d\u00e9j\u00e0 plus de 10 ans d&rsquo;expertise en <strong>bardage de fa\u00e7ade et en travaux de toiture \u00e0 Bruxelles<\/strong>. Vous ne pouvez pas vous tromper en choisissant un professionnel exp\u00e9riment\u00e9 pour entreprendre tous les travaux que vous imaginez. Nous sommes votre partenaire id\u00e9al pour <strong>tous vos travaux de toiture \u00e0 Bruxelles<\/strong>.<\/p>\n<p><strong>Contactez-nous<\/strong> pour en savoir plus sur les diff\u00e9rentes options. Nous nous d\u00e9pla\u00e7ons chez vous pour examiner votre toiture ou votre projet ensemble. Vous b\u00e9n\u00e9ficiez en outre de notre conseil professionnel pour choisir la meilleure option.<\/p>\n<p>Vous \u00eates \u00e0 la recherche d&rsquo;une <strong>entreprise de travaux de toiture \u00e0 Bruxelles<\/strong>, Anderlecht, Uccle, Schaerbeek ou Laeken et vous souhaitez obtenir un conseil professionnel ou une offre sur mesure ? N&rsquo;h\u00e9sitez pas \u00e0 <a href=\"https:\/\/www.dakwerken-vandriessche.be\/fr\/contact\/\">prendre contact avec Toitures Van Driessche<\/a>.<\/p>\n<h2>NOUS NOUS D\u00c9PLA\u00c7ONS DANS TOUTES CES R\u00c9GIONS<\/h2>\n<h3><a href=\"https:\/\/www.dakwerken-vandriessche.be\/fr\/toitures-brabant-flamand\/\">BRABANT FLAMAND<\/a><\/h3>\n<p><a class=\"notion-link-token notion-enable-hover\" href=\"https:\/\/www.dakwerken-vandriessche.be\/fr\/toitures-braine-l-alleud\/\" target=\"_blank\" rel=\"noopener noreferrer\" data-token-index=\"0\"><span class=\"link-annotation-unknown-block-id-1284238748\">Braine l\u2019Alleud<\/span><\/a> &#8211; <a class=\"notion-link-token notion-enable-hover\" href=\"https:\/\/www.dakwerken-vandriessche.be\/fr\/toitures-hal\/\" target=\"_blank\" rel=\"noopener noreferrer\" data-token-index=\"2\"><span class=\"link-annotation-unknown-block-id--1773369733\">Hal<\/span><\/a><\/p>\n<h3><a href=\"https:\/\/www.dakwerken-vandriessche.be\/fr\/toitures-bruxelles\/\">BRUXELLES<\/a><\/h3>\n<p><a href=\"https:\/\/www.dakwerken-vandriessche.be\/fr\/toitures-anderlecht\/\">Anderlecht<\/a>\u00a0\u2013\u00a0<a href=\"https:\/\/www.dakwerken-vandriessche.be\/fr\/toitures-jette\/\">Jette<\/a> &#8211; <a href=\"https:\/\/www.dakwerken-vandriessche.be\/fr\/toitures-uccle\/\">Uccle<\/a><\/p>\n<p>&nbsp;<\/p>\n<p>&nbsp;<\/p>\n","protected":false},"excerpt":{"rendered":"<p>Vous souhaitez r\u00e9aliser des travaux de toiture \u00e0 Bruxelles ou dans les environs ? Toitures Van Driessche est une entreprise avec plus de 10 ans d&rsquo;exp\u00e9rience dans les travaux de toiture et de fa\u00e7ade. Nous sommes sp\u00e9cialis\u00e9s dans la pose de toitures plates et de toitures inclin\u00e9es. Vous pouvez \u00e9galement nous confier la r\u00e9paration, la [&hellip;]<\/p>\n","protected":false},"author":2,"featured_media":3508,"parent":0,"menu_order":2,"comment_status":"closed","ping_status":"closed","template":"","meta":{"_acf_changed":false,"footnotes":""},"class_list":["post-2787","page","type-page","status-publish","has-post-thumbnail","hentry"],"acf":[],"yoast_head":"<!-- This site is optimized with the Yoast SEO plugin v27.0 - https:\/\/yoast.com\/product\/yoast-seo-wordpress\/ -->\n<title>Toitures Bruxelles | Toitures Van Driessche<\/title>\n<meta name=\"description\" content=\"Toitures Bruxelles | Votre toit comme il se doit | \u2713Meilleure qualit\u00e9\/prix \u2713Marques reconnues \u2713Oeil pour d\u00e9tails \u2713Service sup\u00e9rieur\" \/>\n<meta name=\"robots\" content=\"index, follow, max-snippet:-1, max-image-preview:large, max-video-preview:-1\" \/>\n<link rel=\"canonical\" href=\"https:\/\/www.dakwerken-vandriessche.be\/fr\/toitures-bruxelles\/\" \/>\n<meta property=\"og:locale\" content=\"fr_FR\" \/>\n<meta property=\"og:type\" content=\"article\" \/>\n<meta property=\"og:title\" content=\"Toitures Bruxelles | Toitures Van Driessche\" \/>\n<meta property=\"og:description\" content=\"Toitures Bruxelles | Votre toit comme il se doit | \u2713Meilleure qualit\u00e9\/prix \u2713Marques reconnues \u2713Oeil pour d\u00e9tails \u2713Service sup\u00e9rieur\" \/>\n<meta property=\"og:url\" content=\"https:\/\/www.dakwerken-vandriessche.be\/fr\/toitures-bruxelles\/\" \/>\n<meta property=\"og:site_name\" content=\"Dakwerken Van Driessche\" \/>\n<meta property=\"article:modified_time\" content=\"2023-06-16T13:06:42+00:00\" \/>\n<meta property=\"og:image\" content=\"https:\/\/www.dakwerken-vandriessche.be\/wp-content\/uploads\/2022\/07\/Photo_1080295447_DJI_23_jpg_8822274_0_2022531133042_photo_original-scaled.jpg\" \/>\n\t<meta property=\"og:image:width\" content=\"2560\" \/>\n\t<meta property=\"og:image:height\" content=\"1440\" \/>\n\t<meta property=\"og:image:type\" content=\"image\/jpeg\" \/>\n<meta name=\"twitter:card\" content=\"summary_large_image\" \/>\n<meta name=\"twitter:label1\" content=\"Dur\u00e9e de lecture est.\" \/>\n\t<meta name=\"twitter:data1\" content=\"5 minutes\" \/>\n<script type=\"application\/ld+json\" class=\"yoast-schema-graph\">{\"@context\":\"https:\/\/schema.org\",\"@graph\":[{\"@type\":\"WebPage\",\"@id\":\"https:\/\/www.dakwerken-vandriessche.be\/fr\/toitures-bruxelles\/\",\"url\":\"https:\/\/www.dakwerken-vandriessche.be\/fr\/toitures-bruxelles\/\",\"name\":\"Toitures Bruxelles | Toitures Van Driessche\",\"isPartOf\":{\"@id\":\"https:\/\/www.dakwerken-vandriessche.be\/fr\/#website\"},\"primaryImageOfPage\":{\"@id\":\"https:\/\/www.dakwerken-vandriessche.be\/fr\/toitures-bruxelles\/#primaryimage\"},\"image\":{\"@id\":\"https:\/\/www.dakwerken-vandriessche.be\/fr\/toitures-bruxelles\/#primaryimage\"},\"thumbnailUrl\":\"https:\/\/www.dakwerken-vandriessche.be\/wp-content\/uploads\/2022\/07\/Photo_1080295447_DJI_23_jpg_8822274_0_2022531133042_photo_original-scaled.jpg\",\"datePublished\":\"2020-05-25T13:14:37+00:00\",\"dateModified\":\"2023-06-16T13:06:42+00:00\",\"description\":\"Toitures Bruxelles | Votre toit comme il se doit | \u2713Meilleure qualit\u00e9\/prix \u2713Marques reconnues \u2713Oeil pour d\u00e9tails \u2713Service sup\u00e9rieur\",\"breadcrumb\":{\"@id\":\"https:\/\/www.dakwerken-vandriessche.be\/fr\/toitures-bruxelles\/#breadcrumb\"},\"inLanguage\":\"fr-BE\",\"potentialAction\":[{\"@type\":\"ReadAction\",\"target\":[\"https:\/\/www.dakwerken-vandriessche.be\/fr\/toitures-bruxelles\/\"]}]},{\"@type\":\"ImageObject\",\"inLanguage\":\"fr-BE\",\"@id\":\"https:\/\/www.dakwerken-vandriessche.be\/fr\/toitures-bruxelles\/#primaryimage\",\"url\":\"https:\/\/www.dakwerken-vandriessche.be\/wp-content\/uploads\/2022\/07\/Photo_1080295447_DJI_23_jpg_8822274_0_2022531133042_photo_original-scaled.jpg\",\"contentUrl\":\"https:\/\/www.dakwerken-vandriessche.be\/wp-content\/uploads\/2022\/07\/Photo_1080295447_DJI_23_jpg_8822274_0_2022531133042_photo_original-scaled.jpg\",\"width\":2560,\"height\":1440,\"caption\":\"bruxelles toitures\"},{\"@type\":\"BreadcrumbList\",\"@id\":\"https:\/\/www.dakwerken-vandriessche.be\/fr\/toitures-bruxelles\/#breadcrumb\",\"itemListElement\":[{\"@type\":\"ListItem\",\"position\":1,\"name\":\"Home\",\"item\":\"https:\/\/www.dakwerken-vandriessche.be\/fr\/\"},{\"@type\":\"ListItem\",\"position\":2,\"name\":\"Toitures Bruxelles\"}]},{\"@type\":\"WebSite\",\"@id\":\"https:\/\/www.dakwerken-vandriessche.be\/fr\/#website\",\"url\":\"https:\/\/www.dakwerken-vandriessche.be\/fr\/\",\"name\":\"Dakwerken Van Driessche\",\"description\":\"\",\"potentialAction\":[{\"@type\":\"SearchAction\",\"target\":{\"@type\":\"EntryPoint\",\"urlTemplate\":\"https:\/\/www.dakwerken-vandriessche.be\/fr\/?s={search_term_string}\"},\"query-input\":{\"@type\":\"PropertyValueSpecification\",\"valueRequired\":true,\"valueName\":\"search_term_string\"}}],\"inLanguage\":\"fr-BE\"}]}<\/script>\n<!-- \/ Yoast SEO plugin. -->","yoast_head_json":{"title":"Toitures Bruxelles | Toitures Van Driessche","description":"Toitures Bruxelles | Votre toit comme il se doit | \u2713Meilleure qualit\u00e9\/prix \u2713Marques reconnues \u2713Oeil pour d\u00e9tails \u2713Service sup\u00e9rieur","robots":{"index":"index","follow":"follow","max-snippet":"max-snippet:-1","max-image-preview":"max-image-preview:large","max-video-preview":"max-video-preview:-1"},"canonical":"https:\/\/www.dakwerken-vandriessche.be\/fr\/toitures-bruxelles\/","og_locale":"fr_FR","og_type":"article","og_title":"Toitures Bruxelles | Toitures Van Driessche","og_description":"Toitures Bruxelles | Votre toit comme il se doit | \u2713Meilleure qualit\u00e9\/prix \u2713Marques reconnues \u2713Oeil pour d\u00e9tails \u2713Service sup\u00e9rieur","og_url":"https:\/\/www.dakwerken-vandriessche.be\/fr\/toitures-bruxelles\/","og_site_name":"Dakwerken Van Driessche","article_modified_time":"2023-06-16T13:06:42+00:00","og_image":[{"width":2560,"height":1440,"url":"https:\/\/www.dakwerken-vandriessche.be\/wp-content\/uploads\/2022\/07\/Photo_1080295447_DJI_23_jpg_8822274_0_2022531133042_photo_original-scaled.jpg","type":"image\/jpeg"}],"twitter_card":"summary_large_image","twitter_misc":{"Dur\u00e9e de lecture est.":"5 minutes"},"schema":{"@context":"https:\/\/schema.org","@graph":[{"@type":"WebPage","@id":"https:\/\/www.dakwerken-vandriessche.be\/fr\/toitures-bruxelles\/","url":"https:\/\/www.dakwerken-vandriessche.be\/fr\/toitures-bruxelles\/","name":"Toitures Bruxelles | Toitures Van Driessche","isPartOf":{"@id":"https:\/\/www.dakwerken-vandriessche.be\/fr\/#website"},"primaryImageOfPage":{"@id":"https:\/\/www.dakwerken-vandriessche.be\/fr\/toitures-bruxelles\/#primaryimage"},"image":{"@id":"https:\/\/www.dakwerken-vandriessche.be\/fr\/toitures-bruxelles\/#primaryimage"},"thumbnailUrl":"https:\/\/www.dakwerken-vandriessche.be\/wp-content\/uploads\/2022\/07\/Photo_1080295447_DJI_23_jpg_8822274_0_2022531133042_photo_original-scaled.jpg","datePublished":"2020-05-25T13:14:37+00:00","dateModified":"2023-06-16T13:06:42+00:00","description":"Toitures Bruxelles | Votre toit comme il se doit | \u2713Meilleure qualit\u00e9\/prix \u2713Marques reconnues \u2713Oeil pour d\u00e9tails \u2713Service sup\u00e9rieur","breadcrumb":{"@id":"https:\/\/www.dakwerken-vandriessche.be\/fr\/toitures-bruxelles\/#breadcrumb"},"inLanguage":"fr-BE","potentialAction":[{"@type":"ReadAction","target":["https:\/\/www.dakwerken-vandriessche.be\/fr\/toitures-bruxelles\/"]}]},{"@type":"ImageObject","inLanguage":"fr-BE","@id":"https:\/\/www.dakwerken-vandriessche.be\/fr\/toitures-bruxelles\/#primaryimage","url":"https:\/\/www.dakwerken-vandriessche.be\/wp-content\/uploads\/2022\/07\/Photo_1080295447_DJI_23_jpg_8822274_0_2022531133042_photo_original-scaled.jpg","contentUrl":"https:\/\/www.dakwerken-vandriessche.be\/wp-content\/uploads\/2022\/07\/Photo_1080295447_DJI_23_jpg_8822274_0_2022531133042_photo_original-scaled.jpg","width":2560,"height":1440,"caption":"bruxelles toitures"},{"@type":"BreadcrumbList","@id":"https:\/\/www.dakwerken-vandriessche.be\/fr\/toitures-bruxelles\/#breadcrumb","itemListElement":[{"@type":"ListItem","position":1,"name":"Home","item":"https:\/\/www.dakwerken-vandriessche.be\/fr\/"},{"@type":"ListItem","position":2,"name":"Toitures Bruxelles"}]},{"@type":"WebSite","@id":"https:\/\/www.dakwerken-vandriessche.be\/fr\/#website","url":"https:\/\/www.dakwerken-vandriessche.be\/fr\/","name":"Dakwerken Van Driessche","description":"","potentialAction":[{"@type":"SearchAction","target":{"@type":"EntryPoint","urlTemplate":"https:\/\/www.dakwerken-vandriessche.be\/fr\/?s={search_term_string}"},"query-input":{"@type":"PropertyValueSpecification","valueRequired":true,"valueName":"search_term_string"}}],"inLanguage":"fr-BE"}]}},"_links":{"self":[{"href":"https:\/\/www.dakwerken-vandriessche.be\/fr\/wp-json\/wp\/v2\/pages\/2787","targetHints":{"allow":["GET"]}}],"collection":[{"href":"https:\/\/www.dakwerken-vandriessche.be\/fr\/wp-json\/wp\/v2\/pages"}],"about":[{"href":"https:\/\/www.dakwerken-vandriessche.be\/fr\/wp-json\/wp\/v2\/types\/page"}],"author":[{"embeddable":true,"href":"https:\/\/www.dakwerken-vandriessche.be\/fr\/wp-json\/wp\/v2\/users\/2"}],"replies":[{"embeddable":true,"href":"https:\/\/www.dakwerken-vandriessche.be\/fr\/wp-json\/wp\/v2\/comments?post=2787"}],"version-history":[{"count":17,"href":"https:\/\/www.dakwerken-vandriessche.be\/fr\/wp-json\/wp\/v2\/pages\/2787\/revisions"}],"predecessor-version":[{"id":3947,"href":"https:\/\/www.dakwerken-vandriessche.be\/fr\/wp-json\/wp\/v2\/pages\/2787\/revisions\/3947"}],"wp:featuredmedia":[{"embeddable":true,"href":"https:\/\/www.dakwerken-vandriessche.be\/fr\/wp-json\/wp\/v2\/media\/3508"}],"wp:attachment":[{"href":"https:\/\/www.dakwerken-vandriessche.be\/fr\/wp-json\/wp\/v2\/media?parent=2787"}],"curies":[{"name":"wp","href":"https:\/\/api.w.org\/{rel}","templated":true}]}}