{"id":2709,"date":"2020-05-15T13:35:09","date_gmt":"2020-05-15T13:35:09","guid":{"rendered":"https:\/\/www.dakwerken-vandriessche.be\/?page_id=2709"},"modified":"2022-09-07T11:49:36","modified_gmt":"2022-09-07T11:49:36","slug":"renovation-de-facade","status":"publish","type":"page","link":"https:\/\/www.dakwerken-vandriessche.be\/fr\/renovation-de-facade\/","title":{"rendered":"R\u00e9novation de fa\u00e7ade"},"content":{"rendered":"<p>Les murs ext\u00e9rieurs de votre habitation sont expos\u00e9s \u00e0 toutes les conditions m\u00e9t\u00e9orologiques. Parfois, ils s\u2019ab\u00eement ou perdent leur beaut\u00e9. Mais il se peut aussi que vous vouliez donner \u00e0 votre maison un nouveau look adapt\u00e9 \u00e0 vos go\u00fbts et \u00e0 vos souhaits. Dans ce cas, vous pouvez faire appel \u00e0 <strong>Toitures Van Driessche <\/strong>pour une <strong>r\u00e9novation de fa\u00e7ade<\/strong> compl\u00e8te. Si votre maison est mal isol\u00e9e, une r\u00e9novation vous donne la possibilit\u00e9 de doter votre habitation d\u2019une toute <strong>nouvelle couche d\u2019isolation<\/strong>.<\/p>\n<h2>UNE NOUVELLE FA\u00c7ADE POUR VOTRE Habitation<\/h2>\n<p>Si vous <strong>projetez de r\u00e9nover<\/strong> votre maison, une <strong>r\u00e9novation de fa\u00e7ade<\/strong> vaut toujours la peine d\u2019\u00eatre envisag\u00e9e. Vous pouvez am\u00e9liorer consid\u00e9rablement l\u2019apparence de votre habitation tout en augmentant votre confort de vie gr\u00e2ce \u00e0 la couche isolante suppl\u00e9mentaire appliqu\u00e9e sous le nouveau rev\u00eatement de fa\u00e7ade.<\/p>\n<p>En tant qu\u2019occupant de la maison, vous subirez en outre relativement peu de nuisances. Tous les travaux sont en effet r\u00e9alis\u00e9s \u00e0 l\u2019ext\u00e9rieur du b\u00e2timent.<\/p>\n<p>Nous pouvons r\u00e9aliser votre nouvelle fa\u00e7ade dans diff\u00e9rents mat\u00e9riaux. Ci-dessous, nous passons bri\u00e8vement en revue les principaux <strong>types<\/strong> de <a href=\"https:\/\/www.dakwerken-vandriessche.be\/fr\/bardage-facade\/\"><strong>rev\u00eatements de fa\u00e7ade<\/strong><\/a>:<\/p>\n<ul>\n<li><strong>R\u00e9novation de fa\u00e7ade en zinc:<\/strong> Un produit naturel durable tr\u00e8s tendance. Que vous appr\u00e9ciiez un look moderne ou plut\u00f4t classique, le zinc constitue une solution ad\u00e9quate. Il s\u2019agit d\u2019un mat\u00e9riau flexible et facile \u00e0 entretenir. Un rev\u00eatement en zinc est intemporel et c\u2019est une bonne chose, car ce m\u00e9tal a une dur\u00e9e de vie tr\u00e8s longue.<\/li>\n<li><strong>Des ardoises sur votre nouvelle fa\u00e7ade:<\/strong> L\u2019ardoise est synonyme de luxe et d\u2019authenticit\u00e9. Avec une fa\u00e7ade en ardoise, vous donnez \u00e0 votre maison un aspect unique. Toitures Van Driessche travaille aussi bien avec des <strong>ardoises synth\u00e9tiques<\/strong> qu\u2019avec des <strong>ardoises naturelles<\/strong>. L&rsquo;ardoise est tr\u00e8s fine et la variation du motif de pose conf\u00e8re \u00e0 votre maison un caract\u00e8re particulier. \u00c9tant donn\u00e9 que nous appliquons le rev\u00eatement sur un cadre en bois plac\u00e9 contre la fa\u00e7ade d&rsquo;origine, ce mat\u00e9riau se pr\u00eate parfaitement \u00e0 la <strong>r\u00e9novation de fa\u00e7ade<\/strong>.<\/li>\n<li><strong>Sidings<\/strong>: Ces bandes de fa\u00e7ade en fibres-ciment sont disponibles dans une large gamme de couleurs et finitions. Vous trouverez toujours des sidings qui correspondent \u00e0 votre style. Il s&rsquo;agit d&rsquo;un mat\u00e9riau l\u00e9ger et facile \u00e0 travailler, ce qui nous permet de r\u00e9aliser rapidement la <strong>r\u00e9novation de votre fa\u00e7ade<\/strong>. Les bandes de fa\u00e7ade sont ignifuges et faciles \u00e0 entretenir.<\/li>\n<\/ul>\n<p>Si vous le souhaitez, vous pouvez \u00e9galement faire appel \u00e0 nous pour une <strong>r\u00e9novation de fa\u00e7ade en cr\u00e9pi<\/strong> et les travaux de peinture associ\u00e9s. Nous serons ravis de vous faire un devis.<\/p>\n<img loading=\"lazy\" decoding=\"async\" class=\"alignnone  wp-image-2714\" src=\"\/\/www.dakwerken-vandriessche.be\/wp-content\/uploads\/2020\/05\/R\u00e9novation-De-Facade-2.jpeg\" alt=\"R\u00e9novation de fa\u00e7ade\" width=\"225\" height=\"151\" \/> <img loading=\"lazy\" decoding=\"async\" class=\"alignnone  wp-image-2712\" src=\"\/\/www.dakwerken-vandriessche.be\/wp-content\/uploads\/2020\/05\/R\u00e9novation-De-Facade-1.jpeg\" alt=\"R\u00e9novation de fa\u00e7ade\" width=\"200\" height=\"150\" \/> <img loading=\"lazy\" decoding=\"async\" class=\"alignnone  wp-image-2716\" src=\"\/\/www.dakwerken-vandriessche.be\/wp-content\/uploads\/2020\/05\/R\u00e9novation-De-Facade-3.jpeg\" alt=\"Bardage de fa\u00e7ade\" width=\"200\" height=\"150\" \/>\n<h2>R\u00e9novation de fa\u00e7ade et isolation<\/h2>\n<p>Une <strong>r\u00e9novation de fa\u00e7ade<\/strong> est le moyen id\u00e9al d\u2019<strong>am\u00e9liorer l\u2019isolation de votre maison<\/strong>. Nous commen\u00e7ons par enlever l\u2019ancien rev\u00eatement afin de pouvoir appliquer un nouvel <strong>isolant<\/strong>. Le nouveau rev\u00eatement de fa\u00e7ade est alors plac\u00e9 sur celui-ci. \u00c9tant donn\u00e9 que nous pouvons recouvrir enti\u00e8rement votre maison de mat\u00e9riau isolant, les ponts thermiques sont faciles \u00e0 \u00e9viter.<\/p>\n<p>Vous am\u00e9liorez ainsi non seulement l\u2019apparence de votre habitation, mais aussi votre <strong>confort de vie<\/strong>. Ces deux aspects font consid\u00e9rablement augmenter la valeur de votre maison. Dans une maison isol\u00e9e de mani\u00e8re optimale, vous maintenez une temp\u00e9rature ambiante beaucoup plus constante. En \u00e9t\u00e9, la chaleur reste \u00e0 l\u2019ext\u00e9rieur tandis qu\u2019en hiver, votre habitation est agr\u00e9ablement chaude. Les bienfaits d\u2019une telle intervention ne se feront pas uniquement sentir au niveau de votre confort\u00a0: vous les verrez \u00e9galement sur votre <strong>facture \u00e9nerg\u00e9tique<\/strong>!<\/p>\n<p>Vous pouvez en outre demander une <a href=\"https:\/\/www.dakwerken-vandriessche.be\/fr\/primes\/\"><strong>prime<\/strong><\/a> \u00e0 votre gestionnaire de r\u00e9seau pour la pose d\u2019une <strong>isolation murale<\/strong>. Un autre avantage de l\u2019<strong>isolation des murs ext\u00e9rieurs <\/strong>dans le cadre d\u2019une <strong>r\u00e9novation de fa\u00e7ade<\/strong> est que vous ne perdez pas d\u2019espace \u00e0 l\u2019int\u00e9rieur.<\/p>\n<p>Vous \u00eates \u00e0 la recherche d\u2019un partenaire fiable pour une <strong>r\u00e9novation de fa\u00e7ade<\/strong>? Vous souhaitez discuter avec nous <strong>des possibilit\u00e9s de r\u00e9novation de la fa\u00e7ade<\/strong> de votre habitation?\u00a0<strong>La soci\u00e9t\u00e9 Toitures Van Driessche est toujours pr\u00eate \u00e0 vous aider en vous donnant des conseils professionnels.<\/strong> N\u2019h\u00e9sitez pas \u00e0 <a href=\"https:\/\/www.dakwerken-vandriessche.be\/fr\/contact\/\"><strong>prendre contact<\/strong><\/a> avec nous sans engagement pour un entretien d\u2019information. Nous vous rendrons visite <strong>gratuitement<\/strong> et examinerons avec vous ce qu\u2019il est possible de faire. Nous serons alors ravis de pr\u00e9parer pour vous un <strong>devis personnalis\u00e9<\/strong>.<\/p>\n","protected":false},"excerpt":{"rendered":"<p>Les murs ext\u00e9rieurs de votre habitation sont expos\u00e9s \u00e0 toutes les conditions m\u00e9t\u00e9orologiques. Parfois, ils s\u2019ab\u00eement ou perdent leur beaut\u00e9. Mais il se peut aussi que vous vouliez donner \u00e0 votre maison un nouveau look adapt\u00e9 \u00e0 vos go\u00fbts et \u00e0 vos souhaits. Dans ce cas, vous pouvez faire appel \u00e0 Toitures Van Driessche pour [&hellip;]<\/p>\n","protected":false},"author":2,"featured_media":0,"parent":0,"menu_order":2,"comment_status":"closed","ping_status":"closed","template":"","meta":{"_acf_changed":false,"footnotes":""},"class_list":["post-2709","page","type-page","status-publish","hentry"],"acf":[],"yoast_head":"<!-- This site is optimized with the Yoast SEO plugin v27.0 - https:\/\/yoast.com\/product\/yoast-seo-wordpress\/ -->\n<title>R\u00e9novation de fa\u00e7ade | Toitures Van Driessche - Votre toit comme il se doit<\/title>\n<meta name=\"description\" content=\"R\u00e9novation de fa\u00e7ade | Votre toit comme il se doit | \u2713Meilleure qualit\u00e9\/prix \u2713Marques reconnues \u2713Oeil pour d\u00e9tails \u2713Service sup\u00e9rieur \u271310 ans d&#039;exp\u00e9rience.\" \/>\n<meta name=\"robots\" content=\"index, follow, max-snippet:-1, max-image-preview:large, max-video-preview:-1\" \/>\n<link rel=\"canonical\" href=\"https:\/\/www.dakwerken-vandriessche.be\/fr\/renovation-de-facade\/\" \/>\n<meta property=\"og:locale\" content=\"fr_FR\" \/>\n<meta property=\"og:type\" content=\"article\" \/>\n<meta property=\"og:title\" content=\"R\u00e9novation de fa\u00e7ade | Toitures Van Driessche - Votre toit comme il se doit\" \/>\n<meta property=\"og:description\" content=\"R\u00e9novation de fa\u00e7ade | Votre toit comme il se doit | \u2713Meilleure qualit\u00e9\/prix \u2713Marques reconnues \u2713Oeil pour d\u00e9tails \u2713Service sup\u00e9rieur \u271310 ans d&#039;exp\u00e9rience.\" \/>\n<meta property=\"og:url\" content=\"https:\/\/www.dakwerken-vandriessche.be\/fr\/renovation-de-facade\/\" \/>\n<meta property=\"og:site_name\" content=\"Dakwerken Van Driessche\" \/>\n<meta property=\"article:modified_time\" content=\"2022-09-07T11:49:36+00:00\" \/>\n<meta name=\"twitter:card\" content=\"summary_large_image\" \/>\n<meta name=\"twitter:label1\" content=\"Dur\u00e9e de lecture est.\" \/>\n\t<meta name=\"twitter:data1\" content=\"4 minutes\" \/>\n<script type=\"application\/ld+json\" class=\"yoast-schema-graph\">{\"@context\":\"https:\/\/schema.org\",\"@graph\":[{\"@type\":\"WebPage\",\"@id\":\"https:\/\/www.dakwerken-vandriessche.be\/fr\/renovation-de-facade\/\",\"url\":\"https:\/\/www.dakwerken-vandriessche.be\/fr\/renovation-de-facade\/\",\"name\":\"R\u00e9novation de fa\u00e7ade | Toitures Van Driessche - Votre toit comme il se doit\",\"isPartOf\":{\"@id\":\"https:\/\/www.dakwerken-vandriessche.be\/fr\/#website\"},\"datePublished\":\"2020-05-15T13:35:09+00:00\",\"dateModified\":\"2022-09-07T11:49:36+00:00\",\"description\":\"R\u00e9novation de fa\u00e7ade | Votre toit comme il se doit | \u2713Meilleure qualit\u00e9\/prix \u2713Marques reconnues \u2713Oeil pour d\u00e9tails \u2713Service sup\u00e9rieur \u271310 ans d'exp\u00e9rience.\",\"breadcrumb\":{\"@id\":\"https:\/\/www.dakwerken-vandriessche.be\/fr\/renovation-de-facade\/#breadcrumb\"},\"inLanguage\":\"fr-BE\",\"potentialAction\":[{\"@type\":\"ReadAction\",\"target\":[\"https:\/\/www.dakwerken-vandriessche.be\/fr\/renovation-de-facade\/\"]}]},{\"@type\":\"BreadcrumbList\",\"@id\":\"https:\/\/www.dakwerken-vandriessche.be\/fr\/renovation-de-facade\/#breadcrumb\",\"itemListElement\":[{\"@type\":\"ListItem\",\"position\":1,\"name\":\"Home\",\"item\":\"https:\/\/www.dakwerken-vandriessche.be\/fr\/\"},{\"@type\":\"ListItem\",\"position\":2,\"name\":\"R\u00e9novation de fa\u00e7ade\"}]},{\"@type\":\"WebSite\",\"@id\":\"https:\/\/www.dakwerken-vandriessche.be\/fr\/#website\",\"url\":\"https:\/\/www.dakwerken-vandriessche.be\/fr\/\",\"name\":\"Dakwerken Van Driessche\",\"description\":\"\",\"potentialAction\":[{\"@type\":\"SearchAction\",\"target\":{\"@type\":\"EntryPoint\",\"urlTemplate\":\"https:\/\/www.dakwerken-vandriessche.be\/fr\/?s={search_term_string}\"},\"query-input\":{\"@type\":\"PropertyValueSpecification\",\"valueRequired\":true,\"valueName\":\"search_term_string\"}}],\"inLanguage\":\"fr-BE\"}]}<\/script>\n<!-- \/ Yoast SEO plugin. -->","yoast_head_json":{"title":"R\u00e9novation de fa\u00e7ade | Toitures Van Driessche - Votre toit comme il se doit","description":"R\u00e9novation de fa\u00e7ade | Votre toit comme il se doit | \u2713Meilleure qualit\u00e9\/prix \u2713Marques reconnues \u2713Oeil pour d\u00e9tails \u2713Service sup\u00e9rieur \u271310 ans d'exp\u00e9rience.","robots":{"index":"index","follow":"follow","max-snippet":"max-snippet:-1","max-image-preview":"max-image-preview:large","max-video-preview":"max-video-preview:-1"},"canonical":"https:\/\/www.dakwerken-vandriessche.be\/fr\/renovation-de-facade\/","og_locale":"fr_FR","og_type":"article","og_title":"R\u00e9novation de fa\u00e7ade | Toitures Van Driessche - Votre toit comme il se doit","og_description":"R\u00e9novation de fa\u00e7ade | Votre toit comme il se doit | \u2713Meilleure qualit\u00e9\/prix \u2713Marques reconnues \u2713Oeil pour d\u00e9tails \u2713Service sup\u00e9rieur \u271310 ans d'exp\u00e9rience.","og_url":"https:\/\/www.dakwerken-vandriessche.be\/fr\/renovation-de-facade\/","og_site_name":"Dakwerken Van Driessche","article_modified_time":"2022-09-07T11:49:36+00:00","twitter_card":"summary_large_image","twitter_misc":{"Dur\u00e9e de lecture est.":"4 minutes"},"schema":{"@context":"https:\/\/schema.org","@graph":[{"@type":"WebPage","@id":"https:\/\/www.dakwerken-vandriessche.be\/fr\/renovation-de-facade\/","url":"https:\/\/www.dakwerken-vandriessche.be\/fr\/renovation-de-facade\/","name":"R\u00e9novation de fa\u00e7ade | Toitures Van Driessche - Votre toit comme il se doit","isPartOf":{"@id":"https:\/\/www.dakwerken-vandriessche.be\/fr\/#website"},"datePublished":"2020-05-15T13:35:09+00:00","dateModified":"2022-09-07T11:49:36+00:00","description":"R\u00e9novation de fa\u00e7ade | Votre toit comme il se doit | \u2713Meilleure qualit\u00e9\/prix \u2713Marques reconnues \u2713Oeil pour d\u00e9tails \u2713Service sup\u00e9rieur \u271310 ans d'exp\u00e9rience.","breadcrumb":{"@id":"https:\/\/www.dakwerken-vandriessche.be\/fr\/renovation-de-facade\/#breadcrumb"},"inLanguage":"fr-BE","potentialAction":[{"@type":"ReadAction","target":["https:\/\/www.dakwerken-vandriessche.be\/fr\/renovation-de-facade\/"]}]},{"@type":"BreadcrumbList","@id":"https:\/\/www.dakwerken-vandriessche.be\/fr\/renovation-de-facade\/#breadcrumb","itemListElement":[{"@type":"ListItem","position":1,"name":"Home","item":"https:\/\/www.dakwerken-vandriessche.be\/fr\/"},{"@type":"ListItem","position":2,"name":"R\u00e9novation de fa\u00e7ade"}]},{"@type":"WebSite","@id":"https:\/\/www.dakwerken-vandriessche.be\/fr\/#website","url":"https:\/\/www.dakwerken-vandriessche.be\/fr\/","name":"Dakwerken Van Driessche","description":"","potentialAction":[{"@type":"SearchAction","target":{"@type":"EntryPoint","urlTemplate":"https:\/\/www.dakwerken-vandriessche.be\/fr\/?s={search_term_string}"},"query-input":{"@type":"PropertyValueSpecification","valueRequired":true,"valueName":"search_term_string"}}],"inLanguage":"fr-BE"}]}},"_links":{"self":[{"href":"https:\/\/www.dakwerken-vandriessche.be\/fr\/wp-json\/wp\/v2\/pages\/2709","targetHints":{"allow":["GET"]}}],"collection":[{"href":"https:\/\/www.dakwerken-vandriessche.be\/fr\/wp-json\/wp\/v2\/pages"}],"about":[{"href":"https:\/\/www.dakwerken-vandriessche.be\/fr\/wp-json\/wp\/v2\/types\/page"}],"author":[{"embeddable":true,"href":"https:\/\/www.dakwerken-vandriessche.be\/fr\/wp-json\/wp\/v2\/users\/2"}],"replies":[{"embeddable":true,"href":"https:\/\/www.dakwerken-vandriessche.be\/fr\/wp-json\/wp\/v2\/comments?post=2709"}],"version-history":[{"count":1,"href":"https:\/\/www.dakwerken-vandriessche.be\/fr\/wp-json\/wp\/v2\/pages\/2709\/revisions"}],"predecessor-version":[{"id":3629,"href":"https:\/\/www.dakwerken-vandriessche.be\/fr\/wp-json\/wp\/v2\/pages\/2709\/revisions\/3629"}],"wp:attachment":[{"href":"https:\/\/www.dakwerken-vandriessche.be\/fr\/wp-json\/wp\/v2\/media?parent=2709"}],"curies":[{"name":"wp","href":"https:\/\/api.w.org\/{rel}","templated":true}]}}