{"id":2395,"date":"2020-02-20T12:17:13","date_gmt":"2020-02-20T12:17:13","guid":{"rendered":"https:\/\/www.dakwerken-vandriessche.be\/?page_id=2395"},"modified":"2020-03-03T12:54:39","modified_gmt":"2020-03-03T12:54:39","slug":"isolation-grenier","status":"publish","type":"page","link":"https:\/\/www.dakwerken-vandriessche.be\/fr\/isolation-grenier\/","title":{"rendered":"Isolation grenier"},"content":{"rendered":"<p>Jusque 30% de la chaleur de votre habitat s\u2019\u00e9chappe par le toit. <strong>En isolant votre grenier<\/strong>, vous garantirez un climat d\u2019habitation agr\u00e9able et votre portefeuille s\u2019en portera mieux. <strong>Vous \u00e9conomiserez une belle somme sur votre consommation d\u2019\u00e9nergie<\/strong>. Toiture Van Driessche souhaite vous donner quelques conseils en mati\u00e8re <strong>d\u2019isolation de grenier.<\/strong><\/p>\n<h2><strong><span class=\"Kop2Char\"><span style=\"font-family: 'Source Sans Pro', sans-serif;\">Isoler un grenier? Voici les possibilit\u00e9s<\/span><\/span><\/strong><\/h2>\n<img loading=\"lazy\" decoding=\"async\" class=\"alignleft wp-image-2444\" src=\"\/\/www.dakwerken-vandriessche.be\/wp-content\/uploads\/2020\/02\/Isolation.jpg\" alt=\"Isolation grenier\" width=\"293\" height=\"237\" \/>\n<p>Vous pouvez choisir d&rsquo;isoler votre grenier via la plaque de plancher, vous pouvez faire isoler l&rsquo;int\u00e9rieur du toit ou vous pouvez opter pour l&rsquo;isolation de la partie ext\u00e9rieure du toit. Cette derni\u00e8re m\u00e9thode est particuli\u00e8rement int\u00e9ressante si votre couverture de toit doit \u00eatre r\u00e9nov\u00e9. Toiture Van Driessche a une grande exp\u00e9rience dans <strong>la r\u00e9novation de toitures, qu\u2019elles soient <a href=\"https:\/\/www.dakwerken-vandriessche.be\/fr\/plateformes\/\">toitures plates<\/a> ou <a href=\"https:\/\/www.dakwerken-vandriessche.be\/fr\/toitures-en-pente\/\">toitures en pente<\/a><\/strong>. <a href=\"https:\/\/www.dakwerken-vandriessche.be\/fr\/contact\/\"><strong>Contactez-nous<\/strong><\/a> pour un devis personnalis\u00e9.<\/p>\n<p>De plus, vous pouvez demander une prime \u00e0 votre fournisseur d\u2019\u00e9nergie apr\u00e8s avoir proced\u00e9 \u00e0 l&rsquo;isolation de la toiture ou du grenier de votre maison ou de votre appartement. Consultez \u00e9galement notre page <a href=\"https:\/\/www.dakwerken-vandriessche.be\/fr\/primes\/\"><strong>donnant un<\/strong> \u00a0<strong>aper\u00e7u des primes<\/strong><\/a> pour l&rsquo;isolation du toit et des primes pour la r\u00e9novation du toit selon les r\u00e9gions.<\/p>\n<h2>L\u2019isolation du grenier par les mansardes et le toit<\/h2>\n<p><strong>Nous isolons votre grenier gr\u00e2ce aux \u00a0murs en sous-pentes de toit<\/strong>. Le gros avantage de ce proc\u00e9d\u00e9 est que vous pouvez maintenir une temperature agr\u00e9able dans l\u2019espace principal de votre grenier et \u00a0y am\u00e9nager <strong>un espace de vie suppl\u00e9mentaire<\/strong>. Votre grenier est un endroit plut\u00f4t sombre? <strong><a href=\"https:\/\/www.dakwerken-vandriessche.be\/fr\/lucarne\/\">Nous installons des lucarnes<\/a> ou<\/strong> <a href=\"https:\/\/www.dakwerken-vandriessche.be\/fr\/placement-velux\/\"><strong>des puits de lumi\u00e8re<\/strong><\/a> sur les toits plats et inclin\u00e9s. Gr\u00e2ce \u00e0 une fen\u00eatre de toit, vous procurerez \u00e0 votre grenier une importante lumi\u00e8re naturelle.<\/p>\n<p><strong>L&rsquo;isolation de votre grenier<\/strong> par l&rsquo;int\u00e9rieur du toit se fait en appliquant <strong>un mat\u00e9riau isolant<\/strong> sur les chevrons qui soutiennent votre toit ou sur les finitions existantes du toit et des murs. Nous le faisons avec <strong>des panneaux isolants finis en Gyproc<\/strong>. Nous r\u00e9alisons un grenier parfaitement isol\u00e9 et fini, que vous n&rsquo;avez plus qu&rsquo;\u00e0 peindre.<\/p>\n<h2>Points importants<\/h2>\n<p>Bien s\u00fbr, nous souhaitons que le travail <strong>d&rsquo;isolation de votre grenier<\/strong> se d\u00e9roule le mieux possible. Assurez-vous donc que votre grenier soit facilement accessible pour nos collaborateurs. Lorsque nous isolons un grenier, nous devons couper les panneaux d&rsquo;isolation \u00e0 la bonne mesure. Cette \u00e9tape g\u00e9n\u00e8re beaucoup de poussi\u00e8re. Vous pouvez acc\u00e9l\u00e9rer les travaux si vous rangez et lib\u00e9rez \u00e0 l\u2019avance l\u2019espace du grenier en travaux.<\/p>\n<p>Vous r\u00e9sidez en ville? N&rsquo;oubliez pas qu\u2019il est necessaire de pouvoir livrer le mat\u00e9riel d\u2019isolation devant votre porte. Dans les petites rues \u00e9troites, il est donc pratique de r\u00e9server des emplacements de stationnement pour le camion de livraison.<\/p>\n<p>Vous \u00eates \u00e0 la recherche d&rsquo;un <strong>prestataire fiable pour l&rsquo;isolation d\u2019un grenier<\/strong>? Vous souhaitez discuter des options d&rsquo;isolation et vous souhaitez un devis personnalis\u00e9, sans engagement? <strong><a href=\"https:\/\/www.dakwerken-vandriessche.be\/fr\/contact\/\">Alors<\/a> contactez-nous d\u00e8s \u00e0 present<\/strong>!<\/p>\n","protected":false},"excerpt":{"rendered":"<p>Jusque 30% de la chaleur de votre habitat s\u2019\u00e9chappe par le toit. En isolant votre grenier, vous garantirez un climat d\u2019habitation agr\u00e9able et votre portefeuille s\u2019en portera mieux. Vous \u00e9conomiserez une belle somme sur votre consommation d\u2019\u00e9nergie. Toiture Van Driessche souhaite vous donner quelques conseils en mati\u00e8re d\u2019isolation de grenier. Isoler un grenier? Voici les [&hellip;]<\/p>\n","protected":false},"author":2,"featured_media":0,"parent":0,"menu_order":0,"comment_status":"closed","ping_status":"closed","template":"","meta":{"_acf_changed":false,"footnotes":""},"class_list":["post-2395","page","type-page","status-publish","hentry"],"acf":[],"yoast_head":"<!-- This site is optimized with the Yoast SEO plugin v27.0 - https:\/\/yoast.com\/product\/yoast-seo-wordpress\/ -->\n<title>Isolation grenier | Toitures Van Driessche - Votre toit comme il se doit<\/title>\n<meta name=\"description\" content=\"Isolation grenier | Votre toit comme il se doit | \u2713Meilleure qualit\u00e9\/prix \u2713Marques reconnues \u2713Oeil pour d\u00e9tails \u2713Service sup\u00e9rieur \u271310 ans d&#039;exp\u00e9rience.\" \/>\n<meta name=\"robots\" content=\"index, follow, max-snippet:-1, max-image-preview:large, max-video-preview:-1\" \/>\n<link rel=\"canonical\" href=\"https:\/\/www.dakwerken-vandriessche.be\/fr\/isolation-grenier\/\" \/>\n<meta property=\"og:locale\" content=\"fr_FR\" \/>\n<meta property=\"og:type\" content=\"article\" \/>\n<meta property=\"og:title\" content=\"Isolation grenier | Toitures Van Driessche - Votre toit comme il se doit\" \/>\n<meta property=\"og:description\" content=\"Isolation grenier | Votre toit comme il se doit | \u2713Meilleure qualit\u00e9\/prix \u2713Marques reconnues \u2713Oeil pour d\u00e9tails \u2713Service sup\u00e9rieur \u271310 ans d&#039;exp\u00e9rience.\" \/>\n<meta property=\"og:url\" content=\"https:\/\/www.dakwerken-vandriessche.be\/fr\/isolation-grenier\/\" \/>\n<meta property=\"og:site_name\" content=\"Dakwerken Van Driessche\" \/>\n<meta property=\"article:modified_time\" content=\"2020-03-03T12:54:39+00:00\" \/>\n<meta name=\"twitter:card\" content=\"summary_large_image\" \/>\n<meta name=\"twitter:label1\" content=\"Dur\u00e9e de lecture est.\" \/>\n\t<meta name=\"twitter:data1\" content=\"3 minutes\" \/>\n<script type=\"application\/ld+json\" class=\"yoast-schema-graph\">{\"@context\":\"https:\/\/schema.org\",\"@graph\":[{\"@type\":\"WebPage\",\"@id\":\"https:\/\/www.dakwerken-vandriessche.be\/fr\/isolation-grenier\/\",\"url\":\"https:\/\/www.dakwerken-vandriessche.be\/fr\/isolation-grenier\/\",\"name\":\"Isolation grenier | Toitures Van Driessche - Votre toit comme il se doit\",\"isPartOf\":{\"@id\":\"https:\/\/www.dakwerken-vandriessche.be\/fr\/#website\"},\"datePublished\":\"2020-02-20T12:17:13+00:00\",\"dateModified\":\"2020-03-03T12:54:39+00:00\",\"description\":\"Isolation grenier | Votre toit comme il se doit | \u2713Meilleure qualit\u00e9\/prix \u2713Marques reconnues \u2713Oeil pour d\u00e9tails \u2713Service sup\u00e9rieur \u271310 ans d'exp\u00e9rience.\",\"breadcrumb\":{\"@id\":\"https:\/\/www.dakwerken-vandriessche.be\/fr\/isolation-grenier\/#breadcrumb\"},\"inLanguage\":\"fr-BE\",\"potentialAction\":[{\"@type\":\"ReadAction\",\"target\":[\"https:\/\/www.dakwerken-vandriessche.be\/fr\/isolation-grenier\/\"]}]},{\"@type\":\"BreadcrumbList\",\"@id\":\"https:\/\/www.dakwerken-vandriessche.be\/fr\/isolation-grenier\/#breadcrumb\",\"itemListElement\":[{\"@type\":\"ListItem\",\"position\":1,\"name\":\"Home\",\"item\":\"https:\/\/www.dakwerken-vandriessche.be\/fr\/\"},{\"@type\":\"ListItem\",\"position\":2,\"name\":\"Isolation grenier\"}]},{\"@type\":\"WebSite\",\"@id\":\"https:\/\/www.dakwerken-vandriessche.be\/fr\/#website\",\"url\":\"https:\/\/www.dakwerken-vandriessche.be\/fr\/\",\"name\":\"Dakwerken Van Driessche\",\"description\":\"\",\"potentialAction\":[{\"@type\":\"SearchAction\",\"target\":{\"@type\":\"EntryPoint\",\"urlTemplate\":\"https:\/\/www.dakwerken-vandriessche.be\/fr\/?s={search_term_string}\"},\"query-input\":{\"@type\":\"PropertyValueSpecification\",\"valueRequired\":true,\"valueName\":\"search_term_string\"}}],\"inLanguage\":\"fr-BE\"}]}<\/script>\n<!-- \/ Yoast SEO plugin. -->","yoast_head_json":{"title":"Isolation grenier | Toitures Van Driessche - Votre toit comme il se doit","description":"Isolation grenier | Votre toit comme il se doit | \u2713Meilleure qualit\u00e9\/prix \u2713Marques reconnues \u2713Oeil pour d\u00e9tails \u2713Service sup\u00e9rieur \u271310 ans d'exp\u00e9rience.","robots":{"index":"index","follow":"follow","max-snippet":"max-snippet:-1","max-image-preview":"max-image-preview:large","max-video-preview":"max-video-preview:-1"},"canonical":"https:\/\/www.dakwerken-vandriessche.be\/fr\/isolation-grenier\/","og_locale":"fr_FR","og_type":"article","og_title":"Isolation grenier | Toitures Van Driessche - Votre toit comme il se doit","og_description":"Isolation grenier | Votre toit comme il se doit | \u2713Meilleure qualit\u00e9\/prix \u2713Marques reconnues \u2713Oeil pour d\u00e9tails \u2713Service sup\u00e9rieur \u271310 ans d'exp\u00e9rience.","og_url":"https:\/\/www.dakwerken-vandriessche.be\/fr\/isolation-grenier\/","og_site_name":"Dakwerken Van Driessche","article_modified_time":"2020-03-03T12:54:39+00:00","twitter_card":"summary_large_image","twitter_misc":{"Dur\u00e9e de lecture est.":"3 minutes"},"schema":{"@context":"https:\/\/schema.org","@graph":[{"@type":"WebPage","@id":"https:\/\/www.dakwerken-vandriessche.be\/fr\/isolation-grenier\/","url":"https:\/\/www.dakwerken-vandriessche.be\/fr\/isolation-grenier\/","name":"Isolation grenier | Toitures Van Driessche - Votre toit comme il se doit","isPartOf":{"@id":"https:\/\/www.dakwerken-vandriessche.be\/fr\/#website"},"datePublished":"2020-02-20T12:17:13+00:00","dateModified":"2020-03-03T12:54:39+00:00","description":"Isolation grenier | Votre toit comme il se doit | \u2713Meilleure qualit\u00e9\/prix \u2713Marques reconnues \u2713Oeil pour d\u00e9tails \u2713Service sup\u00e9rieur \u271310 ans d'exp\u00e9rience.","breadcrumb":{"@id":"https:\/\/www.dakwerken-vandriessche.be\/fr\/isolation-grenier\/#breadcrumb"},"inLanguage":"fr-BE","potentialAction":[{"@type":"ReadAction","target":["https:\/\/www.dakwerken-vandriessche.be\/fr\/isolation-grenier\/"]}]},{"@type":"BreadcrumbList","@id":"https:\/\/www.dakwerken-vandriessche.be\/fr\/isolation-grenier\/#breadcrumb","itemListElement":[{"@type":"ListItem","position":1,"name":"Home","item":"https:\/\/www.dakwerken-vandriessche.be\/fr\/"},{"@type":"ListItem","position":2,"name":"Isolation grenier"}]},{"@type":"WebSite","@id":"https:\/\/www.dakwerken-vandriessche.be\/fr\/#website","url":"https:\/\/www.dakwerken-vandriessche.be\/fr\/","name":"Dakwerken Van Driessche","description":"","potentialAction":[{"@type":"SearchAction","target":{"@type":"EntryPoint","urlTemplate":"https:\/\/www.dakwerken-vandriessche.be\/fr\/?s={search_term_string}"},"query-input":{"@type":"PropertyValueSpecification","valueRequired":true,"valueName":"search_term_string"}}],"inLanguage":"fr-BE"}]}},"_links":{"self":[{"href":"https:\/\/www.dakwerken-vandriessche.be\/fr\/wp-json\/wp\/v2\/pages\/2395","targetHints":{"allow":["GET"]}}],"collection":[{"href":"https:\/\/www.dakwerken-vandriessche.be\/fr\/wp-json\/wp\/v2\/pages"}],"about":[{"href":"https:\/\/www.dakwerken-vandriessche.be\/fr\/wp-json\/wp\/v2\/types\/page"}],"author":[{"embeddable":true,"href":"https:\/\/www.dakwerken-vandriessche.be\/fr\/wp-json\/wp\/v2\/users\/2"}],"replies":[{"embeddable":true,"href":"https:\/\/www.dakwerken-vandriessche.be\/fr\/wp-json\/wp\/v2\/comments?post=2395"}],"version-history":[{"count":0,"href":"https:\/\/www.dakwerken-vandriessche.be\/fr\/wp-json\/wp\/v2\/pages\/2395\/revisions"}],"wp:attachment":[{"href":"https:\/\/www.dakwerken-vandriessche.be\/fr\/wp-json\/wp\/v2\/media?parent=2395"}],"curies":[{"name":"wp","href":"https:\/\/api.w.org\/{rel}","templated":true}]}}