{"id":2389,"date":"2020-02-20T11:21:08","date_gmt":"2020-02-20T11:21:08","guid":{"rendered":"https:\/\/www.dakwerken-vandriessche.be\/?page_id=2389"},"modified":"2020-05-18T10:23:00","modified_gmt":"2020-05-18T10:23:00","slug":"lucarne","status":"publish","type":"page","link":"https:\/\/www.dakwerken-vandriessche.be\/fr\/lucarne\/","title":{"rendered":"Lucarne"},"content":{"rendered":"<p><strong>Une lucarne<\/strong> fait entrer plus de lumi\u00e8re et optimise l\u2019espace de votre maison. De plus, elle procure \u00e0 l\u2019architecture de votre maison un cachet suppl\u00e9mentaire. Toiture Van Driessche \u00e9num\u00e8re les \u00e9l\u00e9ments essentiels \u00e0 garder \u00e0 l\u2019esprit:<\/p>\n<h2>Installation d\u2019une lucarne de toit: voici les possibilit\u00e9s<\/h2>\n<p>Si vous choisissez d\u2019installer une lucarne, vous optez pour un investissement qui donne une valeur ajout\u00e9e \u00e0 votre maison. Toiture Van Driessche place les <strong>lucarnes de fa\u00e7on traditionnelle<\/strong>. Nous effectuons tous les travaux sur place.<\/p>\n<p>Tout d&rsquo;abord, un trou est fait dans votre toit afin de permettre l\u2019installation de la lucarne. La structure est plac\u00e9e et les parties lat\u00e9rales de la lucarne sont finies avec <strong>un rev\u00eatement de votre choix<\/strong>. Elles peuvent \u00e9galement \u00eatre isol\u00e9es comme une fa\u00e7ade traditionnelle.<\/p>\n<p>Vient ensuite la finalisation de la partie sup\u00e9rieure de la lucarne. A cet effet, nous appliquons la m\u00eame m\u00e9thode que pour tout toit plat. Ceci implique que nous accordons beaucoup d\u2019attention \u00e0 l\u2019isolation du toit de votre lucarne.<\/p>\n<img loading=\"lazy\" decoding=\"async\" class=\"alignnone wp-image-2434\" src=\"\/\/www.dakwerken-vandriessche.be\/wp-content\/uploads\/2020\/02\/Dakkapel-1.jpg\" alt=\"Lucarne\" width=\"320\" height=\"215\" \/>\u00a0 \u00a0<img loading=\"lazy\" decoding=\"async\" class=\"alignnone wp-image-2436\" src=\"\/\/www.dakwerken-vandriessche.be\/wp-content\/uploads\/2020\/02\/Dakkapel-2.jpeg\" alt=\"Placer une lucarne\" width=\"320\" height=\"217\" \/>\u00a0 \u00a0<img loading=\"lazy\" decoding=\"async\" class=\"alignnone wp-image-2438\" src=\"\/\/www.dakwerken-vandriessche.be\/wp-content\/uploads\/2020\/02\/Dakkapel-3.jpg\" alt=\"L'installation d'une lucarne\" width=\"320\" height=\"215\" \/>\n<h2>POINTS D\u2019ATTENTION POUR LE PLACEMENT?<\/h2>\n<p>Si vous souhaitez <strong>installer une lucarne<\/strong>, il y a certaines choses que vous devez surveiller de pr\u00e8s. L\u2019aspect de votre maison changera quelque peu. Cela signifie \u00e9galement que vous aurez \u00e9ventuellement besoin d&rsquo;un permis de construire. Pour les lucarnes situ\u00e9es \u00e0 l&rsquo;arri\u00e8re de votre maison ou pour les petits mod\u00e8les, ce n&rsquo;est pas n\u00e9cessaire, en g\u00e9n\u00e9ral, mais demandez \u00e0 votre municipalit\u00e9 avant de commencer les travaux.<\/p>\n<p>Pendant <strong>les travaux de pr\u00e9paration<\/strong>, nous faisons un trou dans votre toit. Nous sommes \u00e0 m\u00eame de prot\u00e9ger votre int\u00e9rieur du vent et des intemp\u00e9ries avec des b\u00e2ches, mais la poussi\u00e8re et les petites salet\u00e9s ne peuvent pas toujours \u00eatre \u00e9vit\u00e9es.<\/p>\n<p>Par cons\u00e9quent, assurez-vous que la pi\u00e8ce dans laquelle sera install\u00e9e la lucarne soit suffisamment vid\u00e9e ou rang\u00e9e. Cela vous fera \u00e9conomiser du travail suppl\u00e9mentaire par la suite. Enfin, assurez-vous que \u00a0nous pourrons facilement atteindre votre maison avec notre camion et notre mat\u00e9riel.<\/p>\n<p>Vous voulez \u00e9tudier <strong>les possibilit\u00e9s d\u2019installer une lucarne<\/strong> pour votre maison ou vous cherchez des conseils professionnels ainsi qu\u2019une offre sur mesure et sans engagement? Vous \u00eates plut\u00f4t \u00e0 la recherche d&rsquo;un entrepreneur exp\u00e9riment\u00e9 dans l&rsquo;installation de lucarnes? Alors <a href=\"https:\/\/www.dakwerken-vandriessche.be\/fr\/contact\/\"><strong>contactez-nous<\/strong><\/a> sans tarder\u00a0!<\/p>\n","protected":false},"excerpt":{"rendered":"<p>Une lucarne fait entrer plus de lumi\u00e8re et optimise l\u2019espace de votre maison. De plus, elle procure \u00e0 l\u2019architecture de votre maison un cachet suppl\u00e9mentaire. Toiture Van Driessche \u00e9num\u00e8re les \u00e9l\u00e9ments essentiels \u00e0 garder \u00e0 l\u2019esprit: Installation d\u2019une lucarne de toit: voici les possibilit\u00e9s Si vous choisissez d\u2019installer une lucarne, vous optez pour un investissement [&hellip;]<\/p>\n","protected":false},"author":2,"featured_media":0,"parent":0,"menu_order":0,"comment_status":"closed","ping_status":"closed","template":"","meta":{"_acf_changed":false,"footnotes":""},"class_list":["post-2389","page","type-page","status-publish","hentry"],"acf":[],"yoast_head":"<!-- This site is optimized with the Yoast SEO plugin v27.0 - https:\/\/yoast.com\/product\/yoast-seo-wordpress\/ -->\n<title>Lucarne | Toitures Van Driessche - Votre toit comme il se doit<\/title>\n<meta name=\"description\" content=\"Lucarne | Votre toit comme il se doit | \u2713Meilleure qualit\u00e9\/prix \u2713Marques reconnues \u2713Oeil pour d\u00e9tails \u2713Service sup\u00e9rieur \u271310 ans d&#039;exp\u00e9rience.\" \/>\n<meta name=\"robots\" content=\"index, follow, max-snippet:-1, max-image-preview:large, max-video-preview:-1\" \/>\n<link rel=\"canonical\" href=\"https:\/\/www.dakwerken-vandriessche.be\/fr\/lucarne\/\" \/>\n<meta property=\"og:locale\" content=\"fr_FR\" \/>\n<meta property=\"og:type\" content=\"article\" \/>\n<meta property=\"og:title\" content=\"Lucarne | Toitures Van Driessche - Votre toit comme il se doit\" \/>\n<meta property=\"og:description\" content=\"Lucarne | Votre toit comme il se doit | \u2713Meilleure qualit\u00e9\/prix \u2713Marques reconnues \u2713Oeil pour d\u00e9tails \u2713Service sup\u00e9rieur \u271310 ans d&#039;exp\u00e9rience.\" \/>\n<meta property=\"og:url\" content=\"https:\/\/www.dakwerken-vandriessche.be\/fr\/lucarne\/\" \/>\n<meta property=\"og:site_name\" content=\"Dakwerken Van Driessche\" \/>\n<meta property=\"article:modified_time\" content=\"2020-05-18T10:23:00+00:00\" \/>\n<meta name=\"twitter:card\" content=\"summary_large_image\" \/>\n<meta name=\"twitter:label1\" content=\"Dur\u00e9e de lecture est.\" \/>\n\t<meta name=\"twitter:data1\" content=\"2 minutes\" \/>\n<script type=\"application\/ld+json\" class=\"yoast-schema-graph\">{\"@context\":\"https:\/\/schema.org\",\"@graph\":[{\"@type\":\"WebPage\",\"@id\":\"https:\/\/www.dakwerken-vandriessche.be\/fr\/lucarne\/\",\"url\":\"https:\/\/www.dakwerken-vandriessche.be\/fr\/lucarne\/\",\"name\":\"Lucarne | Toitures Van Driessche - Votre toit comme il se doit\",\"isPartOf\":{\"@id\":\"https:\/\/www.dakwerken-vandriessche.be\/fr\/#website\"},\"datePublished\":\"2020-02-20T11:21:08+00:00\",\"dateModified\":\"2020-05-18T10:23:00+00:00\",\"description\":\"Lucarne | Votre toit comme il se doit | \u2713Meilleure qualit\u00e9\/prix \u2713Marques reconnues \u2713Oeil pour d\u00e9tails \u2713Service sup\u00e9rieur \u271310 ans d'exp\u00e9rience.\",\"breadcrumb\":{\"@id\":\"https:\/\/www.dakwerken-vandriessche.be\/fr\/lucarne\/#breadcrumb\"},\"inLanguage\":\"fr-BE\",\"potentialAction\":[{\"@type\":\"ReadAction\",\"target\":[\"https:\/\/www.dakwerken-vandriessche.be\/fr\/lucarne\/\"]}]},{\"@type\":\"BreadcrumbList\",\"@id\":\"https:\/\/www.dakwerken-vandriessche.be\/fr\/lucarne\/#breadcrumb\",\"itemListElement\":[{\"@type\":\"ListItem\",\"position\":1,\"name\":\"Home\",\"item\":\"https:\/\/www.dakwerken-vandriessche.be\/fr\/\"},{\"@type\":\"ListItem\",\"position\":2,\"name\":\"Lucarne\"}]},{\"@type\":\"WebSite\",\"@id\":\"https:\/\/www.dakwerken-vandriessche.be\/fr\/#website\",\"url\":\"https:\/\/www.dakwerken-vandriessche.be\/fr\/\",\"name\":\"Dakwerken Van Driessche\",\"description\":\"\",\"potentialAction\":[{\"@type\":\"SearchAction\",\"target\":{\"@type\":\"EntryPoint\",\"urlTemplate\":\"https:\/\/www.dakwerken-vandriessche.be\/fr\/?s={search_term_string}\"},\"query-input\":{\"@type\":\"PropertyValueSpecification\",\"valueRequired\":true,\"valueName\":\"search_term_string\"}}],\"inLanguage\":\"fr-BE\"}]}<\/script>\n<!-- \/ Yoast SEO plugin. -->","yoast_head_json":{"title":"Lucarne | Toitures Van Driessche - Votre toit comme il se doit","description":"Lucarne | Votre toit comme il se doit | \u2713Meilleure qualit\u00e9\/prix \u2713Marques reconnues \u2713Oeil pour d\u00e9tails \u2713Service sup\u00e9rieur \u271310 ans d'exp\u00e9rience.","robots":{"index":"index","follow":"follow","max-snippet":"max-snippet:-1","max-image-preview":"max-image-preview:large","max-video-preview":"max-video-preview:-1"},"canonical":"https:\/\/www.dakwerken-vandriessche.be\/fr\/lucarne\/","og_locale":"fr_FR","og_type":"article","og_title":"Lucarne | Toitures Van Driessche - Votre toit comme il se doit","og_description":"Lucarne | Votre toit comme il se doit | \u2713Meilleure qualit\u00e9\/prix \u2713Marques reconnues \u2713Oeil pour d\u00e9tails \u2713Service sup\u00e9rieur \u271310 ans d'exp\u00e9rience.","og_url":"https:\/\/www.dakwerken-vandriessche.be\/fr\/lucarne\/","og_site_name":"Dakwerken Van Driessche","article_modified_time":"2020-05-18T10:23:00+00:00","twitter_card":"summary_large_image","twitter_misc":{"Dur\u00e9e de lecture est.":"2 minutes"},"schema":{"@context":"https:\/\/schema.org","@graph":[{"@type":"WebPage","@id":"https:\/\/www.dakwerken-vandriessche.be\/fr\/lucarne\/","url":"https:\/\/www.dakwerken-vandriessche.be\/fr\/lucarne\/","name":"Lucarne | Toitures Van Driessche - Votre toit comme il se doit","isPartOf":{"@id":"https:\/\/www.dakwerken-vandriessche.be\/fr\/#website"},"datePublished":"2020-02-20T11:21:08+00:00","dateModified":"2020-05-18T10:23:00+00:00","description":"Lucarne | Votre toit comme il se doit | \u2713Meilleure qualit\u00e9\/prix \u2713Marques reconnues \u2713Oeil pour d\u00e9tails \u2713Service sup\u00e9rieur \u271310 ans d'exp\u00e9rience.","breadcrumb":{"@id":"https:\/\/www.dakwerken-vandriessche.be\/fr\/lucarne\/#breadcrumb"},"inLanguage":"fr-BE","potentialAction":[{"@type":"ReadAction","target":["https:\/\/www.dakwerken-vandriessche.be\/fr\/lucarne\/"]}]},{"@type":"BreadcrumbList","@id":"https:\/\/www.dakwerken-vandriessche.be\/fr\/lucarne\/#breadcrumb","itemListElement":[{"@type":"ListItem","position":1,"name":"Home","item":"https:\/\/www.dakwerken-vandriessche.be\/fr\/"},{"@type":"ListItem","position":2,"name":"Lucarne"}]},{"@type":"WebSite","@id":"https:\/\/www.dakwerken-vandriessche.be\/fr\/#website","url":"https:\/\/www.dakwerken-vandriessche.be\/fr\/","name":"Dakwerken Van Driessche","description":"","potentialAction":[{"@type":"SearchAction","target":{"@type":"EntryPoint","urlTemplate":"https:\/\/www.dakwerken-vandriessche.be\/fr\/?s={search_term_string}"},"query-input":{"@type":"PropertyValueSpecification","valueRequired":true,"valueName":"search_term_string"}}],"inLanguage":"fr-BE"}]}},"_links":{"self":[{"href":"https:\/\/www.dakwerken-vandriessche.be\/fr\/wp-json\/wp\/v2\/pages\/2389","targetHints":{"allow":["GET"]}}],"collection":[{"href":"https:\/\/www.dakwerken-vandriessche.be\/fr\/wp-json\/wp\/v2\/pages"}],"about":[{"href":"https:\/\/www.dakwerken-vandriessche.be\/fr\/wp-json\/wp\/v2\/types\/page"}],"author":[{"embeddable":true,"href":"https:\/\/www.dakwerken-vandriessche.be\/fr\/wp-json\/wp\/v2\/users\/2"}],"replies":[{"embeddable":true,"href":"https:\/\/www.dakwerken-vandriessche.be\/fr\/wp-json\/wp\/v2\/comments?post=2389"}],"version-history":[{"count":0,"href":"https:\/\/www.dakwerken-vandriessche.be\/fr\/wp-json\/wp\/v2\/pages\/2389\/revisions"}],"wp:attachment":[{"href":"https:\/\/www.dakwerken-vandriessche.be\/fr\/wp-json\/wp\/v2\/media?parent=2389"}],"curies":[{"name":"wp","href":"https:\/\/api.w.org\/{rel}","templated":true}]}}